{"id":1154,"date":"2025-04-08T18:44:38","date_gmt":"2025-04-08T16:44:38","guid":{"rendered":"https:\/\/euro-text.com\/verwendung-von-cookies\/"},"modified":"2025-05-15T13:16:20","modified_gmt":"2025-05-15T11:16:20","slug":"verwendung-von-cookies","status":"publish","type":"page","link":"https:\/\/euro-text.com\/de\/verwendung-von-cookies\/","title":{"rendered":"Verwendung von Cookies"},"content":{"rendered":"\n<div class=\"wp-block-group has-global-padding is-layout-constrained wp-block-group-is-layout-constrained\">\n<p><strong>Allgemeines. Definition und Funktion von Cookies<\/strong><\/p>\n\n\n\n<p>Cookies sind kleine Textdateien, die beim Besuch bestimmter Webseiten auf Ihren Computer gespeichert werden. Durch die Verwendung von Cookies k\u00f6nnen Informationen \u00fcber die Surfgewohnheiten eines Nutzers oder eines Ger\u00e4ts zu gespeichert und abgerufen werden. Je nach den enthaltenen Informationen und der Art und Weise, wie die Person ihr Ger\u00e4t benutzt, k\u00f6nnen sie dazu verwendet werden, den Nutzer zu erkennen. Im Browser des Computers werden Cookies nur f\u00fcr die Dauer der aktuellen Sitzung gespeichert, so dass nur minimaler Speicherplatz ben\u00f6tigt wird und der Computer nicht beeintr\u00e4chtigt wird. Cookies enthalten keine pers\u00f6nlichen Daten, und die meisten Cookies werden am Ende der Browsersitzung von der Festplatte gel\u00f6scht (sogenannte Session-Cookies).<\/p>\n\n\n\n<p>Die meisten Browser akzeptieren Cookies standardm\u00e4\u00dfig. In den Sicherheitseinstellungen kann jedoch festgelegt werden, ob Cookies vor\u00fcbergehend oder dauerhaft auf dem Ger\u00e4t gespeichert werden d\u00fcrfen.<\/p>\n\n\n\n<p>Ohne Ihre ausdr\u00fcckliche Zustimmung &#8211; durch die Aktivierung von Cookies in Ihrem Browser &#8211; werden wir die in den Cookies gespeicherten Daten, die Sie bei Ihrer Anfrage oder Ihrem Kauf angegeben haben, nicht mit Ihren pers\u00f6nlichen Daten verkn\u00fcpfen.<\/p>\n\n\n\n<p><strong>Welche Arten von Cookies verwendet diese Website?<\/strong><\/p>\n\n\n\n<p><strong>Nach Herkunft<\/strong><strong>:<\/strong><\/p>\n\n\n\n<ul class=\"wp-block-list\">\n<li>First-Party Cookies: Das sind Cookies, die von unseren eigenen Computern oder Servern oder unserer Domain gesendet werden.<\/li>\n\n\n\n<li>Third-Party Cookies: Hier handelt es sich um Cookies, die von einem Computer oder Server oder von einer Domain gesendet werden, die von einem Drittanbieter betrieben wird.<\/li>\n<\/ul>\n\n\n\n<p><strong>Nach Dauer<\/strong><strong>:<\/strong><\/p>\n\n\n\n<ul class=\"wp-block-list\">\n<li>Session Cookies: Session Cookies sind tempor\u00e4re Cookies, die in Ihrem Browser verbleiben, bis Sie die Website verlassen. Diese Cookies werden nicht auf der Festplatte Ihres Computers oder eines Ger\u00e4ts gespeichert. Wir verwenden sie zur Analyse des Surfverhaltens auf der Website, um die Inhalte und die Nutzung der Website kontinuierlich zu verbessern.<\/li>\n\n\n\n<li>Persistent Cookies: Das sind Cookies, die f\u00fcr bestimmte Zeit auf der Festplatte gespeichert werden und bei jedem neuen Besuch unserer Website ausgelesen werden. Diese Cookies verfallen nach Ablauf der voreingestellten Zeitspanne und werden in der Regel verwendet, um die Kauf- und Loginaktivit\u00e4ten zu erleichtern.<\/li>\n<\/ul>\n\n\n\n<p><strong>Nach Funktion<\/strong><strong>:<\/strong><\/p>\n\n\n\n<ul class=\"wp-block-list\">\n<li>Technisch notwendige Cookies: Sie sorgen f\u00fcr ein zufriedenstellendes Surferlebnis, da sie die st\u00f6rungsfreie Navigation auf der Website erm\u00f6glichen. Sie erm\u00f6glichen zum Beispiel die Kontrolle des Datenaufkommens und der Daten\u00fcbermittlung, des Zugangs zu gesch\u00fctzten Bereichen, des Kaufvorgangs oder des Anfrageformulars, die Verwendung von Sicherheitselementen, die Speicherung von Inhalten f\u00fcr die Wiedergabe von Videos oder das Teilen von Inhalten \u00fcber soziale Netzwerke.<\/li>\n\n\n\n<li>Personalisierungs-Cookies: iese Cookies erm\u00f6glichen den Zugriff auf die Webseite nach vordefinierten Kriterien wie z.B. Sprache, Art des Browsers, \u00fcber den auf den Dienst zugegriffen wird, regionale Konfiguration, von der aus auf den Dienst zugegriffen wird, usw.<\/li>\n\n\n\n<li>Analyse-Cookies: Analyse-Cookies erm\u00f6glichen es uns, die Anzahl der Nutzer zu quantifizieren und somit die Nutzung der angebotenen Dienste durch die Nutzer zu messen und statistisch auszuwerten.<\/li>\n\n\n\n<li>Marketing-Cookies: Diese erm\u00f6glichen die m\u00f6glichst effiziente Verwaltung der von uns angebotenen Werbeinhalte.<\/li>\n\n\n\n<li>Persistente Cookies: Persistente Cookies speichern Informationen \u00fcber das Verhalten der Nutzer, die durch die kontinuierliche Beobachtung ihrer Surfgewohnheiten gewonnen werden. So k\u00f6nnen ein spezifische Profile erstellt werden, um darauf basierende Werbung anzuzeigen.<\/li>\n<\/ul>\n\n\n\n<p><strong>Im Folgenden beschreiben wir die auf unserer Webseite verwendeten Cookies und ihren Zweck:<\/strong><\/p>\n\n\n\n<div class=\"cky-audit-table-element\"><\/div><br\/>\n\n\n\n<a class=\"cky-banner-element\"><button>Preferencias de cookies<\/button><\/a><br\/>\n\n\n\n<p>Diese Listen werden so schnell wie m\u00f6glich aktualisiert, wenn sich die auf der Website angebotenen Leistungen \u00e4ndern. Es kann jedoch vorkommen, dass einige Cookies w\u00e4hrend der Aktualisierung nicht mehr auf der Liste enthalten sind. Stattdessen werden jedoch immer Cookies verwendet, die denselben Zweck haben wie die auf der Liste aufgef\u00fchrten Cookies.<\/p>\n\n\n\n<p><strong>Zustimmung zur Verwendung von Cookies und Information \u00fcber die M\u00f6glichkeit, Cookies zu deaktivieren oder zu l\u00f6schen.<\/strong><\/p>\n\n\n\n<p>Wenn Sie auf unsere Website zugreifen, werden Sie zu Beginn \u00fcber die Verwendung von Cookies informiert. Mit einem Klick auf die Schaltfl\u00e4che &#8222;Akzeptieren&#8220; im Informationsfenster k\u00f6nnen Ihre Zustimmung zu unserer Cookie-Richtlinie geben. Auf diese Weise stimmen Sie der Verarbeitung der gesammelten Informationen in der oben genannten Weise und zu den oben genannten Zwecken ausdr\u00fccklich zu.<\/p>\n\n\n\n<p>Von der Informations- und Einwilligungspflicht ausgenommen sind Cookies, die f\u00fcr die Bereitstellung eines vom Nutzer ausdr\u00fccklich angeforderten Dienstes unbedingt erforderlich sind oder die lediglich die Kommunikation zwischen dem Ger\u00e4t des Nutzers und dem Internet erm\u00f6glichen.  Dazu geh\u00f6ren unter anderem Session Cookies, Login-Cookies , Cookies f\u00fcr die Sicherheit der Nutzerdaten, Session Cookies f\u00fcr den Mediaplayer, Session Cookies f\u00fcr den Lastausgleich, bestimmte technische Cookies, Personalisierungscookies und bestimmte Plug-in-Cookies.<\/p>\n\n\n\n<p>Sie k\u00f6nnen Cookies auch konfigurieren und erkennen damit die M\u00f6glichkeit an, die Verarbeitung solcher Daten oder Informationen abzulehnen, indem Sie die Verwendung von Cookies durch die Auswahl der entsprechenden Einstellungen in Ihrem Browser ablehnen. Die M\u00f6glichkeit, Cookies in Ihrem Browser zu blockieren, kann dazu f\u00fchren, dass Sie nicht alle Funktionalit\u00e4ten der Webseite nutzen k\u00f6nnen und dass die Erfahrung beim Besuch unserer Website weniger zufriedenstellend ist.<\/p>\n\n\n\n<p>Die auf Ihrem Rechner installierten Cookies k\u00f6nnen Sie mit Hilfe der Browsereinstellungen zulassen, blockieren oder l\u00f6schen. Die Anleitungen hierzu finden Sie auf den Seiten der jeweiligen Browser:\u00a0<\/p>\n\n\n\n<ul class=\"wp-block-list\">\n<li>Internet Explorer: windows.microsoft.com\/de-xl\/internet-explorer\/delete-manage-cookies#ie=ie-10<\/li>\n\n\n\n<li>Firefox: support.mozilla.org\/kb\/Delete%20cookies<\/li>\n\n\n\n<li>Chrome: support.google.com\/chrome\/answer\/95647?hl=de<\/li>\n\n\n\n<li>Safari: https:\/\/support.apple.com\/kb\/PH19214?viewlocale=de_DE&amp;locale=de_DE<\/li>\n\n\n\n<li>Opera: http:\/\/help.opera.com\/Linux\/9.01\/de\/cookies.html<\/li>\n<\/ul>\n\n\n\n<p>Wenn Sie Fragen zu dieser Cookie-Richtlinie haben, senden Sie uns eine E-Mail an die in der <a href=\"https:\/\/euro-text.com\/de\/datenschutz\/\">Datenschutzrichtlinie<\/a> angegebene Adresse.<\/p>\n<\/div>\n","protected":false},"excerpt":{"rendered":"<p>Allgemeines. Definition und Funktion von Cookies Cookies sind kleine Textdateien, die beim Besuch bestimmter Webseiten auf Ihren Computer gespeichert werden. Durch die Verwendung von Cookies k\u00f6nnen Informationen \u00fcber die Surfgewohnheiten eines Nutzers oder eines Ger\u00e4ts zu gespeichert und abgerufen werden. Je nach den enthaltenen Informationen und der Art und Weise, wie die Person ihr Ger\u00e4t [&hellip;]<\/p>\n","protected":false},"author":2,"featured_media":0,"parent":0,"menu_order":0,"comment_status":"closed","ping_status":"closed","template":"","meta":{"_seopress_robots_primary_cat":"","_seopress_titles_title":"","_seopress_titles_desc":"","_seopress_robots_index":"","footnotes":""},"class_list":["post-1154","page","type-page","status-publish","hentry"],"_links":{"self":[{"href":"https:\/\/euro-text.com\/de\/wp-json\/wp\/v2\/pages\/1154","targetHints":{"allow":["GET"]}}],"collection":[{"href":"https:\/\/euro-text.com\/de\/wp-json\/wp\/v2\/pages"}],"about":[{"href":"https:\/\/euro-text.com\/de\/wp-json\/wp\/v2\/types\/page"}],"author":[{"embeddable":true,"href":"https:\/\/euro-text.com\/de\/wp-json\/wp\/v2\/users\/2"}],"replies":[{"embeddable":true,"href":"https:\/\/euro-text.com\/de\/wp-json\/wp\/v2\/comments?post=1154"}],"version-history":[{"count":5,"href":"https:\/\/euro-text.com\/de\/wp-json\/wp\/v2\/pages\/1154\/revisions"}],"predecessor-version":[{"id":1274,"href":"https:\/\/euro-text.com\/de\/wp-json\/wp\/v2\/pages\/1154\/revisions\/1274"}],"wp:attachment":[{"href":"https:\/\/euro-text.com\/de\/wp-json\/wp\/v2\/media?parent=1154"}],"curies":[{"name":"wp","href":"https:\/\/api.w.org\/{rel}","templated":true}]}}