{"id":1158,"date":"2025-03-23T22:22:29","date_gmt":"2025-03-23T21:22:29","guid":{"rendered":"https:\/\/euro-text.com\/datenschutz\/"},"modified":"2025-05-14T13:45:54","modified_gmt":"2025-05-14T11:45:54","slug":"datenschutz","status":"publish","type":"page","link":"https:\/\/euro-text.com\/de\/datenschutz\/","title":{"rendered":"Datenschutz"},"content":{"rendered":"\n<p>DATENVERANTWORTLICHER<\/p>\n\n<p><strong>Wer ist f\u00fcr die Verarbeitung Ihrer personenbezogenen Daten verantwortlich?<\/strong><\/p>\n\n<ul class=\"wp-block-list\">\n<li>Verantwortlich f\u00fcr die Datenverarbeitung ist: TRADUCTORES E INTERPRETES EUROTEXT, S.L.<\/li>\n\n\n\n<li>Umsatzsteuer-Id.-Nr.\/ VAT-Id: ESB47366448<\/li>\n\n\n\n<li>Firmensitz: Calle Matadero, 12, 47610 Zarat\u00e1n (Valladolid)<\/li>\n\n\n\n<li>Telefon: +34 983 362 871<\/li>\n\n\n\n<li>E-Mail: info@euro-text.com<\/li>\n<\/ul>\n\n<p><a><\/a>ZWECK DER DATENVERARBEITUNG<\/p>\n\n<p><strong>F\u00fcr welche Zwecke verarbeiten wir Ihre personenbezogenen Daten?<\/strong><\/p>\n\n<p>TRADUCTORES E INTERPRETES EUROTEXT, S.L. verarbeitet Ihre Daten zu folgenden Zwecken:<\/p>\n\n<ul class=\"wp-block-list\">\n<li>Aufrechterhaltung der Gesch\u00e4ftsbeziehung, die Sie mit uns eingegangen sind.<\/li>\n\n\n\n<li>Versenden von Informationen und Angeboten rund um das Thema \u00dcbersetzungen.<\/li>\n\n\n\n<li>Erstellung eines auf Ihre Bed\u00fcrfnisse zugeschnittenen Angebots.<\/li>\n\n\n\n<li>Verwaltung der E-Mail-Kommunikation mit Interessengruppen.<\/li>\n\n\n\n<li>Durchf\u00fchrung von Bewerbungsverfahren des Unternehmens.<\/li>\n<\/ul>\n\n<p><strong>Wie lange werden Ihre Daten von uns gespeichert?<\/strong><\/p>\n\n<p>Die personenbezogenen Daten, die Sie uns zur Verf\u00fcgung stellen, werden so lange gespeichert wie die Gesch\u00e4ftsbeziehung besteht. Nach Beendigung der Gesch\u00e4ftsbeziehung werden Ihre Daten weiterhin von TRADUCTORES E INTERPRETES EUROTEXT, S.L. gespeichert, um\u00a0<em>Newsletter<\/em>\u00a0\u00fcber unsere Produkte und Angebote zu versenden. Sie k\u00f6nnen Ihre Rechte entsprechend der geltenden Rechtsvorschriften jederzeit wahrnehmen, indem Sie sich auf die f\u00fcr Sie angenehmste Weise mit uns in Verbindung setzen.<\/p>\n\n<p>Bitte beachten Sie dabei, dass wir unsere Systeme in regelm\u00e4\u00dfigen Abst\u00e4nden \u00fcberpr\u00fcfen, um Daten zu l\u00f6schen, die rechtlich nicht mehr erforderlich sind.\u00a0<a><\/a><\/p>\n\n<p>RECHTSGRUNDLAGE<\/p>\n\n<p><strong>Auf welcher Rechtsgrundlage werden Ihre Daten von uns verarbeitet?<\/strong><\/p>\n\n<p>Je nach dem Zweck, f\u00fcr den wir die Daten erheben, ist die Verarbeitung Ihrer Daten f\u00fcr folgende Zwecke erforderlich:<\/p>\n\n<ol class=\"wp-block-list\">\n<li>Aufrechterhaltung der Gesch\u00e4ftsbeziehung, die Sie mit uns eingegangen sind.<\/li>\n<\/ol>\n\n<p>a. Erf\u00fcllung eines Vertrags (erm\u00f6glicht durch Artikel 6 Absatz 1 Buchstabe b der DSGVO)<\/p>\n\n<p>b. Einwilligung der betroffenen Person (gem\u00e4\u00df Artikel 6 Absatz 1 Buchstabe a) DSGVO)<\/p>\n\n<ol start=\"2\" class=\"wp-block-list\">\n<li>Versenden von Angeboten und Werbung<\/li>\n<\/ol>\n\n<p>a. Einwilligung der betroffenen Person (erm\u00f6glicht durch Artikel 6 Absatz 1 Buchstabe a der DSGVO)<\/p>\n\n<p>b. Einwilligung der betroffenen Person (erm\u00f6glicht durch Artikel 20 LSSICE &#8211; Spanisches Gesetz Nr. 34\/2002 \u00fcber die Leistungen der Informationsgesellschaft und E-Commerce)<\/p>\n\n<p>c. Berechtigtes Interesse (erm\u00f6glicht durch Artikel 6 Absatz 1 Buchstabe f der DSGVO)<\/p>\n\n<ol start=\"3\" class=\"wp-block-list\">\n<li>Erstellung eines auf Ihre Bed\u00fcrfnisse zugeschnittenen Angebots.<\/li>\n<\/ol>\n\n<p>a. Einwilligung der betroffenen Person (gem\u00e4\u00df Artikel 6 Absatz 1 Buchstabe a) DSGVO)<\/p>\n\n<ol start=\"4\" class=\"wp-block-list\">\n<li>Verwaltung der E-Mail-Kommunikation mit Interessengruppen.<\/li>\n<\/ol>\n\n<p>a. Einwilligung der betroffenen Person (gem\u00e4\u00df Artikel 6 Absatz 1 Buchstabe a) DSGVO)<\/p>\n\n<ol start=\"5\" class=\"wp-block-list\">\n<li>Durchf\u00fchrung von Bewerbungsverfahren des Unternehmens.<\/li>\n<\/ol>\n\n<p>a. Einwilligung der betroffenen Person (gem\u00e4\u00df Artikel 6 Absatz 1 Buchstabe a) DSGVO)<\/p>\n\n<p>b. Berechtigtes Interesse (erm\u00f6glicht durch Artikel 6 Absatz 1 Buchstabe f der DSGVO)<\/p>\n\n<p>Au\u00dferdem sind alle erhobenen Daten f\u00fcr die Erbringung der Dienstleistung notwendig. Die mit einem Sternchen (*) gekennzeichneten Daten sind jedoch optional. Wenn die obligatorischen Angaben nicht gemacht werden, kann TRADUCTORES E INTERPRETES EUROTEXT, S.L. die vertraglich vereinbarte Dienstleistung nicht erbringen.<\/p>\n\n<p><a><\/a>RECHTE DER BETROFFENEN PERSONEN<\/p>\n\n<p><strong>Welche Rechte habe ich als Betroffener in Bezug auf den Datenschutz?<\/strong><\/p>\n\n<p>Sie k\u00f6nnen Ihre Rechte aus\u00fcben, indem Sie uns an die Postanschrift CALLE ESTACI\u00d3N, 11, 47004 VALLADOLID oder an die in der \u00dcberschrift angegebene E-Mail-Adresse (info@euro-text.com) schreiben. Anerkannte Rechte gem\u00e4\u00df der geltenden Rechtsvorschriften sind in jedem Fall:<\/p>\n\n<ul class=\"wp-block-list\">\n<li>Recht auf Auskunft \u00fcber die personenbezogenen Daten der betroffenen Person.<\/li>\n\n\n\n<li>Recht auf Berichtigung oder L\u00f6schung der Daten.<\/li>\n\n\n\n<li>Recht auf Einschr\u00e4nkung der Verarbeitung.<\/li>\n\n\n\n<li>Recht auf Widerspruch gegen die Verarbeitung.<\/li>\n\n\n\n<li>Recht auf Daten\u00fcbertragbarkeit.<\/li>\n<\/ul>\n\n<p>Um Ihre Rechte leichter wahrnehmen zu k\u00f6nnen, haben Sie die M\u00f6glichkeit, unsere Formulare zu verwenden.<\/p>\n\n<p><strong>Welche Rechte sind mit der Mitteilung Ihrer Daten verbunden?<\/strong><\/p>\n\n<p>Jede Person hat das Recht, eine Best\u00e4tigung dar\u00fcber zu erhalten, ob TRADUCTORES E INTERPRETES EURO-TEXT, S.L. sie betreffende personenbezogene Daten verarbeitet oder nicht.<\/p>\n\n<p>Die Betroffenen k\u00f6nnen auf ihre personenbezogenen Daten zugreifen, sie berichtigen oder gegebenenfalls ihre L\u00f6schung beantragen, wenn beispielsweise die Daten f\u00fcr die Zwecke, f\u00fcr die sie erhoben wurden, nicht mehr erforderlich sind.<\/p>\n\n<p id=\"matomo_opted_in_intro\">Sie k\u00f6nnen verhindern, dass diese Website die Aktionen, die Sie hier durchf\u00fchren, erfasst und auswertet. Damit sch\u00fctzen Sie Ihre Privatsph\u00e4re, aber Sie hindern den Betreiber auch daran, aus Ihren Handlungen zu lernen und ein besseres Erlebnis f\u00fcr Sie und andere Nutzer zu schaffen.<strong>Sie sind nicht abgemeldet. Entfernen Sie das H\u00e4kchen, um sich abzumelden.<\/strong><\/p>\n\n<p>Sie k\u00f6nnen uns auch mitteilen, dass Sie die Verarbeitung Ihrer Daten einschr\u00e4nken m\u00f6chten. In diesem Fall werden Ihre Daten nur zur Geltendmachung oder Verteidigung gegen\u00fcber Anspr\u00fcchen verarbeitet.<\/p>\n\n<p id=\"matomo_opted_in_intro\">Sie k\u00f6nnen verhindern, dass diese Website die Aktionen, die Sie hier durchf\u00fchren, erfasst und auswertet. Damit sch\u00fctzen Sie Ihre Privatsph\u00e4re, aber Sie hindern den Betreiber auch daran, aus Ihren Handlungen zu lernen und ein besseres Erlebnis f\u00fcr Sie und andere Nutzer zu schaffen.<strong>Sie sind nicht abgemeldet. Entfernen Sie das H\u00e4kchen, um sich abzumelden.<\/strong><\/p>\n\n<p>Sie k\u00f6nnen Ihre Zustimmung zur Verarbeitung Ihrer Daten jederzeit widerrufen.<\/p>\n\n<p>Au\u00dferdem haben Sie die M\u00f6glichkeit, eine Beschwerde bei der spanischen Datenschutzbeh\u00f6rde (AEPD) einzureichen. Weitere Informationen finden Sie in Abschnitt VII dieses Dokuments.<\/p>\n\n<p>WEITERGABE PERSONENBEZOGENER DATEN<\/p>\n\n<p><strong>An wen werden Ihre Daten \u00fcbermittelt?<\/strong><\/p>\n\n<p>Ihre Daten werden von uns nicht an andere Unternehmen weitergegeben.<\/p>\n\n<p>Sie werden auch nicht an Drittl\u00e4nder \u00fcbertragen.<\/p>\n\n<p><a><\/a>HERKUNFT IHRER DATEN<\/p>\n\n<p><strong>Wie haben wir Ihre Daten erhalten?<\/strong><\/p>\n\n<p>Die von TRADUCTORES E INTERPRETES EURO-TEXT, S.L. verwendeten personenbezogenen Daten wurden von den betroffenen Personen selbst zur Verf\u00fcgung gestellt.<\/p>\n\n<p><strong>Welche Arten von Daten verarbeiten wir?<\/strong><\/p>\n\n<p>Folgende personenbezogene Daten werden von uns verarbeitet:<\/p>\n\n<ul class=\"wp-block-list\">\n<li>Daten zur Identifizierung\n<ul class=\"wp-block-list\">\n<li>Vorname<\/li>\n\n\n\n<li>Nachname<\/li>\n\n\n\n<li>DNI (Spanische Identit\u00e4tskarte)\/ NIE (Spanische Identit\u00e4tskarte f\u00fcr Ausl\u00e4nder)\/ Reisepass oder gleichwertiges Dokument<\/li>\n\n\n\n<li>Postadressen<\/li>\n\n\n\n<li>E-Mail-Adressen<\/li>\n\n\n\n<li>Geschlecht<\/li>\n\n\n\n<li>Geburtsdatum<\/li>\n\n\n\n<li>Geburtsort<\/li>\n<\/ul>\n<\/li>\n<\/ul>\n\n<ul class=\"wp-block-list\">\n<li>Firmenangaben<\/li>\n\n\n\n<li>Wirtschaftliche Daten<\/li>\n\n\n\n<li>Kontonummer<\/li>\n\n\n\n<li>Kreditkartennummer<\/li>\n\n\n\n<li>Lebenslauf<\/li>\n\n\n\n<li>Studienabschl\u00fcsse<\/li>\n\n\n\n<li>Qualifikationen<\/li>\n\n\n\n<li>Hobbys<\/li>\n\n\n\n<li>Mitgliedschaft in Verb\u00e4nden oder Vereinen<\/li>\n<\/ul>\n\n<p>TRADUCTORES E INTERPRETES EURO-TEXT, S.L. verarbeitet keine besonders gesch\u00fctzten Daten.<\/p>\n\n<p><a><\/a>AUFSICHTSBEH\u00d6RDE<\/p>\n\n<p>TRADUCTORES E INTERPRETES EURO-TEXT, S.L. ist stets bem\u00fcht, die Datenschutzbestimmungen einzuhalten, denn Datenschutz liegt genie\u00dft bei uns eine hohe Priorit\u00e4t. Wir weisen Sie jedoch darauf hin, dass Sie bei der spanischen Datenschutzbeh\u00f6rde (AEPD) in der C\/ Jorge Juan, 6 &#8211; 28001 Madrid eine Beschwerde einlegen k\u00f6nnen, wenn Sie der Meinung sind, dass Ihre Rechte verletzt wurden. Weitere Informationen \u00fcber die AEPD:\u00a0<a href=\"https:\/\/www.agpd.es\/\">https:\/\/www.aepd.es\/<\/a><\/p>\n","protected":false},"excerpt":{"rendered":"<p>DATENVERANTWORTLICHER Wer ist f\u00fcr die Verarbeitung Ihrer personenbezogenen Daten verantwortlich? ZWECK DER DATENVERARBEITUNG F\u00fcr welche Zwecke verarbeiten wir Ihre personenbezogenen Daten? TRADUCTORES E INTERPRETES EUROTEXT, S.L. verarbeitet Ihre Daten zu folgenden Zwecken: Wie lange werden Ihre Daten von uns gespeichert? Die personenbezogenen Daten, die Sie uns zur Verf\u00fcgung stellen, werden so lange gespeichert wie die [&hellip;]<\/p>\n","protected":false},"author":2,"featured_media":0,"parent":0,"menu_order":0,"comment_status":"closed","ping_status":"closed","template":"","meta":{"_seopress_robots_primary_cat":"","_seopress_titles_title":"","_seopress_titles_desc":"","_seopress_robots_index":"","footnotes":""},"class_list":["post-1158","page","type-page","status-publish","hentry"],"_links":{"self":[{"href":"https:\/\/euro-text.com\/de\/wp-json\/wp\/v2\/pages\/1158","targetHints":{"allow":["GET"]}}],"collection":[{"href":"https:\/\/euro-text.com\/de\/wp-json\/wp\/v2\/pages"}],"about":[{"href":"https:\/\/euro-text.com\/de\/wp-json\/wp\/v2\/types\/page"}],"author":[{"embeddable":true,"href":"https:\/\/euro-text.com\/de\/wp-json\/wp\/v2\/users\/2"}],"replies":[{"embeddable":true,"href":"https:\/\/euro-text.com\/de\/wp-json\/wp\/v2\/comments?post=1158"}],"version-history":[{"count":1,"href":"https:\/\/euro-text.com\/de\/wp-json\/wp\/v2\/pages\/1158\/revisions"}],"predecessor-version":[{"id":1159,"href":"https:\/\/euro-text.com\/de\/wp-json\/wp\/v2\/pages\/1158\/revisions\/1159"}],"wp:attachment":[{"href":"https:\/\/euro-text.com\/de\/wp-json\/wp\/v2\/media?parent=1158"}],"curies":[{"name":"wp","href":"https:\/\/api.w.org\/{rel}","templated":true}]}}