{"id":1163,"date":"2025-03-18T18:10:47","date_gmt":"2025-03-18T17:10:47","guid":{"rendered":"https:\/\/euro-text.com\/feedback\/"},"modified":"2025-05-15T13:08:49","modified_gmt":"2025-05-15T11:08:49","slug":"feedback","status":"publish","type":"page","link":"https:\/\/euro-text.com\/de\/feedback\/","title":{"rendered":"Referenzen"},"content":{"rendered":"\n<div class=\"wp-block-group alignfull has-global-padding is-layout-constrained wp-container-core-group-is-layout-020e0ace wp-block-group-is-layout-constrained\" style=\"padding-top:var(--wp--preset--spacing--60);padding-right:var(--wp--preset--spacing--40);padding-bottom:var(--wp--preset--spacing--60);padding-left:var(--wp--preset--spacing--40)\">\n<div class=\"wp-block-group alignwide is-vertical is-content-justification-center is-layout-flex wp-container-core-group-is-layout-fa38c63a wp-block-group-is-layout-flex\" style=\"min-height:50vh\">\n<h1 class=\"wp-block-heading has-text-align-center\" style=\"font-size:clamp(46.987px, 2.937rem + ((1vw - 3.2px) * 4.413), 92px);\">Das sagen unser Kunden \u00fcber uns<\/h1>\n\n\n\n<p class=\"has-text-align-center\" style=\"font-size:clamp(14.642px, 0.915rem + ((1vw - 3.2px) * 0.721), 22px);\">Niemand kann die Qualit\u00e4t unserer Arbeit und das Engagement unseres Teams besser bewerten als unsere Kunden. Deshalb ist Ihre Meinung unsere beste Werbung.<\/p>\n<\/div>\n<\/div>\n\n<div class=\"wp-block-group alignfull has-custom-color-1-gradient-background has-background has-global-padding is-layout-constrained wp-container-core-group-is-layout-94e519ba wp-block-group-is-layout-constrained\" style=\"padding-top:var(--wp--preset--spacing--80);padding-right:var(--wp--preset--spacing--40);padding-bottom:var(--wp--preset--spacing--80);padding-left:var(--wp--preset--spacing--40)\">\n<div class=\"wp-block-columns alignwide is-layout-flex wp-container-core-columns-is-layout-28f84493 wp-block-columns-is-layout-flex\">\n<div class=\"wp-block-column is-layout-flow wp-block-column-is-layout-flow\">\n<blockquote class=\"wp-block-quote is-layout-flow wp-block-quote-is-layout-flow\" style=\"border-style:none;border-width:0px;padding-top:var(--wp--preset--spacing--50);padding-right:var(--wp--preset--spacing--40);padding-bottom:var(--wp--preset--spacing--50);padding-left:var(--wp--preset--spacing--40)\">\n<p><em>\u201eEurotext ist gleichbedeutend mit Erfolgsgarantie, Professionalit\u00e4t, Erfahrung und pers\u00f6nlichem Umgang. Die Zusammenarbeit ist immer \u00e4u\u00dferst angenehm. In einem so schwierigen Umfeld wie dem des Eventmanagements ist es unverzichtbar, dass man bei jedem Projekt eine hundertprozentige Leistung bekommt. Danke Eurotext!\u201c<\/em><\/p>\n<cite>Lola L\u00f3pez de la Cuesta<br>Feria de Valladolid<\/cite><\/blockquote>\n<\/div>\n\n\n\n<div class=\"wp-block-column is-layout-flow wp-block-column-is-layout-flow\">\n<blockquote class=\"wp-block-quote is-layout-flow wp-block-quote-is-layout-flow\" style=\"border-style:none;border-width:0px;padding-top:var(--wp--preset--spacing--50);padding-right:var(--wp--preset--spacing--40);padding-bottom:var(--wp--preset--spacing--50);padding-left:var(--wp--preset--spacing--40)\">\n<p><em>\u201eDas Engagement und ihre Bem\u00fchungen bei jedem Projekt, sich an den Stil der Texte anzupassen, die Flexibilit\u00e4t bei der L\u00f6sung von Problemen sowie die Schnelligkeit und P\u00fcnktlichkeit bei der Lieferung sind entscheidende Faktoren, die Eurotext zu einem wichtigen Partner bei unserer Arbeit machen&#8220;<\/em><\/p>\n<cite><strong><strong>Asunci\u00f3n Ar\u00e9valo<\/strong><\/strong><br>Avalon Dise\u00f1o, Comunicaci\u00f3n y Marketing<\/cite><\/blockquote>\n<\/div>\n<\/div>\n\n\n\n<div class=\"wp-block-columns alignwide is-layout-flex wp-container-core-columns-is-layout-28f84493 wp-block-columns-is-layout-flex\">\n<div class=\"wp-block-column is-layout-flow wp-block-column-is-layout-flow\">\n<blockquote class=\"wp-block-quote is-layout-flow wp-block-quote-is-layout-flow\" style=\"border-style:none;border-width:0px;padding-top:var(--wp--preset--spacing--50);padding-right:var(--wp--preset--spacing--40);padding-bottom:var(--wp--preset--spacing--50);padding-left:var(--wp--preset--spacing--40)\">\n<p><em>\u201e<em>Mit dem gesamten Serviceprozess rund um die \u00dcbersetzungen sind wir sehr zufrieden.  Die Beratung und Angebotserstellung erfolgt dabei reibungslos. Auch bei zeitkritischen Auftr\u00e4gen k\u00f6nnen wir uns immer auf das Team von Eurotext verlassen.\u201c<\/em><\/em><\/p>\n<cite><strong><strong><strong><strong><strong>G\u00fcnter D\u00f6rr<\/strong><\/strong><\/strong><\/strong><\/strong><br>Schindler &amp; Wagner<\/cite><\/blockquote>\n<\/div>\n\n\n\n<div class=\"wp-block-column is-layout-flow wp-block-column-is-layout-flow\">\n<blockquote class=\"wp-block-quote is-layout-flow wp-block-quote-is-layout-flow\" style=\"border-style:none;border-width:0px;padding-top:var(--wp--preset--spacing--50);padding-right:var(--wp--preset--spacing--40);padding-bottom:var(--wp--preset--spacing--50);padding-left:var(--wp--preset--spacing--40)\">\n<p>&#8222;<em>Nach jahrelanger Zusammenarbeit mit Eurotext ist das Verst\u00e4ndnis sehr hoch. Sie wissen genau, was wir von ihnen erwarten, wenn ein Auftrag dringend ist, und reagieren sofort.\u201c<\/em><\/p>\n<cite><strong><strong><strong>Jos\u00e9 Manuel Corral<\/strong><\/strong><\/strong><br>Michelin Spanien<\/cite><\/blockquote>\n<\/div>\n<\/div>\n\n\n\n<div class=\"wp-block-columns alignwide is-layout-flex wp-container-core-columns-is-layout-28f84493 wp-block-columns-is-layout-flex\">\n<div class=\"wp-block-column is-layout-flow wp-block-column-is-layout-flow\">\n<blockquote class=\"wp-block-quote is-layout-flow wp-block-quote-is-layout-flow\" style=\"border-style:none;border-width:0px;padding-top:var(--wp--preset--spacing--50);padding-right:var(--wp--preset--spacing--40);padding-bottom:var(--wp--preset--spacing--50);padding-left:var(--wp--preset--spacing--40)\">\n<p>\u201e<em>Wir vertrauen schon seit Jahren auf Eurotext, um die Verkostungsnotizen unserer Weine aus verschiedenen L\u00e4ndern zu \u00fcbersetzen. Der gro\u00dfe Pool an Fachleuten, mit denen sie in den verschiedenen Sprachen zusammenarbeiten, hilft uns sehr dabei, die Eigenschaften unserer Weine in der ganzen Welt zu kommunizieren<\/em>. &#8222;<\/p>\n<cite><strong><strong>Gemma Aliste<\/strong><\/strong><br>Vinos de la Luz<\/cite><\/blockquote>\n<\/div>\n\n\n\n<div class=\"wp-block-column is-layout-flow wp-block-column-is-layout-flow\">\n<blockquote class=\"wp-block-quote is-layout-flow wp-block-quote-is-layout-flow\" style=\"border-style:none;border-width:0px;padding-top:var(--wp--preset--spacing--50);padding-right:var(--wp--preset--spacing--40);padding-bottom:var(--wp--preset--spacing--50);padding-left:var(--wp--preset--spacing--40)\">\n<p><em>\u201eEurotext hat sich an unsere Bed\u00fcrfnisse angepasst, unsere \u00dcbersetzungen verbessert und uns die Arbeit jederzeit leicht gemacht. Ein sehr empfehlenswerter Partner.\u201c<\/em><\/p>\n<cite><strong><strong><strong><strong>Mario Arranz<\/strong><\/strong><\/strong><\/strong><br>Lyceum Formaci\u00f3n<\/cite><\/blockquote>\n<\/div>\n<\/div>\n<\/div>\n","protected":false},"excerpt":{"rendered":"<p>Das sagen unser Kunden \u00fcber uns Niemand kann die Qualit\u00e4t unserer Arbeit und das Engagement unseres Teams besser bewerten als unsere Kunden. Deshalb ist Ihre Meinung unsere beste Werbung. \u201eEurotext ist gleichbedeutend mit Erfolgsgarantie, Professionalit\u00e4t, Erfahrung und pers\u00f6nlichem Umgang. Die Zusammenarbeit ist immer \u00e4u\u00dferst angenehm. In einem so schwierigen Umfeld wie dem des Eventmanagements ist [&hellip;]<\/p>\n","protected":false},"author":1,"featured_media":0,"parent":0,"menu_order":0,"comment_status":"closed","ping_status":"closed","template":"page-no-title","meta":{"_seopress_robots_primary_cat":"","_seopress_titles_title":"","_seopress_titles_desc":"","_seopress_robots_index":"","footnotes":""},"class_list":["post-1163","page","type-page","status-publish","hentry"],"_links":{"self":[{"href":"https:\/\/euro-text.com\/de\/wp-json\/wp\/v2\/pages\/1163","targetHints":{"allow":["GET"]}}],"collection":[{"href":"https:\/\/euro-text.com\/de\/wp-json\/wp\/v2\/pages"}],"about":[{"href":"https:\/\/euro-text.com\/de\/wp-json\/wp\/v2\/types\/page"}],"author":[{"embeddable":true,"href":"https:\/\/euro-text.com\/de\/wp-json\/wp\/v2\/users\/1"}],"replies":[{"embeddable":true,"href":"https:\/\/euro-text.com\/de\/wp-json\/wp\/v2\/comments?post=1163"}],"version-history":[{"count":5,"href":"https:\/\/euro-text.com\/de\/wp-json\/wp\/v2\/pages\/1163\/revisions"}],"predecessor-version":[{"id":1272,"href":"https:\/\/euro-text.com\/de\/wp-json\/wp\/v2\/pages\/1163\/revisions\/1272"}],"wp:attachment":[{"href":"https:\/\/euro-text.com\/de\/wp-json\/wp\/v2\/media?parent=1163"}],"curies":[{"name":"wp","href":"https:\/\/api.w.org\/{rel}","templated":true}]}}