{"id":1165,"date":"2025-03-18T16:53:59","date_gmt":"2025-03-18T15:53:59","guid":{"rendered":"https:\/\/euro-text.com\/konsekutivdolmetschen\/"},"modified":"2025-05-15T13:46:48","modified_gmt":"2025-05-15T11:46:48","slug":"konsekutivdolmetschen","status":"publish","type":"page","link":"https:\/\/euro-text.com\/de\/dolmetschen\/konsekutivdolmetschen\/","title":{"rendered":"Konsekutivdolmetschen"},"content":{"rendered":"\n<div class=\"wp-block-group alignfull has-global-padding is-layout-constrained wp-container-core-group-is-layout-020e0ace wp-block-group-is-layout-constrained\" style=\"padding-top:var(--wp--preset--spacing--60);padding-right:var(--wp--preset--spacing--40);padding-bottom:var(--wp--preset--spacing--60);padding-left:var(--wp--preset--spacing--40)\">\n<div class=\"wp-block-group alignwide is-vertical is-content-justification-center is-layout-flex wp-container-core-group-is-layout-fa38c63a wp-block-group-is-layout-flex\" style=\"min-height:50vh\">\n<h1 class=\"wp-block-heading has-text-align-center\" style=\"font-size:clamp(46.987px, 2.937rem + ((1vw - 3.2px) * 4.413), 92px);\">Dolmetscher mit den Reflexen eines Ninjas und dem Geh\u00f6r eines Bluthundes<\/h1>\n\n\n\n<p class=\"has-text-align-center\" style=\"font-size:clamp(14.642px, 0.915rem + ((1vw - 3.2px) * 0.721), 22px);\">Beim Konsekutivdolmetschen braucht man ein eine schnelle Auffassungsgabe, ein hervorragendes Ged\u00e4chtnis und eine exzellente Sprachkompetenz. Denn hier geht es nicht nur um Sprache, sondern auch um ihre Wirkung. Eine zu lange Sprechpause, ein konfuser Satz oder eine ungeschickte \u00dcbersetzung k\u00f6nnen ein Meeting zum Scheitern bringen, eine Verhandlung torpedieren oder ein Statement in ein Missverst\u00e4ndnis mit viraler Wirkung verwandeln. <\/p>\n\n\n\n<div class=\"wp-block-buttons is-content-justification-center is-layout-flex wp-container-core-buttons-is-layout-d234f690 wp-block-buttons-is-layout-flex\" style=\"margin-top:var(--wp--preset--spacing--50);margin-bottom:var(--wp--preset--spacing--50)\">\n<div class=\"wp-block-button has-custom-font-size has-large-font-size\"><a class=\"wp-block-button__link has-accent-1-background-color has-background wp-element-button\" href=\"https:\/\/euro-text.com\/de\/kontakt\/\" style=\"box-shadow:var(--wp--preset--shadow--natural)\">KONTAKT<\/a><\/div>\n<\/div>\n<\/div>\n<\/div>\n\n<div class=\"wp-block-group alignfull has-custom-color-1-gradient-background has-background has-global-padding is-layout-constrained wp-container-core-group-is-layout-94e519ba wp-block-group-is-layout-constrained\" style=\"padding-top:var(--wp--preset--spacing--80);padding-right:var(--wp--preset--spacing--40);padding-bottom:var(--wp--preset--spacing--80);padding-left:var(--wp--preset--spacing--40)\">\n<h2 class=\"wp-block-heading\" style=\"font-size:clamp(27.894px, 1.743rem + ((1vw - 3.2px) * 1.971), 48px);\">Improvisation ist hier fehl am Platz, schlie\u00dflich ist ein Dolmetscheinsatz kein Laientheater.<\/h2>\n\n\n\n<p>Nicht jede Person ist f\u00fcr diesen Job geeignet. Dolmetscherinnen brauchen gute Reflexe. Sie m\u00fcssen nicht nur Sprache, sondern auch Mimik und Gestik interpretieren, um die Absicht, die Tonalit\u00e4t und den Rhythmus in Sekundenschnelle wiederzugeben. Denn wenn die Botschaft nicht ankommt, schwindet das Vertrauen, Gesch\u00e4fte scheitern und das Publikum langweilt sich.<\/p>\n\n\n\n<p>Unsere Dolmetscher \u00fcbersetzen keine Worte, sie sorgen f\u00fcr eine gelungene Kommunikation. Wir planen den Dolmetscheinsatz f\u00fcr Ihre Veranstaltung bis ins Detail in enger Abstimmung mit Ihrer Organisation und r\u00e4umen Probleme schon im Vorfeld aus dem Weg. Kein Gestammel. Keine Aussetzer. Keine Schachtels\u00e4tze.<\/p>\n\n\n\n<p>Wenn Sie etwas Wichtiges zu sagen haben, sollten Sie darauf achten, dass Sie verstanden werden. Sprechen Sie uns an!<\/p>\n<\/div>\n\n<div class=\"wp-block-group alignfull has-global-padding is-layout-constrained wp-container-core-group-is-layout-94e519ba wp-block-group-is-layout-constrained\" style=\"padding-top:var(--wp--preset--spacing--80);padding-right:var(--wp--preset--spacing--40);padding-bottom:var(--wp--preset--spacing--80);padding-left:var(--wp--preset--spacing--40)\">\n<h2 class=\"wp-block-heading\" style=\"font-size:clamp(27.894px, 1.743rem + ((1vw - 3.2px) * 1.971), 48px);\">Kompetenzbereiche, die uns auszeichnen<\/h2>\n\n\n\n<p>Wir bieten Ihnen erfahrene Konsekutivdolmetscherinnen und -dolmetscher f\u00fcr viele verschiedene Veranstaltungsformate:<\/p>\n\n\n\n<ul class=\"wp-block-list\">\n<li><strong>Firmenmeetings<\/strong>: Dolmetscher sind die beste Garantie f\u00fcr eine reibungslose Kommunikation bei Besprechungen und Verhandlungen zwischen Unternehmen aus verschiedenen L\u00e4ndern.<\/li>\n\n\n\n<li><strong>Internationale Kongresse<\/strong>: Bei Kongressen, Tagungen und Konferenzen sorgen wir daf\u00fcr, dass alle Teilnehmerinnen und Teilnehmer die Informationen ohne Sprachbarrieren kommunizieren k\u00f6nnen.<\/li>\n\n\n\n<li><strong>Interviews und Anh\u00f6rungen<\/strong>: Unsere Dolmetscherinnen und Dolmetscher sind auch auf Eins\u00e4tze in Vorstellungsgespr\u00e4chen oder Gerichtsverhandlungen vorbereitet.<\/li>\n\n\n\n<li><strong>Aus- und Weiterbildung<\/strong>: Wir unterst\u00fctzen die Zusammenarbeit von Teams oder Teilnehmern verschiedener Nationalit\u00e4ten in Kursen und Seminaren.<\/li>\n<\/ul>\n\n\n\n<p>Haben Sie einen speziellen Bedarf? Wir bieten Ihnen eine passende L\u00f6sung f\u00fcr Ihre Veranstaltung, um eine reibungslose Kommunikation zu gew\u00e4hrleisten.<\/p>\n<\/div>\n\n<div class=\"wp-block-group alignfull has-custom-color-1-gradient-background has-background has-global-padding is-layout-constrained wp-container-core-group-is-layout-94e519ba wp-block-group-is-layout-constrained\" style=\"padding-top:var(--wp--preset--spacing--80);padding-right:var(--wp--preset--spacing--40);padding-bottom:var(--wp--preset--spacing--80);padding-left:var(--wp--preset--spacing--40)\">\n<h2 class=\"wp-block-heading\" style=\"font-size:clamp(27.894px, 1.743rem + ((1vw - 3.2px) * 1.971), 48px);\">Warum sollten Sie Konsekutivdolmetscher bei Eurotext bestellen? <\/h2>\n\n\n\n<ul class=\"wp-block-list\">\n<li><strong>Qualit\u00e4t und Zuverl\u00e4ssigkeit<\/strong>: Unsere Dolmetscherinnen und Dolmetscher garantieren eine klare und fachgerechte Verdolmetschung.<\/li>\n\n\n\n<li><strong>Branchenkenntnis<\/strong>: Wir haben versierte Expertinnen und Experten f\u00fcr viele Fachgebiete, darunter Wirtschaft, Recht, Medizin, Technik. Sie sprechen die Sprache Ihrer Branche und machen eine optimale Verst\u00e4ndigung m\u00f6glich.<\/li>\n\n\n\n<li><strong>Flexibilit\u00e4t und Service<\/strong>: Wir stellen uns auf die Besonderheiten Ihrer Veranstaltung ein und stellen sicher, dass unser Service perfekt auf Ihre Bed\u00fcrfnisse abgestimmt ist.<\/li>\n\n\n\n<li><strong>Ihre Dolmetscheragentur in Spanien<\/strong>: Unsere Agentur ist in Spanien vor Ort, genau wie unsere Dolmetscherinnen und Dolmetscher. Das vereinfacht Ihre Logistik und spart Kosten.<\/li>\n<\/ul>\n<\/div>\n\n<div class=\"wp-block-group alignfull has-base-color has-text-color has-background has-link-color wp-elements-8692a46c3860b9ef3ffd9c36a3198d50 has-global-padding is-layout-constrained wp-container-core-group-is-layout-11f9da37 wp-block-group-is-layout-constrained\" style=\"background:linear-gradient(0deg,rgb(0,78,82) 0%,rgb(111,192,194) 100%);margin-top:0;margin-bottom:0;padding-top:var(--wp--preset--spacing--80);padding-right:var(--wp--preset--spacing--40);padding-bottom:var(--wp--preset--spacing--80);padding-left:var(--wp--preset--spacing--40)\">\n<h2 class=\"wp-block-heading has-text-align-center has-base-color has-text-color has-link-color has-xx-large-font-size wp-elements-44dd416361f0797812edf11022f907ac\">Wir \u00fcbersetzen alle 5 Sinne<\/h2>\n\n\n\n<p class=\"has-text-align-center has-large-font-size\">Jedes Detail ist wichtig, auch die K\u00f6rpersprache, damit Ihre Botschaft verstanden wird.   Sprechen Sie uns an!<\/p>\n\n\n\n<div class=\"wp-block-buttons is-content-justification-center is-layout-flex wp-container-core-buttons-is-layout-a6d9f191 wp-block-buttons-is-layout-flex\" style=\"margin-top:var(--wp--preset--spacing--40);margin-bottom:var(--wp--preset--spacing--40)\">\n<div class=\"wp-block-button\"><a class=\"wp-block-button__link has-accent-2-background-color has-background wp-element-button\" href=\"https:\/\/euro-text.com\/de\/kontakt\/\" style=\"box-shadow:var(--wp--preset--shadow--deep)\">KONTAKT<\/a><\/div>\n<\/div>\n<\/div>\n","protected":false},"excerpt":{"rendered":"<p>Beim Konsekutivdolmetschen braucht man ein eine schnelle Auffassungsgabe, ein hervorragendes Ged\u00e4chtnis und eine exzellente Sprachkompetenz.<\/p>\n","protected":false},"author":2,"featured_media":0,"parent":1199,"menu_order":0,"comment_status":"closed","ping_status":"closed","template":"page-no-title","meta":{"_seopress_robots_primary_cat":"","_seopress_titles_title":"","_seopress_titles_desc":"","_seopress_robots_index":"","footnotes":""},"class_list":["post-1165","page","type-page","status-publish","hentry"],"_links":{"self":[{"href":"https:\/\/euro-text.com\/de\/wp-json\/wp\/v2\/pages\/1165","targetHints":{"allow":["GET"]}}],"collection":[{"href":"https:\/\/euro-text.com\/de\/wp-json\/wp\/v2\/pages"}],"about":[{"href":"https:\/\/euro-text.com\/de\/wp-json\/wp\/v2\/types\/page"}],"author":[{"embeddable":true,"href":"https:\/\/euro-text.com\/de\/wp-json\/wp\/v2\/users\/2"}],"replies":[{"embeddable":true,"href":"https:\/\/euro-text.com\/de\/wp-json\/wp\/v2\/comments?post=1165"}],"version-history":[{"count":3,"href":"https:\/\/euro-text.com\/de\/wp-json\/wp\/v2\/pages\/1165\/revisions"}],"predecessor-version":[{"id":1284,"href":"https:\/\/euro-text.com\/de\/wp-json\/wp\/v2\/pages\/1165\/revisions\/1284"}],"up":[{"embeddable":true,"href":"https:\/\/euro-text.com\/de\/wp-json\/wp\/v2\/pages\/1199"}],"wp:attachment":[{"href":"https:\/\/euro-text.com\/de\/wp-json\/wp\/v2\/media?parent=1165"}],"curies":[{"name":"wp","href":"https:\/\/api.w.org\/{rel}","templated":true}]}}