{"id":1167,"date":"2025-03-18T16:44:19","date_gmt":"2025-03-18T15:44:19","guid":{"rendered":"https:\/\/euro-text.com\/simultandolmetschen\/"},"modified":"2025-05-14T16:36:34","modified_gmt":"2025-05-14T14:36:34","slug":"simultandolmetschen","status":"publish","type":"page","link":"https:\/\/euro-text.com\/de\/dolmetschen\/simultandolmetschen\/","title":{"rendered":"Simultandolmetschen"},"content":{"rendered":"\n<div class=\"wp-block-group alignfull has-global-padding is-layout-constrained wp-container-core-group-is-layout-020e0ace wp-block-group-is-layout-constrained\" style=\"padding-top:var(--wp--preset--spacing--60);padding-right:var(--wp--preset--spacing--40);padding-bottom:var(--wp--preset--spacing--60);padding-left:var(--wp--preset--spacing--40)\">\n<div class=\"wp-block-group alignwide is-vertical is-content-justification-center is-layout-flex wp-container-core-group-is-layout-fa38c63a wp-block-group-is-layout-flex\" style=\"min-height:50vh\">\n<h1 class=\"wp-block-heading has-text-align-center\" style=\"font-size:clamp(46.987px, 2.937rem + ((1vw - 3.2px) * 4.413), 92px);\">Ihr Publikum sollte niemals aufs Telefon schauen<\/h1>\n\n\n\n<p class=\"has-text-align-center\" style=\"font-size:clamp(14.642px, 0.915rem + ((1vw - 3.2px) * 0.721), 22px);\">Internationaler Kongress. Der Vortragende beginnt&#8230; in einer anderen Sprache. Absolute Stille. Jemand tut so, als w\u00fcrde er sich Notizen machen. Eine andere Person nickt mit einem Ich- verstehe-nur-Bahnhof-Blick. In der letzten Reihe ist einer bereits auf TikTok. Bei uns versteht man die Vortr\u00e4ge in Echtzeit und verpasst keinen Witz.<\/p>\n\n\n\n<div class=\"wp-block-buttons is-content-justification-center is-layout-flex wp-container-core-buttons-is-layout-d234f690 wp-block-buttons-is-layout-flex\" style=\"margin-top:var(--wp--preset--spacing--50);margin-bottom:var(--wp--preset--spacing--50)\">\n<div class=\"wp-block-button has-custom-font-size has-large-font-size\"><a class=\"wp-block-button__link has-accent-1-background-color has-background wp-element-button\" href=\"https:\/\/euro-text.com\/de\/kontakt\/\" style=\"box-shadow:var(--wp--preset--shadow--natural)\">KONTAKT<\/a><\/div>\n<\/div>\n<\/div>\n<\/div>\n\n<div class=\"wp-block-group alignfull has-custom-color-1-gradient-background has-background has-global-padding is-layout-constrained wp-container-core-group-is-layout-94e519ba wp-block-group-is-layout-constrained\" style=\"padding-top:var(--wp--preset--spacing--80);padding-right:var(--wp--preset--spacing--40);padding-bottom:var(--wp--preset--spacing--80);padding-left:var(--wp--preset--spacing--40)\">\n<h2 class=\"wp-block-heading\" style=\"font-size:clamp(27.894px, 1.743rem + ((1vw - 3.2px) * 1.971), 48px);\">Ihr Event sollte sich nicht anh\u00f6ren wie ein schlecht synchronisiertes Video<\/h2>\n\n\n\n<p>Hier gibt es keine zweite Chance. Wenn die \u00dcbersetzung nicht in Echtzeit erfolgt, kommt die Botschaft nicht an und das Interesse geht verloren. Und wenn jemand anf\u00e4ngt, auf sein Handy zu schauen, dann ist es schon zu sp\u00e4t. Sie brauchen Dolmetscherinnen und Dolmetscher, die blitzschnell \u00fcbersetzen k\u00f6nnen, ohne aus dem Takt zu kommen. Keine unvollst\u00e4ndigen S\u00e4tze. Kein peinliches Schweigen. Keine Vortr\u00e4ge, die sich anh\u00f6ren, als w\u00fcrde Alexa sie vorlesen.<\/p>\n\n\n\n<p>Wir sorgen daf\u00fcr, dass jedes Wort passt, und zwar sowohl inhaltlich als auch zeitlich. Kein Warten. Keine fragenden Gesichter. Keine Zuschauer, die die Minuten bis zur Kaffeepause z\u00e4hlen.<\/p>\n\n\n\n<p>Eine Veranstaltung ohne Sprachbarrieren. Wollen wir dar\u00fcber sprechen oder wollen Sie Ihr Publikum seinem Schicksal \u00fcberlassen?<\/p>\n<\/div>\n\n<div class=\"wp-block-group alignfull has-global-padding is-layout-constrained wp-container-core-group-is-layout-94e519ba wp-block-group-is-layout-constrained\" style=\"padding-top:var(--wp--preset--spacing--80);padding-right:var(--wp--preset--spacing--40);padding-bottom:var(--wp--preset--spacing--80);padding-left:var(--wp--preset--spacing--40)\">\n<h2 class=\"wp-block-heading\" style=\"font-size:clamp(27.894px, 1.743rem + ((1vw - 3.2px) * 1.971), 48px);\">Kompetenzbereiche, die uns auszeichnen<\/h2>\n\n\n\n<p>Aufgrund unserer langj\u00e4hrigen Erfahrung sind wir in der Lage, Veranstaltungen aller Art mit hochqualifizierten Simultandolmetscherinnen durchf\u00fchren:<\/p>\n\n\n\n<ul class=\"wp-block-list\">\n<li><strong>Firmenveranstaltungen<\/strong>: Produktpr\u00e4sentationen, Meetings, Seminare.<\/li>\n\n\n\n<li><strong>Internationale Kongresse und Konferenzen<\/strong>: Wir erm\u00f6glichen die Kommunikation zwischen Personen aus verschiedenen L\u00e4ndern und Kulturen.<\/li>\n\n\n\n<li><strong>Gerichtsdolmetscher<\/strong>: Anh\u00f6rungen, Gerichtsverfahren, internationale Schlichtungsverfahren.<\/li>\n\n\n\n<li><strong>Wissenschaft und Technik<\/strong>: Wissenschaftliche Kongresse, Symposien und Seminare.<\/li>\n<\/ul>\n\n\n\n<p>Hat Ihr Projekt besondere Anforderungen? Wir bieten Ihnen eine passende L\u00f6sung f\u00fcr Ihre Veranstaltung, um eine reibungslose Kommunikation zu gew\u00e4hrleisten.<\/p>\n<\/div>\n\n<div class=\"wp-block-group alignfull has-custom-color-1-gradient-background has-background has-global-padding is-layout-constrained wp-container-core-group-is-layout-94e519ba wp-block-group-is-layout-constrained\" style=\"padding-top:var(--wp--preset--spacing--80);padding-right:var(--wp--preset--spacing--40);padding-bottom:var(--wp--preset--spacing--80);padding-left:var(--wp--preset--spacing--40)\">\n<h2 class=\"wp-block-heading\" style=\"font-size:clamp(27.894px, 1.743rem + ((1vw - 3.2px) * 1.971), 48px);\">Welche Vorteile bietet Ihnen Eurotext?<\/h2>\n\n\n\n<ul class=\"wp-block-list\">\n<li><strong>Qualit\u00e4tssicherung<\/strong>: Unsere Simultandolmetscher sind versierte Profis mit langj\u00e4hriger Erfahrung, die sich auch in komplexe Themen schnell einarbeiten.<\/li>\n\n\n\n<li><strong>Kompetenz und Erfahrung<\/strong>: Au\u00dfer ihrer sprachlichen Qualifikation bringen unsere Dolmetscherinnen und Dolmetscher auch ihre umfangreiche Erfahrung in Veranstaltungen aller Formate und Branchen mit. Deshalb sind sie in der Lage, auch komplexe Zusammenh\u00e4nge korrekt und publikumsgerecht wiederzugeben.<\/li>\n\n\n\n<li><strong>Konferenztechnik<\/strong>: Sowohl f\u00fcr kleinere Meetings als auch f\u00fcr gro\u00dfe Kongresse stellen wir die Konferenztechnik bereit, die Sie f\u00fcr Ihre Veranstaltung ben\u00f6tigen.<\/li>\n\n\n\n<li><strong>Flexibilit\u00e4t<\/strong>: Wir passen uns den Anforderungen Ihrer Veranstaltung an und bieten ma\u00dfgeschneiderte L\u00f6sungen je nach Format und Publikum.<\/li>\n<\/ul>\n<\/div>\n\n<div class=\"wp-block-group alignfull has-base-color has-text-color has-background has-link-color wp-elements-6fd4d22898a115ed89787146d6b470f2 has-global-padding is-layout-constrained wp-container-core-group-is-layout-11f9da37 wp-block-group-is-layout-constrained\" style=\"background:linear-gradient(0deg,rgb(0,78,82) 0%,rgb(111,192,194) 100%);margin-top:0;margin-bottom:0;padding-top:var(--wp--preset--spacing--80);padding-right:var(--wp--preset--spacing--40);padding-bottom:var(--wp--preset--spacing--80);padding-left:var(--wp--preset--spacing--40)\">\n<h2 class=\"wp-block-heading has-text-align-center has-base-color has-text-color has-link-color has-xx-large-font-size wp-elements-8f056dae183255f02a43a82cdb8c76fa\">Erfolgreich kommunizieren ohne Sprachbarrieren<\/h2>\n\n\n\n<p class=\"has-text-align-center has-large-font-size\">\u00dcbersetzung in Echtzeit, damit alle Anwesenden die Beitr\u00e4ge verstehen und aktiv teilnehmen k\u00f6nnen. Und damit vor allem niemand einschl\u00e4ft.<\/p>\n\n\n\n<div class=\"wp-block-buttons is-content-justification-center is-layout-flex wp-container-core-buttons-is-layout-a6d9f191 wp-block-buttons-is-layout-flex\" style=\"margin-top:var(--wp--preset--spacing--40);margin-bottom:var(--wp--preset--spacing--40)\">\n<div class=\"wp-block-button\"><a class=\"wp-block-button__link has-accent-2-background-color has-background wp-element-button\" href=\"https:\/\/euro-text.com\/de\/kontakt\/\" style=\"box-shadow:var(--wp--preset--shadow--deep)\">KONTAKT<\/a><\/div>\n<\/div>\n<\/div>\n","protected":false},"excerpt":{"rendered":"<p>Bei uns versteht man die Vortr\u00e4ge in Echtzeit und verpasst keinen Witz.<\/p>\n","protected":false},"author":2,"featured_media":0,"parent":1199,"menu_order":0,"comment_status":"closed","ping_status":"closed","template":"page-no-title","meta":{"_seopress_robots_primary_cat":"","_seopress_titles_title":"","_seopress_titles_desc":"","_seopress_robots_index":"","footnotes":""},"class_list":["post-1167","page","type-page","status-publish","hentry"],"_links":{"self":[{"href":"https:\/\/euro-text.com\/de\/wp-json\/wp\/v2\/pages\/1167","targetHints":{"allow":["GET"]}}],"collection":[{"href":"https:\/\/euro-text.com\/de\/wp-json\/wp\/v2\/pages"}],"about":[{"href":"https:\/\/euro-text.com\/de\/wp-json\/wp\/v2\/types\/page"}],"author":[{"embeddable":true,"href":"https:\/\/euro-text.com\/de\/wp-json\/wp\/v2\/users\/2"}],"replies":[{"embeddable":true,"href":"https:\/\/euro-text.com\/de\/wp-json\/wp\/v2\/comments?post=1167"}],"version-history":[{"count":3,"href":"https:\/\/euro-text.com\/de\/wp-json\/wp\/v2\/pages\/1167\/revisions"}],"predecessor-version":[{"id":1258,"href":"https:\/\/euro-text.com\/de\/wp-json\/wp\/v2\/pages\/1167\/revisions\/1258"}],"up":[{"embeddable":true,"href":"https:\/\/euro-text.com\/de\/wp-json\/wp\/v2\/pages\/1199"}],"wp:attachment":[{"href":"https:\/\/euro-text.com\/de\/wp-json\/wp\/v2\/media?parent=1167"}],"curies":[{"name":"wp","href":"https:\/\/api.w.org\/{rel}","templated":true}]}}