{"id":1169,"date":"2025-03-18T16:33:55","date_gmt":"2025-03-18T15:33:55","guid":{"rendered":"https:\/\/euro-text.com\/ferndolmetschen-remote-interpreting\/"},"modified":"2025-05-15T13:43:03","modified_gmt":"2025-05-15T11:43:03","slug":"ferndolmetschen-remote-interpreting","status":"publish","type":"page","link":"https:\/\/euro-text.com\/de\/dolmetschen\/ferndolmetschen-remote-interpreting\/","title":{"rendered":"Ferndolmetschen (Remote Interpreting)"},"content":{"rendered":"\n<div class=\"wp-block-group alignfull has-global-padding is-layout-constrained wp-container-core-group-is-layout-020e0ace wp-block-group-is-layout-constrained\" style=\"padding-top:var(--wp--preset--spacing--60);padding-right:var(--wp--preset--spacing--40);padding-bottom:var(--wp--preset--spacing--60);padding-left:var(--wp--preset--spacing--40)\">\n<div class=\"wp-block-group alignwide is-vertical is-content-justification-center is-layout-flex wp-container-core-group-is-layout-fa38c63a wp-block-group-is-layout-flex\" style=\"min-height:50vh\">\n<h1 class=\"wp-block-heading has-text-align-center\" style=\"font-size:clamp(46.987px, 2.937rem + ((1vw - 3.2px) * 4.413), 92px);\">Dolmetschen ist nichts f\u00fcr Amateure.<\/h1>\n\n\n\n<p class=\"has-text-align-center\" style=\"font-size:clamp(14.642px, 0.915rem + ((1vw - 3.2px) * 0.721), 22px);\">Internationales Meeting. Alles l\u00e4uft gut, bis jemand mit einem Satz herausplatzt und es pl\u00f6tzlich still wird. Ratlose Gesichter. Blicke auf den Bildschirm. Niemand versteht etwas. Und genau in solchen Momenten kommt die gute (oder schlechte) Dolmetschleistung ins Spiel. Wenn hier etwas schief l\u00e4uft, ist das Vertrauen schnell verspielt und das Meeting wird ein Flop. Aber keine Sorge, das passiert mit uns nicht.<\/p>\n\n\n\n<div class=\"wp-block-buttons is-content-justification-center is-layout-flex wp-container-core-buttons-is-layout-d234f690 wp-block-buttons-is-layout-flex\" style=\"margin-top:var(--wp--preset--spacing--50);margin-bottom:var(--wp--preset--spacing--50)\">\n<div class=\"wp-block-button has-custom-font-size has-large-font-size\"><a class=\"wp-block-button__link has-accent-1-background-color has-background wp-element-button\" href=\"https:\/\/euro-text.com\/de\/kontakt\/\" style=\"box-shadow:var(--wp--preset--shadow--natural)\">KONTAKT<\/a><\/div>\n<\/div>\n<\/div>\n<\/div>\n\n<div class=\"wp-block-group alignfull has-custom-color-1-gradient-background has-background has-global-padding is-layout-constrained wp-container-core-group-is-layout-94e519ba wp-block-group-is-layout-constrained\" style=\"padding-top:var(--wp--preset--spacing--80);padding-right:var(--wp--preset--spacing--40);padding-bottom:var(--wp--preset--spacing--80);padding-left:var(--wp--preset--spacing--40)\">\n<h2 class=\"wp-block-heading\" style=\"font-size:clamp(27.894px, 1.743rem + ((1vw - 3.2px) * 1.971), 48px);\">Dolmetschen ohne Verz\u00f6gerung, Schrecksekunden oder Poker Faces<\/h2>\n\n\n\n<p>Hier gibt es keine zweite Chance. Wenn Ihre Botschaft nicht klar und schnell ankommt, endet das Meeting im Desaster. Peinliche Pausen. Achselzucken. Chaos.<\/p>\n\n\n\n<p>Deshalb braucht es gut trainierte Dolmetscher, die das Tempo halten k\u00f6nnen. Die jedes Wort, jeden Ton und jede Absicht verstehen. Keine roboterhaften \u00dcbersetzungen. Kein &#8222;\u00c4hm&#8230;&#8220;, w\u00e4hrend sie \u00fcberlegen, wie sie den Satz zu Ende bringen. Keine peinliche Stille, die die Leute dazu bringt, ihre Internetverbindung zu \u00fcberpr\u00fcfen.<\/p>\n\n\n\n<p>Wir sorgen f\u00fcr eine ungest\u00f6rte Kommunikation. Ohne Verz\u00f6gerungen. Ohne Unterbrechungen. Ohne Stress. Nur mit klaren, korrekt \u00fcbersetzten Beitr\u00e4gen erreichen Sie Ihre Ziele.<\/p>\n\n\n\n<p>Wollen wir miteinander sprechen oder tun wir einfach so, als h\u00e4tten wir alles verstanden?<\/p>\n<\/div>\n\n<div class=\"wp-block-group alignfull has-global-padding is-layout-constrained wp-container-core-group-is-layout-94e519ba wp-block-group-is-layout-constrained\" style=\"padding-top:var(--wp--preset--spacing--80);padding-right:var(--wp--preset--spacing--40);padding-bottom:var(--wp--preset--spacing--80);padding-left:var(--wp--preset--spacing--40)\">\n<h2 class=\"wp-block-heading\" style=\"font-size:clamp(27.894px, 1.743rem + ((1vw - 3.2px) * 1.971), 48px);\">Kompetenzbereiche, die uns auszeichnen<\/h2>\n\n\n\n<p>F\u00fcr Ihre virtuellen Events aller Art stellt Ihnen Eurotext kompetente Dolmetscherinnen und Dolmetscher mit fachlicher Spezialisierung zur Verf\u00fcgung:<\/p>\n\n\n\n<ul class=\"wp-block-list\">\n<li><strong>Firmenmeetings<\/strong>: Konferenzen, Verhandlungen, Videokonferenzen.<\/li>\n\n\n\n<li><strong>Onlinemeetings<\/strong>: Kongresse, Seminare, Online-Workshops.<\/li>\n\n\n\n<li><strong>Recht und Gesetz<\/strong>: Stellungnahmen, Gerichtsverhandlungen, Rechtsberatungen.<\/li>\n\n\n\n<li><strong>Medizin und Gesundheit<\/strong>: Medizinische Beratung, Telemedizin, Gesundheitskonferenzen.<\/li>\n<\/ul>\n\n\n\n<p>Haben Sie einen speziellen Bedarf? Wir bieten Ihnen eine passende L\u00f6sung f\u00fcr Ihre Veranstaltung, um eine reibungslose Kommunikation zu gew\u00e4hrleisten.<\/p>\n<\/div>\n\n<div class=\"wp-block-group alignfull has-custom-color-1-gradient-background has-background has-global-padding is-layout-constrained wp-container-core-group-is-layout-94e519ba wp-block-group-is-layout-constrained\" style=\"padding-top:var(--wp--preset--spacing--80);padding-right:var(--wp--preset--spacing--40);padding-bottom:var(--wp--preset--spacing--80);padding-left:var(--wp--preset--spacing--40)\">\n<h2 class=\"wp-block-heading\" style=\"font-size:clamp(27.894px, 1.743rem + ((1vw - 3.2px) * 1.971), 48px);\">Warum es sich lohnt, bei Ihrem virtuellen Event auf Eurotext zu vertrauen:<\/h2>\n\n\n\n<ul class=\"wp-block-list\">\n<li><strong>Qualit\u00e4tssicherung<\/strong>: Wir erf\u00fcllen internationale Standards, um Ihnen einen kompetenten und professionellen Service f\u00fcr Ihre mehrsprachige Veranstaltung zu bieten.<\/li>\n\n\n\n<li><strong>Kompetenz und Erfahrung<\/strong>: Unsere Dolmetscherinnen und Dolmetscher haben Erfahrung in vielen Themenbereichen wie z.B. Gesundheit, Recht, Wissenschaft und Kultur und arbeiten regelm\u00e4\u00dfig auf internationalen Konferenzen.<\/li>\n\n\n\n<li><strong>Konferenztechnik<\/strong>: Wir nutzen moderne Videokonferenz-Plattformen mit Dolmetschfunktion, um eine reibungslose und st\u00f6rungsfreie Kommunikation zu gew\u00e4hrleisten.<\/li>\n\n\n\n<li><strong>Flexibilit\u00e4t und Service nach Ma\u00df<\/strong>: Wir bieten Ferndolmetschl\u00f6sungen f\u00fcr jede Art von Veranstaltung an und garantieren h\u00f6chste Qualit\u00e4t in allen Formaten.<\/li>\n<\/ul>\n<\/div>\n\n<div class=\"wp-block-group alignfull has-base-color has-text-color has-background has-link-color wp-elements-302916079c2f24808fb02a93d7c7e7ca has-global-padding is-layout-constrained wp-container-core-group-is-layout-11f9da37 wp-block-group-is-layout-constrained\" style=\"background:linear-gradient(0deg,rgb(0,78,82) 0%,rgb(111,192,194) 100%);margin-top:0;margin-bottom:0;padding-top:var(--wp--preset--spacing--80);padding-right:var(--wp--preset--spacing--40);padding-bottom:var(--wp--preset--spacing--80);padding-left:var(--wp--preset--spacing--40)\">\n<h2 class=\"wp-block-heading has-text-align-center has-base-color has-text-color has-link-color has-xx-large-font-size wp-elements-79a5dc649b511fbd7c1fa5a29c46a9f7\">Keine fragenden Blicke.<\/h2>\n\n\n\n<p class=\"has-text-align-center has-large-font-size\">Klare Worte, ohne peinliche Pausen oder ins Blaue \u00fcbersetzten S\u00e4tze. Sprechen Sie uns an!<\/p>\n\n\n\n<div class=\"wp-block-buttons is-content-justification-center is-layout-flex wp-container-core-buttons-is-layout-a6d9f191 wp-block-buttons-is-layout-flex\" style=\"margin-top:var(--wp--preset--spacing--40);margin-bottom:var(--wp--preset--spacing--40)\">\n<div class=\"wp-block-button\"><a class=\"wp-block-button__link has-accent-2-background-color has-background wp-element-button\" href=\"https:\/\/euro-text.com\/de\/kontakt\/\" style=\"box-shadow:var(--wp--preset--shadow--deep)\">KONTAKT<\/a><\/div>\n<\/div>\n<\/div>\n","protected":false},"excerpt":{"rendered":"<p>Dolmetschen ist nichts f\u00fcr Amateure. Hier werden Profis gebraucht.<\/p>\n","protected":false},"author":2,"featured_media":0,"parent":1199,"menu_order":0,"comment_status":"closed","ping_status":"closed","template":"page-no-title","meta":{"_seopress_robots_primary_cat":"","_seopress_titles_title":"","_seopress_titles_desc":"","_seopress_robots_index":"","footnotes":""},"class_list":["post-1169","page","type-page","status-publish","hentry"],"_links":{"self":[{"href":"https:\/\/euro-text.com\/de\/wp-json\/wp\/v2\/pages\/1169","targetHints":{"allow":["GET"]}}],"collection":[{"href":"https:\/\/euro-text.com\/de\/wp-json\/wp\/v2\/pages"}],"about":[{"href":"https:\/\/euro-text.com\/de\/wp-json\/wp\/v2\/types\/page"}],"author":[{"embeddable":true,"href":"https:\/\/euro-text.com\/de\/wp-json\/wp\/v2\/users\/2"}],"replies":[{"embeddable":true,"href":"https:\/\/euro-text.com\/de\/wp-json\/wp\/v2\/comments?post=1169"}],"version-history":[{"count":5,"href":"https:\/\/euro-text.com\/de\/wp-json\/wp\/v2\/pages\/1169\/revisions"}],"predecessor-version":[{"id":1282,"href":"https:\/\/euro-text.com\/de\/wp-json\/wp\/v2\/pages\/1169\/revisions\/1282"}],"up":[{"embeddable":true,"href":"https:\/\/euro-text.com\/de\/wp-json\/wp\/v2\/pages\/1199"}],"wp:attachment":[{"href":"https:\/\/euro-text.com\/de\/wp-json\/wp\/v2\/media?parent=1169"}],"curies":[{"name":"wp","href":"https:\/\/api.w.org\/{rel}","templated":true}]}}