{"id":1171,"date":"2025-03-18T16:27:02","date_gmt":"2025-03-18T15:27:02","guid":{"rendered":"https:\/\/euro-text.com\/terminologiemanagement\/"},"modified":"2025-05-15T13:39:51","modified_gmt":"2025-05-15T11:39:51","slug":"terminologiemanagement","status":"publish","type":"page","link":"https:\/\/euro-text.com\/de\/uebersetzung\/terminologiemanagement\/","title":{"rendered":"Terminologiemanagement"},"content":{"rendered":"\n<div class=\"wp-block-group alignfull has-global-padding is-layout-constrained wp-container-core-group-is-layout-020e0ace wp-block-group-is-layout-constrained\" style=\"padding-top:var(--wp--preset--spacing--60);padding-right:var(--wp--preset--spacing--40);padding-bottom:var(--wp--preset--spacing--60);padding-left:var(--wp--preset--spacing--40)\">\n<div class=\"wp-block-group alignwide is-vertical is-content-justification-center is-layout-flex wp-container-core-group-is-layout-fa38c63a wp-block-group-is-layout-flex\" style=\"min-height:50vh\">\n<h1 class=\"wp-block-heading has-text-align-center\" style=\"font-size:clamp(46.987px, 2.937rem + ((1vw - 3.2px) * 4.413), 92px);\">Chirurgische Pr\u00e4zision f\u00fcr Ihre Texte!<\/h1>\n\n\n\n<p class=\"has-text-align-center\" style=\"font-size:clamp(14.642px, 0.915rem + ((1vw - 3.2px) * 0.721), 22px);\">Finden Sie es auch \u00e4rgerlich, wenn Ihre Fachbegriffe und Produktbezeichnungen jedes Mal anders \u00fcbersetzt werden? Mit unserem Terminologiemanagement steht jeder Begriff, jeder Satz und jedes Komma an der richtigen Stelle. Absolute Konsistenz, gleichbleibend hohe Qualit\u00e4t und null Prozent Fehlertoleranz. Sind Sie bereit, mit hochwertigen \u00dcbersetzungen die Welt zu erobern?<\/p>\n\n\n\n<div class=\"wp-block-buttons is-content-justification-center is-layout-flex wp-container-core-buttons-is-layout-d234f690 wp-block-buttons-is-layout-flex\" style=\"margin-top:var(--wp--preset--spacing--50);margin-bottom:var(--wp--preset--spacing--50)\">\n<div class=\"wp-block-button has-custom-font-size has-large-font-size\"><a class=\"wp-block-button__link has-accent-1-background-color has-background wp-element-button\" href=\"https:\/\/euro-text.com\/de\/kontakt\/\" style=\"box-shadow:var(--wp--preset--shadow--natural)\">KONTAKT<\/a><\/div>\n<\/div>\n<\/div>\n<\/div>\n\n<div class=\"wp-block-group alignfull has-custom-color-1-gradient-background has-background has-global-padding is-layout-constrained wp-container-core-group-is-layout-94e519ba wp-block-group-is-layout-constrained\" style=\"padding-top:var(--wp--preset--spacing--80);padding-right:var(--wp--preset--spacing--40);padding-bottom:var(--wp--preset--spacing--80);padding-left:var(--wp--preset--spacing--40)\">\n<h2 class=\"wp-block-heading\" style=\"font-size:clamp(27.894px, 1.743rem + ((1vw - 3.2px) * 1.971), 48px);\">Pr\u00e4zision bis ins Detail<\/h2>\n\n\n\n<p>Jedes Wort z\u00e4hlt, und wir haben sie alle unter Kontrolle!<br\/>Fehlende Koh\u00e4renz schw\u00e4cht die Wirkung Ihrer Texte. Wenn die Begrifflichkeiten nicht einheitlich verwendet werden, sind Missverst\u00e4ndnisse vorprogrammiert. Bei uns wird jeder Begriff von einer Armee von Expertinnen und Experten gepr\u00fcft.<\/p>\n\n\n\n<p>Kundenspezifische Terminologiedatenbanken. Konsistente Texte. In jeder Sprache. In jedem Projekt. Gleiche Tonalit\u00e4t. Gleicher Stil. Beste Qualit\u00e4t. Schneller. Effizienter. Kosteng\u00fcnstiger.<\/p>\n\n\n\n<p>Moderne Technologie und Fachpersonal f\u00fcr Ihre Projekte. Optimierte \u00dcbersetzungen. So kann Ihre Marke wachsen, ohne ihre Identit\u00e4t zu verlieren. Schneller. Pr\u00e4ziser. Wirkungsvoller.<\/p>\n\n\n\n<p>Tadellose Texte. Ihre Botschaft bleibt unverwechselbar.  Sind Sie bereit f\u00fcr den Erfolg?<\/p>\n<\/div>\n\n<div class=\"wp-block-group alignfull has-global-padding is-layout-constrained wp-container-core-group-is-layout-94e519ba wp-block-group-is-layout-constrained\" style=\"padding-top:var(--wp--preset--spacing--80);padding-right:var(--wp--preset--spacing--40);padding-bottom:var(--wp--preset--spacing--80);padding-left:var(--wp--preset--spacing--40)\">\n<h2 class=\"wp-block-heading\" style=\"font-size:clamp(27.894px, 1.743rem + ((1vw - 3.2px) * 1.971), 48px);\">Kompetenzbereiche, die uns auszeichnen<\/h2>\n\n\n\n<p>Wir bringen unsere Branchenkompetenz und -erfahrung in Ihre Projekte ein und \u00fcbersetzen Ihre Texte mit h\u00f6chster Konsistenz und Pr\u00e4zision.<\/p>\n\n\n\n<ul class=\"wp-block-list\">\n<li><strong>Industrie und Technologie<\/strong>: Software, technische Dokumentation, Benutzerhandb\u00fccher.<\/li>\n\n\n\n<li><strong>Marketing und Kommunikation<\/strong>: Kampagnen, Werbetexte, Contentstrategien.<\/li>\n\n\n\n<li><strong>Landwirtschaft<\/strong>: Technische Dokumente, Vorschriften und Produktbeschreibungen.<\/li>\n\n\n\n<li><strong>Recht und Finanzen<\/strong>: Vertr\u00e4ge, Vereinbarungen, Gesch\u00e4ftsberichte.<\/li>\n<\/ul>\n\n\n\n<p>Haben Sie besondere W\u00fcnsche? Wir passen uns flexibel an Ihre Bed\u00fcrfnisse an.<\/p>\n<\/div>\n\n<div class=\"wp-block-group alignfull has-custom-color-1-gradient-background has-background has-global-padding is-layout-constrained wp-container-core-group-is-layout-94e519ba wp-block-group-is-layout-constrained\" style=\"padding-top:var(--wp--preset--spacing--80);padding-right:var(--wp--preset--spacing--40);padding-bottom:var(--wp--preset--spacing--80);padding-left:var(--wp--preset--spacing--40)\">\n<h2 class=\"wp-block-heading\" style=\"font-size:clamp(27.894px, 1.743rem + ((1vw - 3.2px) * 1.971), 48px);\">Warum es sich lohnt, auf das Terminologiemanagement von Eurotext zu vertrauen:<\/h2>\n\n\n\n<ul class=\"wp-block-list\">\n<li><strong>Qualit\u00e4tssicherung<\/strong>: Wir erf\u00fcllen die Anforderungen der ISO 17100. Die internationale Norm ist ein G\u00fctesiegel, das die Genauigkeit und Zuverl\u00e4ssigkeit unserer Arbeit garantiert.<\/li>\n\n\n\n<li><strong>Sprachliche Expertise f\u00fcr Ihre Branche<\/strong>: Unsere \u00dcbersetzerinnen und \u00dcbersetzer haben sich auf Bereiche wie Technologie, Marketing, Agrarwirtschaft und Recht spezialisiert und sind mit den Begrifflichkeiten der jeweiligen Branche vertraut.<\/li>\n\n\n\n<li><strong>Einheitlichkeit und Konsistenz<\/strong>: Mit unserem Terminologiemanagement sorgen wir daf\u00fcr, dass Ihre Inhalte in  jeder Sprache konsistent und korrekt \u00fcbersetzt werden.<\/li>\n\n\n\n<li><strong>Optimierter Workflow<\/strong>: Wir setzen moderne Tools ein. So verbessern wir langfristig die Effizienz und senken die Kosten.<\/li>\n<\/ul>\n<\/div>\n\n<div class=\"wp-block-group alignfull has-base-color has-text-color has-background has-link-color wp-elements-117c7ff8f7dc54b865f9845ad103070a has-global-padding is-layout-constrained wp-container-core-group-is-layout-11f9da37 wp-block-group-is-layout-constrained\" style=\"background:linear-gradient(0deg,rgb(0,78,82) 0%,rgb(111,192,194) 100%);margin-top:0;margin-bottom:0;padding-top:var(--wp--preset--spacing--80);padding-right:var(--wp--preset--spacing--40);padding-bottom:var(--wp--preset--spacing--80);padding-left:var(--wp--preset--spacing--40)\">\n<h2 class=\"wp-block-heading has-text-align-center has-base-color has-text-color has-link-color has-xx-large-font-size wp-elements-1abb2d94a45b98992ac3e34b5cb998e2\">Keine Angst vor wechselnden Bezeichnungen: Wir haben das Geheimnis der ewigen Best\u00e4ndigkeit.<\/h2>\n\n\n\n<p class=\"has-text-align-center has-large-font-size\">Terminologiedatenbanken bieten Sicherheit vor Verwechslungen. Ihre Markenbotschaft, Ihre Produktbezeichnungen und Ihre Fachbegriffe werden durchweg einheitlich \u00fcbersetzt. In jeder Sprache, in jedem Projekt der gleiche Ton, der gleiche Stil. Terminologiemanagement bedeutet f\u00fcr Sie schnellere und effizientere \u00dcbersetzungen. Qualit\u00e4t, die sich auszahlt!<\/p>\n\n\n\n<div class=\"wp-block-buttons is-content-justification-center is-layout-flex wp-container-core-buttons-is-layout-a6d9f191 wp-block-buttons-is-layout-flex\" style=\"margin-top:var(--wp--preset--spacing--40);margin-bottom:var(--wp--preset--spacing--40)\">\n<div class=\"wp-block-button\"><a class=\"wp-block-button__link has-accent-2-background-color has-background wp-element-button\" href=\"https:\/\/euro-text.com\/de\/kontakt\/\" style=\"box-shadow:var(--wp--preset--shadow--deep)\">KONTAKT<\/a><\/div>\n<\/div>\n<\/div>\n","protected":false},"excerpt":{"rendered":"<p>Wenn Ihre Texte die Welt erobern sollen, kommt es auf jedes Wort an.<\/p>\n","protected":false},"author":2,"featured_media":0,"parent":1204,"menu_order":0,"comment_status":"closed","ping_status":"closed","template":"page-no-title","meta":{"_seopress_robots_primary_cat":"","_seopress_titles_title":"","_seopress_titles_desc":"","_seopress_robots_index":"","footnotes":""},"class_list":["post-1171","page","type-page","status-publish","hentry"],"_links":{"self":[{"href":"https:\/\/euro-text.com\/de\/wp-json\/wp\/v2\/pages\/1171","targetHints":{"allow":["GET"]}}],"collection":[{"href":"https:\/\/euro-text.com\/de\/wp-json\/wp\/v2\/pages"}],"about":[{"href":"https:\/\/euro-text.com\/de\/wp-json\/wp\/v2\/types\/page"}],"author":[{"embeddable":true,"href":"https:\/\/euro-text.com\/de\/wp-json\/wp\/v2\/users\/2"}],"replies":[{"embeddable":true,"href":"https:\/\/euro-text.com\/de\/wp-json\/wp\/v2\/comments?post=1171"}],"version-history":[{"count":3,"href":"https:\/\/euro-text.com\/de\/wp-json\/wp\/v2\/pages\/1171\/revisions"}],"predecessor-version":[{"id":1280,"href":"https:\/\/euro-text.com\/de\/wp-json\/wp\/v2\/pages\/1171\/revisions\/1280"}],"up":[{"embeddable":true,"href":"https:\/\/euro-text.com\/de\/wp-json\/wp\/v2\/pages\/1204"}],"wp:attachment":[{"href":"https:\/\/euro-text.com\/de\/wp-json\/wp\/v2\/media?parent=1171"}],"curies":[{"name":"wp","href":"https:\/\/api.w.org\/{rel}","templated":true}]}}