{"id":1173,"date":"2025-03-18T16:08:47","date_gmt":"2025-03-18T15:08:47","guid":{"rendered":"https:\/\/euro-text.com\/revision-und-lektorat\/"},"modified":"2025-05-14T16:20:20","modified_gmt":"2025-05-14T14:20:20","slug":"revision-und-lektorat","status":"publish","type":"page","link":"https:\/\/euro-text.com\/de\/uebersetzung\/revision-und-lektorat\/","title":{"rendered":"Revision und Lektorat"},"content":{"rendered":"\n<div class=\"wp-block-group alignfull has-global-padding is-layout-constrained wp-container-core-group-is-layout-020e0ace wp-block-group-is-layout-constrained\" style=\"padding-top:var(--wp--preset--spacing--60);padding-right:var(--wp--preset--spacing--40);padding-bottom:var(--wp--preset--spacing--60);padding-left:var(--wp--preset--spacing--40)\">\n<div class=\"wp-block-group alignwide is-vertical is-content-justification-center is-layout-flex wp-container-core-group-is-layout-fa38c63a wp-block-group-is-layout-flex\" style=\"min-height:50vh\">\n<h1 class=\"wp-block-heading has-text-align-center\" style=\"font-size:clamp(46.987px, 2.937rem + ((1vw - 3.2px) * 4.413), 92px);\">Keine Fehler, keine Unklarheiten<\/h1>\n\n\n\n<p class=\"has-text-align-center\" style=\"font-size:clamp(14.642px, 0.915rem + ((1vw - 3.2px) * 0.721), 22px);\">Texte mit Fehlern sind zum Scheitern verurteilt. Fehler, die ins Auge springen. Unverst\u00e4ndliche S\u00e4tze. Ideen, die im Chaos untergehen. Texte mit Fehlern werden nicht beachtet. Das lassen wir nicht zu.<\/p>\n\n\n\n<div class=\"wp-block-buttons is-content-justification-center is-layout-flex wp-container-core-buttons-is-layout-d234f690 wp-block-buttons-is-layout-flex\" style=\"margin-top:var(--wp--preset--spacing--50);margin-bottom:var(--wp--preset--spacing--50)\">\n<div class=\"wp-block-button has-custom-font-size has-large-font-size\"><a class=\"wp-block-button__link has-accent-1-background-color has-background wp-element-button\" href=\"https:\/\/euro-text.com\/de\/kontakt\/\" style=\"box-shadow:var(--wp--preset--shadow--natural)\">KONTAKT<\/a><\/div>\n<\/div>\n<\/div>\n<\/div>\n\n<div class=\"wp-block-group alignfull has-custom-color-1-gradient-background has-background has-global-padding is-layout-constrained wp-container-core-group-is-layout-94e519ba wp-block-group-is-layout-constrained\" style=\"padding-top:var(--wp--preset--spacing--80);padding-right:var(--wp--preset--spacing--40);padding-bottom:var(--wp--preset--spacing--80);padding-left:var(--wp--preset--spacing--40)\">\n<h2 class=\"wp-block-heading\" style=\"font-size:clamp(27.894px, 1.743rem + ((1vw - 3.2px) * 1.971), 48px);\">Chirurgische Pr\u00e4zision ohne Narkose.<\/h2>\n\n\n\n<p>Korrigieren ist mehr als Dr\u00fcberschauen. Wir operieren so lange an jedem einzelnen Satz, bis der gesamte Text in vollem Glanz erstrahlt. Wir streichen \u00fcberfl\u00fcssige Floskeln. Wir verbessern umst\u00e4ndliche Formulierungen. Wir k\u00fcrzen weitschweifige S\u00e4tze. Ihre Botschaft wird klar, kraftvoll und fehlerfrei.<\/p>\n\n\n\n<p>Jedes Wort z\u00e4hlt. Jedes Komma z\u00e4hlt. Uns entgeht nichts. Wir sind pingelig und streben unerm\u00fcdlich nach Perfektion. Und nach Lesbarkeit. Damit jeder Satz genau den richtigen Rhythmus und die n\u00f6tige Kraft hat, um die gew\u00fcnschte Wirkung zu entfalten. Ein von uns \u00fcberarbeiteter Text wird nicht nur verstanden, er weckt auch Emotionen. Es liest sich m\u00fchelos. Er verf\u00fchrt. Er verzaubert.<\/p>\n\n\n\n<p>Kennen Sie den Unterschied zwischen einem guten und einem hervorragenden Text? Wir schon. Und wir sorgen daf\u00fcr, dass Ihrer tipptopp wird. Ohne Fehler. Ohne Unklarheiten. Ohne Ausreden.<\/p>\n\n\n\n<p>Ihre Texte verdienen Aufmerksamkeit. Sollen wir sie aufpolieren?<\/p>\n<\/div>\n\n<div class=\"wp-block-group alignfull has-global-padding is-layout-constrained wp-container-core-group-is-layout-94e519ba wp-block-group-is-layout-constrained\" style=\"padding-top:var(--wp--preset--spacing--80);padding-right:var(--wp--preset--spacing--40);padding-bottom:var(--wp--preset--spacing--80);padding-left:var(--wp--preset--spacing--40)\">\n<h2 class=\"wp-block-heading\" style=\"font-size:clamp(27.894px, 1.743rem + ((1vw - 3.2px) * 1.971), 48px);\">Kompetenzbereiche, die uns auszeichnen<\/h2>\n\n\n\n<p>Unser Team verf\u00fcgt \u00fcber umfangreiche Erfahrung in der Revision und im Lektorat in unterschiedlichen Fachgebieten. So stellen wir sicher, dass alle Projekte h\u00f6chste Qualit\u00e4tsstandards erf\u00fcllen:<\/p>\n\n\n\n<ul class=\"wp-block-list\">\n<li><strong>Technische und wissenschaftliche Texte<\/strong>: Revision von Handb\u00fcchern, technischen Dokumenten und Fachartikeln.<\/li>\n\n\n\n<li><strong>Marketing und Kommunikation<\/strong>: Lektorat von Werbetexten, Kampagnen und Webinhalten, damit jede Botschaft ihre Wirkung entfaltet.<\/li>\n\n\n\n<li><strong>Recht und Wirtschaft<\/strong>: Revision von Vertr\u00e4gen, Vereinbarungen und juristischen Dokumenten, damit die Texte klar und konsistent sind und ihre rechtliche Wirksamkeit entfalten.<\/li>\n\n\n\n<li><strong>B\u00fccher und Zeitschriften<\/strong>: Lektorat von B\u00fcchern, Artikeln und Publikationen aller Art, damit die Integrit\u00e4t und der Stil gewahrt bleiben.<\/li>\n<\/ul>\n\n\n\n<p>Haben Sie besondere W\u00fcnsche? Wir haben die passende L\u00f6sung f\u00fcr Ihr Projekt.<\/p>\n<\/div>\n\n<div class=\"wp-block-group alignfull has-custom-color-1-gradient-background has-background has-global-padding is-layout-constrained wp-container-core-group-is-layout-94e519ba wp-block-group-is-layout-constrained\" style=\"padding-top:var(--wp--preset--spacing--80);padding-right:var(--wp--preset--spacing--40);padding-bottom:var(--wp--preset--spacing--80);padding-left:var(--wp--preset--spacing--40)\">\n<h2 class=\"wp-block-heading\" style=\"font-size:clamp(27.894px, 1.743rem + ((1vw - 3.2px) * 1.971), 48px);\">Warum sollten Sie Ihre Texte bei uns Korrektur lesen lassen?<\/h2>\n\n\n\n<ul class=\"wp-block-list\">\n<li><strong>Qualit\u00e4tssicherung<\/strong>: Wir erf\u00fcllen die Anforderungen der ISO 17100. Die internationale Norm legt die Voraussetzungen f\u00fcr qualitativ hochwertige \u00dcbersetzungen fest.<\/li>\n\n\n\n<li><strong>Erfahrene Revisoren<\/strong>: Unsere Linguistinnen und Linguisten haben sich auf verschiedene Fachgebiete spezialisiert. Sie verf\u00fcgen \u00fcber das n\u00f6tige Wissen, um komplexe Texte fachlich und sprachlich zu optimieren.<\/li>\n\n\n\n<li><strong>Liebe zum Detail<\/strong>: Alle \u00dcbersetzungen werden bei uns auf Herz und Nieren gepr\u00fcft, um sicherzustellen, dass Ihre Inhalte klar, fl\u00fcssig und fehlerfrei sind.<\/li>\n\n\n\n<li><strong>Kulturelle Adaption<\/strong>: In der Regel reicht es nicht aus, dass Ihre Texte sprachlich korrekt sind. Sie m\u00fcssen auch zum kulturell adaptiert werden, um Ihre Zielgruppe anzusprechen.<\/li>\n<\/ul>\n<\/div>\n\n<div class=\"wp-block-group alignfull has-base-color has-text-color has-background has-link-color wp-elements-60423ea8f19d1f335a12f3f2e7a3f85c has-global-padding is-layout-constrained wp-container-core-group-is-layout-11f9da37 wp-block-group-is-layout-constrained\" style=\"background:linear-gradient(0deg,rgb(0,78,82) 0%,rgb(111,192,194) 100%);margin-top:0;margin-bottom:0;padding-top:var(--wp--preset--spacing--80);padding-right:var(--wp--preset--spacing--40);padding-bottom:var(--wp--preset--spacing--80);padding-left:var(--wp--preset--spacing--40)\">\n<h2 class=\"wp-block-heading has-text-align-center has-base-color has-text-color has-link-color has-xx-large-font-size wp-elements-53014140a7778a60099fd40ae91b6955\">Dabei machen wir keine halben Sachen.<\/h2>\n\n\n\n<p class=\"has-text-align-center has-large-font-size\">Keine plumpen Phrasen. Keine dummen Fehler. Keine Unklarheiten. Stattdessen fehlerfreie und sprachlich optimierte Texte. Ohne Ausreden.<\/p>\n\n\n\n<p class=\"has-text-align-center has-large-font-size\">M\u00f6chten Sie Ihre Texte veredeln oder \u00fcberlassen Sie es lieber dem Zufall?<\/p>\n\n\n\n<div class=\"wp-block-buttons is-content-justification-center is-layout-flex wp-container-core-buttons-is-layout-a6d9f191 wp-block-buttons-is-layout-flex\" style=\"margin-top:var(--wp--preset--spacing--40);margin-bottom:var(--wp--preset--spacing--40)\">\n<div class=\"wp-block-button\"><a class=\"wp-block-button__link has-accent-2-background-color has-background wp-element-button\" href=\"https:\/\/euro-text.com\/de\/kontakt\/\" style=\"box-shadow:var(--wp--preset--shadow--deep)\">KONTAKT<\/a><\/div>\n<\/div>\n<\/div>\n","protected":false},"excerpt":{"rendered":"<p>Texte mit Fehlern werden nicht beachtet. Das lassen wir nicht zu.<\/p>\n","protected":false},"author":2,"featured_media":0,"parent":1204,"menu_order":0,"comment_status":"closed","ping_status":"closed","template":"page-no-title","meta":{"_seopress_robots_primary_cat":"","_seopress_titles_title":"","_seopress_titles_desc":"","_seopress_robots_index":"","footnotes":""},"class_list":["post-1173","page","type-page","status-publish","hentry"],"_links":{"self":[{"href":"https:\/\/euro-text.com\/de\/wp-json\/wp\/v2\/pages\/1173","targetHints":{"allow":["GET"]}}],"collection":[{"href":"https:\/\/euro-text.com\/de\/wp-json\/wp\/v2\/pages"}],"about":[{"href":"https:\/\/euro-text.com\/de\/wp-json\/wp\/v2\/types\/page"}],"author":[{"embeddable":true,"href":"https:\/\/euro-text.com\/de\/wp-json\/wp\/v2\/users\/2"}],"replies":[{"embeddable":true,"href":"https:\/\/euro-text.com\/de\/wp-json\/wp\/v2\/comments?post=1173"}],"version-history":[{"count":3,"href":"https:\/\/euro-text.com\/de\/wp-json\/wp\/v2\/pages\/1173\/revisions"}],"predecessor-version":[{"id":1254,"href":"https:\/\/euro-text.com\/de\/wp-json\/wp\/v2\/pages\/1173\/revisions\/1254"}],"up":[{"embeddable":true,"href":"https:\/\/euro-text.com\/de\/wp-json\/wp\/v2\/pages\/1204"}],"wp:attachment":[{"href":"https:\/\/euro-text.com\/de\/wp-json\/wp\/v2\/media?parent=1173"}],"curies":[{"name":"wp","href":"https:\/\/api.w.org\/{rel}","templated":true}]}}