{"id":1175,"date":"2025-03-18T15:48:19","date_gmt":"2025-03-18T14:48:19","guid":{"rendered":"https:\/\/euro-text.com\/sonderformate\/"},"modified":"2025-05-14T15:54:51","modified_gmt":"2025-05-14T13:54:51","slug":"sonderformate","status":"publish","type":"page","link":"https:\/\/euro-text.com\/de\/uebersetzung\/sonderformate\/","title":{"rendered":"Sonderformate"},"content":{"rendered":"\n<div class=\"wp-block-group alignfull has-global-padding is-layout-constrained wp-container-core-group-is-layout-020e0ace wp-block-group-is-layout-constrained\" style=\"padding-top:var(--wp--preset--spacing--60);padding-right:var(--wp--preset--spacing--40);padding-bottom:var(--wp--preset--spacing--60);padding-left:var(--wp--preset--spacing--40)\">\n<div class=\"wp-block-group alignwide is-vertical is-content-justification-center is-layout-flex wp-container-core-group-is-layout-fa38c63a wp-block-group-is-layout-flex\" style=\"min-height:50vh\">\n<h1 class=\"wp-block-heading has-text-align-center\" style=\"font-size:clamp(46.987px, 2.937rem + ((1vw - 3.2px) * 4.413), 92px);\">Nicht der St\u00e4rkste \u00fcberlebt, sondern derjenige, der sich am besten anpasst.<\/h1>\n\n\n\n<p class=\"has-text-align-center\" style=\"font-size:clamp(14.642px, 0.915rem + ((1vw - 3.2px) * 0.721), 22px);\">Und das sind wir! Ganz gleich, welches Format Ihr Text hat. Egal, wie komplex er ist. Schicken Sie uns einfach Ihren Text und wir \u00fcbersetzen ihn. Keine Qualit\u00e4tseinbu\u00dfen. Keine Kopfschmerzen. Keine halben Sachen. Fordern Sie uns heraus. Wir freuen uns auf Sie.<\/p>\n\n\n\n<div class=\"wp-block-buttons is-content-justification-center is-layout-flex wp-container-core-buttons-is-layout-d234f690 wp-block-buttons-is-layout-flex\" style=\"margin-top:var(--wp--preset--spacing--50);margin-bottom:var(--wp--preset--spacing--50)\">\n<div class=\"wp-block-button has-custom-font-size has-large-font-size\"><a class=\"wp-block-button__link has-accent-1-background-color has-background wp-element-button\" href=\"https:\/\/euro-text.com\/de\/kontakt\/\" style=\"box-shadow:var(--wp--preset--shadow--natural)\">KONTAKT<\/a><\/div>\n<\/div>\n<\/div>\n<\/div>\n\n<div class=\"wp-block-group alignfull has-custom-color-1-gradient-background has-background has-global-padding is-layout-constrained wp-container-core-group-is-layout-94e519ba wp-block-group-is-layout-constrained\" style=\"padding-top:var(--wp--preset--spacing--80);padding-right:var(--wp--preset--spacing--40);padding-bottom:var(--wp--preset--spacing--80);padding-left:var(--wp--preset--spacing--40)\">\n<h2 class=\"wp-block-heading\" style=\"font-size:clamp(27.894px, 1.743rem + ((1vw - 3.2px) * 1.971), 48px);\">Wir \u00fcbersetzen, was andere nicht k\u00f6nnen.<\/h2>\n\n\n\n<p>Ganz gleich, welches Format Ihr Text hat. Egal, wie komplex er ist. Schicken Sie uns einfach Ihren Text und wir \u00fcbersetzen ihn. Keine Nachbearbeitung. Keine Fehler. Kein Stress.<\/p>\n\n\n\n<p>PDFs, Untertitel, Software, Grafiken, technische Handb\u00fccher&#8230; Was immer Sie wollen. Wir adaptieren Ihre Texte, ohne dass das Format verloren geht, ohne die Struktur zu ver\u00e4ndern und ohne die Aussage zu verw\u00e4ssern. Denn eine schlechte \u00dcbersetzung kostet Geld und Glaubw\u00fcrdigkeit. Und das ist bei uns nicht erlaubt.<\/p>\n\n\n\n<p>InDesign, XML, Code, User Interface&#8230; Wir setzen uns mit der Struktur auseinander, arbeiten mit den richtigen Tools und liefern ein makelloses Ergebnis. Keine Korrekturen. Keine Zeitverschwendung. Nur L\u00f6sungen.<\/p>\n\n\n\n<p>Ihr Content, in jeder Sprache. Botschaften, die ankommen. Sind Sie bereit, den Sprung zu wagen?<\/p>\n<\/div>\n\n<div class=\"wp-block-group alignfull has-global-padding is-layout-constrained wp-container-core-group-is-layout-94e519ba wp-block-group-is-layout-constrained\" style=\"padding-top:var(--wp--preset--spacing--80);padding-right:var(--wp--preset--spacing--40);padding-bottom:var(--wp--preset--spacing--80);padding-left:var(--wp--preset--spacing--40)\">\n<h2 class=\"wp-block-heading\" style=\"font-size:clamp(27.894px, 1.743rem + ((1vw - 3.2px) * 1.971), 48px);\">Kompetenzbereiche, die uns auszeichnen<\/h2>\n\n\n\n<p>Wir haben Erfahrung in der \u00dcbersetzung komplexer Formate. Hier finden Sie einige Beispiele:<\/p>\n\n\n\n<ul class=\"wp-block-list\">\n<li><strong>Design und visuelle Kommunikation<\/strong>: \u00dcbersetzung von Brosch\u00fcren und Pr\u00e4sentationen unter Beibehaltung des Originalformats.<\/li>\n\n\n\n<li><strong>Technologie<\/strong>: Lokalisierung von Software, User Interfaces und technischen Handb\u00fcchern in verschiedenen DTP-Formaten.<\/li>\n\n\n\n<li><strong>B\u00fccher und Magazine<\/strong>: \u00dcbersetzung von B\u00fcchern, Katalogen und Magazinen in sehr komplexen Formaten.<\/li>\n\n\n\n<li><strong>E-Commerce und Websites<\/strong>: \u00dcbersetzung von Online-Katalogen, Online-Shops und mehrsprachigen Websites unter Einbeziehung der grafischen Elemente.<\/li>\n<\/ul>\n\n\n\n<p>Haben Sie ein Projekt mit besonderen Anforderungen? Wir sind bereit, jede technische Herausforderung anzunehmen, die Sie uns stellen.<\/p>\n<\/div>\n\n<div class=\"wp-block-group alignfull has-custom-color-1-gradient-background has-background has-global-padding is-layout-constrained wp-container-core-group-is-layout-94e519ba wp-block-group-is-layout-constrained\" style=\"padding-top:var(--wp--preset--spacing--80);padding-right:var(--wp--preset--spacing--40);padding-bottom:var(--wp--preset--spacing--80);padding-left:var(--wp--preset--spacing--40)\">\n<h2 class=\"wp-block-heading\" style=\"font-size:clamp(27.894px, 1.743rem + ((1vw - 3.2px) * 1.971), 48px);\">Warum sollten Sie Eurotext die \u00dcbersetzung Ihrer Texte in Sonderformaten anvertrauen?<\/h2>\n\n\n\n<ul class=\"wp-block-list\">\n<li><strong>Qualit\u00e4tssicherung<\/strong>: Wir erf\u00fcllen die Anforderungen der ISO 17100. Die internationale Norm ist ein G\u00fctesiegel, das die Genauigkeit und Zuverl\u00e4ssigkeit unserer Arbeit garantiert.<\/li>\n\n\n\n<li><strong>Technische Expertise<\/strong>: Unsere \u00dcbersetzerinnen und \u00dcbersetzer haben das n\u00f6tige Know How, um komplexe Formate mit speziellen Tools zu bearbeiten.<\/li>\n\n\n\n<li><strong>\u00dcbersetzung im Originalformat<\/strong>: Wir \u00fcbersetzen nicht nur, sondern wir sorgen auch daf\u00fcr, dass das Originallayout und die Formatierung erhalten bleiben.<\/li>\n\n\n\n<li><strong>Kulturelle Adaption<\/strong>: Wir stellen sicher, dass Ihre Inhalte nicht nur sprachlich korrekt \u00fcbersetzt werden, sondern auch kulturell auf Ihr Zielpublikum abgestimmt sind.<\/li>\n<\/ul>\n<\/div>\n\n<div class=\"wp-block-group alignfull has-base-color has-text-color has-background has-link-color wp-elements-d23ea3486b1eb941762e632d4a8c3f1a has-global-padding is-layout-constrained wp-container-core-group-is-layout-11f9da37 wp-block-group-is-layout-constrained\" style=\"background:linear-gradient(0deg,rgb(0,78,82) 0%,rgb(111,192,194) 100%);margin-top:0;margin-bottom:0;padding-top:var(--wp--preset--spacing--80);padding-right:var(--wp--preset--spacing--40);padding-bottom:var(--wp--preset--spacing--80);padding-left:var(--wp--preset--spacing--40)\">\n<h2 class=\"wp-block-heading has-text-align-center has-base-color has-text-color has-link-color has-xx-large-font-size wp-elements-565d4cd2708478039e1855f7125d9623\">So flexibel wie Sie es brauchen<\/h2>\n\n\n\n<p class=\"has-text-align-center has-large-font-size\">Schicken Sie uns Ihre ganz speziellen, ungew\u00f6hnlichen oder kaum lesbaren Dokumente. Wir puzzeln mit Vergn\u00fcgen!<\/p>\n\n\n\n<div class=\"wp-block-buttons is-content-justification-center is-layout-flex wp-container-core-buttons-is-layout-a6d9f191 wp-block-buttons-is-layout-flex\" style=\"margin-top:var(--wp--preset--spacing--40);margin-bottom:var(--wp--preset--spacing--40)\">\n<div class=\"wp-block-button\"><a class=\"wp-block-button__link has-accent-2-background-color has-background wp-element-button\" href=\"https:\/\/euro-text.com\/de\/kontakt\/\" style=\"box-shadow:var(--wp--preset--shadow--deep)\">KONTAKT<\/a><\/div>\n<\/div>\n<\/div>\n","protected":false},"excerpt":{"rendered":"<p>Ganz gleich, welches Format Ihr Text hat. Egal, wie komplex er ist. Schicken Sie uns einfach Ihren Text und wir \u00fcbersetzen ihn.<\/p>\n","protected":false},"author":2,"featured_media":0,"parent":1204,"menu_order":0,"comment_status":"closed","ping_status":"closed","template":"page-no-title","meta":{"_seopress_robots_primary_cat":"","_seopress_titles_title":"","_seopress_titles_desc":"","_seopress_robots_index":"","footnotes":""},"class_list":["post-1175","page","type-page","status-publish","hentry"],"_links":{"self":[{"href":"https:\/\/euro-text.com\/de\/wp-json\/wp\/v2\/pages\/1175","targetHints":{"allow":["GET"]}}],"collection":[{"href":"https:\/\/euro-text.com\/de\/wp-json\/wp\/v2\/pages"}],"about":[{"href":"https:\/\/euro-text.com\/de\/wp-json\/wp\/v2\/types\/page"}],"author":[{"embeddable":true,"href":"https:\/\/euro-text.com\/de\/wp-json\/wp\/v2\/users\/2"}],"replies":[{"embeddable":true,"href":"https:\/\/euro-text.com\/de\/wp-json\/wp\/v2\/comments?post=1175"}],"version-history":[{"count":3,"href":"https:\/\/euro-text.com\/de\/wp-json\/wp\/v2\/pages\/1175\/revisions"}],"predecessor-version":[{"id":1252,"href":"https:\/\/euro-text.com\/de\/wp-json\/wp\/v2\/pages\/1175\/revisions\/1252"}],"up":[{"embeddable":true,"href":"https:\/\/euro-text.com\/de\/wp-json\/wp\/v2\/pages\/1204"}],"wp:attachment":[{"href":"https:\/\/euro-text.com\/de\/wp-json\/wp\/v2\/media?parent=1175"}],"curies":[{"name":"wp","href":"https:\/\/api.w.org\/{rel}","templated":true}]}}