{"id":1177,"date":"2025-03-18T09:43:22","date_gmt":"2025-03-18T08:43:22","guid":{"rendered":"https:\/\/euro-text.com\/videos-und-audioguides\/"},"modified":"2025-05-14T15:50:07","modified_gmt":"2025-05-14T13:50:07","slug":"videos-und-audioguides","status":"publish","type":"page","link":"https:\/\/euro-text.com\/de\/uebersetzung\/videos-und-audioguides\/","title":{"rendered":"Videos und Audioguides"},"content":{"rendered":"\n<div class=\"wp-block-group alignfull has-global-padding is-layout-constrained wp-container-core-group-is-layout-020e0ace wp-block-group-is-layout-constrained\" style=\"padding-top:var(--wp--preset--spacing--60);padding-right:var(--wp--preset--spacing--40);padding-bottom:var(--wp--preset--spacing--60);padding-left:var(--wp--preset--spacing--40)\">\n<div class=\"wp-block-group alignwide is-vertical is-content-justification-center is-layout-flex wp-container-core-group-is-layout-fa38c63a wp-block-group-is-layout-flex\" style=\"min-height:50vh\">\n<h1 class=\"wp-block-heading has-text-align-center\" style=\"font-size:clamp(46.987px, 2.937rem + ((1vw - 3.2px) * 4.413), 92px);\">Wir m\u00f6chten, dass Sie die Welt erobern<\/h1>\n\n\n\n<p class=\"has-text-align-center\" style=\"font-size:clamp(14.642px, 0.915rem + ((1vw - 3.2px) * 0.721), 22px);\">Eine kraftvolle Botschaft l\u00e4uft ins Leere, wenn sie nicht klar kommuniziert wird. Ein Video mit schlechten Untertiteln. Eine k\u00fcnstlich klingende Synchronisation. Ein Audioguide, der die Zuh\u00f6rer langweilt. Wenn Ihr Inhalt nicht gut \u00fcbersetzt ist, verlieren Sie Publikum, Wirkung und Umsatz. Und das gibt es bei uns nicht.<\/p>\n\n\n\n<div class=\"wp-block-buttons is-content-justification-center is-layout-flex wp-container-core-buttons-is-layout-d234f690 wp-block-buttons-is-layout-flex\" style=\"margin-top:var(--wp--preset--spacing--50);margin-bottom:var(--wp--preset--spacing--50)\">\n<div class=\"wp-block-button has-custom-font-size has-large-font-size\"><a class=\"wp-block-button__link has-accent-1-background-color has-background wp-element-button\" href=\"https:\/\/euro-text.com\/de\/kontakt\/\" style=\"box-shadow:var(--wp--preset--shadow--natural)\">KONTAKT<\/a><\/div>\n<\/div>\n<\/div>\n<\/div>\n\n<div class=\"wp-block-group alignfull has-custom-color-1-gradient-background has-background has-global-padding is-layout-constrained wp-container-core-group-is-layout-94e519ba wp-block-group-is-layout-constrained\" style=\"padding-top:var(--wp--preset--spacing--80);padding-right:var(--wp--preset--spacing--40);padding-bottom:var(--wp--preset--spacing--80);padding-left:var(--wp--preset--spacing--40)\">\n<h2 class=\"wp-block-heading\" style=\"font-size:clamp(27.894px, 1.743rem + ((1vw - 3.2px) * 1.971), 48px);\">\u00dcbersetzungen, die \u00fcberzeugen, begeistern und verkaufen<\/h2>\n\n\n\n<p>Einfach nur \u00dcbersetzen ist nicht genug. Es muss gut klingen. Die Message muss r\u00fcberkommen. Man muss Lust bekommen, dranzubleiben. Wir stimmen jedes Wort, jede Betonung und jede Pause aufeinander ab, damit Ihre Botschaft in allen Sprachen Wirkung erzeugt.<\/p>\n\n\n\n<p>Keine schlecht getimten Untertitel. Keine w\u00f6rtliche Synchronisierung. Keine maschinell klingenden \u00dcbersetzungen. Nur Inhalte, die ankommen, die Emotionen erzeugen und verkaufen.<\/p>\n\n\n\n<p>Ihr Video, Ihre Stimme, Ihre Story. Keine Barrieren. Keine Fehler. Keine Ausreden.<\/p>\n\n\n\n<p>Sind Sie bereit, den Startschuss zu geben?<\/p>\n<\/div>\n\n<div class=\"wp-block-group alignfull has-global-padding is-layout-constrained wp-container-core-group-is-layout-94e519ba wp-block-group-is-layout-constrained\" style=\"padding-top:var(--wp--preset--spacing--80);padding-right:var(--wp--preset--spacing--40);padding-bottom:var(--wp--preset--spacing--80);padding-left:var(--wp--preset--spacing--40)\">\n<h2 class=\"wp-block-heading\" style=\"font-size:clamp(27.894px, 1.743rem + ((1vw - 3.2px) * 1.971), 48px);\">Kompetenzbereiche, die uns auszeichnen<\/h2>\n\n\n\n<p>Wir stellen unsere Erfahrung in den Dienst von Schl\u00fcsselbranchen und liefern \u00dcbersetzungen, die h\u00f6chste Anspr\u00fcche an Qualit\u00e4t und Adaption audiovisueller Inhalte erf\u00fcllen:<\/p>\n\n\n\n<ul class=\"wp-block-list\">\n<li><strong>Firmenvideos<\/strong>: \u00dcbersetzung von Firmenvideos, Pr\u00e4sentationen und audiovisuellen Medien.<\/li>\n\n\n\n<li><strong>Kultur und Tourismus<\/strong> \u00dcbersetzung von Audioguides und Videos f\u00fcr Museen, Kulturzentren, Themen- und Ferienstra\u00dfen und andere kulturelle Angebote.<\/li>\n\n\n\n<li><strong>Werbung und Marketing<\/strong>: Adaption von Anzeigen, Werbespots und Werbevideos an die Sprache und den kulturellen Kontext des jeweiligen Zielmarktes.<\/li>\n\n\n\n<li><strong>Bildung und Ausbildung<\/strong>: \u00dcbersetzung von Videoanleitungen, Tutorials und Online-Kursen f\u00fcr internationale Zielgruppen.<\/li>\n<\/ul>\n\n\n\n<p>Haben Sie ein Projekt mit besonderen Anforderungen? Wir haben die passende L\u00f6sung f\u00fcr jede Herausforderung.<\/p>\n<\/div>\n\n<div class=\"wp-block-group alignfull has-custom-color-1-gradient-background has-background has-global-padding is-layout-constrained wp-container-core-group-is-layout-94e519ba wp-block-group-is-layout-constrained\" style=\"padding-top:var(--wp--preset--spacing--80);padding-right:var(--wp--preset--spacing--40);padding-bottom:var(--wp--preset--spacing--80);padding-left:var(--wp--preset--spacing--40)\">\n<h2 class=\"wp-block-heading\" style=\"font-size:clamp(27.894px, 1.743rem + ((1vw - 3.2px) * 1.971), 48px);\">Warum sollten Sie Ihre Videos und Audioguides bei uns \u00fcbersetzen lassen?<\/h2>\n\n\n\n<ul class=\"wp-block-list\">\n<li><strong>Qualit\u00e4tssicherung<\/strong>: Wir erf\u00fcllen die Anforderungen der ISO 17100, die bei jedem audiovisuellen Projekt Spitzenleistungen und Pr\u00e4zision garantiert.<\/li>\n\n\n\n<li><strong>Spezialisten f\u00fcr Multimedia-Inhalte<\/strong>: Unsere Expertinnen und Experten f\u00fcr audiovisuelle \u00dcbersetzung erstellen pr\u00e4zise getimte Untertitel und \u00fcbersetzen Voiceover-Texte f\u00fcr Ihre Videos.<\/li>\n\n\n\n<li><strong>Sprachliche Pr\u00e4zision<\/strong>: Wir sorgen daf\u00fcr, dass der Ton, der Stil und die Botschaft Ihrer Videos oder Audioguides in allen Sprachen erhalten bleiben.<\/li>\n\n\n\n<li><strong>Kulturelle Adaption<\/strong>: Wir \u00fcbersetzen und lokalisieren Ihre Inhalte nicht nur in die jeweilige Sprache, sondern passen Sie auch an den kulturellen Kontext an, damit sie f\u00fcr das jeweilige Zielpublikum relevant und ansprechend sind.<\/li>\n<\/ul>\n<\/div>\n\n<div class=\"wp-block-group alignfull has-base-color has-text-color has-background has-link-color wp-elements-0bb59aece3183fddfbdd5630b57c20cc has-global-padding is-layout-constrained wp-container-core-group-is-layout-11f9da37 wp-block-group-is-layout-constrained\" style=\"background:linear-gradient(0deg,rgb(0,78,82) 0%,rgb(111,192,194) 100%);margin-top:0;margin-bottom:0;padding-top:var(--wp--preset--spacing--80);padding-right:var(--wp--preset--spacing--40);padding-bottom:var(--wp--preset--spacing--80);padding-left:var(--wp--preset--spacing--40)\">\n<h2 class=\"wp-block-heading has-text-align-center has-base-color has-text-color has-link-color has-xx-large-font-size wp-elements-d2d2ab04c2382ec1bc69bc7465331767\">\u00dcberzeugender Multimedia-Content, egal in welcher Sprache<\/h2>\n\n\n\n<p class=\"has-text-align-center has-large-font-size\">Wenn die Botschaft nicht ankommt, bleibt sie wirkungslos. Wenn Ihr Video nicht spannend ist, schaut es sich niemand an. Wenn Ihr Audioguide langweilig ist, schaltet man ab. Ein schlecht gemachter Untertitel, eine empathielose Synchronisation oder ein langweiliges Drehbuch k\u00f6nnen alles ruinieren. Das sollten Sie nicht riskieren.<\/p>\n\n\n\n<div class=\"wp-block-buttons is-content-justification-center is-layout-flex wp-container-core-buttons-is-layout-a6d9f191 wp-block-buttons-is-layout-flex\" style=\"margin-top:var(--wp--preset--spacing--40);margin-bottom:var(--wp--preset--spacing--40)\">\n<div class=\"wp-block-button\"><a class=\"wp-block-button__link has-accent-2-background-color has-background wp-element-button\" href=\"https:\/\/euro-text.com\/de\/kontakt\/\" style=\"box-shadow:var(--wp--preset--shadow--deep)\">KONTAKT<\/a><\/div>\n<\/div>\n<\/div>\n","protected":false},"excerpt":{"rendered":"<p>Eine kraftvolle Botschaft l\u00e4uft ins Leere, wenn sie nicht klar kommuniziert wird. Das lassen wir nicht zu. <\/p>\n","protected":false},"author":2,"featured_media":0,"parent":1204,"menu_order":0,"comment_status":"closed","ping_status":"closed","template":"page-no-title","meta":{"_seopress_robots_primary_cat":"","_seopress_titles_title":"","_seopress_titles_desc":"","_seopress_robots_index":"","footnotes":""},"class_list":["post-1177","page","type-page","status-publish","hentry"],"_links":{"self":[{"href":"https:\/\/euro-text.com\/de\/wp-json\/wp\/v2\/pages\/1177","targetHints":{"allow":["GET"]}}],"collection":[{"href":"https:\/\/euro-text.com\/de\/wp-json\/wp\/v2\/pages"}],"about":[{"href":"https:\/\/euro-text.com\/de\/wp-json\/wp\/v2\/types\/page"}],"author":[{"embeddable":true,"href":"https:\/\/euro-text.com\/de\/wp-json\/wp\/v2\/users\/2"}],"replies":[{"embeddable":true,"href":"https:\/\/euro-text.com\/de\/wp-json\/wp\/v2\/comments?post=1177"}],"version-history":[{"count":5,"href":"https:\/\/euro-text.com\/de\/wp-json\/wp\/v2\/pages\/1177\/revisions"}],"predecessor-version":[{"id":1250,"href":"https:\/\/euro-text.com\/de\/wp-json\/wp\/v2\/pages\/1177\/revisions\/1250"}],"up":[{"embeddable":true,"href":"https:\/\/euro-text.com\/de\/wp-json\/wp\/v2\/pages\/1204"}],"wp:attachment":[{"href":"https:\/\/euro-text.com\/de\/wp-json\/wp\/v2\/media?parent=1177"}],"curies":[{"name":"wp","href":"https:\/\/api.w.org\/{rel}","templated":true}]}}