{"id":1179,"date":"2025-03-17T21:22:11","date_gmt":"2025-03-17T20:22:11","guid":{"rendered":"https:\/\/euro-text.com\/website-lokalisierung\/"},"modified":"2025-05-14T13:48:42","modified_gmt":"2025-05-14T11:48:42","slug":"website-lokalisierung","status":"publish","type":"page","link":"https:\/\/euro-text.com\/de\/uebersetzung\/website-lokalisierung\/","title":{"rendered":"Website-Lokalisierung"},"content":{"rendered":"\n<div class=\"wp-block-group alignfull has-global-padding is-layout-constrained wp-container-core-group-is-layout-020e0ace wp-block-group-is-layout-constrained\" style=\"padding-top:var(--wp--preset--spacing--60);padding-right:var(--wp--preset--spacing--40);padding-bottom:var(--wp--preset--spacing--60);padding-left:var(--wp--preset--spacing--40)\">\n<div class=\"wp-block-group alignwide is-vertical is-content-justification-center is-layout-flex wp-container-core-group-is-layout-fa38c63a wp-block-group-is-layout-flex\" style=\"min-height:50vh\">\n<h1 class=\"wp-block-heading has-text-align-center\" style=\"font-size:clamp(46.987px, 2.937rem + ((1vw - 3.2px) * 4.413), 92px);\">Wie es gelingt, dass die Welt Sie versteht (und bei Ihnen kauft)<\/h1>\n\n\n\n<p class=\"has-text-align-center\" style=\"font-size:clamp(14.642px, 0.915rem + ((1vw - 3.2px) * 0.721), 22px);\">Ihre Website ist Ihr Schaufenster f\u00fcr die Welt. Dabei sollte die Sprache keine H\u00fcrde sein. Bei Eurotext verwandeln wir Ihre Inhalte in Magneten f\u00fcr internationale Kunden. Wir zeigen Sie von Ihrer besten Seite!<\/p>\n\n\n\n<div class=\"wp-block-buttons is-content-justification-center is-layout-flex wp-container-core-buttons-is-layout-d234f690 wp-block-buttons-is-layout-flex\" style=\"margin-top:var(--wp--preset--spacing--50);margin-bottom:var(--wp--preset--spacing--50)\">\n<div class=\"wp-block-button has-custom-font-size has-large-font-size\"><a class=\"wp-block-button__link has-accent-1-background-color has-background wp-element-button\" href=\"https:\/\/euro-text.com\/de\/kontakt\/\" style=\"box-shadow:var(--wp--preset--shadow--natural)\">KONTAKT<\/a><\/div>\n<\/div>\n<\/div>\n<\/div>\n\n<div class=\"wp-block-group alignfull has-custom-color-1-gradient-background has-background has-global-padding is-layout-constrained wp-container-core-group-is-layout-94e519ba wp-block-group-is-layout-constrained\" style=\"padding-top:var(--wp--preset--spacing--80);padding-right:var(--wp--preset--spacing--40);padding-bottom:var(--wp--preset--spacing--80);padding-left:var(--wp--preset--spacing--40)\">\n<h2 class=\"wp-block-heading\" style=\"font-size:clamp(27.894px, 1.743rem + ((1vw - 3.2px) * 1.971), 48px);\">\u00dcbersetzungen, die verkaufen<\/h2>\n\n\n\n<p>Ihre Website ist nicht nur ein Schaufenster. Sie ist Ihr bester Verk\u00e4ufer. Wenn Sie nicht die Sprache Ihrer Kunden sprechen, verlieren Sie Geld. So einfach ist das. Wir verwandeln Ihre Website in eine globale Verkaufsmaschine.<\/p>\n\n\n\n<p>1:1-\u00dcbersetzungen reichen nicht aus. Texte m\u00fcssen adaptiert werden, um zu \u00fcberzeugen. Ein schlecht lokalisierter Text ist rausgeschmissenes Geld. Wir feilen an jedem Satz, damit Ihre Website nicht nur informiert, sondern auch beeindruckt, verbindet und verkauft.<\/p>\n\n\n\n<p>Wir bringen Ihre Botschaft klar und deutlich r\u00fcber. Keine Fehler. Keine roboterhaften \u00dcbersetzungen. Stattdessen nat\u00fcrliche und kraftvolle Texte, die zum Kaufen anregen.<\/p>\n<\/div>\n\n<div class=\"wp-block-group alignfull has-global-padding is-layout-constrained wp-container-core-group-is-layout-94e519ba wp-block-group-is-layout-constrained\" style=\"padding-top:var(--wp--preset--spacing--80);padding-right:var(--wp--preset--spacing--40);padding-bottom:var(--wp--preset--spacing--80);padding-left:var(--wp--preset--spacing--40)\">\n<h2 class=\"wp-block-heading\" style=\"font-size:clamp(27.894px, 1.743rem + ((1vw - 3.2px) * 1.971), 48px);\">Kompetenzbereiche, die uns auszeichnen<\/h2>\n\n\n\n<p>Wir liefern akkurate \u00dcbersetzungen, die an die Bed\u00fcrfnisse der verschiedenen Zielgruppen und Sektoren angepasst sind und eine effektive Kommunikation in allen Sprachen, Zielgruppen und Kulturen garantieren:<\/p>\n\n\n\n<ul class=\"wp-block-list\">\n<li><strong>E-Commerce und Online-Shops<\/strong>: \u00dcbersetzung von Produktkatalogen, Beschreibungen, Zahlungsseiten und Gesch\u00e4ftsbedingungen, unter Beachtung lokaler Vorschriften.<\/li>\n\n\n\n<li><strong>Digitales Marketing<\/strong>: Adaption von Landing Pages, Kampagnen, Anzeigen und mehrsprachige SEO-Optimierung f\u00fcr mehr Sichtbarkeit im Internet.<\/li>\n\n\n\n<li><strong>Unternehmenskommunikation<\/strong>: \u00dcbersetzung von institutioneller Information, Blogs und Artikeln,  abgestimmt auf Ihre Markenidentit\u00e4t.<\/li>\n\n\n\n<li><strong>Webplattformen und Apps<\/strong>: Lokalisierung von Benutzeroberfl\u00e4chen, Men\u00fcs, Schaltfl\u00e4chen und Bedienungsanleitungen, um die Benutzerfreundlichkeit in allen Sprachen zu gew\u00e4hrleisten.<\/li>\n<\/ul>\n\n\n\n<p>Haben Sie ein Projekt mit besonderen Anforderungen? Wir stellen uns jeder Herausforderung, die mit Ihrer Online-Pr\u00e4senz zusammenh\u00e4ngt.<\/p>\n<\/div>\n\n<div class=\"wp-block-group alignfull has-custom-color-1-gradient-background has-background has-global-padding is-layout-constrained wp-container-core-group-is-layout-94e519ba wp-block-group-is-layout-constrained\" style=\"padding-top:var(--wp--preset--spacing--80);padding-right:var(--wp--preset--spacing--40);padding-bottom:var(--wp--preset--spacing--80);padding-left:var(--wp--preset--spacing--40)\">\n<h2 class=\"wp-block-heading\" style=\"font-size:clamp(27.894px, 1.743rem + ((1vw - 3.2px) * 1.971), 48px);\">Warum sollten Sie Ihre Webpr\u00e4senz bei uns \u00fcbersetzen lassen?<\/h2>\n\n\n\n<ul class=\"wp-block-list\">\n<li><strong>Qualit\u00e4tssicherung<\/strong>: Wir erf\u00fcllen die Anforderungen der ISO 17100. Die internationale Norm ist ein G\u00fctesiegel, das die Genauigkeit und Zuverl\u00e4ssigkeit unserer Arbeit garantiert.<\/li>\n\n\n\n<li><strong>Experten f\u00fcr digitale Kommunikation<\/strong>: Unsere \u00dcbersetzerinnen und \u00dcbersetzer kennen die besten Praktiken f\u00fcr SEO, Barrierefreiheit und Lokalisierung und sorgen daf\u00fcr, dass Ihre Inhalte perfekt optimiert sind.<\/li>\n\n\n\n<li><strong>Kulturelle Adaption<\/strong>: Wir \u00fcbersetzen nicht nur, sondern wir sorgen daf\u00fcr, dass Ihre Webpr\u00e4senz die Gepflogenheiten und kulturellen Erwartungen Ihres Zielmarktes ber\u00fccksichtigt und Ihre Botschaft klar zum Ausdruck bringt.<\/li>\n\n\n\n<li><strong>Mehrsprachige SEO-Optimierung<\/strong>: Wir \u00fcbersetzen nicht nur Ihre Texte, sondern wir verbessern auch ihr internationales Suchmaschinenranking, damit Ihre Website weltweit sichtbar und zug\u00e4nglich ist.<\/li>\n<\/ul>\n<\/div>\n\n<div class=\"wp-block-group alignfull has-base-color has-text-color has-background has-link-color wp-elements-7f89d3bf4f83fdcec26f16fb66597eba has-global-padding is-layout-constrained wp-container-core-group-is-layout-11f9da37 wp-block-group-is-layout-constrained\" style=\"background:linear-gradient(0deg,rgb(0,78,82) 0%,rgb(111,192,194) 100%);margin-top:0;margin-bottom:0;padding-top:var(--wp--preset--spacing--80);padding-right:var(--wp--preset--spacing--40);padding-bottom:var(--wp--preset--spacing--80);padding-left:var(--wp--preset--spacing--40)\">\n<h2 class=\"wp-block-heading has-text-align-center has-base-color has-text-color has-link-color has-xx-large-font-size wp-elements-d2170625338cdcdbbe203e5fa8b69ff2\">Ist Ihre Website bereit, die Welt zu erobern?<\/h2>\n\n\n\n<p class=\"has-text-align-center has-large-font-size\">Kontaktieren Sie uns jetzt und finden Sie heraus, wie wir Ihre Internetpr\u00e4senz fit machen f\u00fcr den internationalen Wettbewerb.<\/p>\n\n\n\n<div class=\"wp-block-buttons is-content-justification-center is-layout-flex wp-container-core-buttons-is-layout-a6d9f191 wp-block-buttons-is-layout-flex\" style=\"margin-top:var(--wp--preset--spacing--40);margin-bottom:var(--wp--preset--spacing--40)\">\n<div class=\"wp-block-button\"><a class=\"wp-block-button__link has-accent-2-background-color has-background wp-element-button\" href=\"https:\/\/euro-text.com\/de\/kontakt\/\" style=\"box-shadow:var(--wp--preset--shadow--deep)\">KONTAKT<\/a><\/div>\n<\/div>\n<\/div>\n","protected":false},"excerpt":{"rendered":"<p>Ihre Website ist Ihr Schaufenster f\u00fcr die Welt. Dabei sollte die Sprache keine H\u00fcrde sein.<\/p>\n","protected":false},"author":2,"featured_media":0,"parent":1204,"menu_order":0,"comment_status":"closed","ping_status":"closed","template":"page-no-title","meta":{"_seopress_robots_primary_cat":"","_seopress_titles_title":"","_seopress_titles_desc":"","_seopress_robots_index":"","footnotes":""},"class_list":["post-1179","page","type-page","status-publish","hentry"],"_links":{"self":[{"href":"https:\/\/euro-text.com\/de\/wp-json\/wp\/v2\/pages\/1179","targetHints":{"allow":["GET"]}}],"collection":[{"href":"https:\/\/euro-text.com\/de\/wp-json\/wp\/v2\/pages"}],"about":[{"href":"https:\/\/euro-text.com\/de\/wp-json\/wp\/v2\/types\/page"}],"author":[{"embeddable":true,"href":"https:\/\/euro-text.com\/de\/wp-json\/wp\/v2\/users\/2"}],"replies":[{"embeddable":true,"href":"https:\/\/euro-text.com\/de\/wp-json\/wp\/v2\/comments?post=1179"}],"version-history":[{"count":1,"href":"https:\/\/euro-text.com\/de\/wp-json\/wp\/v2\/pages\/1179\/revisions"}],"predecessor-version":[{"id":1180,"href":"https:\/\/euro-text.com\/de\/wp-json\/wp\/v2\/pages\/1179\/revisions\/1180"}],"up":[{"embeddable":true,"href":"https:\/\/euro-text.com\/de\/wp-json\/wp\/v2\/pages\/1204"}],"wp:attachment":[{"href":"https:\/\/euro-text.com\/de\/wp-json\/wp\/v2\/media?parent=1179"}],"curies":[{"name":"wp","href":"https:\/\/api.w.org\/{rel}","templated":true}]}}