{"id":1181,"date":"2025-03-17T20:32:06","date_gmt":"2025-03-17T19:32:06","guid":{"rendered":"https:\/\/euro-text.com\/marketing-und-kommunikation\/"},"modified":"2025-05-14T15:32:53","modified_gmt":"2025-05-14T13:32:53","slug":"marketing-und-kommunikation","status":"publish","type":"page","link":"https:\/\/euro-text.com\/de\/uebersetzung\/marketing-und-kommunikation\/","title":{"rendered":"Marketing und Kommunikation"},"content":{"rendered":"\n<div class=\"wp-block-group alignfull has-global-padding is-layout-constrained wp-container-core-group-is-layout-020e0ace wp-block-group-is-layout-constrained\" style=\"padding-top:var(--wp--preset--spacing--60);padding-right:var(--wp--preset--spacing--40);padding-bottom:var(--wp--preset--spacing--60);padding-left:var(--wp--preset--spacing--40)\">\n<div class=\"wp-block-group alignwide is-vertical is-content-justification-center is-layout-flex wp-container-core-group-is-layout-fa38c63a wp-block-group-is-layout-flex\" style=\"min-height:50vh\">\n<h1 class=\"wp-block-heading has-text-align-center\" style=\"font-size:clamp(46.987px, 2.937rem + ((1vw - 3.2px) * 4.413), 92px);\">Unsere \u00dcbersetzungen erzeugen Wirkung<\/h1>\n\n\n\n<p class=\"has-text-align-center\" style=\"font-size:clamp(14.642px, 0.915rem + ((1vw - 3.2px) * 0.721), 22px);\">Wir \u00fcbersetzen nicht nur. Wir adaptieren. Wir optimieren. Wir verwandeln Worte in Erlebnisse. Unser Team aus Marketing- und Kommunikationsexperten sorgt daf\u00fcr, dass Ihre Botschaft die gleiche Wirkung hat wie in der Originalsprache. Und nicht nur die gleiche, sondern eine noch bessere!<\/p>\n\n\n\n<div class=\"wp-block-buttons is-content-justification-center is-layout-flex wp-container-core-buttons-is-layout-d234f690 wp-block-buttons-is-layout-flex\" style=\"margin-top:var(--wp--preset--spacing--50);margin-bottom:var(--wp--preset--spacing--50)\">\n<div class=\"wp-block-button has-custom-font-size has-large-font-size\"><a class=\"wp-block-button__link has-accent-1-background-color has-background wp-element-button\" href=\"https:\/\/euro-text.com\/de\/kontakt\/\" style=\"box-shadow:var(--wp--preset--shadow--natural)\">KONTAKT<\/a><\/div>\n<\/div>\n<\/div>\n<\/div>\n\n<div class=\"wp-block-group alignfull has-custom-color-1-gradient-background has-background has-global-padding is-layout-constrained wp-container-core-group-is-layout-94e519ba wp-block-group-is-layout-constrained\" style=\"padding-top:var(--wp--preset--spacing--80);padding-right:var(--wp--preset--spacing--40);padding-bottom:var(--wp--preset--spacing--80);padding-left:var(--wp--preset--spacing--40)\">\n<h2 class=\"wp-block-heading\" style=\"font-size:clamp(27.894px, 1.743rem + ((1vw - 3.2px) * 1.971), 48px);\">Fach\u00fcbersetzungen f\u00fcr Marketing und Kommunikation: Worte, die verkaufen<\/h2>\n\n\n\n<p>Worte sind wichtig. Aber noch wichtiger ist, wie sie ankommen. Eine starke Botschaft begeistert, \u00fcberzeugt und verkauft. Bei einer mittelm\u00e4\u00dfigen \u00dcbersetzung bleibt die Wirkung aus. Das ist bei uns nicht der Fall.<\/p>\n\n\n\n<p>Wir sorgen daf\u00fcr, dass jedes Wort bei Ihrem Publikum ankommt. Wir \u00fcbersetzen Ihre Worte in Erfolge. Keine nichtssagenden Texte. Keine farblosen Botschaften. Keine 1:1-\u00dcbersetzungen. Wir sprechen die Sprache Ihrer Kunden und wir verstehen ihre Kultur und ihre Emotionen.<\/p>\n<\/div>\n\n<div class=\"wp-block-group alignfull has-global-padding is-layout-constrained wp-container-core-group-is-layout-94e519ba wp-block-group-is-layout-constrained\" style=\"padding-top:var(--wp--preset--spacing--80);padding-right:var(--wp--preset--spacing--40);padding-bottom:var(--wp--preset--spacing--80);padding-left:var(--wp--preset--spacing--40)\">\n<h2 class=\"wp-block-heading\" style=\"font-size:clamp(27.894px, 1.743rem + ((1vw - 3.2px) * 1.971), 48px);\">Kompetenzbereiche, die uns auszeichnen<\/h2>\n\n\n\n<p>Wir bringen unsere gesamte Erfahrung in Ihre Projekte ein und sorgen f\u00fcr pr\u00e4zise \u00dcbersetzungen, die auf die Bed\u00fcrfnisse Ihrer Branche abgestimmt sind:<\/p>\n\n\n\n<ul class=\"wp-block-list\">\n<li><strong>Digitales Marketing<\/strong>: \u00dcbersetzung von Werbekampagnen, Google- und Social Media-Anzeigen, SEO-Optimierung und Landing Page-Inhalte.<\/li>\n\n\n\n<li><strong>Branded Content<\/strong>: Adaption von Slogans, Markenclaims, Produktpr\u00e4sentationen und Werbebotschaften.<\/li>\n\n\n\n<li><strong>Werbung und Kommunikation<\/strong>: \u00dcbersetzung von Brosch\u00fcren, Katalogen, Foldern und anderen Print- oder Online-Marketingmaterialien.<\/li>\n\n\n\n<li><strong>Copywriting<\/strong>: Werbliche Texte, Blogartikel, Newsletter und E-Mail-Marketingkampagnen mit einer kulturell adaptierten Sprache.<\/li>\n\n\n\n<li><strong>Branding<\/strong>: Claims, Markenwerte, Unternehmenskommunikation.<\/li>\n\n\n\n<li><strong>Presse<\/strong>: Pressemeldungen, Zeitschriften, Magazine.<\/li>\n\n\n\n<li><strong>Websites<\/strong>: Firmenwebsites, Blogs, Produktbeschreibungen.<\/li>\n<\/ul>\n\n\n\n<p>Haben Sie ein Projekt mit besonderen Anforderungen? Wir haben die passende L\u00f6sung f\u00fcr jede kreative und strategische Herausforderung.<\/p>\n<\/div>\n\n<div class=\"wp-block-group alignfull has-custom-color-1-gradient-background has-background has-global-padding is-layout-constrained wp-container-core-group-is-layout-94e519ba wp-block-group-is-layout-constrained\" style=\"padding-top:var(--wp--preset--spacing--80);padding-right:var(--wp--preset--spacing--40);padding-bottom:var(--wp--preset--spacing--80);padding-left:var(--wp--preset--spacing--40)\">\n<h2 class=\"wp-block-heading\" style=\"font-size:clamp(27.894px, 1.743rem + ((1vw - 3.2px) * 1.971), 48px);\">Warum sollten Sie Ihre Fach\u00fcbersetzungen im Bereich Marketing und Kommunikation bei uns in Auftrag geben?<\/h2>\n\n\n\n<ul class=\"wp-block-list\">\n<li><strong>Qualit\u00e4tssicherung<\/strong>: Wir erf\u00fcllen die Anforderungen der ISO 17100. Die internationale Norm ist ein G\u00fctesiegel, das die Genauigkeit und Zuverl\u00e4ssigkeit unserer Arbeit garantiert.<\/li>\n\n\n\n<li><strong>Marketingexperten<\/strong>: Wir haben \u00dcbersetzerinnen und \u00dcbersetzer mit einer Spezialisierung im Bereich Marketing, Werbung und Kommunikation, die die Sprache Ihrer Branche sprechen.<\/li>\n\n\n\n<li><strong>Kulturell adaptiert<\/strong>: Jeder Markt hat seine eigenen Konventionen, Werte und Stile. Wir sorgen daf\u00fcr, dass Ihre Inhalte den lokalen Gepflogenheiten entsprechen, ohne ihre Essenz zu verlieren.<\/li>\n\n\n\n<li><strong>Kreativ \u00fcbersetzt<\/strong>: Wir \u00fcbersetzen keine W\u00f6rter, sondern wir adaptieren Ihre Ideen, sodass sie in jeder Sprache \u00fcberzeugend und emotional wirksam sind.<\/li>\n<\/ul>\n<\/div>\n\n<div class=\"wp-block-group alignfull has-base-color has-text-color has-background has-link-color wp-elements-f41a0df9acae5d55cc8e730beba92b2a has-global-padding is-layout-constrained wp-container-core-group-is-layout-11f9da37 wp-block-group-is-layout-constrained\" style=\"background:linear-gradient(0deg,rgb(0,78,82) 0%,rgb(111,192,194) 100%);margin-top:0;margin-bottom:0;padding-top:var(--wp--preset--spacing--80);padding-right:var(--wp--preset--spacing--40);padding-bottom:var(--wp--preset--spacing--80);padding-left:var(--wp--preset--spacing--40)\">\n<h2 class=\"wp-block-heading has-text-align-center has-base-color has-text-color has-link-color has-xx-large-font-size wp-elements-55406708d909e15f2837e6fa5dc4988e\">Sind Sie bereit f\u00fcr Ihren internationalen Auftritt?<\/h2>\n\n\n\n<p class=\"has-text-align-center has-large-font-size\">\u00dcbersetzen allein gen\u00fcgt nicht. Texte m\u00fcssen adaptiert werden. Sie m\u00fcssen Emotionen ausl\u00f6sen. Unsere Sprachexperten mit Spezialgebiet Marketing und Kommunikation machen Ihre Botschaft weltweit erfolgreich.<\/p>\n\n\n\n<div class=\"wp-block-buttons is-content-justification-center is-layout-flex wp-container-core-buttons-is-layout-a6d9f191 wp-block-buttons-is-layout-flex\" style=\"margin-top:var(--wp--preset--spacing--40);margin-bottom:var(--wp--preset--spacing--40)\">\n<div class=\"wp-block-button\"><a class=\"wp-block-button__link has-accent-2-background-color has-background wp-element-button\" href=\"https:\/\/euro-text.com\/de\/kontakt\/\" style=\"box-shadow:var(--wp--preset--shadow--deep)\">KONTAKT<\/a><\/div>\n<\/div>\n<\/div>\n","protected":false},"excerpt":{"rendered":"<p>Wir \u00fcbersetzen nicht nur. Wir adaptieren. Wir optimieren. Wir verwandeln Worte in Erlebnisse.<\/p>\n","protected":false},"author":2,"featured_media":0,"parent":1204,"menu_order":0,"comment_status":"closed","ping_status":"closed","template":"page-no-title","meta":{"_seopress_robots_primary_cat":"","_seopress_titles_title":"","_seopress_titles_desc":"","_seopress_robots_index":"","footnotes":""},"class_list":["post-1181","page","type-page","status-publish","hentry"],"_links":{"self":[{"href":"https:\/\/euro-text.com\/de\/wp-json\/wp\/v2\/pages\/1181","targetHints":{"allow":["GET"]}}],"collection":[{"href":"https:\/\/euro-text.com\/de\/wp-json\/wp\/v2\/pages"}],"about":[{"href":"https:\/\/euro-text.com\/de\/wp-json\/wp\/v2\/types\/page"}],"author":[{"embeddable":true,"href":"https:\/\/euro-text.com\/de\/wp-json\/wp\/v2\/users\/2"}],"replies":[{"embeddable":true,"href":"https:\/\/euro-text.com\/de\/wp-json\/wp\/v2\/comments?post=1181"}],"version-history":[{"count":3,"href":"https:\/\/euro-text.com\/de\/wp-json\/wp\/v2\/pages\/1181\/revisions"}],"predecessor-version":[{"id":1246,"href":"https:\/\/euro-text.com\/de\/wp-json\/wp\/v2\/pages\/1181\/revisions\/1246"}],"up":[{"embeddable":true,"href":"https:\/\/euro-text.com\/de\/wp-json\/wp\/v2\/pages\/1204"}],"wp:attachment":[{"href":"https:\/\/euro-text.com\/de\/wp-json\/wp\/v2\/media?parent=1181"}],"curies":[{"name":"wp","href":"https:\/\/api.w.org\/{rel}","templated":true}]}}