{"id":1183,"date":"2025-03-17T13:45:13","date_gmt":"2025-03-17T12:45:13","guid":{"rendered":"https:\/\/euro-text.com\/landwirtschaft-lebensmittel-und-weine\/"},"modified":"2025-05-14T13:48:42","modified_gmt":"2025-05-14T11:48:42","slug":"landwirtschaft-lebensmittel-und-weine","status":"publish","type":"page","link":"https:\/\/euro-text.com\/de\/uebersetzung\/landwirtschaft-lebensmittel-und-weine\/","title":{"rendered":"Landwirtschaft, Lebensmittel und Weine"},"content":{"rendered":"\n<div class=\"wp-block-group alignfull has-global-padding is-layout-constrained wp-container-core-group-is-layout-020e0ace wp-block-group-is-layout-constrained\" style=\"padding-top:var(--wp--preset--spacing--60);padding-right:var(--wp--preset--spacing--40);padding-bottom:var(--wp--preset--spacing--60);padding-left:var(--wp--preset--spacing--40)\">\n<div class=\"wp-block-group alignwide is-vertical is-content-justification-center is-layout-flex wp-container-core-group-is-layout-fa38c63a wp-block-group-is-layout-flex\" style=\"min-height:50vh\">\n<h1 class=\"wp-block-heading has-text-align-center\" style=\"font-size:clamp(46.987px, 2.937rem + ((1vw - 3.2px) * 4.413), 92px);\">Ein Fehler kann einem schnell den Magen verderben.<\/h1>\n\n\n\n<p class=\"has-text-align-center\" style=\"font-size:clamp(14.642px, 0.915rem + ((1vw - 3.2px) * 0.721), 22px);\">In dieser Branche kommt es wirklich auf jedes Wort an. Ein falsch \u00fcbersetztes Etikett, eine falsch interpretierte Vorschrift oder ein unklares Datenblatt und ZACK: Geldstrafen, Produktr\u00fcckrufe oder Vertrauensverlust bei den Kunden. Hier gibt es keinen Raum f\u00fcr Improvisation. Und das wissen wir.<\/p>\n\n\n\n<div class=\"wp-block-buttons is-content-justification-center is-layout-flex wp-container-core-buttons-is-layout-d234f690 wp-block-buttons-is-layout-flex\" style=\"margin-top:var(--wp--preset--spacing--50);margin-bottom:var(--wp--preset--spacing--50)\">\n<div class=\"wp-block-button has-custom-font-size has-large-font-size\"><a class=\"wp-block-button__link has-accent-1-background-color has-background wp-element-button\" href=\"https:\/\/euro-text.com\/de\/kontakt\/\" style=\"box-shadow:var(--wp--preset--shadow--natural)\">KONTAKT<\/a><\/div>\n<\/div>\n<\/div>\n<\/div>\n\n<div class=\"wp-block-group alignfull has-custom-color-1-gradient-background has-background has-global-padding is-layout-constrained wp-container-core-group-is-layout-94e519ba wp-block-group-is-layout-constrained\" style=\"padding-top:var(--wp--preset--spacing--80);padding-right:var(--wp--preset--spacing--40);padding-bottom:var(--wp--preset--spacing--80);padding-left:var(--wp--preset--spacing--40)\">\n<h2 class=\"wp-block-heading\" style=\"font-size:clamp(27.894px, 1.743rem + ((1vw - 3.2px) * 1.971), 48px);\">\u00dcbersetzungen, die nach Erfolg schmecken<\/h2>\n\n\n\n<p>\u00dcbersetzen hei\u00dft nicht, W\u00f6rter durch andere W\u00f6rter zu ersetzen. Es geht darum, die Vorschriften zu kennen. Es geht darum, den Markt zu verstehen. Es geht darum, sicherzustellen, dass Ihr Produkt auch in anderen Sprachen genauso viel Appetit macht wie im Original. Dabei kostet ein Fehler nicht nur Geld, er kann Sie auch Ihren Ruf kosten. Und wenn man sich einmal verirrt hat, gibt es kein Zur\u00fcck mehr: Ein Wein mit einer fehlerhaften Beschreibung? Umsatz futsch! Ein falsch angegebenes Allergen? Ein Problem, das Ihnen lange im Magen liegen kann. Hier gibt es keinen Raum f\u00fcr Improvisation.<\/p>\n\n\n\n<p>Denn ein guter Wein l\u00e4sst sich in jeder Sprache genie\u00dfen. Ein Gourmetprodukt sollte auch in Paris, Tokio oder New York Appetit machen. Ein fehlerfreies Datenblatt schafft Vertrauen.<\/p>\n\n\n\n<p>Wir feilen an jedem Wort, damit Ihre Texte so viel Appetit machen wie Ihre Produkte. Keine abgedroschenen Phrasen. Keine unverst\u00e4ndlichen Etiketten. Keine Risiken.<\/p>\n\n\n\n<p>Nur einwandfreie \u00dcbersetzungen. Damit Ihre Produkte neue M\u00e4rkte erobern k\u00f6nnen.<\/p>\n\n\n\n<p>Wollen wir darauf ansto\u00dfen?<\/p>\n<\/div>\n\n<div class=\"wp-block-group alignfull has-global-padding is-layout-constrained wp-container-core-group-is-layout-94e519ba wp-block-group-is-layout-constrained\" style=\"padding-top:var(--wp--preset--spacing--80);padding-right:var(--wp--preset--spacing--40);padding-bottom:var(--wp--preset--spacing--80);padding-left:var(--wp--preset--spacing--40)\">\n<h2 class=\"wp-block-heading\" style=\"font-size:clamp(27.894px, 1.743rem + ((1vw - 3.2px) * 1.971), 48px);\">Kompetenzbereiche, die uns auszeichnen<\/h2>\n\n\n\n<p>Wir bringen unsere Branchenkompetenz und -erfahrung in Ihre Projekte ein und liefern \u00dcbersetzungen, die h\u00f6chste Anspr\u00fcche erf\u00fcllen:<\/p>\n\n\n\n<ul class=\"wp-block-list\">\n<li><strong>Landwirtschaft:<\/strong> Fachtexte zur Lebensmittelproduktion, Verfahrensanweisungen, Vorschriften zur Lebensmittelsicherheit.<\/li>\n\n\n\n<li><strong>Weinindustrie<\/strong>: Produktbeschreibungen, Weinetiketten, Qualit\u00e4tsaudits, Verkostungsprotokolle, Bescheinigungen der Herkunftsbezeichnung.<\/li>\n\n\n\n<li><strong>Zertifizierung und Vorschriften:<\/strong> \u00dcbersetzung lokaler und internationaler Vorschriften zur Qualit\u00e4tskontrolle, Lebensmittelsicherheit und Kennzeichnung.<\/li>\n\n\n\n<li><strong>Internationales Marketing und Kommunikation:<\/strong> Werbekampagnen, Produktbeschreibungen, Inhalte f\u00fcr soziale Medien und Websites, die auf den jeweiligen Markt zugeschnitten sind.<\/li>\n<\/ul>\n\n\n\n<p>Haben Sie besondere W\u00fcnsche? Wir haben L\u00f6sungen f\u00fcr alle Anforderungen in der Agrar- und Lebensmittelbranche und der Weinindustrie.<\/p>\n<\/div>\n\n<div class=\"wp-block-group alignfull has-custom-color-1-gradient-background has-background has-global-padding is-layout-constrained wp-container-core-group-is-layout-94e519ba wp-block-group-is-layout-constrained\" style=\"padding-top:var(--wp--preset--spacing--80);padding-right:var(--wp--preset--spacing--40);padding-bottom:var(--wp--preset--spacing--80);padding-left:var(--wp--preset--spacing--40)\">\n<h2 class=\"wp-block-heading\" style=\"font-size:clamp(27.894px, 1.743rem + ((1vw - 3.2px) * 1.971), 48px);\">Warum sollten Sie Ihre Texte f\u00fcr die Lebensmittelbranche und den Weinsektor bei uns \u00fcbersetzen lassen?<\/h2>\n\n\n\n<ul class=\"wp-block-list\">\n<li><strong>Qualit\u00e4tssicherung<\/strong>: Wir erf\u00fcllen die Anforderungen der ISO 17100. Die internationale Norm ist ein G\u00fctesiegel, das die Genauigkeit und Zuverl\u00e4ssigkeit unserer Arbeit garantiert.<\/li>\n\n\n\n<li><strong>Experten f\u00fcr die Agrar- und Lebensmittelbranche und den Weinsektor<\/strong>: Unsere \u00dcbersetzerinnen und \u00dcbersetzer kennen sich mit der Fachterminologie und den branchenspezifischen Vorschriften aus und sind mit den Besonderheiten der Agrar-, Lebensmittel- und Weinindustrie vertraut.<\/li>\n\n\n\n<li><strong>Pr\u00e4zision bis ins Detail<\/strong>: Wir pr\u00fcfen jede \u00dcbersetzung mit gro\u00dfer Sorgfalt, damit Ihre Inhalte pr\u00e4zise und professionell wiedergegeben werden und die Branchenstandards erf\u00fcllen.<\/li>\n\n\n\n<li><strong>Kulturelle Adaption und Einhaltung rechtlicher Vorgaben<\/strong>: Wir \u00fcbersetzen nicht nur, sondern wir achten auch darauf, dass Ihre Texte die lokalen Vorschriften einhalten und die Sprache Ihrer Branche sprechen.<\/li>\n<\/ul>\n<\/div>\n\n<div class=\"wp-block-group alignfull has-base-color has-text-color has-background has-link-color wp-elements-e362811817413e90ca22ad6d23de5cf4 has-global-padding is-layout-constrained wp-container-core-group-is-layout-11f9da37 wp-block-group-is-layout-constrained\" style=\"background:linear-gradient(0deg,rgb(0,78,82) 0%,rgb(111,192,194) 100%);margin-top:0;margin-bottom:0;padding-top:var(--wp--preset--spacing--80);padding-right:var(--wp--preset--spacing--40);padding-bottom:var(--wp--preset--spacing--80);padding-left:var(--wp--preset--spacing--40)\">\n<h2 class=\"wp-block-heading has-text-align-center has-base-color has-text-color has-link-color has-xx-large-font-size wp-elements-0225167266a1a9995ff7b25db051f39e\">\u00dcbersetzungen f\u00fcr Feinschmecker<\/h2>\n\n\n\n<p class=\"has-text-align-center has-large-font-size\">Fehlerfreie Etiketten, pr\u00e4zise \u00fcbersetzte Datenbl\u00e4tter und Beschreibungen, die Appetit machen &#8211; Sind Sie bereit, mit Ihren Produkt die Weltm\u00e4rkte zu erobern?<\/p>\n\n\n\n<div class=\"wp-block-buttons is-content-justification-center is-layout-flex wp-container-core-buttons-is-layout-a6d9f191 wp-block-buttons-is-layout-flex\" style=\"margin-top:var(--wp--preset--spacing--40);margin-bottom:var(--wp--preset--spacing--40)\">\n<div class=\"wp-block-button\"><a class=\"wp-block-button__link has-accent-2-background-color has-background wp-element-button\" href=\"https:\/\/euro-text.com\/de\/kontakt\/\" style=\"box-shadow:var(--wp--preset--shadow--deep)\">KONTAKT<\/a><\/div>\n<\/div>\n<\/div>\n","protected":false},"excerpt":{"rendered":"<p>Ein falsch \u00fcbersetztes Etikett, eine falsch interpretierte Vorschrift oder ein verwirrendes Datenblatt, und ZACK!<\/p>\n","protected":false},"author":2,"featured_media":0,"parent":1204,"menu_order":0,"comment_status":"closed","ping_status":"closed","template":"page-no-title","meta":{"_seopress_robots_primary_cat":"","_seopress_titles_title":"","_seopress_titles_desc":"","_seopress_robots_index":"","footnotes":""},"class_list":["post-1183","page","type-page","status-publish","hentry"],"_links":{"self":[{"href":"https:\/\/euro-text.com\/de\/wp-json\/wp\/v2\/pages\/1183","targetHints":{"allow":["GET"]}}],"collection":[{"href":"https:\/\/euro-text.com\/de\/wp-json\/wp\/v2\/pages"}],"about":[{"href":"https:\/\/euro-text.com\/de\/wp-json\/wp\/v2\/types\/page"}],"author":[{"embeddable":true,"href":"https:\/\/euro-text.com\/de\/wp-json\/wp\/v2\/users\/2"}],"replies":[{"embeddable":true,"href":"https:\/\/euro-text.com\/de\/wp-json\/wp\/v2\/comments?post=1183"}],"version-history":[{"count":1,"href":"https:\/\/euro-text.com\/de\/wp-json\/wp\/v2\/pages\/1183\/revisions"}],"predecessor-version":[{"id":1184,"href":"https:\/\/euro-text.com\/de\/wp-json\/wp\/v2\/pages\/1183\/revisions\/1184"}],"up":[{"embeddable":true,"href":"https:\/\/euro-text.com\/de\/wp-json\/wp\/v2\/pages\/1204"}],"wp:attachment":[{"href":"https:\/\/euro-text.com\/de\/wp-json\/wp\/v2\/media?parent=1183"}],"curies":[{"name":"wp","href":"https:\/\/api.w.org\/{rel}","templated":true}]}}