{"id":1189,"date":"2025-03-17T12:08:09","date_gmt":"2025-03-17T11:08:09","guid":{"rendered":"https:\/\/euro-text.com\/kultur-und-tourismus\/"},"modified":"2025-05-14T15:28:31","modified_gmt":"2025-05-14T13:28:31","slug":"kultur-und-tourismus","status":"publish","type":"page","link":"https:\/\/euro-text.com\/de\/uebersetzung\/kultur-und-tourismus\/","title":{"rendered":"Kultur und Tourismus"},"content":{"rendered":"\n<div class=\"wp-block-group alignfull has-global-padding is-layout-constrained wp-container-core-group-is-layout-020e0ace wp-block-group-is-layout-constrained\" style=\"padding-top:var(--wp--preset--spacing--60);padding-right:var(--wp--preset--spacing--40);padding-bottom:var(--wp--preset--spacing--60);padding-left:var(--wp--preset--spacing--40)\">\n<div class=\"wp-block-group alignwide is-vertical is-content-justification-center is-layout-flex wp-container-core-group-is-layout-fa38c63a wp-block-group-is-layout-flex\" style=\"min-height:50vh\">\n<h1 class=\"wp-block-heading has-text-align-center\" style=\"font-size:clamp(46.987px, 2.937rem + ((1vw - 3.2px) * 4.413), 92px);\">Reiseziele, die man schon f\u00fchlen kann, bevor man ankommt<\/h1>\n\n\n\n<p class=\"has-text-align-center\" style=\"font-size:clamp(14.642px, 0.915rem + ((1vw - 3.2px) * 0.721), 22px);\">Bringen Sie Leben in Ihre Texte. Erfinden Sie Neues. W\u00e4hlen Sie jedes Wort mit Bedacht, damit es die Lust am Reisen, am Entdecken und am Genie\u00dfen weckt. Sprechen Sie \u00fcber Ihr Reiseziel, Ihre Geschichte, Ihre Kultur, so wie sie es verdienen &#8211; egal in welcher Sprache. Sind Sie bereit f\u00fcr den gro\u00dfen Auftritt?<\/p>\n\n\n\n<div class=\"wp-block-buttons is-content-justification-center is-layout-flex wp-container-core-buttons-is-layout-d234f690 wp-block-buttons-is-layout-flex\" style=\"margin-top:var(--wp--preset--spacing--50);margin-bottom:var(--wp--preset--spacing--50)\">\n<div class=\"wp-block-button has-custom-font-size has-large-font-size\"><a class=\"wp-block-button__link has-accent-1-background-color has-background wp-element-button\" href=\"https:\/\/euro-text.com\/de\/kontakt\/\" style=\"box-shadow:var(--wp--preset--shadow--natural)\">KONTAKT<\/a><\/div>\n<\/div>\n<\/div>\n<\/div>\n\n<div class=\"wp-block-group alignfull has-custom-color-1-gradient-background has-background has-global-padding is-layout-constrained wp-container-core-group-is-layout-94e519ba wp-block-group-is-layout-constrained\" style=\"padding-top:var(--wp--preset--spacing--80);padding-right:var(--wp--preset--spacing--40);padding-bottom:var(--wp--preset--spacing--80);padding-left:var(--wp--preset--spacing--40)\">\n<h2 class=\"wp-block-heading\" style=\"font-size:clamp(27.894px, 1.743rem + ((1vw - 3.2px) * 1.971), 48px);\">Die Kunst, mit Worten zu verf\u00fchren<\/h2>\n\n\n\n<p>Es reicht nicht, die Sprache zu wechseln. Es geht darum, Stimmungen und Emotionen zu erzeugen und W\u00fcnsche zu wecken. Die Reisenden m\u00fcssen das Ziel sehen, riechen und f\u00fchlen k\u00f6nnen, bevor sie ankommen.<\/p>\n\n\n\n<p>Unser Team \u00fcbersetzt nicht, es generiert Emotionen. Wir feilen an jedem Satz, bis er  die Leser verzaubert. Keine langweiligen Texte. Keine nichtssagenden Floskeln. Nur Botschaften, die faszinieren und zum Kaufen anregen.<\/p>\n\n\n\n<p>Ihr Reiseziel, Ihre Geschichte, Ihre Kultur. Mit Elan erz\u00e4hlt. Egal, in welcher Sprache. Sind Sie  bereit f\u00fcr den gro\u00dfen Auftritt?<\/p>\n<\/div>\n\n<div class=\"wp-block-group alignfull has-global-padding is-layout-constrained wp-container-core-group-is-layout-94e519ba wp-block-group-is-layout-constrained\" style=\"padding-top:var(--wp--preset--spacing--80);padding-right:var(--wp--preset--spacing--40);padding-bottom:var(--wp--preset--spacing--80);padding-left:var(--wp--preset--spacing--40)\">\n<h2 class=\"wp-block-heading\" style=\"font-size:clamp(27.894px, 1.743rem + ((1vw - 3.2px) * 1.971), 48px);\">Kompetenzbereiche, die uns auszeichnen<\/h2>\n\n\n\n<p>Wir bringen unsere Erfahrung in Ihre Projekte ein und liefern \u00dcbersetzungen, die sprachlich und kulturell \u00fcberzeugen:<\/p>\n\n\n\n<ul class=\"wp-block-list\">\n<li><strong>Tourismus<\/strong>: Brosch\u00fcren und Kataloge, Reisef\u00fchrer, Audioguides, Ausstellungskataloge, Infomaterial f\u00fcr internationale Messen, Pr\u00e4sentationen, Websites, Reiserouten, Erlebnisse.<\/li>\n\n\n\n<li><strong>Kultur<\/strong>: Museumsf\u00fchrer, Ausstellungskataloge, E-Books, Pressemitteilungen, Vertr\u00e4ge, Kunst, Musik, Film und lokale Traditionen.<\/li>\n\n\n\n<li><strong>Gastronomie<\/strong>: Speisekarten, Produktbeschreibungen und kulinarische Erlebnisse.<\/li>\n\n\n\n<li><strong>Reise und Unterkunft<\/strong>: Hotelbeschreibungen, Tourismusangebote, Reiseerlebnisse&#8230;<br\/><br\/>Haben Sie ein ganz spezielles Projekt? Wir finden immer eine passende L\u00f6sung, damit Ihre Inhalte in allen Sprachen akkurat und authentisch wiedergegeben werden.<\/li>\n<\/ul>\n<\/div>\n\n<div class=\"wp-block-group alignfull has-custom-color-1-gradient-background has-background has-global-padding is-layout-constrained wp-container-core-group-is-layout-94e519ba wp-block-group-is-layout-constrained\" style=\"padding-top:var(--wp--preset--spacing--80);padding-right:var(--wp--preset--spacing--40);padding-bottom:var(--wp--preset--spacing--80);padding-left:var(--wp--preset--spacing--40)\">\n<h2 class=\"wp-block-heading\" style=\"font-size:clamp(27.894px, 1.743rem + ((1vw - 3.2px) * 1.971), 48px);\">Warum sollten Sie Ihre Fach\u00fcbersetzungen f\u00fcr die Kultur- und Tourismusbranche bei uns in Auftrag geben?<\/h2>\n\n\n\n<ul class=\"wp-block-list\">\n<li><strong>Qualit\u00e4tssicherung<\/strong>: Wir erf\u00fcllen die Anforderungen der ISO 17100 und stellen damit sicher, dass bei jedem Projekt h\u00f6chste Qualit\u00e4tsstandards erf\u00fcllt werden.<\/li>\n\n\n\n<li><strong>Branchenerfahrung<\/strong>: Wir haben \u00dcbersetzerinnen und \u00dcbersetzer, die sich auf Kultur- und Tourismusthemen spezialisiert haben und mit den Besonderheiten der Branche vertraut sind.<\/li>\n\n\n\n<li><strong>Sorgfalt und Pr\u00e4zision<\/strong>: Wir stellen sicher, dass jede \u00dcbersetzung die Essenz Ihrer Message originalgetreu wiedergibt. Damit sie auch in anderen Sprachen wirksam sind, adaptieren wir Ihre Texte f\u00fcr die einzelnen Zielm\u00e4rkte.<\/li>\n\n\n\n<li><strong>Kulturelle Adaption<\/strong>: Wir \u00fcbersetzen nicht nur, sondern wir adaptieren Ihre Texte so, dass sie in jeder Sprache \u00fcberzeugend und emotional wirksam sind.<\/li>\n<\/ul>\n<\/div>\n\n<div class=\"wp-block-group alignfull has-base-color has-text-color has-background has-link-color wp-elements-29548db21a9ed32336b28cb72174219f has-global-padding is-layout-constrained wp-container-core-group-is-layout-11f9da37 wp-block-group-is-layout-constrained\" style=\"background:linear-gradient(0deg,rgb(0,78,82) 0%,rgb(111,192,194) 100%);margin-top:0;margin-bottom:0;padding-top:var(--wp--preset--spacing--80);padding-right:var(--wp--preset--spacing--40);padding-bottom:var(--wp--preset--spacing--80);padding-left:var(--wp--preset--spacing--40)\">\n<h2 class=\"wp-block-heading has-text-align-center has-base-color has-text-color has-link-color has-xx-large-font-size wp-elements-676ff24a001077e8803cace8d645960b\">Wir \u00fcbersetzen keine W\u00f6rter, sondern Erfahrungen<\/h2>\n\n\n\n<p class=\"has-text-align-center has-large-font-size\">W\u00f6rter k\u00f6nnen T\u00fcren \u00f6ffnen oder f\u00fcr immer schlie\u00dfen. Ein langweiliger Text, eine empathielose \u00dcbersetzung und schon ist der Besucher weg. Wir \u00fcbersetzen keine W\u00f6rter, sondern Emotionen. Und wir machen daraus eine packende Story.<\/p>\n\n\n\n<div class=\"wp-block-buttons is-content-justification-center is-layout-flex wp-container-core-buttons-is-layout-a6d9f191 wp-block-buttons-is-layout-flex\" style=\"margin-top:var(--wp--preset--spacing--40);margin-bottom:var(--wp--preset--spacing--40)\">\n<div class=\"wp-block-button\"><a class=\"wp-block-button__link has-accent-2-background-color has-background wp-element-button\" href=\"https:\/\/euro-text.com\/de\/kontakt\/\" style=\"box-shadow:var(--wp--preset--shadow--deep)\">KONTAKT<\/a><\/div>\n<\/div>\n<\/div>\n","protected":false},"excerpt":{"rendered":"<p>Bringen Sie Leben in Ihre Texte. Erfinden Sie Neues. W\u00e4hlen Sie jedes Wort mit Bedacht, damit es die Lust am Reisen, am Entdecken und am Genie\u00dfen weckt.<\/p>\n","protected":false},"author":2,"featured_media":0,"parent":1204,"menu_order":0,"comment_status":"closed","ping_status":"closed","template":"page-no-title","meta":{"_seopress_robots_primary_cat":"","_seopress_titles_title":"","_seopress_titles_desc":"","_seopress_robots_index":"","footnotes":""},"class_list":["post-1189","page","type-page","status-publish","hentry"],"_links":{"self":[{"href":"https:\/\/euro-text.com\/de\/wp-json\/wp\/v2\/pages\/1189","targetHints":{"allow":["GET"]}}],"collection":[{"href":"https:\/\/euro-text.com\/de\/wp-json\/wp\/v2\/pages"}],"about":[{"href":"https:\/\/euro-text.com\/de\/wp-json\/wp\/v2\/types\/page"}],"author":[{"embeddable":true,"href":"https:\/\/euro-text.com\/de\/wp-json\/wp\/v2\/users\/2"}],"replies":[{"embeddable":true,"href":"https:\/\/euro-text.com\/de\/wp-json\/wp\/v2\/comments?post=1189"}],"version-history":[{"count":3,"href":"https:\/\/euro-text.com\/de\/wp-json\/wp\/v2\/pages\/1189\/revisions"}],"predecessor-version":[{"id":1244,"href":"https:\/\/euro-text.com\/de\/wp-json\/wp\/v2\/pages\/1189\/revisions\/1244"}],"up":[{"embeddable":true,"href":"https:\/\/euro-text.com\/de\/wp-json\/wp\/v2\/pages\/1204"}],"wp:attachment":[{"href":"https:\/\/euro-text.com\/de\/wp-json\/wp\/v2\/media?parent=1189"}],"curies":[{"name":"wp","href":"https:\/\/api.w.org\/{rel}","templated":true}]}}