{"id":1191,"date":"2025-03-17T10:35:48","date_gmt":"2025-03-17T09:35:48","guid":{"rendered":"https:\/\/euro-text.com\/industrie-und-technik\/"},"modified":"2025-05-14T15:25:11","modified_gmt":"2025-05-14T13:25:11","slug":"industrie-und-technik","status":"publish","type":"page","link":"https:\/\/euro-text.com\/de\/uebersetzung\/industrie-und-technik\/","title":{"rendered":"Industrie und Technik"},"content":{"rendered":"\n<div class=\"wp-block-group alignfull has-global-padding is-layout-constrained wp-container-core-group-is-layout-020e0ace wp-block-group-is-layout-constrained\" style=\"padding-top:var(--wp--preset--spacing--60);padding-right:var(--wp--preset--spacing--40);padding-bottom:var(--wp--preset--spacing--60);padding-left:var(--wp--preset--spacing--40)\">\n<div class=\"wp-block-group alignwide is-vertical is-content-justification-center is-layout-flex wp-container-core-group-is-layout-fa38c63a wp-block-group-is-layout-flex\" style=\"min-height:50vh\">\n<h1 class=\"wp-block-heading has-text-align-center\" style=\"font-size:clamp(46.987px, 2.937rem + ((1vw - 3.2px) * 4.413), 92px);\">Ein Fehler f\u00fchrt ins Desaster<\/h1>\n\n\n\n<p class=\"has-text-align-center\" style=\"font-size:clamp(14.642px, 0.915rem + ((1vw - 3.2px) * 0.721), 22px);\">Mittelma\u00df reicht nicht. Entweder man macht es richtig oder man l\u00e4sst es bleiben. Wir machen es perfekt.<\/p>\n\n\n\n<div class=\"wp-block-buttons is-content-justification-center is-layout-flex wp-container-core-buttons-is-layout-d234f690 wp-block-buttons-is-layout-flex\" style=\"margin-top:var(--wp--preset--spacing--50);margin-bottom:var(--wp--preset--spacing--50)\">\n<div class=\"wp-block-button has-custom-font-size has-large-font-size\"><a class=\"wp-block-button__link has-accent-1-background-color has-background wp-element-button\" href=\"https:\/\/euro-text.com\/de\/kontakt\/\" style=\"box-shadow:var(--wp--preset--shadow--natural)\">KONTAKT<\/a><\/div>\n<\/div>\n<\/div>\n<\/div>\n\n<div class=\"wp-block-group alignfull has-custom-color-1-gradient-background has-background has-global-padding is-layout-constrained wp-container-core-group-is-layout-94e519ba wp-block-group-is-layout-constrained\" style=\"padding-top:var(--wp--preset--spacing--80);padding-right:var(--wp--preset--spacing--40);padding-bottom:var(--wp--preset--spacing--80);padding-left:var(--wp--preset--spacing--40)\">\n<h2 class=\"wp-block-heading\" style=\"font-size:clamp(27.894px, 1.743rem + ((1vw - 3.2px) * 1.971), 48px);\">\u00dcbersetzungen f\u00fcr Industrie und Technik: Pr\u00e4zision oder Katastrophe?<\/h2>\n\n\n\n<p>Es geht nicht darum, Worte durch andere Worte zu ersetzen. Es geht darum, zu verstehen, was die einzelnen Begriffe bedeuten und was passiert, wenn sie falsch verwendet werden. Ein Fehler kann Sie teuer zu stehen kommen. Und wir reden hier nicht nur \u00fcber Geld.<\/p>\n\n\n\n<p>Unser Team kennt Ihre Branche. Wir kennen die Sprache, die Vorschriften und die Abl\u00e4ufe. Wir verwenden moderne \u00dcbersetzungstools und nehmen jedes Wort unter die Lupe. Keine dummen Fehler. Keine Improvisation. Keine Risiken.<\/p>\n\n\n\n<p>Ihre technische Dokumentation muss einwandfrei sein. Pr\u00e4zise. Millimetergenau.<\/p>\n<\/div>\n\n<div class=\"wp-block-group alignfull has-global-padding is-layout-constrained wp-container-core-group-is-layout-94e519ba wp-block-group-is-layout-constrained\" style=\"padding-top:var(--wp--preset--spacing--80);padding-right:var(--wp--preset--spacing--40);padding-bottom:var(--wp--preset--spacing--80);padding-left:var(--wp--preset--spacing--40)\">\n<h2 class=\"wp-block-heading\" style=\"font-size:clamp(27.894px, 1.743rem + ((1vw - 3.2px) * 1.971), 48px);\">Kompetenzbereiche, die uns auszeichnen<\/h2>\n\n\n\n<p>Wir bringen unsere Erfahrung in Ihre Projekte ein und liefern \u00dcbersetzungen, die h\u00f6chste Anspr\u00fcche erf\u00fcllen.<\/p>\n\n\n\n<ul class=\"wp-block-list\">\n<li><strong>Technologie<\/strong>: Softwaredokumentation, technische Handb\u00fccher, Benutzeroberfl\u00e4chen.<\/li>\n\n\n\n<li><strong>Industrie<\/strong>: Pl\u00e4ne, Produktionsprozesse, technische Spezifikationen.<\/li>\n\n\n\n<li><strong>Technik<\/strong>: Bauprojekte, Zertifizierungen, technische Berichte.<\/li>\n\n\n\n<li><strong>Energie:<\/strong> Dokumentation zu Energieprojekten, Vorschriften und Protokolle.<br\/><br\/>Hat Ihre Branche besondere Anforderungen? Wir haben passende L\u00f6sungen f\u00fcr Ihre Projekte.<\/li>\n<\/ul>\n<\/div>\n\n<div class=\"wp-block-group alignfull has-custom-color-1-gradient-background has-background has-global-padding is-layout-constrained wp-container-core-group-is-layout-94e519ba wp-block-group-is-layout-constrained\" style=\"padding-top:var(--wp--preset--spacing--80);padding-right:var(--wp--preset--spacing--40);padding-bottom:var(--wp--preset--spacing--80);padding-left:var(--wp--preset--spacing--40)\">\n<h2 class=\"wp-block-heading\" style=\"font-size:clamp(27.894px, 1.743rem + ((1vw - 3.2px) * 1.971), 48px);\">Warum sollten Sie Ihre Fach\u00fcbersetzungen in den Bereichen Industrie und Technik bei uns in Auftrag geben?<\/h2>\n\n\n\n<ul class=\"wp-block-list\">\n<li><strong>Hohe Qualit\u00e4tsstandards<\/strong>: Wir erf\u00fcllen die Anforderungen der ISO 17100. Die internationale Norm ist ein G\u00fctesiegel, das die Genauigkeit und Zuverl\u00e4ssigkeit unserer Arbeit garantiert.<\/li>\n\n\n\n<li><strong>Branchenerfahrung<\/strong>: Unsere \u00dcbersetzerinnen und \u00dcbersetzer verf\u00fcgen \u00fcber umfangreiche Erfahrung in vielen technischen Bereichen und sind es gewohnt, auch mit sehr spezieller Terminologie umzugehen.<\/li>\n\n\n\n<li><strong>Qualit\u00e4tssicherung<\/strong>: Wir pr\u00fcfen jede \u00dcbersetzung mit gro\u00dfer Sorgfalt, damit Ihre Inhalte in allen Sprachen korrekt sind und die Branchenstandards erf\u00fcllen.<\/li>\n\n\n\n<li><strong>Kulturelle Adaption:<\/strong> Wir \u00fcbersetzen nicht nur, sondern wir adaptieren Ihre Inhalte auch an die lokalen und internationalen Rahmenbedingungen des Zielmarktes und stellen sicher, dass alle technischen Details akkurat und verst\u00e4ndlich wiedergegeben werden. <\/li>\n<\/ul>\n<\/div>\n\n<div class=\"wp-block-group alignfull has-base-color has-text-color has-background has-link-color wp-elements-ac2fc4df80901e3e8703dc38edcb3cfd has-global-padding is-layout-constrained wp-container-core-group-is-layout-11f9da37 wp-block-group-is-layout-constrained\" style=\"background:linear-gradient(0deg,rgb(0,78,82) 0%,rgb(111,192,194) 100%);margin-top:0;margin-bottom:0;padding-top:var(--wp--preset--spacing--80);padding-right:var(--wp--preset--spacing--40);padding-bottom:var(--wp--preset--spacing--80);padding-left:var(--wp--preset--spacing--40)\">\n<h2 class=\"wp-block-heading has-text-align-center has-base-color has-text-color has-link-color has-xx-large-font-size wp-elements-01da146956c509aee3df2eacc1c632d9\">Mit Sicherheit zum Erfolg.<\/h2>\n\n\n\n<p class=\"has-text-align-center has-large-font-size\">Hier gibt es keine zweite Chance. Entweder man macht es gleich richtig oder man bezahlt es teuer. Sind Sie ein Draufg\u00e4nger oder bevorzugen Sie verl\u00e4ssliche Qualit\u00e4t?<\/p>\n\n\n\n<div class=\"wp-block-buttons is-content-justification-center is-layout-flex wp-container-core-buttons-is-layout-a6d9f191 wp-block-buttons-is-layout-flex\" style=\"margin-top:var(--wp--preset--spacing--40);margin-bottom:var(--wp--preset--spacing--40)\">\n<div class=\"wp-block-button\"><a class=\"wp-block-button__link has-accent-2-background-color has-background wp-element-button\" href=\"https:\/\/euro-text.com\/de\/kontakt\/\" style=\"box-shadow:var(--wp--preset--shadow--deep)\">KONTAKT<\/a><\/div>\n<\/div>\n<\/div>\n","protected":false},"excerpt":{"rendered":"<p>Mittelma\u00df reicht nicht. Entweder man macht es richtig oder man l\u00e4sst es bleiben. <\/p>\n","protected":false},"author":2,"featured_media":0,"parent":1204,"menu_order":0,"comment_status":"closed","ping_status":"closed","template":"page-no-title","meta":{"_seopress_robots_primary_cat":"","_seopress_titles_title":"","_seopress_titles_desc":"","_seopress_robots_index":"","footnotes":""},"class_list":["post-1191","page","type-page","status-publish","hentry"],"_links":{"self":[{"href":"https:\/\/euro-text.com\/de\/wp-json\/wp\/v2\/pages\/1191","targetHints":{"allow":["GET"]}}],"collection":[{"href":"https:\/\/euro-text.com\/de\/wp-json\/wp\/v2\/pages"}],"about":[{"href":"https:\/\/euro-text.com\/de\/wp-json\/wp\/v2\/types\/page"}],"author":[{"embeddable":true,"href":"https:\/\/euro-text.com\/de\/wp-json\/wp\/v2\/users\/2"}],"replies":[{"embeddable":true,"href":"https:\/\/euro-text.com\/de\/wp-json\/wp\/v2\/comments?post=1191"}],"version-history":[{"count":3,"href":"https:\/\/euro-text.com\/de\/wp-json\/wp\/v2\/pages\/1191\/revisions"}],"predecessor-version":[{"id":1242,"href":"https:\/\/euro-text.com\/de\/wp-json\/wp\/v2\/pages\/1191\/revisions\/1242"}],"up":[{"embeddable":true,"href":"https:\/\/euro-text.com\/de\/wp-json\/wp\/v2\/pages\/1204"}],"wp:attachment":[{"href":"https:\/\/euro-text.com\/de\/wp-json\/wp\/v2\/media?parent=1191"}],"curies":[{"name":"wp","href":"https:\/\/api.w.org\/{rel}","templated":true}]}}