{"id":1193,"date":"2025-03-14T12:18:43","date_gmt":"2025-03-14T11:18:43","guid":{"rendered":"https:\/\/euro-text.com\/sprachen\/"},"modified":"2025-05-14T15:20:01","modified_gmt":"2025-05-14T13:20:01","slug":"sprachen","status":"publish","type":"page","link":"https:\/\/euro-text.com\/de\/sprachen\/","title":{"rendered":"Sprachen"},"content":{"rendered":"\n<div class=\"wp-block-group alignfull has-global-padding is-layout-constrained wp-container-core-group-is-layout-020e0ace wp-block-group-is-layout-constrained\" style=\"padding-top:var(--wp--preset--spacing--60);padding-right:var(--wp--preset--spacing--40);padding-bottom:var(--wp--preset--spacing--60);padding-left:var(--wp--preset--spacing--40)\">\n<div class=\"wp-block-group alignwide is-vertical is-content-justification-center is-layout-flex wp-container-core-group-is-layout-fa38c63a wp-block-group-is-layout-flex\" style=\"min-height:50vh\">\n<h1 class=\"wp-block-heading has-text-align-center\" style=\"font-size:clamp(46.987px, 2.937rem + ((1vw - 3.2px) * 4.413), 92px);\">Wir sprechen die Sprache Ihres Kunden und sogar die seines Papageis!<\/h1>\n\n\n\n<p class=\"has-text-align-center\" style=\"font-size:clamp(14.642px, 0.915rem + ((1vw - 3.2px) * 0.721), 22px);\">Denn die Sprache Ihrer Kunden zu sprechen ist der erste Schritt, um den gesamten Planeten (und vielleicht auch andere Galaxien) zu erreichen. Deshalb tun wir alles daf\u00fcr, dass Ihre Botschaft in jedem Winkel des Universums ankommt.<\/p>\n\n\n\n<div class=\"wp-block-buttons is-content-justification-center is-layout-flex wp-container-core-buttons-is-layout-d234f690 wp-block-buttons-is-layout-flex\" style=\"margin-top:var(--wp--preset--spacing--50);margin-bottom:var(--wp--preset--spacing--50)\">\n<div class=\"wp-block-button has-custom-font-size has-large-font-size\"><a class=\"wp-block-button__link has-accent-1-background-color has-background wp-element-button\" href=\"https:\/\/euro-text.com\/de\/kontakt\/\" style=\"box-shadow:var(--wp--preset--shadow--natural)\">KONTAKT<\/a><\/div>\n<\/div>\n<\/div>\n<\/div>\n\n<div class=\"wp-block-group alignfull has-custom-color-1-gradient-background has-background has-global-padding is-layout-constrained wp-container-core-group-is-layout-94e519ba wp-block-group-is-layout-constrained\" style=\"padding-top:var(--wp--preset--spacing--80);padding-right:var(--wp--preset--spacing--40);padding-bottom:var(--wp--preset--spacing--80);padding-left:var(--wp--preset--spacing--40)\">\n<h2 class=\"wp-block-heading\" style=\"font-size:clamp(27.894px, 1.743rem + ((1vw - 3.2px) * 1.971), 48px);\">Alle Sprachen der Welt<\/h2>\n\n\n\n<p>Sollen wir f\u00fcr Sie die Sprache der Wirtschaft sprechen, das Fachchinesisch der \u00d6konomen, oder m\u00f6chten Sie lieber, dass wir den Stil der Memes verwenden, dieser modernen Hieroglyphen voller Ironie? Bei Eurotext passen wir uns an, egal wie speziell die die gew\u00fcnschte Sprache ist, vom Juristenlatein bis zum Klingonisch der Star Trek-Fans. <\/p>\n\n\n\n<p>Sagen Sie uns einfach, was Sie brauchen und wir suchen umgehend eine passende L\u00f6sung. Schlie\u00dflich ist Ihre Zeit kostbar und wir werden sie nicht mit Roboter\u00fcbersetzungen verschwenden oder Sie mit Fachchinesisch zutexten!<\/p>\n<\/div>\n\n<div class=\"wp-block-group alignfull has-global-padding is-layout-constrained wp-container-core-group-is-layout-94e519ba wp-block-group-is-layout-constrained\" style=\"padding-top:var(--wp--preset--spacing--80);padding-right:var(--wp--preset--spacing--40);padding-bottom:var(--wp--preset--spacing--80);padding-left:var(--wp--preset--spacing--40)\">\n<h2 class=\"wp-block-heading\" style=\"font-size:clamp(27.894px, 1.743rem + ((1vw - 3.2px) * 1.971), 48px);\">Welche Sprache darf es sein?<\/h2>\n\n\n\n<p>Unser Schwerpunkt liegt auf \u00dcbersetzungen aus dem Spanischen in und aus allen hier aufgef\u00fchrten Sprachen. Dar\u00fcber hinaus bieten wir noch viele weitere Kombinationen an, insbesondere in Verbindung mit Englisch und Deutsch. <\/p>\n\n\n\n<p>Alle Sprachen, die wir \u00fcbersetzen, haben einen besonderen Stellenwert im globalen Kontext. Hier erfahren Sie mehr \u00fcber die meist gefragten Sprachen und ihre Bedeutung:<\/p>\n\n\n\n<div class=\"wp-block-group alignwide has-global-padding is-layout-constrained wp-block-group-is-layout-constrained\" style=\"margin-top:var(--wp--preset--spacing--60)\">\n<div class=\"wp-block-query alignwide feed-paginas-eurotext is-layout-flow wp-block-query-is-layout-flow\"><\/div>\n<\/div>\n<\/div>\n\n<div class=\"wp-block-group alignfull has-base-color has-text-color has-background has-link-color wp-elements-224f3d362af0f70138b734537afccd24 has-global-padding is-layout-constrained wp-container-core-group-is-layout-11f9da37 wp-block-group-is-layout-constrained\" style=\"background:linear-gradient(0deg,rgb(0,78,82) 0%,rgb(111,192,194) 100%);margin-top:0;margin-bottom:0;padding-top:var(--wp--preset--spacing--80);padding-right:var(--wp--preset--spacing--40);padding-bottom:var(--wp--preset--spacing--80);padding-left:var(--wp--preset--spacing--40)\">\n<h2 class=\"wp-block-heading has-text-align-center has-base-color has-text-color has-link-color has-xx-large-font-size wp-elements-3b145039b399c441abe47ceba248f5f2\">Senden Sie Ihre Botschaft in die Welt &#8211; ohne Sprachbarrieren und mit viel Elan!<\/h2>\n\n\n\n<p class=\"has-text-align-center has-large-font-size\">Wir \u00fcbersetzen in jede Sprache, sogar in Dialekte, die nur Ihre Gro\u00dfmutter und ein paar Ziegen verstehen. Sie k\u00f6nnen Ihre Sprache nicht finden? Rufen Sie uns an! Wir bringen Schwung in Ihre Texte, egal in welcher Sprache.<\/p>\n\n\n\n<div class=\"wp-block-buttons is-content-justification-center is-layout-flex wp-container-core-buttons-is-layout-a6d9f191 wp-block-buttons-is-layout-flex\" style=\"margin-top:var(--wp--preset--spacing--40);margin-bottom:var(--wp--preset--spacing--40)\">\n<div class=\"wp-block-button\"><a class=\"wp-block-button__link has-accent-2-background-color has-background wp-element-button\" href=\"https:\/\/euro-text.com\/de\/kontakt\/\" style=\"box-shadow:var(--wp--preset--shadow--deep)\">KONTAKT<\/a><\/div>\n<\/div>\n<\/div>\n","protected":false},"excerpt":{"rendered":"<p>Wir sorgen daf\u00fcr, dass Ihre  Botschaft in jedem Winkel des Universums ankommt.<\/p>\n","protected":false},"author":1,"featured_media":0,"parent":0,"menu_order":0,"comment_status":"closed","ping_status":"closed","template":"page-no-title","meta":{"_seopress_robots_primary_cat":"","_seopress_titles_title":"","_seopress_titles_desc":"","_seopress_robots_index":"","footnotes":""},"class_list":["post-1193","page","type-page","status-publish","hentry"],"_links":{"self":[{"href":"https:\/\/euro-text.com\/de\/wp-json\/wp\/v2\/pages\/1193","targetHints":{"allow":["GET"]}}],"collection":[{"href":"https:\/\/euro-text.com\/de\/wp-json\/wp\/v2\/pages"}],"about":[{"href":"https:\/\/euro-text.com\/de\/wp-json\/wp\/v2\/types\/page"}],"author":[{"embeddable":true,"href":"https:\/\/euro-text.com\/de\/wp-json\/wp\/v2\/users\/1"}],"replies":[{"embeddable":true,"href":"https:\/\/euro-text.com\/de\/wp-json\/wp\/v2\/comments?post=1193"}],"version-history":[{"count":7,"href":"https:\/\/euro-text.com\/de\/wp-json\/wp\/v2\/pages\/1193\/revisions"}],"predecessor-version":[{"id":1240,"href":"https:\/\/euro-text.com\/de\/wp-json\/wp\/v2\/pages\/1193\/revisions\/1240"}],"wp:attachment":[{"href":"https:\/\/euro-text.com\/de\/wp-json\/wp\/v2\/media?parent=1193"}],"curies":[{"name":"wp","href":"https:\/\/api.w.org\/{rel}","templated":true}]}}