{"id":1195,"date":"2025-03-14T11:40:07","date_gmt":"2025-03-14T10:40:07","guid":{"rendered":"https:\/\/euro-text.com\/beglaubigte-uebersetzungen\/"},"modified":"2025-05-14T14:16:06","modified_gmt":"2025-05-14T12:16:06","slug":"beglaubigte-uebersetzungen","status":"publish","type":"page","link":"https:\/\/euro-text.com\/de\/uebersetzung\/beglaubigte-uebersetzungen\/","title":{"rendered":"Beglaubigte \u00dcbersetzungen"},"content":{"rendered":"\n<div class=\"wp-block-group alignfull has-global-padding is-layout-constrained wp-container-core-group-is-layout-020e0ace wp-block-group-is-layout-constrained\" style=\"padding-top:var(--wp--preset--spacing--60);padding-right:var(--wp--preset--spacing--40);padding-bottom:var(--wp--preset--spacing--60);padding-left:var(--wp--preset--spacing--40)\">\n<div class=\"wp-block-group alignwide is-vertical is-content-justification-center is-layout-flex wp-container-core-group-is-layout-fa38c63a wp-block-group-is-layout-flex\" style=\"min-height:50vh\">\n<h1 class=\"wp-block-heading has-text-align-center\" style=\"font-size:clamp(46.987px, 2.937rem + ((1vw - 3.2px) * 4.413), 92px);\">Beglaubigte \u00dcbersetzungen<\/h1>\n\n\n\n<p class=\"has-text-align-center\" style=\"font-size:clamp(14.642px, 0.915rem + ((1vw - 3.2px) * 0.721), 22px);\">Bei Eurotext \u00fcbersetzen wir Ihre offiziellen Dokumente in internationale Erfolge. Wenn Sie rechtsg\u00fcltige beglaubigte \u00dcbersetzungen ben\u00f6tigen, k\u00f6nnen Sie auf unser lokales Team vertrauen. Mit Professionalit\u00e4t und Pr\u00e4zision \u00f6ffnen wir Ihnen die T\u00fcr zu ausl\u00e4ndischen Beh\u00f6rden und Institutionen.<\/p>\n\n\n\n<div class=\"wp-block-buttons is-content-justification-center is-layout-flex wp-container-core-buttons-is-layout-d234f690 wp-block-buttons-is-layout-flex\" style=\"margin-top:var(--wp--preset--spacing--50);margin-bottom:var(--wp--preset--spacing--50)\">\n<div class=\"wp-block-button has-custom-font-size has-large-font-size\"><a class=\"wp-block-button__link has-accent-1-background-color has-background wp-element-button\" href=\"https:\/\/euro-text.com\/de\/kontakt\/\" style=\"box-shadow:var(--wp--preset--shadow--natural)\">KONTAKT<\/a><\/div>\n<\/div>\n<\/div>\n<\/div>\n\n<div class=\"wp-block-group alignfull has-custom-color-1-gradient-background has-background has-global-padding is-layout-constrained wp-container-core-group-is-layout-94e519ba wp-block-group-is-layout-constrained\" style=\"padding-top:var(--wp--preset--spacing--80);padding-right:var(--wp--preset--spacing--40);padding-bottom:var(--wp--preset--spacing--80);padding-left:var(--wp--preset--spacing--40)\">\n<h2 class=\"wp-block-heading\" style=\"font-size:clamp(27.894px, 1.743rem + ((1vw - 3.2px) * 1.971), 48px);\">Beglaubigte \u00dcbersetzung: Rechtsg\u00fcltigkeit f\u00fcr Ihre Dokumente im Ausland<\/h2>\n\n\n\n<p>Bei Eurotext wissen wir, dass <strong>beglaubigte \u00dcbersetzungen <\/strong> h\u00f6chste Pr\u00e4zision verlangen. Wir sorgen daf\u00fcr, dass Ihre Dokumente und Urkunden alle Anforderungen erf\u00fcllen, die f\u00fcr die Rechtsg\u00fcltigkeit im Zielland n\u00f6tig sind. Unsere beglaubigten \u00dcbersetzungen erf\u00fcllen alle rechtlichen Anforderungen, von der Geburtsurkunde bis hin zum internationalen Vertrag. Unsere vereidigten \u00dcbersetzer sind beim Spanischen Au\u00dfenministerium akkreditiert. So stellen wir sicher, dass jedes Dokument seine Rechtsg\u00fcltigkeit beh\u00e4lt und an seinem Bestimmungsort amtlich anerkannt wird.<\/p>\n\n\n\n<p>Unser Motto: <strong><em>Juristische Pr\u00e4zision und kundenfreundlicher Service<\/em>.<\/strong> Von Valladolid aus fertigen wir f\u00fcr Sie offiziell anerkannte \u00dcbersetzungen an, die Ihre Antr\u00e4ge und Verfahren beschleunigen und Ihnen Sicherheit geben. Ben\u00f6tigen Sie \u00dcbersetzungen, die von den Beh\u00f6rden anerkannt werden? Bei Eurotext sind Sie in den besten H\u00e4nden.<\/p>\n<\/div>\n\n<div class=\"wp-block-group alignfull has-global-padding is-layout-constrained wp-container-core-group-is-layout-94e519ba wp-block-group-is-layout-constrained\" style=\"padding-top:var(--wp--preset--spacing--80);padding-right:var(--wp--preset--spacing--40);padding-bottom:var(--wp--preset--spacing--80);padding-left:var(--wp--preset--spacing--40)\">\n<h2 class=\"wp-block-heading\" style=\"font-size:clamp(27.894px, 1.743rem + ((1vw - 3.2px) * 1.971), 48px);\">Kompetenzbereiche, die uns auszeichnen<\/h2>\n\n\n\n<p>Wir bringen unsere Erfahrung in Ihre Projekte ein und unterst\u00fctzen Sie mit rechtsg\u00fcltigen \u00dcbersetzungen, die von allen \u00c4mtern, Gerichten und Beh\u00f6rden anerkannt werden.<\/p>\n\n\n\n<ul class=\"wp-block-list\">\n<li><strong>Urkunden und Bescheinigungen<\/strong>: Geburts-, Heirats- und Sterbeurkunden.<\/li>\n\n\n\n<li><strong>Zeugnisse und Studiennachweise<\/strong>: Hochschulabschl\u00fcsse, Zeugnisse und Diplome.<\/li>\n\n\n\n<li><strong>Rechtstexte<\/strong>: Vertr\u00e4ge, Vollmachten, Testamente, Gerichtsurteile.<\/li>\n\n\n\n<li><strong>Firmenunterlagen<\/strong>: Satzungen, Vertr\u00e4ge, Handelsregisterausz\u00fcge, Steuerunterlagen.<\/li>\n<\/ul>\n\n\n\n<p>Ben\u00f6tigen Sie eine \u00dcbersetzung f\u00fcr beh\u00f6rdliche Zwecke? Wir unterst\u00fctzen Sie gerne mit beglaubigten \u00dcbersetzungen durch offiziell erm\u00e4chtigte \u00dcbersetzer.<\/p>\n<\/div>\n\n<div class=\"wp-block-group alignfull has-custom-color-1-gradient-background has-background has-global-padding is-layout-constrained wp-container-core-group-is-layout-94e519ba wp-block-group-is-layout-constrained\" style=\"padding-top:var(--wp--preset--spacing--80);padding-right:var(--wp--preset--spacing--40);padding-bottom:var(--wp--preset--spacing--80);padding-left:var(--wp--preset--spacing--40)\">\n<h2 class=\"wp-block-heading\" style=\"font-size:clamp(27.894px, 1.743rem + ((1vw - 3.2px) * 1.971), 48px);\">Warum lohnt es sich, beglaubigte \u00dcbersetzungen bei uns in Auftrag zu geben?<\/h2>\n\n\n\n<ul class=\"wp-block-list\">\n<li><strong>Qualit\u00e4tssicherung<\/strong>: Wir erf\u00fcllen die Anforderungen der ISO 17100. Die internationale Norm ist ein G\u00fctesiegel, das die Genauigkeit und Zuverl\u00e4ssigkeit unserer Arbeit garantiert.<\/li>\n\n\n\n<li><strong>Vereidigte \u00dcbersetzer<\/strong>: Unsere \u00dcbersetzer sind offiziell erm\u00e4chtigt. Sie \u00fcbersetzen und beglaubigen Ihre Dokumente schnell und zuverl\u00e4ssig.<\/li>\n\n\n\n<li><strong>Pr\u00e4zision bis ins Detail<\/strong>: Jeder Begriff und jedes Detail wird gr\u00fcndlich gepr\u00fcft, damit Ihre \u00dcbersetzung alle Vorschriften und formellen Vorgaben erf\u00fcllt.<\/li>\n\n\n\n<li><strong>Effektiver Service vor Ort<\/strong>: Von Valladolid aus unterst\u00fctzen wir Sie mit einem schnellen und individuellen Service.<\/li>\n<\/ul>\n<\/div>\n\n<div class=\"wp-block-group alignfull has-base-color has-text-color has-background has-link-color wp-elements-419f5fc51074ec22c477cf8f6bb26673 has-global-padding is-layout-constrained wp-container-core-group-is-layout-11f9da37 wp-block-group-is-layout-constrained\" style=\"background:linear-gradient(0deg,rgb(0,78,82) 0%,rgb(111,192,194) 100%);margin-top:0;margin-bottom:0;padding-top:var(--wp--preset--spacing--80);padding-right:var(--wp--preset--spacing--40);padding-bottom:var(--wp--preset--spacing--80);padding-left:var(--wp--preset--spacing--40)\">\n<h2 class=\"wp-block-heading has-text-align-center has-base-color has-text-color has-link-color has-xx-large-font-size wp-elements-9cb2183ccf1403325df63557e3679aee\">Beglaubigte \u00dcbersetzungen ohne Grenzen<\/h2>\n\n\n\n<p class=\"has-text-align-center has-large-font-size\">Gerne beraten wir \u00fcber die Voraussetzungen f\u00fcr die offizielle Anerkennung Ihrer \u00dcbersetzungen in Spanien. Eurotext unterst\u00fctzt Sie mit beglaubigten \u00dcbersetzungen, die von ausl\u00e4ndischen Beh\u00f6rden anerkannt werden.<\/p>\n\n\n\n<div class=\"wp-block-buttons is-content-justification-center is-layout-flex wp-container-core-buttons-is-layout-a6d9f191 wp-block-buttons-is-layout-flex\" style=\"margin-top:var(--wp--preset--spacing--40);margin-bottom:var(--wp--preset--spacing--40)\">\n<div class=\"wp-block-button\"><a class=\"wp-block-button__link has-accent-2-background-color has-background wp-element-button\" href=\"https:\/\/euro-text.com\/de\/kontakt\/\" style=\"box-shadow:var(--wp--preset--shadow--deep)\">KONTAKT<\/a><\/div>\n<\/div>\n<\/div>\n","protected":false},"excerpt":{"rendered":"<p>Beglaubigte \u00dcbersetzungen Bei Eurotext \u00fcbersetzen wir Ihre offiziellen Dokumente in internationale Erfolge. Wenn Sie rechtsg\u00fcltige beglaubigte \u00dcbersetzungen ben\u00f6tigen, k\u00f6nnen Sie auf unser lokales Team vertrauen. Mit Professionalit\u00e4t und Pr\u00e4zision \u00f6ffnen wir Ihnen die T\u00fcr zu ausl\u00e4ndischen Beh\u00f6rden und Institutionen. Beglaubigte \u00dcbersetzung: Rechtsg\u00fcltigkeit f\u00fcr Ihre Dokumente im Ausland Bei Eurotext wissen wir, dass beglaubigte \u00dcbersetzungen h\u00f6chste [&hellip;]<\/p>\n","protected":false},"author":1,"featured_media":0,"parent":1204,"menu_order":0,"comment_status":"closed","ping_status":"closed","template":"page-no-title","meta":{"_seopress_robots_primary_cat":"","_seopress_titles_title":"","_seopress_titles_desc":"","_seopress_robots_index":"","footnotes":""},"class_list":["post-1195","page","type-page","status-publish","hentry"],"_links":{"self":[{"href":"https:\/\/euro-text.com\/de\/wp-json\/wp\/v2\/pages\/1195","targetHints":{"allow":["GET"]}}],"collection":[{"href":"https:\/\/euro-text.com\/de\/wp-json\/wp\/v2\/pages"}],"about":[{"href":"https:\/\/euro-text.com\/de\/wp-json\/wp\/v2\/types\/page"}],"author":[{"embeddable":true,"href":"https:\/\/euro-text.com\/de\/wp-json\/wp\/v2\/users\/1"}],"replies":[{"embeddable":true,"href":"https:\/\/euro-text.com\/de\/wp-json\/wp\/v2\/comments?post=1195"}],"version-history":[{"count":5,"href":"https:\/\/euro-text.com\/de\/wp-json\/wp\/v2\/pages\/1195\/revisions"}],"predecessor-version":[{"id":1236,"href":"https:\/\/euro-text.com\/de\/wp-json\/wp\/v2\/pages\/1195\/revisions\/1236"}],"up":[{"embeddable":true,"href":"https:\/\/euro-text.com\/de\/wp-json\/wp\/v2\/pages\/1204"}],"wp:attachment":[{"href":"https:\/\/euro-text.com\/de\/wp-json\/wp\/v2\/media?parent=1195"}],"curies":[{"name":"wp","href":"https:\/\/api.w.org\/{rel}","templated":true}]}}