{"id":1197,"date":"2025-03-13T13:18:04","date_gmt":"2025-03-13T12:18:04","guid":{"rendered":"https:\/\/euro-text.com\/fachuebersetzungen\/"},"modified":"2025-05-14T14:13:33","modified_gmt":"2025-05-14T12:13:33","slug":"fachuebersetzungen","status":"publish","type":"page","link":"https:\/\/euro-text.com\/de\/uebersetzung\/fachuebersetzungen\/","title":{"rendered":"Fach\u00fcbersetzungen"},"content":{"rendered":"\n<div class=\"wp-block-group alignfull has-global-padding is-layout-constrained wp-container-core-group-is-layout-020e0ace wp-block-group-is-layout-constrained\" style=\"padding-top:var(--wp--preset--spacing--60);padding-right:var(--wp--preset--spacing--40);padding-bottom:var(--wp--preset--spacing--60);padding-left:var(--wp--preset--spacing--40)\">\n<div class=\"wp-block-group alignwide is-vertical is-content-justification-center is-layout-flex wp-container-core-group-is-layout-fa38c63a wp-block-group-is-layout-flex\" style=\"min-height:50vh\">\n<h1 class=\"wp-block-heading has-text-align-center\" style=\"font-size:clamp(46.987px, 2.937rem + ((1vw - 3.2px) * 4.413), 92px);\">Fach\u00fcbersetzungen<\/h1>\n\n\n\n<p class=\"has-text-align-center\" style=\"font-size:clamp(14.642px, 0.915rem + ((1vw - 3.2px) * 0.721), 22px);\">Bei Eurotext \u00fcbersetzen wir Ihre Fachtexte in internationale Erfolge. Wenn Sie Experten f\u00fcr anspruchsvolle \u00dcbersetzungen suchen, ist unser Team vor Ort, um Ihre Fachtexte klar und zielgerichtet zu \u00fcbermitteln.<\/p>\n\n\n\n<div class=\"wp-block-buttons is-content-justification-center is-layout-flex wp-container-core-buttons-is-layout-d234f690 wp-block-buttons-is-layout-flex\" style=\"margin-top:var(--wp--preset--spacing--50);margin-bottom:var(--wp--preset--spacing--50)\">\n<div class=\"wp-block-button has-custom-font-size has-large-font-size\"><a class=\"wp-block-button__link has-accent-1-background-color has-background wp-element-button\" href=\"https:\/\/euro-text.com\/de\/kontakt\/\" style=\"box-shadow:var(--wp--preset--shadow--natural)\">KONTAKT<\/a><\/div>\n<\/div>\n<\/div>\n<\/div>\n\n<div class=\"wp-block-group alignfull has-custom-color-1-gradient-background has-background has-global-padding is-layout-constrained wp-container-core-group-is-layout-94e519ba wp-block-group-is-layout-constrained\" style=\"padding-top:var(--wp--preset--spacing--80);padding-right:var(--wp--preset--spacing--40);padding-bottom:var(--wp--preset--spacing--80);padding-left:var(--wp--preset--spacing--40)\">\n<h2 class=\"wp-block-heading\" style=\"font-size:clamp(27.894px, 1.743rem + ((1vw - 3.2px) * 1.971), 48px);\">Fach\u00fcbersetzungen &#8211;  akkurat und verst\u00e4ndlich<\/h2>\n\n\n\n<p>Bei Eurotext wissen wir, dass <strong>Fachtexte<\/strong> nicht 1:1 \u00fcbersetzt werden k\u00f6nnen. Dazu braucht es Sachkenntnis und Sprachkompetenz. Wir sind auf Fachtexte spezialisiert, die fundiertes Wissen und einen sicheren Umgang mit der Terminologie erfordern. Ganz gleich, ob es sich um Bedienungsanleitungen, Vertr\u00e4ge oder medizinische Gutachten handelt &#8211; unser Team aus muttersprachlichen Fach\u00fcbersetzern macht komplexe Zusammenh\u00e4nge verst\u00e4ndlich, damit Ihre Dokumentation \u00fcberall auf der Welt sprachlich und fachlich \u00fcberzeugt.<\/p>\n\n\n\n<p>Dabei legen wir besonderen Wert auf <em>fachliche Kompetenz und auf einen kundenfreundlichen Service<\/em>. Von Valladolid aus bieten wir Ihnen einen individuellen Service, der die Besonderheiten Ihrer Branche ber\u00fccksichtigt und Ihre Erwartungen in den Mittelpunkt stellt. Sollen Ihre Fachtexte auch in anderen Sprachen \u00fcberzeugen? Dann sind Sie bei Eurotext in guten H\u00e4nden.<\/p>\n<\/div>\n\n<div class=\"wp-block-group alignfull has-global-padding is-layout-constrained wp-container-core-group-is-layout-94e519ba wp-block-group-is-layout-constrained\" style=\"padding-top:var(--wp--preset--spacing--80);padding-right:var(--wp--preset--spacing--40);padding-bottom:var(--wp--preset--spacing--80);padding-left:var(--wp--preset--spacing--40)\">\n<h2 class=\"wp-block-heading\" style=\"font-size:clamp(27.894px, 1.743rem + ((1vw - 3.2px) * 1.971), 48px);\">Kompetenzbereiche, die uns auszeichnen<\/h2>\n\n\n\n<p>Wir bringen unsere Branchenkompetenz und -erfahrung in Ihre Projekte ein und \u00fcbersetzen Ihre Fachtexte sprachlich und fachlich korrekt.<\/p>\n\n\n\n<ul class=\"wp-block-list\">\n<li><strong>Industrie und Technologie<\/strong>: Softwaredokumentation, Bedienungsanleitungen, technische Dokumentation, Schulungsunterlagen.<\/li>\n\n\n\n<li><strong>Medizin<\/strong>: Klinische Studien, Datenbl\u00e4tter, Gutachten, Protokolle.<\/li>\n\n\n\n<li><strong>Maschinenbau<\/strong>: Installationsanweisungen, Wartungshandb\u00fccher, Zertifizierungen.<\/li>\n\n\n\n<li><strong>Recht und Finanzen<\/strong>: Vertr\u00e4ge, Bilanzen, Gerichtsentscheidungen.<br\/><br\/>Hat Ihr Projekt besondere Anforderungen? Wir haben die passende L\u00f6sung f\u00fcr jede fachspezifische Herausforderung.<\/li>\n<\/ul>\n<\/div>\n\n<div class=\"wp-block-group alignfull has-custom-color-1-gradient-background has-background has-global-padding is-layout-constrained wp-container-core-group-is-layout-94e519ba wp-block-group-is-layout-constrained\" style=\"padding-top:var(--wp--preset--spacing--80);padding-right:var(--wp--preset--spacing--40);padding-bottom:var(--wp--preset--spacing--80);padding-left:var(--wp--preset--spacing--40)\">\n<h2 class=\"wp-block-heading\" style=\"font-size:clamp(27.894px, 1.743rem + ((1vw - 3.2px) * 1.971), 48px);\">Warum lohnt es sich, Ihre Fach\u00fcbersetzungen bei uns in Auftrag zu geben?<\/h2>\n\n\n\n<ul class=\"wp-block-list\">\n<li><strong>Qualit\u00e4tssicherung<\/strong>: Wir erf\u00fcllen die Anforderungen der ISO 17100. Die internationale Norm ist ein G\u00fctesiegel, das die Genauigkeit und Zuverl\u00e4ssigkeit unserer Arbeit garantiert.<\/li>\n\n\n\n<li><strong>Linguisten mit Branchenkenntnis<\/strong>: Unsere \u00dcbersetzerinnen und \u00dcbersetzer bringen eine fachliche Spezialisierung in verschiedenen technischen Bereichen wie Elektronik, Maschinenbau, Medizin oder Recht mit und sind mit der Fachsprache und der Terminologie der jeweiligen Branche bestens vertraut.<\/li>\n\n\n\n<li><strong>Pr\u00e4zision bis ins kleinste Detail<\/strong>: Wir \u00fcberpr\u00fcfen jeden Begriff, damit Ihre Inhalte korrekt und fachgerecht \u00fcbersetzt werden.<\/li>\n\n\n\n<li><strong>Lokalisierung mit Herz<\/strong>: Wir werden der fachlichen Komplexit\u00e4t Ihrer Texte gerecht und adaptieren sie dar\u00fcber hinaus an die kulturellen Gepflogenheiten Ihres Zielpublikums.<\/li>\n<\/ul>\n<\/div>\n\n<div class=\"wp-block-group alignfull has-base-color has-text-color has-background has-link-color wp-elements-b5bad0b1adf451849c488c3be0d151ad has-global-padding is-layout-constrained wp-container-core-group-is-layout-11f9da37 wp-block-group-is-layout-constrained\" style=\"background:linear-gradient(0deg,rgb(0,78,82) 0%,rgb(111,192,194) 100%);margin-top:0;margin-bottom:0;padding-top:var(--wp--preset--spacing--80);padding-right:var(--wp--preset--spacing--40);padding-bottom:var(--wp--preset--spacing--80);padding-left:var(--wp--preset--spacing--40)\">\n<h2 class=\"wp-block-heading has-text-align-center has-base-color has-text-color has-link-color has-xx-large-font-size wp-elements-6c0980b6f24881d5a622a0c41699edb6\">Fachkommunikation ohne Grenzen<\/h2>\n\n\n\n<p class=\"has-text-align-center has-large-font-size\">Lassen Sie nicht zu, dass Sprachbarrieren Ihnen den Weg zum Erfolg versperren. Mit Fach\u00fcbersetzungen von Eurotext schaffen Sie Vertrauen in Ihre Marke und er\u00f6ffnen neue Gesch\u00e4ftsm\u00f6glichkeiten auf internationalen M\u00e4rkten.<\/p>\n\n\n\n<div class=\"wp-block-buttons is-content-justification-center is-layout-flex wp-container-core-buttons-is-layout-a6d9f191 wp-block-buttons-is-layout-flex\" style=\"margin-top:var(--wp--preset--spacing--40);margin-bottom:var(--wp--preset--spacing--40)\">\n<div class=\"wp-block-button\"><a class=\"wp-block-button__link has-accent-2-background-color has-background wp-element-button\" href=\"https:\/\/euro-text.com\/de\/kontakt\/\" style=\"box-shadow:var(--wp--preset--shadow--deep)\">KONTAKT<\/a><\/div>\n<\/div>\n<\/div>\n","protected":false},"excerpt":{"rendered":"<p>Fach\u00fcbersetzungen Bei Eurotext \u00fcbersetzen wir Ihre Fachtexte in internationale Erfolge. Wenn Sie Experten f\u00fcr anspruchsvolle \u00dcbersetzungen suchen, ist unser Team vor Ort, um Ihre Fachtexte klar und zielgerichtet zu \u00fcbermitteln. Fach\u00fcbersetzungen &#8211; akkurat und verst\u00e4ndlich Bei Eurotext wissen wir, dass Fachtexte nicht 1:1 \u00fcbersetzt werden k\u00f6nnen. Dazu braucht es Sachkenntnis und Sprachkompetenz. Wir sind auf [&hellip;]<\/p>\n","protected":false},"author":1,"featured_media":0,"parent":1204,"menu_order":0,"comment_status":"closed","ping_status":"closed","template":"page-no-title","meta":{"_seopress_robots_primary_cat":"","_seopress_titles_title":"","_seopress_titles_desc":"","_seopress_robots_index":"","footnotes":""},"class_list":["post-1197","page","type-page","status-publish","hentry"],"_links":{"self":[{"href":"https:\/\/euro-text.com\/de\/wp-json\/wp\/v2\/pages\/1197","targetHints":{"allow":["GET"]}}],"collection":[{"href":"https:\/\/euro-text.com\/de\/wp-json\/wp\/v2\/pages"}],"about":[{"href":"https:\/\/euro-text.com\/de\/wp-json\/wp\/v2\/types\/page"}],"author":[{"embeddable":true,"href":"https:\/\/euro-text.com\/de\/wp-json\/wp\/v2\/users\/1"}],"replies":[{"embeddable":true,"href":"https:\/\/euro-text.com\/de\/wp-json\/wp\/v2\/comments?post=1197"}],"version-history":[{"count":5,"href":"https:\/\/euro-text.com\/de\/wp-json\/wp\/v2\/pages\/1197\/revisions"}],"predecessor-version":[{"id":1234,"href":"https:\/\/euro-text.com\/de\/wp-json\/wp\/v2\/pages\/1197\/revisions\/1234"}],"up":[{"embeddable":true,"href":"https:\/\/euro-text.com\/de\/wp-json\/wp\/v2\/pages\/1204"}],"wp:attachment":[{"href":"https:\/\/euro-text.com\/de\/wp-json\/wp\/v2\/media?parent=1197"}],"curies":[{"name":"wp","href":"https:\/\/api.w.org\/{rel}","templated":true}]}}