{"id":1199,"date":"2025-03-13T12:52:22","date_gmt":"2025-03-13T11:52:22","guid":{"rendered":"https:\/\/euro-text.com\/dolmetschen\/"},"modified":"2025-05-15T13:24:19","modified_gmt":"2025-05-15T11:24:19","slug":"dolmetschen","status":"publish","type":"page","link":"https:\/\/euro-text.com\/de\/dolmetschen\/","title":{"rendered":"Dolmetschen:"},"content":{"rendered":"\n<div class=\"wp-block-group alignfull has-global-padding is-layout-constrained wp-container-core-group-is-layout-020e0ace wp-block-group-is-layout-constrained\" style=\"padding-top:var(--wp--preset--spacing--60);padding-right:var(--wp--preset--spacing--40);padding-bottom:var(--wp--preset--spacing--60);padding-left:var(--wp--preset--spacing--40)\">\n<div class=\"wp-block-group alignwide is-vertical is-content-justification-center is-layout-flex wp-container-core-group-is-layout-fa38c63a wp-block-group-is-layout-flex\" style=\"min-height:50vh\">\n<h1 class=\"wp-block-heading has-text-align-center\" style=\"font-size:clamp(46.987px, 2.937rem + ((1vw - 3.2px) * 4.413), 92px);\">Wir sind die Alchemisten der Kommunikation<\/h1>\n\n\n\n<p class=\"has-text-align-center\" style=\"font-size:clamp(14.642px, 0.915rem + ((1vw - 3.2px) * 0.721), 22px);\">Internationale Kongresse? Wir verwandeln sie in eine Show der Verst\u00e4ndigung! Firmenmeetings? Wir machen sie so dynamisch wie einen Flamencoabend in Sevilla! Vertrauen schaffen und Menschen verbinden.<\/p>\n\n\n\n<div class=\"wp-block-buttons is-content-justification-center is-layout-flex wp-container-core-buttons-is-layout-d234f690 wp-block-buttons-is-layout-flex\" style=\"margin-top:var(--wp--preset--spacing--50);margin-bottom:var(--wp--preset--spacing--50)\">\n<div class=\"wp-block-button has-custom-font-size has-large-font-size\"><a class=\"wp-block-button__link has-accent-1-background-color has-background wp-element-button\" href=\"https:\/\/euro-text.com\/de\/kontakt\/\" style=\"box-shadow:var(--wp--preset--shadow--natural)\">KONTAKT<\/a><\/div>\n<\/div>\n<\/div>\n<\/div>\n\n<div class=\"wp-block-group alignfull has-custom-color-1-gradient-background has-background has-global-padding is-layout-constrained wp-container-core-group-is-layout-94e519ba wp-block-group-is-layout-constrained\" style=\"padding-top:var(--wp--preset--spacing--80);padding-right:var(--wp--preset--spacing--40);padding-bottom:var(--wp--preset--spacing--80);padding-left:var(--wp--preset--spacing--40)\">\n<h2 class=\"wp-block-heading\" style=\"font-size:clamp(27.894px, 1.743rem + ((1vw - 3.2px) * 1.971), 48px);\">Unsere Dolmetscher verstehen Sie &#8211; selbst wenn Sie fl\u00fcstern<\/h2>\n\n\n\n<p>Machen Sie mehr aus Ihrem Event!  Wir dolmetschen nicht nur, wir begeistern! Unsere Dolmetscher finden immer die richtigen Worte, um Ihr Publikum zu inspirieren. Gro\u00dfe Kongresse? Wir rocken sie! Wichtige Meetings? Wir machen sie zu unvergesslichen Erlebnissen! Und das alles mit der Sympathie und Warmherzigkeit, die nur ein Team aus Valladolid bieten kann. Machen Sie sich bereit f\u00fcr Ihren Erfolg in Spanien!<\/p>\n\n\n\n<p>Muttersprachliche Dolmetscher mit mehr Talent als die Kandidaten bei &#8222;The Voice&#8220; stehen Ihnen als kompetente Partner zur Seite. Machen Sie sich bereit f\u00fcr Ihren Erfolg in Spanien! (Und ja, wir verstehen auch Ihr Augenzwinkern).<\/p>\n<\/div>\n\n<div class=\"wp-block-group alignfull has-global-padding is-layout-constrained wp-container-core-group-is-layout-94e519ba wp-block-group-is-layout-constrained\" style=\"padding-top:var(--wp--preset--spacing--80);padding-right:var(--wp--preset--spacing--40);padding-bottom:var(--wp--preset--spacing--80);padding-left:var(--wp--preset--spacing--40)\">\n<h2 class=\"wp-block-heading\" style=\"font-size:clamp(27.894px, 1.743rem + ((1vw - 3.2px) * 1.971), 48px);\">Informieren Sie sich \u00fcber unseren Dolmetscherservice<\/h2>\n\n\n\n<p>Wir haben den passenden <strong>Dolmetscherservice<\/strong> f\u00fcr Ihr Event, ganz gleich ob Ihre Veranstaltung vor Ort oder online stattfindet. Nutzen Sie die Sprachkenntnisse, das umfassende Fachwissen und die interkulturelle Kompetenz unserer Dolmetscherinnen und Dolmetscher, um das Optimum aus Ihrem Event herauszuholen.<\/p>\n\n\n\n<div class=\"wp-block-group alignwide has-global-padding is-layout-constrained wp-block-group-is-layout-constrained\" style=\"margin-top:var(--wp--preset--spacing--60)\">\n<div class=\"wp-block-query alignwide feed-paginas-eurotext is-layout-flow wp-block-query-is-layout-flow\"><\/div>\n<\/div>\n<\/div>\n\n<div class=\"wp-block-group alignfull has-custom-color-1-gradient-background has-background has-global-padding is-layout-constrained wp-container-core-group-is-layout-94e519ba wp-block-group-is-layout-constrained\" style=\"padding-top:var(--wp--preset--spacing--80);padding-right:var(--wp--preset--spacing--40);padding-bottom:var(--wp--preset--spacing--80);padding-left:var(--wp--preset--spacing--40)\">\n<h2 class=\"wp-block-heading\" style=\"font-size:clamp(27.894px, 1.743rem + ((1vw - 3.2px) * 1.971), 48px);\">Welche Vorteile bietet Ihnen Eurotext?<\/h2>\n\n\n\n<ul class=\"wp-block-list\">\n<li><strong>Individuelle Beratung und Betreuung<\/strong>: Wir sind Ihr Team in Spanien und unterst\u00fctzen Sie mit Kompetenz und Erfahrung bei der Vorbereitung und Durchf\u00fchrung Ihrer Veranstaltung. Bei Bedarf stellen wir auch die Dolmetschtechnik zur Verf\u00fcgung.<\/li>\n\n\n\n<li><strong>Erfahrenes Team<\/strong>: Unser Team hat eine langj\u00e4hrige Erfahrung in der Organisation und Durchf\u00fchrung von Dolmetscheins\u00e4tzen und beh\u00e4lt alle Details im Auge.<\/li>\n\n\n\n<li><strong>Top-Dolmetscher<\/strong>: Unsere Konferenzdolmetscher sind echte Profis und bereiten sich ausgiebig auf jeden Einsatz vor. So finden sie auch bei komplexen Themen immer die richtigen Worte.<\/li>\n\n\n\n<li><strong>Alle Veranstaltungsformate<\/strong>: Ganz gleich, ob Sie ein Online-Meeting, ein Seminar, einen Workshop oder einen Kongress planen oder ob Sie Simultan- oder Konsekutivdolmetscher in einer oder mehreren Sprachen ben\u00f6tigen &#8211; wir haben die passende L\u00f6sung f\u00fcr Ihre mehrsprachige Veranstaltung.<\/li>\n<\/ul>\n<\/div>\n\n<div class=\"wp-block-group alignfull has-base-color has-text-color has-background has-link-color wp-elements-ef559b7b6aafa50d936f8130b9b07ec0 has-global-padding is-layout-constrained wp-container-core-group-is-layout-11f9da37 wp-block-group-is-layout-constrained\" style=\"background:linear-gradient(0deg,rgb(0,78,82) 0%,rgb(111,192,194) 100%);margin-top:0;margin-bottom:0;padding-top:var(--wp--preset--spacing--80);padding-right:var(--wp--preset--spacing--40);padding-bottom:var(--wp--preset--spacing--80);padding-left:var(--wp--preset--spacing--40)\">\n<h2 class=\"wp-block-heading has-text-align-center has-base-color has-text-color has-link-color has-xx-large-font-size wp-elements-147934f694102c5324a9411f2ea83ec9\">Machen Sie mehr aus Ihren Events!<\/h2>\n\n\n\n<p class=\"has-text-align-center has-large-font-size\">Mit Eurotext verschwinden die Sprachbarrieren und Ihre Veranstaltung wird zum Erfolgserlebnis. Sind Sie bereit, durchzustarten? (Und ja, wir \u00fcbersetzen auch Wolfsgeheul ins Esperanto).<\/p>\n\n\n\n<div class=\"wp-block-buttons is-content-justification-center is-layout-flex wp-container-core-buttons-is-layout-a6d9f191 wp-block-buttons-is-layout-flex\" style=\"margin-top:var(--wp--preset--spacing--40);margin-bottom:var(--wp--preset--spacing--40)\">\n<div class=\"wp-block-button\"><a class=\"wp-block-button__link has-accent-2-background-color has-background wp-element-button\" href=\"https:\/\/euro-text.com\/de\/kontakt\/\" style=\"box-shadow:var(--wp--preset--shadow--deep)\">KONTAKT<\/a><\/div>\n<\/div>\n<\/div>\n","protected":false},"excerpt":{"rendered":"<p>Wir verwandeln Ihre Kongresse und Tagungen in eine Show der Verst\u00e4ndigung.<\/p>\n","protected":false},"author":1,"featured_media":0,"parent":0,"menu_order":0,"comment_status":"closed","ping_status":"closed","template":"page-no-title","meta":{"_seopress_robots_primary_cat":"","_seopress_titles_title":"","_seopress_titles_desc":"","_seopress_robots_index":"","footnotes":""},"class_list":["post-1199","page","type-page","status-publish","hentry"],"_links":{"self":[{"href":"https:\/\/euro-text.com\/de\/wp-json\/wp\/v2\/pages\/1199","targetHints":{"allow":["GET"]}}],"collection":[{"href":"https:\/\/euro-text.com\/de\/wp-json\/wp\/v2\/pages"}],"about":[{"href":"https:\/\/euro-text.com\/de\/wp-json\/wp\/v2\/types\/page"}],"author":[{"embeddable":true,"href":"https:\/\/euro-text.com\/de\/wp-json\/wp\/v2\/users\/1"}],"replies":[{"embeddable":true,"href":"https:\/\/euro-text.com\/de\/wp-json\/wp\/v2\/comments?post=1199"}],"version-history":[{"count":5,"href":"https:\/\/euro-text.com\/de\/wp-json\/wp\/v2\/pages\/1199\/revisions"}],"predecessor-version":[{"id":1278,"href":"https:\/\/euro-text.com\/de\/wp-json\/wp\/v2\/pages\/1199\/revisions\/1278"}],"wp:attachment":[{"href":"https:\/\/euro-text.com\/de\/wp-json\/wp\/v2\/media?parent=1199"}],"curies":[{"name":"wp","href":"https:\/\/api.w.org\/{rel}","templated":true}]}}