{"id":1204,"date":"2025-02-13T18:39:12","date_gmt":"2025-02-13T17:39:12","guid":{"rendered":"https:\/\/euro-text.com\/uebersetzung\/"},"modified":"2025-05-14T13:56:00","modified_gmt":"2025-05-14T11:56:00","slug":"uebersetzung","status":"publish","type":"page","link":"https:\/\/euro-text.com\/de\/uebersetzung\/","title":{"rendered":"\u00dcbersetzung"},"content":{"rendered":"\n<div class=\"wp-block-group alignfull has-global-padding is-layout-constrained wp-container-core-group-is-layout-020e0ace wp-block-group-is-layout-constrained\" style=\"padding-top:var(--wp--preset--spacing--60);padding-right:var(--wp--preset--spacing--40);padding-bottom:var(--wp--preset--spacing--60);padding-left:var(--wp--preset--spacing--40)\">\n<div class=\"wp-block-group alignwide is-vertical is-content-justification-center is-layout-flex wp-container-core-group-is-layout-fa38c63a wp-block-group-is-layout-flex\" style=\"min-height:50vh\">\n<h1 class=\"wp-block-heading has-text-align-center\" style=\"font-size:clamp(46.987px, 2.937rem + ((1vw - 3.2px) * 4.413), 92px);\">Hier spricht Valladolid!<\/h1>\n\n\n\n<p class=\"has-text-align-center\" style=\"font-size:clamp(14.642px, 0.915rem + ((1vw - 3.2px) * 0.721), 22px);\">Ihr Unternehmen will den spanischen Markt erobern, aber Ihre Texte k\u00e4mpfen immer noch gegen Windm\u00fchlen? Keine Panik! Wir sprechen alle Sprachen, darunter auch die Sprache von Don Quichotte. Wir \u00fcbersetzen Ihre Texte mit dem Temperament von Carlos Alcaraz und der Eleganz eines edlen Rioja-Weins. Sprechen Sie uns an und machen Sie sich bereit f\u00fcr Ihren Gesch\u00e4ftserfolg in Spanien!<\/p>\n\n\n\n<div class=\"wp-block-buttons is-content-justification-center is-layout-flex wp-container-core-buttons-is-layout-d234f690 wp-block-buttons-is-layout-flex\" style=\"margin-top:var(--wp--preset--spacing--50);margin-bottom:var(--wp--preset--spacing--50)\">\n<div class=\"wp-block-button has-custom-font-size has-large-font-size\"><a class=\"wp-block-button__link has-accent-1-background-color has-background wp-element-button\" href=\"https:\/\/euro-text.com\/de\/kontakt\/\" style=\"box-shadow:var(--wp--preset--shadow--natural)\">KONTAKT<\/a><\/div>\n<\/div>\n<\/div>\n<\/div>\n\n<div class=\"wp-block-group alignfull has-custom-color-1-gradient-background has-background has-global-padding is-layout-constrained wp-container-core-group-is-layout-94e519ba wp-block-group-is-layout-constrained\" style=\"padding-top:var(--wp--preset--spacing--80);padding-right:var(--wp--preset--spacing--40);padding-bottom:var(--wp--preset--spacing--80);padding-left:var(--wp--preset--spacing--40)\">\n<h2 class=\"wp-block-heading\" style=\"font-size:clamp(27.894px, 1.743rem + ((1vw - 3.2px) * 1.971), 48px);\">Bei Eurotext \u00fcbersetzen wir nicht, wir begeistern!<\/h2>\n\n\n\n<p>Mit \u00dcbersetzungen, die beeindrucken und animieren, heben wir Ihre Marke hervor. Technische Dokumente? Wir machen sie unwiderstehlich! Multimedia-Content? Wir machen daraus eine Show! Und das alles mit der Freundlichkeit, die nur ein Team aus Valladolid bieten kann. Machen Sie sich bereit f\u00fcr Ihren Erfolg in Spanien! (Und ja, wir \u00fcbersetzen auch Komplimente).<\/p>\n\n\n\n<p>Wir sind die Sprachalchemisten von Valladolid. Wir \u00fcbersetzen Ihre Worte in Br\u00fccken, die Kulturen verbinden. M\u00f6chten Sie, dass Ihre Message h\u00f6her fliegt als die T\u00fcrme der Sagrada Familia? Sprechen Sie uns an und entdecken die Power einer kreativen \u00dcbersetzung!<\/p>\n<\/div>\n\n<div class=\"wp-block-group alignfull has-global-padding is-layout-constrained wp-container-core-group-is-layout-94e519ba wp-block-group-is-layout-constrained\" style=\"padding-top:var(--wp--preset--spacing--80);padding-right:var(--wp--preset--spacing--40);padding-bottom:var(--wp--preset--spacing--80);padding-left:var(--wp--preset--spacing--40)\">\n<h2 class=\"wp-block-heading\" style=\"font-size:clamp(27.894px, 1.743rem + ((1vw - 3.2px) * 1.971), 48px);\">Entdecken Sie unser Serviceangebot<\/h2>\n\n\n\n<p>Wir bieten Ihnen ein umfassendes Angebot an <strong>\u00dcbersetzungsdienstleistungen<\/strong>, die Ihr Projekt und Ihr Unternehmen voranbringen. Finden Sie heraus, was wir f\u00fcr Sie tun k\u00f6nnen!<\/p>\n\n\n\n<div class=\"wp-block-group alignwide has-global-padding is-layout-constrained wp-block-group-is-layout-constrained\" style=\"margin-top:var(--wp--preset--spacing--60)\">\n<div class=\"wp-block-query alignwide feed-paginas-eurotext is-layout-flow wp-block-query-is-layout-flow\"><\/div>\n<\/div>\n<\/div>\n\n<div class=\"wp-block-group alignfull has-custom-color-1-gradient-background has-background has-global-padding is-layout-constrained wp-container-core-group-is-layout-94e519ba wp-block-group-is-layout-constrained\" style=\"padding-top:var(--wp--preset--spacing--80);padding-right:var(--wp--preset--spacing--40);padding-bottom:var(--wp--preset--spacing--80);padding-left:var(--wp--preset--spacing--40)\">\n<h2 class=\"wp-block-heading\" style=\"font-size:clamp(27.894px, 1.743rem + ((1vw - 3.2px) * 1.971), 48px);\">Warum es sich lohnt, Eurotext zu vertrauen:<\/h2>\n\n\n\n<ul class=\"wp-block-list\">\n<li><strong>In Spanien vor Ort<\/strong>: Wir sind Ihr Team in Valladolid im Herzen von Spanien und bieten Ihnen einen individuellen Service, bei dem Ihre Priorit\u00e4ten im Mittelpunkt stehen.<\/li>\n\n\n\n<li><strong>Qualit\u00e4tssicherung<\/strong>: Wir arbeiten nach der ISO 17100, der internationalen Norm f\u00fcr \u00dcbersetzungsdienstleistungen. Damit sorgen wir f\u00fcr einwandfreie \u00dcbersetzungen bei allen Projekten.<\/li>\n\n\n\n<li><strong>Sprachexperten an Ihrer Seite<\/strong>: Muttersprachliche Linguistinnen und Linguisten, die Ihre Texte pr\u00e4zise und authentisch \u00fcbersetzen.<\/li>\n\n\n\n<li><strong>Umfassendes Angebot<\/strong>: Von Fach\u00fcbersetzungen bis zu Untertiteln und Adaptionen &#8211; alles aus einer Hand.<\/li>\n<\/ul>\n<\/div>\n\n<div class=\"wp-block-group alignfull has-base-color has-text-color has-background has-link-color wp-elements-0e441077893c304fa6829161a34689f3 has-global-padding is-layout-constrained wp-container-core-group-is-layout-11f9da37 wp-block-group-is-layout-constrained\" style=\"background:linear-gradient(0deg,rgb(0,78,82) 0%,rgb(111,192,194) 100%);margin-top:0;margin-bottom:0;padding-top:var(--wp--preset--spacing--80);padding-right:var(--wp--preset--spacing--40);padding-bottom:var(--wp--preset--spacing--80);padding-left:var(--wp--preset--spacing--40)\">\n<h2 class=\"wp-block-heading has-text-align-center has-base-color has-text-color has-link-color has-xx-large-font-size wp-elements-d5ffff65f62996c05167a848ecfd3996\">Vorhang auf, hier kommt Eurotext!<\/h2>\n\n\n\n<p class=\"has-text-align-center has-large-font-size\">Klingen Ihre \u00dcbersetzungen wie ein kaputter Roboter? Keine Sorge! In Valladolid haben wir muttersprachliche \u00dcbersetzer, die mehr Farbe in ihre Texte bringen als ein Film von Pedro Almod\u00f3var.<\/p>\n\n\n\n<div class=\"wp-block-buttons is-content-justification-center is-layout-flex wp-container-core-buttons-is-layout-a6d9f191 wp-block-buttons-is-layout-flex\" style=\"margin-top:var(--wp--preset--spacing--40);margin-bottom:var(--wp--preset--spacing--40)\">\n<div class=\"wp-block-button\"><a class=\"wp-block-button__link has-accent-2-background-color has-background wp-element-button\" href=\"https:\/\/euro-text.com\/de\/kontakt\/\" style=\"box-shadow:var(--wp--preset--shadow--deep)\">KONTAKT<\/a><\/div>\n<\/div>\n<\/div>\n","protected":false},"excerpt":{"rendered":"<p>Wir \u00fcbersetzen Ihre Worte in Br\u00fccken, die Kulturen verbinden.<\/p>\n","protected":false},"author":1,"featured_media":0,"parent":0,"menu_order":0,"comment_status":"closed","ping_status":"closed","template":"page-no-title","meta":{"_seopress_robots_primary_cat":"","_seopress_titles_title":"","_seopress_titles_desc":"","_seopress_robots_index":"","footnotes":""},"class_list":["post-1204","page","type-page","status-publish","hentry"],"_links":{"self":[{"href":"https:\/\/euro-text.com\/de\/wp-json\/wp\/v2\/pages\/1204","targetHints":{"allow":["GET"]}}],"collection":[{"href":"https:\/\/euro-text.com\/de\/wp-json\/wp\/v2\/pages"}],"about":[{"href":"https:\/\/euro-text.com\/de\/wp-json\/wp\/v2\/types\/page"}],"author":[{"embeddable":true,"href":"https:\/\/euro-text.com\/de\/wp-json\/wp\/v2\/users\/1"}],"replies":[{"embeddable":true,"href":"https:\/\/euro-text.com\/de\/wp-json\/wp\/v2\/comments?post=1204"}],"version-history":[{"count":5,"href":"https:\/\/euro-text.com\/de\/wp-json\/wp\/v2\/pages\/1204\/revisions"}],"predecessor-version":[{"id":1216,"href":"https:\/\/euro-text.com\/de\/wp-json\/wp\/v2\/pages\/1204\/revisions\/1216"}],"wp:attachment":[{"href":"https:\/\/euro-text.com\/de\/wp-json\/wp\/v2\/media?parent=1204"}],"curies":[{"name":"wp","href":"https:\/\/api.w.org\/{rel}","templated":true}]}}