{"id":1206,"date":"2025-02-13T08:58:33","date_gmt":"2025-02-13T07:58:33","guid":{"rendered":"https:\/\/euro-text.com\/home\/"},"modified":"2025-05-15T13:19:30","modified_gmt":"2025-05-15T11:19:30","slug":"home","status":"publish","type":"page","link":"https:\/\/euro-text.com\/de\/","title":{"rendered":"Home"},"content":{"rendered":"\n<div class=\"wp-block-group alignfull has-global-padding is-layout-constrained wp-container-core-group-is-layout-94e519ba wp-block-group-is-layout-constrained\" style=\"padding-top:var(--wp--preset--spacing--80);padding-right:var(--wp--preset--spacing--40);padding-bottom:var(--wp--preset--spacing--80);padding-left:var(--wp--preset--spacing--40)\">\n<div class=\"wp-block-group alignwide is-vertical is-content-justification-center is-layout-flex wp-container-core-group-is-layout-fa38c63a wp-block-group-is-layout-flex\" style=\"min-height:50vh\">\n<h1 class=\"wp-block-heading has-text-align-center has-custom-1-font-size\">Ihr \u00dcbersetzungsb\u00fcro in Spanien<\/h1>\n\n\n\n<p class=\"has-text-align-center has-large-font-size\">Mit hochwertigen \u00dcbersetzungen und optimierten Workflows unterst\u00fctzen wir internationale Unternehmen. Vertrauen Sie bei \u00dcbersetzungen ins Spanische auf unser lokales Team in Valladolid und den R\u00fcckhalt einer nationalen Unternehmensgruppe. <\/p>\n\n\n\n<div class=\"wp-block-buttons is-content-justification-center is-layout-flex wp-container-core-buttons-is-layout-d234f690 wp-block-buttons-is-layout-flex\" style=\"margin-top:var(--wp--preset--spacing--50);margin-bottom:var(--wp--preset--spacing--50)\">\n<div class=\"wp-block-button has-custom-font-size has-large-font-size\"><a class=\"wp-block-button__link has-accent-1-background-color has-background wp-element-button\" href=\"https:\/\/euro-text.com\/de\/kontakt\/\" style=\"box-shadow:var(--wp--preset--shadow--natural)\">KONTAKT<\/a><\/div>\n<\/div>\n<\/div>\n<\/div>\n\n<div class=\"wp-block-group alignfull has-custom-color-1-gradient-background has-background has-global-padding is-layout-constrained wp-container-core-group-is-layout-94e519ba wp-block-group-is-layout-constrained\" style=\"padding-top:var(--wp--preset--spacing--80);padding-right:var(--wp--preset--spacing--40);padding-bottom:var(--wp--preset--spacing--80);padding-left:var(--wp--preset--spacing--40)\">\n<div class=\"wp-block-columns alignwide is-layout-flex wp-container-core-columns-is-layout-28f84493 wp-block-columns-is-layout-flex\">\n<div class=\"wp-block-column is-layout-flow wp-block-column-is-layout-flow\">\n<h2 class=\"wp-block-heading\" style=\"font-size:clamp(27.894px, 1.743rem + ((1vw - 3.2px) * 1.971), 48px);\">Warum nicht gleich einen Partner vor Ort beauftragen?<\/h2>\n<\/div>\n\n\n\n<div class=\"wp-block-column is-layout-flow wp-block-column-is-layout-flow\"><\/div>\n<\/div>\n\n\n\n<div class=\"wp-block-columns alignwide is-layout-flex wp-container-core-columns-is-layout-28f84493 wp-block-columns-is-layout-flex\">\n<div class=\"wp-block-column is-layout-flow wp-block-column-is-layout-flow\">\n<p><a href=\"https:\/\/euro-text.com\/de\/ueber-uns\/\" data-type=\"page\" data-id=\"210\">\u00dcber uns<\/a><\/p>\n<\/div>\n\n\n\n<div class=\"wp-block-column is-layout-flow wp-block-column-is-layout-flow\">\n<p>Seit 1995 bieten wir professionelle \u00dcbersetzungsdienstleistungen mit denselben Qualit\u00e4tsstandards an wie die gro\u00dfen Agenturen, aber mit dem Vorteil einer flexiblen und pers\u00f6nlichen Betreuung. Eurotext ist Teil der Unternehmensgruppe Aire Traducciones mit Sitz in Madrid.<\/p>\n<\/div>\n<\/div>\n\n\n\n<div class=\"wp-block-columns alignwide is-layout-flex wp-container-core-columns-is-layout-3e1d588b wp-block-columns-is-layout-flex\" style=\"margin-top:var(--wp--preset--spacing--70)\">\n<div class=\"wp-block-column is-layout-flow wp-block-column-is-layout-flow\">\n<h2 class=\"wp-block-heading\">Unser Team<\/h2>\n\n\n\n<p>Unser Team aus hochqualifizierten muttersprachlichen Fach\u00fcbersetzern deckt ein breites Spektrum an Branchen und Fachgebieten ab, darunter zahlreiche Themenbereiche aus Industrie und Technik, Energie und Umwelt, Recht und Finanzen, Kultur und Tourismus, Landwirtschaft und Weinbau, Marketing und Presse. So k\u00f6nnen wir fachgerechte und sprachlich hochwertige \u00dcbersetzungen liefern, die auf die spezifischen Bed\u00fcrfnisse jedes Kunden zugeschnitten sind.<\/p>\n\n\n\n<h2 class=\"wp-block-heading\">Unser Angebot<\/h2>\n\n\n\n<p>Zus\u00e4tzlich zu unserem \u00dcbersetzungsangebot steht Ihnen unser Dolmetscherservice mit erfahrenen Simultan- und Konsekutivdolmetschern f\u00fcr Ihre Kongresse, Konferenzen, Pr\u00e4sentationen, Pressekonferenzen, Messen und Business Meetings in Spanien zur Verf\u00fcgung. Unser Schwerpunkt liegt auf Fach\u00fcbersetzungen ins Spanische und aus dem Spanischen. F\u00fcr Ihren Gesch\u00e4ftserfolg in Spanien ist es ein entscheidender Vorteil, erfahrene \u00dcbersetzerinnen und Dolmetscher vor Ort zu haben, die Ihre Branche kennen und als Muttersprachler genau den richtigen Ton treffen.<\/p>\n\n\n\n<p>Selbstverst\u00e4ndlich setzen wir auch moderne \u00dcbersetzungstechnik ein. Translation Memory-Systeme und Machine Translation kommen zur Anwendung, wann immer es sinnvoll ist. Mit Hilfe der Technologie optimieren wir den Zeitaufwand, stellen die terminologische Konsistenz sicher und arbeiten effizienter. Mit unseren Tools k\u00f6nnen wir fast alle Dateiformate unter Beibehaltung des Originallayouts bearbeiten, darunter auch DTP-Formate wie z.B. InDesign.<\/p>\n<\/div>\n\n\n\n<div class=\"wp-block-column is-layout-flow wp-block-column-is-layout-flow\">\n<h2 class=\"wp-block-heading\">Qualit\u00e4tssicherung<\/h2>\n\n\n\n<p>Wir erf\u00fcllen die Anforderungen der ISO 17100 und stellen damit sicher, dass bei jeder \u00dcbersetzung h\u00f6chste Qualit\u00e4tsstandards erf\u00fcllt werden. Mit mehr als 30 Jahren Erfahrung und mehr als 20.000 erfolgreich abgewickelten Projekten sind wir mit Leidenschaft bei der Sache und setzen uns f\u00fcr Ihren Erfolg ein.<\/p>\n\n\n\n<p>Vertrauen Sie auf unser Team! Wir wissen, wie Ihre Kundinnen und Kunden in Spanien ticken und finden immer die richtigen Worte, um Ihr Zielpublikum zu \u00fcberzeugen. Wir liefern Ihnen jede \u00dcbersetzung, die Sie f\u00fcr Ihr Unternehmen ben\u00f6tigen, im passenden Format und zum gew\u00fcnschten Termin (oder sogar fr\u00fcher!).<\/p>\n<\/div>\n<\/div>\n<\/div>\n\n<div class=\"wp-block-group alignfull has-global-padding is-layout-constrained wp-container-core-group-is-layout-94e519ba wp-block-group-is-layout-constrained\" style=\"padding-top:var(--wp--preset--spacing--80);padding-right:var(--wp--preset--spacing--40);padding-bottom:var(--wp--preset--spacing--80);padding-left:var(--wp--preset--spacing--40)\">\n<div class=\"wp-block-columns alignwide is-layout-flex wp-container-core-columns-is-layout-28f84493 wp-block-columns-is-layout-flex\">\n<div class=\"wp-block-column is-layout-flow wp-block-column-is-layout-flow\">\n<h2 class=\"wp-block-heading\" style=\"font-size:clamp(27.894px, 1.743rem + ((1vw - 3.2px) * 1.971), 48px);\">Unsere Kunden<\/h2>\n<\/div>\n\n\n\n<div class=\"wp-block-column is-layout-flow wp-block-column-is-layout-flow\"><\/div>\n<\/div>\n\n\n\n<div class=\"wp-block-columns alignwide is-layout-flex wp-container-core-columns-is-layout-28f84493 wp-block-columns-is-layout-flex\">\n<div class=\"wp-block-column is-layout-flow wp-block-column-is-layout-flow\"><\/div>\n\n\n\n<div class=\"wp-block-column is-layout-flow wp-block-column-is-layout-flow\">\n<p>Wir arbeiten f\u00fcr renommierte Firmen und bekannte Marken, die die gleichbleibend hohe Qualit\u00e4t unserer \u00dcbersetzungen sch\u00e4tzen.<\/p>\n<\/div>\n<\/div>\n\n\n\n<div class=\"wp-block-group alignwide grid-clientes-portada is-layout-grid wp-container-core-group-is-layout-def2535a wp-block-group-is-layout-grid\" style=\"margin-top:var(--wp--preset--spacing--60);margin-bottom:var(--wp--preset--spacing--60)\">\n<figure class=\"wp-block-image size-full\"><img alt=\"\" decoding=\"async\" src=\"data:image\/gif;base64,R0lGODlhAQABAIAAAAAAAP\/\/\/yH5BAEAAAAALAAAAAABAAEAAAIBRAA7\" data-src=\"https:\/\/euro-text.com\/wp-content\/uploads\/Siemens.jpg\" alt=\"\" class=\"wp-image-67 lazyload\"\/><noscript><img alt=\"\" decoding=\"async\" width=\"200\" height=\"200\" src=\"https:\/\/euro-text.com\/wp-content\/uploads\/Siemens.jpg\" alt=\"\" class=\"wp-image-67 lazyload\"\/><\/noscript><\/figure>\n\n\n\n<figure class=\"wp-block-image size-full\"><img alt=\"\" decoding=\"async\" src=\"data:image\/gif;base64,R0lGODlhAQABAIAAAAAAAP\/\/\/yH5BAEAAAAALAAAAAABAAEAAAIBRAA7\" data-src=\"https:\/\/euro-text.com\/wp-content\/uploads\/michelin.jpg\" alt=\"\" class=\"wp-image-73 lazyload\"\/><noscript><img alt=\"\" decoding=\"async\" width=\"200\" height=\"200\" src=\"https:\/\/euro-text.com\/wp-content\/uploads\/michelin.jpg\" alt=\"\" class=\"wp-image-73 lazyload\"\/><\/noscript><\/figure>\n\n\n\n<figure class=\"wp-block-image size-full\"><img alt=\"\" decoding=\"async\" src=\"data:image\/gif;base64,R0lGODlhAQABAIAAAAAAAP\/\/\/yH5BAEAAAAALAAAAAABAAEAAAIBRAA7\" data-src=\"https:\/\/euro-text.com\/wp-content\/uploads\/norte-de-castilla.jpg\" alt=\"\" class=\"wp-image-69 lazyload\"\/><noscript><img alt=\"\" decoding=\"async\" width=\"200\" height=\"200\" src=\"https:\/\/euro-text.com\/wp-content\/uploads\/norte-de-castilla.jpg\" alt=\"\" class=\"wp-image-69 lazyload\"\/><\/noscript><\/figure>\n\n\n\n<figure class=\"wp-block-image size-full\"><img alt=\"\" decoding=\"async\" src=\"data:image\/gif;base64,R0lGODlhAQABAIAAAAAAAP\/\/\/yH5BAEAAAAALAAAAAABAAEAAAIBRAA7\" data-src=\"https:\/\/euro-text.com\/wp-content\/uploads\/LOGO-JUNTA-CyL-color-320x202-1.jpg\" alt=\"\" class=\"wp-image-66 lazyload\"\/><noscript><img alt=\"\" decoding=\"async\" width=\"320\" height=\"202\" src=\"https:\/\/euro-text.com\/wp-content\/uploads\/LOGO-JUNTA-CyL-color-320x202-1.jpg\" alt=\"\" class=\"wp-image-66 lazyload\"\/><\/noscript><\/figure>\n\n\n\n<figure class=\"wp-block-image size-full\"><img alt=\"\" decoding=\"async\" src=\"data:image\/gif;base64,R0lGODlhAQABAIAAAAAAAP\/\/\/yH5BAEAAAAALAAAAAABAAEAAAIBRAA7\" data-src=\"https:\/\/euro-text.com\/wp-content\/uploads\/Logo_VINOS_DE_LA_LUZ-320x202-1.png\" alt=\"\" class=\"wp-image-68 lazyload\"\/><noscript><img alt=\"\" decoding=\"async\" width=\"320\" height=\"202\" src=\"https:\/\/euro-text.com\/wp-content\/uploads\/Logo_VINOS_DE_LA_LUZ-320x202-1.png\" alt=\"\" class=\"wp-image-68 lazyload\"\/><\/noscript><\/figure>\n\n\n\n<figure class=\"wp-block-image size-full\"><img alt=\"\" decoding=\"async\" src=\"data:image\/gif;base64,R0lGODlhAQABAIAAAAAAAP\/\/\/yH5BAEAAAAALAAAAAABAAEAAAIBRAA7\" data-src=\"https:\/\/euro-text.com\/wp-content\/uploads\/feria-de-valladolid.jpg\" alt=\"\" class=\"wp-image-63 lazyload\"\/><noscript><img alt=\"\" decoding=\"async\" width=\"200\" height=\"200\" src=\"https:\/\/euro-text.com\/wp-content\/uploads\/feria-de-valladolid.jpg\" alt=\"\" class=\"wp-image-63 lazyload\"\/><\/noscript><\/figure>\n\n\n\n<figure class=\"wp-block-image size-full\"><img alt=\"\" decoding=\"async\" src=\"data:image\/gif;base64,R0lGODlhAQABAIAAAAAAAP\/\/\/yH5BAEAAAAALAAAAAABAAEAAAIBRAA7\" data-src=\"https:\/\/euro-text.com\/wp-content\/uploads\/LyceumColor-800X300-300x202-1.jpg\" alt=\"\" class=\"wp-image-64 lazyload\"\/><noscript><img alt=\"\" decoding=\"async\" width=\"300\" height=\"202\" src=\"https:\/\/euro-text.com\/wp-content\/uploads\/LyceumColor-800X300-300x202-1.jpg\" alt=\"\" class=\"wp-image-64 lazyload\"\/><\/noscript><\/figure>\n\n\n\n<figure class=\"wp-block-image size-full\"><img alt=\"\" decoding=\"async\" src=\"data:image\/gif;base64,R0lGODlhAQABAIAAAAAAAP\/\/\/yH5BAEAAAAALAAAAAABAAEAAAIBRAA7\" data-src=\"https:\/\/euro-text.com\/wp-content\/uploads\/thyssenkrupp.gif\" alt=\"\" class=\"wp-image-65 lazyload\"\/><noscript><img alt=\"\" decoding=\"async\" width=\"173\" height=\"173\" src=\"https:\/\/euro-text.com\/wp-content\/uploads\/thyssenkrupp.gif\" alt=\"\" class=\"wp-image-65 lazyload\"\/><\/noscript><\/figure>\n\n\n\n<figure class=\"wp-block-image size-full\"><img alt=\"\" decoding=\"async\" src=\"data:image\/gif;base64,R0lGODlhAQABAIAAAAAAAP\/\/\/yH5BAEAAAAALAAAAAABAAEAAAIBRAA7\" data-src=\"https:\/\/euro-text.com\/wp-content\/uploads\/AHEISA_logo_horizontal-320x202-1.png\" alt=\"\" class=\"wp-image-72 lazyload\"\/><noscript><img alt=\"\" decoding=\"async\" width=\"320\" height=\"202\" src=\"https:\/\/euro-text.com\/wp-content\/uploads\/AHEISA_logo_horizontal-320x202-1.png\" alt=\"\" class=\"wp-image-72 lazyload\"\/><\/noscript><\/figure>\n\n\n\n<figure class=\"wp-block-image size-full\"><img alt=\"\" decoding=\"async\" src=\"data:image\/gif;base64,R0lGODlhAQABAIAAAAAAAP\/\/\/yH5BAEAAAAALAAAAAABAAEAAAIBRAA7\" data-src=\"https:\/\/euro-text.com\/wp-content\/uploads\/AVEBIOM-ESPIRALES.jpg\" alt=\"\" class=\"wp-image-74 lazyload\"\/><noscript><img alt=\"\" decoding=\"async\" width=\"200\" height=\"200\" src=\"https:\/\/euro-text.com\/wp-content\/uploads\/AVEBIOM-ESPIRALES.jpg\" alt=\"\" class=\"wp-image-74 lazyload\"\/><\/noscript><\/figure>\n\n\n\n<figure class=\"wp-block-image size-full\"><img alt=\"\" decoding=\"async\" src=\"data:image\/gif;base64,R0lGODlhAQABAIAAAAAAAP\/\/\/yH5BAEAAAAALAAAAAABAAEAAAIBRAA7\" data-src=\"https:\/\/euro-text.com\/wp-content\/uploads\/expo-biomasa.jpg\" alt=\"\" class=\"wp-image-77 lazyload\"\/><noscript><img alt=\"\" decoding=\"async\" width=\"200\" height=\"200\" src=\"https:\/\/euro-text.com\/wp-content\/uploads\/expo-biomasa.jpg\" alt=\"\" class=\"wp-image-77 lazyload\"\/><\/noscript><\/figure>\n\n\n\n<figure class=\"wp-block-image size-full\"><img alt=\"\" decoding=\"async\" src=\"data:image\/gif;base64,R0lGODlhAQABAIAAAAAAAP\/\/\/yH5BAEAAAAALAAAAAABAAEAAAIBRAA7\" data-src=\"https:\/\/euro-text.com\/wp-content\/uploads\/mas-que-ideas.jpg\" alt=\"\" class=\"wp-image-79 lazyload\"\/><noscript><img alt=\"\" decoding=\"async\" width=\"200\" height=\"200\" src=\"https:\/\/euro-text.com\/wp-content\/uploads\/mas-que-ideas.jpg\" alt=\"\" class=\"wp-image-79 lazyload\"\/><\/noscript><\/figure>\n<\/div>\n<\/div>\n\n<div class=\"wp-block-group alignfull has-custom-color-1-gradient-background has-background has-global-padding is-layout-constrained wp-container-core-group-is-layout-94e519ba wp-block-group-is-layout-constrained\" style=\"padding-top:var(--wp--preset--spacing--80);padding-right:var(--wp--preset--spacing--40);padding-bottom:var(--wp--preset--spacing--80);padding-left:var(--wp--preset--spacing--40)\">\n<div class=\"wp-block-columns alignwide is-layout-flex wp-container-core-columns-is-layout-28f84493 wp-block-columns-is-layout-flex\">\n<div class=\"wp-block-column is-layout-flow wp-block-column-is-layout-flow\">\n<h2 class=\"wp-block-heading\" style=\"font-size:clamp(27.894px, 1.743rem + ((1vw - 3.2px) * 1.971), 48px);\">Das sagen unsere Kunden \u00fcber uns<\/h2>\n<\/div>\n\n\n\n<div class=\"wp-block-column is-layout-flow wp-block-column-is-layout-flow\"><\/div>\n<\/div>\n\n\n\n<div class=\"wp-block-columns alignwide is-layout-flex wp-container-core-columns-is-layout-28f84493 wp-block-columns-is-layout-flex\">\n<div class=\"wp-block-column is-layout-flow wp-block-column-is-layout-flow\">\n<p><a href=\"https:\/\/euro-text.com\/de\/feedback\/\" data-type=\"page\" data-id=\"212\">Weitere Kundenmeinungen \u2192<\/a><\/p>\n<\/div>\n\n\n\n<div class=\"wp-block-column is-layout-flow wp-block-column-is-layout-flow\">\n<p>Die Meinungen Kunden sind unsere beste Werbung.<\/p>\n<\/div>\n<\/div>\n\n\n\n<div class=\"wp-block-group alignwide grid-clientes-portada is-layout-grid wp-container-core-group-is-layout-2b9bf88f wp-block-group-is-layout-grid\" style=\"margin-top:var(--wp--preset--spacing--60);margin-bottom:var(--wp--preset--spacing--60)\">\n<div class=\"wp-block-group is-vertical is-layout-flex wp-container-core-group-is-layout-2d729e81 wp-block-group-is-layout-flex\">\n<p>\u201eEurotext ist Erfolgsgarantie, Professionalit\u00e4t, Erfahrung und  pers\u00f6nliche Betreuung.\u201c<\/p>\n\n\n\n<h3 class=\"wp-block-heading\">Lola L\u00f3pez de la Cuesta<\/h3>\n\n\n\n<p style=\"margin-top:-1em\">Feria de Valladolid<\/p>\n<\/div>\n\n\n\n<div class=\"wp-block-group is-vertical is-layout-flex wp-container-core-group-is-layout-2d729e81 wp-block-group-is-layout-flex\">\n<p>\u201e<em><em>Nach jahrelanger Zusammenarbeit mit Eurotext ist das Verst\u00e4ndnis sehr hoch. Sie erf\u00fcllen jederzeit unsere Erwartungen.\u201c<\/em><\/em><\/p>\n\n\n\n<h3 class=\"wp-block-heading\">Jos\u00e9 Manuel Corral<\/h3>\n\n\n\n<p style=\"margin-top:-1em\">Michelin<\/p>\n<\/div>\n\n\n\n<div class=\"wp-block-group is-vertical is-layout-flex wp-container-core-group-is-layout-2d729e81 wp-block-group-is-layout-flex\">\n<p>\u201e<em>Wir vertrauen schon seit Jahren auf Eurotext, um die Verkostungsnotizen unserer Weine aus verschiedenen L\u00e4ndern zu \u00fcbersetzen.<\/em><\/p>\n\n\n\n<h3 class=\"wp-block-heading\">Gemma Aliste<\/h3>\n\n\n\n<p style=\"margin-top:-1em\">Vinos de la Luz<\/p>\n<\/div>\n<\/div>\n<\/div>\n\n<div class=\"wp-block-group alignfull has-background has-global-padding is-layout-constrained wp-container-core-group-is-layout-8657f4d6 wp-block-group-is-layout-constrained\" style=\"background:linear-gradient(0deg,rgb(0,78,82) 0%,rgb(111,192,194) 100%);margin-top:0;margin-bottom:0;padding-top:var(--wp--preset--spacing--60);padding-right:var(--wp--preset--spacing--40);padding-bottom:var(--wp--preset--spacing--60);padding-left:var(--wp--preset--spacing--40)\">\n<div class=\"wp-block-group alignwide is-vertical is-content-justification-center is-layout-flex wp-container-core-group-is-layout-b6c1f246 wp-block-group-is-layout-flex\" style=\"min-height:50vh\">\n<h2 class=\"wp-block-heading has-text-align-center has-base-color has-text-color has-link-color has-xx-large-font-size wp-elements-5ee3d3fe95312d47512039da4e3570b6\">Sprechen Sie uns an!<\/h2>\n\n\n\n<p class=\"has-text-align-center has-base-color has-text-color has-link-color has-large-font-size wp-elements-df7fbca15c6904b2b07c93852a22635b\">Machen Sie jetzt den ersten Schritt zu Ihrem Gesch\u00e4ftserfolg in Spanien!<\/p>\n\n\n\n<div class=\"wp-block-buttons is-content-justification-center is-layout-flex wp-container-core-buttons-is-layout-a6d9f191 wp-block-buttons-is-layout-flex\" style=\"margin-top:var(--wp--preset--spacing--40);margin-bottom:var(--wp--preset--spacing--40)\">\n<div class=\"wp-block-button\"><a class=\"wp-block-button__link has-accent-2-background-color has-background wp-element-button\" href=\"https:\/\/euro-text.com\/de\/kontakt\/\" style=\"box-shadow:var(--wp--preset--shadow--deep)\">KONTAKT<\/a><\/div>\n<\/div>\n<\/div>\n<\/div>\n","protected":false},"excerpt":{"rendered":"<p>Ihr \u00dcbersetzungsb\u00fcro in Spanien Mit hochwertigen \u00dcbersetzungen und optimierten Workflows unterst\u00fctzen wir internationale Unternehmen. Vertrauen Sie bei \u00dcbersetzungen ins Spanische auf unser lokales Team in Valladolid und den R\u00fcckhalt einer nationalen Unternehmensgruppe. Warum nicht gleich einen Partner vor Ort beauftragen? \u00dcber uns Seit 1995 bieten wir professionelle \u00dcbersetzungsdienstleistungen mit denselben Qualit\u00e4tsstandards an wie die gro\u00dfen [&hellip;]<\/p>\n","protected":false},"author":1,"featured_media":0,"parent":0,"menu_order":0,"comment_status":"closed","ping_status":"closed","template":"page-no-title","meta":{"_seopress_robots_primary_cat":"","_seopress_titles_title":"","_seopress_titles_desc":"","_seopress_robots_index":"","footnotes":""},"class_list":["post-1206","page","type-page","status-publish","hentry"],"_links":{"self":[{"href":"https:\/\/euro-text.com\/de\/wp-json\/wp\/v2\/pages\/1206","targetHints":{"allow":["GET"]}}],"collection":[{"href":"https:\/\/euro-text.com\/de\/wp-json\/wp\/v2\/pages"}],"about":[{"href":"https:\/\/euro-text.com\/de\/wp-json\/wp\/v2\/types\/page"}],"author":[{"embeddable":true,"href":"https:\/\/euro-text.com\/de\/wp-json\/wp\/v2\/users\/1"}],"replies":[{"embeddable":true,"href":"https:\/\/euro-text.com\/de\/wp-json\/wp\/v2\/comments?post=1206"}],"version-history":[{"count":9,"href":"https:\/\/euro-text.com\/de\/wp-json\/wp\/v2\/pages\/1206\/revisions"}],"predecessor-version":[{"id":1276,"href":"https:\/\/euro-text.com\/de\/wp-json\/wp\/v2\/pages\/1206\/revisions\/1276"}],"wp:attachment":[{"href":"https:\/\/euro-text.com\/de\/wp-json\/wp\/v2\/media?parent=1206"}],"curies":[{"name":"wp","href":"https:\/\/api.w.org\/{rel}","templated":true}]}}