{"id":1265,"date":"2025-03-18T18:42:49","date_gmt":"2025-03-18T17:42:49","guid":{"rendered":"https:\/\/euro-text.com\/ueber-uns\/"},"modified":"2025-05-15T12:50:30","modified_gmt":"2025-05-15T10:50:30","slug":"ueber-uns","status":"publish","type":"page","link":"https:\/\/euro-text.com\/de\/ueber-uns\/","title":{"rendered":"\u00dcber uns"},"content":{"rendered":"\n<div class=\"wp-block-group alignfull has-global-padding is-layout-constrained wp-container-core-group-is-layout-020e0ace wp-block-group-is-layout-constrained\" style=\"padding-top:var(--wp--preset--spacing--60);padding-right:var(--wp--preset--spacing--40);padding-bottom:var(--wp--preset--spacing--60);padding-left:var(--wp--preset--spacing--40)\">\n<div class=\"wp-block-group alignwide is-vertical is-content-justification-center is-layout-flex wp-container-core-group-is-layout-fa38c63a wp-block-group-is-layout-flex\" style=\"min-height:50vh\">\n<h1 class=\"wp-block-heading has-text-align-center\" style=\"font-size:clamp(46.987px, 2.937rem + ((1vw - 3.2px) * 4.413), 92px);\">\u00dcber uns<\/h1>\n\n\n\n<p class=\"has-text-align-center\" style=\"font-size:clamp(14.642px, 0.915rem + ((1vw - 3.2px) * 0.721), 22px);\">Wir sind Ihr \u00dcbersetzungsb\u00fcro und Dolmetscherservice in Valladolid. Und das schon seit 1995.<\/p>\n\n\n\n<div class=\"wp-block-buttons is-content-justification-center is-layout-flex wp-container-core-buttons-is-layout-d234f690 wp-block-buttons-is-layout-flex\" style=\"margin-top:var(--wp--preset--spacing--50);margin-bottom:var(--wp--preset--spacing--50)\">\n<div class=\"wp-block-button has-custom-font-size has-large-font-size\"><a class=\"wp-block-button__link has-accent-1-background-color has-background wp-element-button\" href=\"https:\/\/euro-text.com\/de\/kontakt\/\" style=\"box-shadow:var(--wp--preset--shadow--natural)\">KONTAKT<\/a><\/div>\n<\/div>\n<\/div>\n<\/div>\n\n<div class=\"wp-block-group alignfull has-custom-color-1-gradient-background has-background has-global-padding is-layout-constrained wp-container-core-group-is-layout-94e519ba wp-block-group-is-layout-constrained\" style=\"padding-top:var(--wp--preset--spacing--80);padding-right:var(--wp--preset--spacing--40);padding-bottom:var(--wp--preset--spacing--80);padding-left:var(--wp--preset--spacing--40)\">\n<h2 class=\"wp-block-heading\">Unser Werdegang<\/h2>\n\n\n\n<p>Eurotext wurde 1995 in Valladolid gegr\u00fcndet und bietet professionelle Sprachdienstleistungen f\u00fcr Firmenkunden in Spanien und dem deutschsprachigen Raum an. Mit mehr als 30 Jahren Erfahrung haben wir uns als Experten f\u00fcr hochwertige Fach\u00fcbersetzungen etabliert. Zu unseren Kunden geh\u00f6ren Unternehmen aus verschiedenen Branchen, darunter Industrie, Technologie, Energie, Umwelt, Kultur, Tourismus, Marketing, Werbung, Recht und Finanzen. Seit 2025 geh\u00f6ren wir zur Unternehmensgruppe Aire Traducciones, einer der renommiertesten \u00dcbersetzungsfirmen in Spanien mit Sitz in Madrid.<\/p>\n\n\n\n<h2 class=\"wp-block-heading\">Unser Angebot<\/h2>\n\n\n\n<p>Unser Angebot umfasst ma\u00dfgeschneiderte \u00dcbersetzungen und Dolmetschleistungen. Wir \u00fcbersetzen komplexe Fachtexte mit spezifischer Terminologie, vom Kaufvertrag \u00fcber den Imagefolder bis zur Wartungsanleitung f\u00fcr Industrieanlagen. F\u00fcr Kongresse und Veranstaltungen stehen Ihnen unsere Konferenzdolmetscher vor Ort in Spanien oder im Remotemodus f\u00fcr Ihre Videokonferenzen und Onlinemeetings zur Verf\u00fcgung. Wir decken zahlreiche Sprachkombinationen ins Spanische oder aus dem Spanischen ab, damit Ihre Botschaft m\u00fchelos verstanden wird und eine reibungslose Kommunikation auf Ihrer Veranstaltung garantiert ist.<\/p>\n\n\n\n<h2 class=\"wp-block-heading\">Unser Qualit\u00e4tsversprechen<\/h2>\n\n\n\n<p>Hervorragende Leistungen sind f\u00fcr uns mehr als ein Versprechen, sie sind Teil unseres Selbstverst\u00e4ndnisses. Als eines der ersten \u00dcbersetzungsb\u00fcros in Spanien wurden wir nach der Norm <strong>EN 15038<\/strong> zertifiziert. Heute erf\u00fcllt unser Qualit\u00e4tssystem die Anforderungen <strong>ISO 17100<\/strong> und ist bei <strong>DIN CERTCO<\/strong> registriert. Bei jedem \u00dcbersetzungs- und Dolmetschprojekt st\u00fctzen wir uns auf bew\u00e4hrte Prozesse, mit denen wir eine effektive Abwicklung sicherstellen.<\/p>\n\n\n\n<h2 class=\"wp-block-heading\">Unser Team<\/h2>\n\n\n\n<p>Hinter Eurotext stehen muttersprachliche Fach\u00fcbersetzer, die nicht nur \u00fcber die erforderliche Sprachkenntnisse verf\u00fcgen, sondern auch eine fachliche Spezialisierung mitbringen. So geh\u00f6ren beispielsweise Ingenieure, Juristinnen, Marketingfachleute und Tourismusexperten zu unserem Team. Sie sorgen daf\u00fcr, dass jede \u00dcbersetzung fachlich und kulturell auf das Zielpublikum abgestimmt ist. Mit fundiertem Fachwissen und herausragender Sprachkompetenz verwandeln wir Ihre Texte und Meetings in leistungsstarke Werkzeuge f\u00fcr Ihren Gesch\u00e4ftserfolg.<\/p>\n\n\n\n<h2 class=\"wp-block-heading\">Kundenorientierung<\/h2>\n\n\n\n<p>Bei Eurotext \u00fcbersetzen wir nicht nur, wir bauen langfristige Beziehungen auf. Als Ihr Partner in Spanien sind wir vor Ort und setzen Ihre Anforderungen und W\u00fcnsche in ma\u00dfgeschneiderte Leistungen um. Mit jedem Projekt vertiefen wir das Verst\u00e4ndnis f\u00fcr Ihre Anforderungen, um Ihre Erwartungen zu \u00fcbertreffen. Wir setzen uns f\u00fcr jedes einzelne Projekt ein. Das gilt sowohl f\u00fcr punktuelle Auftr\u00e4ge als auch f\u00fcr langfristige Partnerschaften. Ihr Vertrauen ist unser Ansporn und Ihre Zufriedenheit ist unser Ziel.<\/p>\n<\/div>\n\n<div class=\"wp-block-group alignfull has-base-color has-text-color has-background has-link-color wp-elements-3b3eca8f1c55a81d9d9ef6fd97b34c50 has-global-padding is-layout-constrained wp-container-core-group-is-layout-11f9da37 wp-block-group-is-layout-constrained\" style=\"background:linear-gradient(0deg,rgb(0,78,82) 0%,rgb(111,192,194) 100%);margin-top:0;margin-bottom:0;padding-top:var(--wp--preset--spacing--80);padding-right:var(--wp--preset--spacing--40);padding-bottom:var(--wp--preset--spacing--80);padding-left:var(--wp--preset--spacing--40)\">\n<h2 class=\"wp-block-heading has-text-align-center has-base-color has-text-color has-link-color has-xx-large-font-size wp-elements-61b5c9f98e34e2b4bc930ddcafd2f345\">Botschaften, die Wirkung entfalten. In jeder Sprache.<\/h2>\n\n\n\n<p class=\"has-text-align-center has-large-font-size\">Sind Sie bereit, die Welt zu erobern? Wir unterst\u00fctzen Sie auf dem Weg zu Ihrem internationalen Erfolg.<\/p>\n\n\n\n<div class=\"wp-block-buttons is-content-justification-center is-layout-flex wp-container-core-buttons-is-layout-a6d9f191 wp-block-buttons-is-layout-flex\" style=\"margin-top:var(--wp--preset--spacing--40);margin-bottom:var(--wp--preset--spacing--40)\">\n<div class=\"wp-block-button\"><a class=\"wp-block-button__link has-accent-2-background-color has-background wp-element-button\" href=\"https:\/\/euro-text.com\/de\/kontakt\/\" style=\"box-shadow:var(--wp--preset--shadow--deep)\">KONTAKT<\/a><\/div>\n<\/div>\n<\/div>\n","protected":false},"excerpt":{"rendered":"<p>\u00dcber uns Wir sind Ihr \u00dcbersetzungsb\u00fcro und Dolmetscherservice in Valladolid. Und das schon seit 1995. Unser Werdegang Eurotext wurde 1995 in Valladolid gegr\u00fcndet und bietet professionelle Sprachdienstleistungen f\u00fcr Firmenkunden in Spanien und dem deutschsprachigen Raum an. Mit mehr als 30 Jahren Erfahrung haben wir uns als Experten f\u00fcr hochwertige Fach\u00fcbersetzungen etabliert. Zu unseren Kunden geh\u00f6ren [&hellip;]<\/p>\n","protected":false},"author":1,"featured_media":0,"parent":0,"menu_order":0,"comment_status":"closed","ping_status":"closed","template":"page-no-title","meta":{"_seopress_robots_primary_cat":"","_seopress_titles_title":"","_seopress_titles_desc":"","_seopress_robots_index":"","footnotes":""},"class_list":["post-1265","page","type-page","status-publish","hentry"],"_links":{"self":[{"href":"https:\/\/euro-text.com\/de\/wp-json\/wp\/v2\/pages\/1265","targetHints":{"allow":["GET"]}}],"collection":[{"href":"https:\/\/euro-text.com\/de\/wp-json\/wp\/v2\/pages"}],"about":[{"href":"https:\/\/euro-text.com\/de\/wp-json\/wp\/v2\/types\/page"}],"author":[{"embeddable":true,"href":"https:\/\/euro-text.com\/de\/wp-json\/wp\/v2\/users\/1"}],"replies":[{"embeddable":true,"href":"https:\/\/euro-text.com\/de\/wp-json\/wp\/v2\/comments?post=1265"}],"version-history":[{"count":3,"href":"https:\/\/euro-text.com\/de\/wp-json\/wp\/v2\/pages\/1265\/revisions"}],"predecessor-version":[{"id":1268,"href":"https:\/\/euro-text.com\/de\/wp-json\/wp\/v2\/pages\/1265\/revisions\/1268"}],"wp:attachment":[{"href":"https:\/\/euro-text.com\/de\/wp-json\/wp\/v2\/media?parent=1265"}],"curies":[{"name":"wp","href":"https:\/\/api.w.org\/{rel}","templated":true}]}}