{"id":135,"date":"2025-02-13T18:39:12","date_gmt":"2025-02-13T17:39:12","guid":{"rendered":"https:\/\/euro-text.com\/?page_id=135"},"modified":"2025-03-29T12:24:48","modified_gmt":"2025-03-29T11:24:48","slug":"traduccion","status":"publish","type":"page","link":"https:\/\/euro-text.com\/es\/traduccion\/","title":{"rendered":"Traducci\u00f3n"},"content":{"rendered":"\n<div class=\"wp-block-group alignfull has-global-padding is-layout-constrained wp-container-core-group-is-layout-020e0ace wp-block-group-is-layout-constrained\" style=\"padding-top:var(--wp--preset--spacing--60);padding-right:var(--wp--preset--spacing--40);padding-bottom:var(--wp--preset--spacing--60);padding-left:var(--wp--preset--spacing--40)\">\n<div class=\"wp-block-group alignwide is-vertical is-content-justification-center is-layout-flex wp-container-core-group-is-layout-fa38c63a wp-block-group-is-layout-flex\" style=\"min-height:50vh\">\n<h1 class=\"wp-block-heading has-text-align-center\" style=\"font-size:clamp(46.987px, 2.937rem + ((1vw - 3.2px) * 4.413), 92px);\">\u00a1Valladolid, al habla!<\/h1>\n\n\n\n<p class=\"has-text-align-center\" style=\"font-size:clamp(14.642px, 0.915rem + ((1vw - 3.2px) * 0.721), 22px);\">\u00bfTu empresa quiere conquistar el mundo pero tus textos no pasan la frontera del Pisuerga? \u00a1Tranquilo, paisano! Nosotros hablamos todos los idiomas, tambi\u00e9n el de Pucela. Traducimos tus textos con la precisi\u00f3n de un buen vino de Cigales y la chispa de un mon\u00f3logo de J.J. Vaquero. \u00a1Cont\u00e1ctanos y conquista el mundo!<\/p>\n\n\n\n<div class=\"wp-block-buttons is-content-justification-center is-layout-flex wp-container-core-buttons-is-layout-d234f690 wp-block-buttons-is-layout-flex\" style=\"margin-top:var(--wp--preset--spacing--50);margin-bottom:var(--wp--preset--spacing--50)\">\n<div class=\"wp-block-button has-custom-font-size has-large-font-size\"><a class=\"wp-block-button__link has-accent-1-background-color has-background wp-element-button\" href=\"https:\/\/euro-text.com\/contacto\/\" style=\"box-shadow:var(--wp--preset--shadow--natural)\">CONTACTAR<\/a><\/div>\n<\/div>\n<\/div>\n<\/div>\n\n\n\n<div class=\"wp-block-group alignfull has-custom-color-1-gradient-background has-background has-global-padding is-layout-constrained wp-container-core-group-is-layout-94e519ba wp-block-group-is-layout-constrained\" style=\"padding-top:var(--wp--preset--spacing--80);padding-right:var(--wp--preset--spacing--40);padding-bottom:var(--wp--preset--spacing--80);padding-left:var(--wp--preset--spacing--40)\">\n<h2 class=\"wp-block-heading\" style=\"font-size:clamp(27.894px, 1.743rem + ((1vw - 3.2px) * 1.971), 48px);\">En Eurotext no traducimos, \u00a1seducimos!<\/h2>\n\n\n\n<p>Conectamos tu marca con el mundo con traducciones que enamoran y conquistan. \u00bfDocumentos t\u00e9cnicos? \u00a1Los hacemos irresistibles! \u00bfContenido multimedia? \u00a1Lo convertimos en un espect\u00e1culo! Y todo con la cercan\u00eda y el toque humano que solo un equipo de Valladolid puede ofrecer. \u00a1Prep\u00e1rate para el \u00e9xito global! (Y s\u00ed, tambi\u00e9n traducimos piropos).<\/p>\n\n\n\n<p>Somos los alquimistas del lenguaje en Valladolid. Transformamos tus palabras en puentes dorados que conectan culturas. \u00bfQuieres que tu mensaje vuele m\u00e1s alto que las agujas de la Catedral? \u00a1Cont\u00e1ctanos y descubre el poder de la traducci\u00f3n creativa!<\/p>\n<\/div>\n\n\n\n<div class=\"wp-block-group alignfull has-global-padding is-layout-constrained wp-container-core-group-is-layout-94e519ba wp-block-group-is-layout-constrained\" style=\"padding-top:var(--wp--preset--spacing--80);padding-right:var(--wp--preset--spacing--40);padding-bottom:var(--wp--preset--spacing--80);padding-left:var(--wp--preset--spacing--40)\">\n<h2 class=\"wp-block-heading\" style=\"font-size:clamp(27.894px, 1.743rem + ((1vw - 3.2px) * 1.971), 48px);\">Descubre nuestros servicios de traducci\u00f3n<\/h2>\n\n\n\n<p>Te ofrecemos una gama completa de <strong>servicios de traducci\u00f3n<\/strong> dise\u00f1ados para impulsar tu proyecto o negocio. Explora c\u00f3mo podemos ayudarte.<\/p>\n\n\n\n<div class=\"wp-block-group alignwide has-global-padding is-layout-constrained wp-block-group-is-layout-constrained\" style=\"margin-top:var(--wp--preset--spacing--60)\">\n<div class=\"wp-block-query alignwide feed-paginas-eurotext is-layout-flow wp-block-query-is-layout-flow\"><ul class=\"columns-2 wp-block-post-template is-layout-grid wp-container-core-post-template-is-layout-24e91f5c wp-block-post-template-is-layout-grid\"><li class=\"wp-block-post post-375 page type-page status-publish hentry\">\n\n<div class=\"wp-block-group has-accent-5-background-color has-background is-vertical is-layout-flex wp-container-core-group-is-layout-456098d3 wp-block-group-is-layout-flex\" style=\"border-radius:4px;padding-top:var(--wp--preset--spacing--40);padding-right:var(--wp--preset--spacing--30);padding-bottom:var(--wp--preset--spacing--40);padding-left:var(--wp--preset--spacing--30)\"><h2 class=\"has-link-color wp-elements-6d82682a4026381430a471b0e5115397 wp-block-post-title has-text-color has-contrast-color\"><a href=\"https:\/\/euro-text.com\/es\/traduccion\/gestion-terminologica\/\" target=\"_self\" >Gesti\u00f3n terminol\u00f3gica<\/a><\/h2>\n\n<div class=\"wp-block-post-excerpt\"><p class=\"wp-block-post-excerpt__excerpt\">Tus textos conquistando el mundo con precisi\u00f3n de cirujano. <\/p><\/div><\/div>\n\n<\/li><li class=\"wp-block-post post-363 page type-page status-publish hentry\">\n\n<div class=\"wp-block-group has-accent-5-background-color has-background is-vertical is-layout-flex wp-container-core-group-is-layout-456098d3 wp-block-group-is-layout-flex\" style=\"border-radius:4px;padding-top:var(--wp--preset--spacing--40);padding-right:var(--wp--preset--spacing--30);padding-bottom:var(--wp--preset--spacing--40);padding-left:var(--wp--preset--spacing--30)\"><h2 class=\"has-link-color wp-elements-6d82682a4026381430a471b0e5115397 wp-block-post-title has-text-color has-contrast-color\"><a href=\"https:\/\/euro-text.com\/es\/traduccion\/revision-y-correccion\/\" target=\"_self\" >Revisi\u00f3n y correcci\u00f3n<\/a><\/h2>\n\n<div class=\"wp-block-post-excerpt\"><p class=\"wp-block-post-excerpt__excerpt\">Si tu contenido no es impecable, nadie lo tomar\u00e1 en serio. Y eso no lo vamos a permitir. <\/p><\/div><\/div>\n\n<\/li><li class=\"wp-block-post post-352 page type-page status-publish hentry\">\n\n<div class=\"wp-block-group has-accent-5-background-color has-background is-vertical is-layout-flex wp-container-core-group-is-layout-456098d3 wp-block-group-is-layout-flex\" style=\"border-radius:4px;padding-top:var(--wp--preset--spacing--40);padding-right:var(--wp--preset--spacing--30);padding-bottom:var(--wp--preset--spacing--40);padding-left:var(--wp--preset--spacing--30)\"><h2 class=\"has-link-color wp-elements-6d82682a4026381430a471b0e5115397 wp-block-post-title has-text-color has-contrast-color\"><a href=\"https:\/\/euro-text.com\/es\/traduccion\/traduccion-de-textos-en-formatos-especiales-2\/\" target=\"_self\" >Traducci\u00f3n de textos en formatos especiales<\/a><\/h2>\n\n<div class=\"wp-block-post-excerpt\"><p class=\"wp-block-post-excerpt__excerpt\">Da igual el formato. Da igual lo complejo que sea. Si lo tienes, lo traducimos. <\/p><\/div><\/div>\n\n<\/li><li class=\"wp-block-post post-338 page type-page status-publish hentry\">\n\n<div class=\"wp-block-group has-accent-5-background-color has-background is-vertical is-layout-flex wp-container-core-group-is-layout-456098d3 wp-block-group-is-layout-flex\" style=\"border-radius:4px;padding-top:var(--wp--preset--spacing--40);padding-right:var(--wp--preset--spacing--30);padding-bottom:var(--wp--preset--spacing--40);padding-left:var(--wp--preset--spacing--30)\"><h2 class=\"has-link-color wp-elements-6d82682a4026381430a471b0e5115397 wp-block-post-title has-text-color has-contrast-color\"><a href=\"https:\/\/euro-text.com\/es\/traduccion\/traduccion-de-videos-y-audioguias\/\" target=\"_self\" >Traducci\u00f3n de v\u00eddeos y audiogu\u00edas<\/a><\/h2>\n\n<div class=\"wp-block-post-excerpt\"><p class=\"wp-block-post-excerpt__excerpt\">Un mensaje potente se queda en nada si no llega claro. Aqu\u00ed no dejamos que eso pase. <\/p><\/div><\/div>\n\n<\/li><li class=\"wp-block-post post-322 page type-page status-publish hentry\">\n\n<div class=\"wp-block-group has-accent-5-background-color has-background is-vertical is-layout-flex wp-container-core-group-is-layout-456098d3 wp-block-group-is-layout-flex\" style=\"border-radius:4px;padding-top:var(--wp--preset--spacing--40);padding-right:var(--wp--preset--spacing--30);padding-bottom:var(--wp--preset--spacing--40);padding-left:var(--wp--preset--spacing--30)\"><h2 class=\"has-link-color wp-elements-6d82682a4026381430a471b0e5115397 wp-block-post-title has-text-color has-contrast-color\"><a href=\"https:\/\/euro-text.com\/es\/traduccion\/traduccion-de-paginas-web\/\" target=\"_self\" >Traducci\u00f3n de p\u00e1ginas web<\/a><\/h2>\n\n<div class=\"wp-block-post-excerpt\"><p class=\"wp-block-post-excerpt__excerpt\">Tu p\u00e1gina web es tu escaparate al mundo. No permitas que el idioma te detenga. <\/p><\/div><\/div>\n\n<\/li><li class=\"wp-block-post post-305 page type-page status-publish hentry\">\n\n<div class=\"wp-block-group has-accent-5-background-color has-background is-vertical is-layout-flex wp-container-core-group-is-layout-456098d3 wp-block-group-is-layout-flex\" style=\"border-radius:4px;padding-top:var(--wp--preset--spacing--40);padding-right:var(--wp--preset--spacing--30);padding-bottom:var(--wp--preset--spacing--40);padding-left:var(--wp--preset--spacing--30)\"><h2 class=\"has-link-color wp-elements-6d82682a4026381430a471b0e5115397 wp-block-post-title has-text-color has-contrast-color\"><a href=\"https:\/\/euro-text.com\/es\/traduccion\/traduccion-especializada-en-marketing-y-comunicacion\/\" target=\"_self\" >Traducci\u00f3n especializada en marketing y comunicaci\u00f3n<\/a><\/h2>\n\n<div class=\"wp-block-post-excerpt\"><p class=\"wp-block-post-excerpt__excerpt\">No solo traducimos. Adaptamos. Optimizamos. Convertimos palabras en experiencias. <\/p><\/div><\/div>\n\n<\/li><li class=\"wp-block-post post-289 page type-page status-publish hentry\">\n\n<div class=\"wp-block-group has-accent-5-background-color has-background is-vertical is-layout-flex wp-container-core-group-is-layout-456098d3 wp-block-group-is-layout-flex\" style=\"border-radius:4px;padding-top:var(--wp--preset--spacing--40);padding-right:var(--wp--preset--spacing--30);padding-bottom:var(--wp--preset--spacing--40);padding-left:var(--wp--preset--spacing--30)\"><h2 class=\"has-link-color wp-elements-6d82682a4026381430a471b0e5115397 wp-block-post-title has-text-color has-contrast-color\"><a href=\"https:\/\/euro-text.com\/es\/traduccion\/traduccion-especializada-para-el-sector-agroalimentario-y-vitivinicola\/\" target=\"_self\" >Traducci\u00f3n especializada para el sector agroalimentario y vitivin\u00edcola<\/a><\/h2>\n\n<div class=\"wp-block-post-excerpt\"><p class=\"wp-block-post-excerpt__excerpt\">Un etiquetado mal traducido, una normativa mal interpretada o una ficha t\u00e9cnica confusa\u2026 y \u00a1BOOM! <\/p><\/div><\/div>\n\n<\/li><li class=\"wp-block-post post-277 page type-page status-publish hentry\">\n\n<div class=\"wp-block-group has-accent-5-background-color has-background is-vertical is-layout-flex wp-container-core-group-is-layout-456098d3 wp-block-group-is-layout-flex\" style=\"border-radius:4px;padding-top:var(--wp--preset--spacing--40);padding-right:var(--wp--preset--spacing--30);padding-bottom:var(--wp--preset--spacing--40);padding-left:var(--wp--preset--spacing--30)\"><h2 class=\"has-link-color wp-elements-6d82682a4026381430a471b0e5115397 wp-block-post-title has-text-color has-contrast-color\"><a href=\"https:\/\/euro-text.com\/es\/traduccion\/traduccion-especializada-juridica-y-financiera\/\" target=\"_self\" >Traducci\u00f3n especializada jur\u00eddica y financiera<\/a><\/h2>\n\n<div class=\"wp-block-post-excerpt\"><p class=\"wp-block-post-excerpt__excerpt\">En este sector, cada palabra tiene peso. Evita problemas legales que nadie quiere. <\/p><\/div><\/div>\n\n<\/li><li class=\"wp-block-post post-266 page type-page status-publish hentry\">\n\n<div class=\"wp-block-group has-accent-5-background-color has-background is-vertical is-layout-flex wp-container-core-group-is-layout-456098d3 wp-block-group-is-layout-flex\" style=\"border-radius:4px;padding-top:var(--wp--preset--spacing--40);padding-right:var(--wp--preset--spacing--30);padding-bottom:var(--wp--preset--spacing--40);padding-left:var(--wp--preset--spacing--30)\"><h2 class=\"has-link-color wp-elements-6d82682a4026381430a471b0e5115397 wp-block-post-title has-text-color has-contrast-color\"><a href=\"https:\/\/euro-text.com\/es\/traduccion\/traduccion-especializada-para-los-sectores-energia-y-medioambiente\/\" target=\"_self\" >Traducci\u00f3n especializada para los sectores energ\u00eda y medioambiente<\/a><\/h2>\n\n<div class=\"wp-block-post-excerpt\"><p class=\"wp-block-post-excerpt__excerpt\">No juguemos con fuego. Una palabra mal traducida y te puedes enfrentar a sanciones o peores consecuencias. <\/p><\/div><\/div>\n\n<\/li><li class=\"wp-block-post post-256 page type-page status-publish hentry\">\n\n<div class=\"wp-block-group has-accent-5-background-color has-background is-vertical is-layout-flex wp-container-core-group-is-layout-456098d3 wp-block-group-is-layout-flex\" style=\"border-radius:4px;padding-top:var(--wp--preset--spacing--40);padding-right:var(--wp--preset--spacing--30);padding-bottom:var(--wp--preset--spacing--40);padding-left:var(--wp--preset--spacing--30)\"><h2 class=\"has-link-color wp-elements-6d82682a4026381430a471b0e5115397 wp-block-post-title has-text-color has-contrast-color\"><a href=\"https:\/\/euro-text.com\/es\/traduccion\/traduccion-especializada-para-los-sectores-de-cultura-y-turismo\/\" target=\"_self\" >Traducci\u00f3n especializada para los sectores de cultura y turismo<\/a><\/h2>\n\n<div class=\"wp-block-post-excerpt\"><p class=\"wp-block-post-excerpt__excerpt\">Da vida. Reinventa. Ajusta cada palabra para que despierte ganas de viajar, descubrir, sentir. <\/p><\/div><\/div>\n\n<\/li><li class=\"wp-block-post post-240 page type-page status-publish hentry\">\n\n<div class=\"wp-block-group has-accent-5-background-color has-background is-vertical is-layout-flex wp-container-core-group-is-layout-456098d3 wp-block-group-is-layout-flex\" style=\"border-radius:4px;padding-top:var(--wp--preset--spacing--40);padding-right:var(--wp--preset--spacing--30);padding-bottom:var(--wp--preset--spacing--40);padding-left:var(--wp--preset--spacing--30)\"><h2 class=\"has-link-color wp-elements-6d82682a4026381430a471b0e5115397 wp-block-post-title has-text-color has-contrast-color\"><a href=\"https:\/\/euro-text.com\/es\/traduccion\/traduccion-especializada-para-el-sector-industrial-y-tecnologico\/\" target=\"_self\" >Traducci\u00f3n especializada para el sector industrial y tecnol\u00f3gico<\/a><\/h2>\n\n<div class=\"wp-block-post-excerpt\"><p class=\"wp-block-post-excerpt__excerpt\">Aqu\u00ed no se admite la chapuza. O lo haces bien o mejor ni lo intentes. <\/p><\/div><\/div>\n\n<\/li><li class=\"wp-block-post post-222 page type-page status-publish hentry\">\n\n<div class=\"wp-block-group has-accent-5-background-color has-background is-vertical is-layout-flex wp-container-core-group-is-layout-456098d3 wp-block-group-is-layout-flex\" style=\"border-radius:4px;padding-top:var(--wp--preset--spacing--40);padding-right:var(--wp--preset--spacing--30);padding-bottom:var(--wp--preset--spacing--40);padding-left:var(--wp--preset--spacing--30)\"><h2 class=\"has-link-color wp-elements-6d82682a4026381430a471b0e5115397 wp-block-post-title has-text-color has-contrast-color\"><a href=\"https:\/\/euro-text.com\/es\/traduccion\/traduccion-jurada\/\" target=\"_self\" >Traducci\u00f3n jurada<\/a><\/h2>\n\n<div class=\"wp-block-post-excerpt\"><p class=\"wp-block-post-excerpt__excerpt\">Traducci\u00f3n jurada En Eurotext, convertimos tus documentos oficiales en claves para el \u00e9xito internacional. Si necesitas traducciones juradas con validez&hellip; <\/p><\/div><\/div>\n\n<\/li><li class=\"wp-block-post post-199 page type-page status-publish hentry\">\n\n<div class=\"wp-block-group has-accent-5-background-color has-background is-vertical is-layout-flex wp-container-core-group-is-layout-456098d3 wp-block-group-is-layout-flex\" style=\"border-radius:4px;padding-top:var(--wp--preset--spacing--40);padding-right:var(--wp--preset--spacing--30);padding-bottom:var(--wp--preset--spacing--40);padding-left:var(--wp--preset--spacing--30)\"><h2 class=\"has-link-color wp-elements-6d82682a4026381430a471b0e5115397 wp-block-post-title has-text-color has-contrast-color\"><a href=\"https:\/\/euro-text.com\/es\/traduccion\/traduccion-especializada\/\" target=\"_self\" >Traducci\u00f3n especializada<\/a><\/h2>\n\n<div class=\"wp-block-post-excerpt\"><p class=\"wp-block-post-excerpt__excerpt\">Traducci\u00f3n especializada En Eurotext, transformamos tus textos t\u00e9cnicos en puentes hacia el \u00e9xito global. Si buscas precisi\u00f3n y expertise en&hellip; <\/p><\/div><\/div>\n\n<\/li><\/ul><\/div>\n<\/div>\n<\/div>\n\n\n\n<div class=\"wp-block-group alignfull has-custom-color-1-gradient-background has-background has-global-padding is-layout-constrained wp-container-core-group-is-layout-94e519ba wp-block-group-is-layout-constrained\" style=\"padding-top:var(--wp--preset--spacing--80);padding-right:var(--wp--preset--spacing--40);padding-bottom:var(--wp--preset--spacing--80);padding-left:var(--wp--preset--spacing--40)\">\n<h2 class=\"wp-block-heading\" style=\"font-size:clamp(27.894px, 1.743rem + ((1vw - 3.2px) * 1.971), 48px);\">\u00bfPor qu\u00e9 confiar en Eurotext?<\/h2>\n\n\n\n<ul class=\"wp-block-list\">\n<li><strong>Cercan\u00eda local<\/strong>: Somos tu equipo en Valladolid, comprometidos con un servicio personalizado que entiende tus prioridades.<\/li>\n\n\n\n<li><strong>Calidad garantizada<\/strong>: Certificados bajo la norma ISO 17100:2016-05, aseguramos traducciones impecables en cada proyecto.<\/li>\n\n\n\n<li><strong>Expertos a tu servicio<\/strong>: Traductores nativos y especializados que aportan precisi\u00f3n y naturalidad a cada palabra.<\/li>\n\n\n\n<li><strong>Soluciones integrales<\/strong>: Desde traducciones especializadas hasta subtitulado y correcci\u00f3n, todo lo que necesitas en un solo lugar.<\/li>\n<\/ul>\n<\/div>\n\n\n\n<div class=\"wp-block-group alignfull has-base-color has-text-color has-background has-link-color wp-elements-9819244b65d8e28ee56861fb553caa4f has-global-padding is-layout-constrained wp-container-core-group-is-layout-11f9da37 wp-block-group-is-layout-constrained\" style=\"background:linear-gradient(0deg,rgb(0,78,82) 0%,rgb(111,192,194) 100%);margin-top:0;margin-bottom:0;padding-top:var(--wp--preset--spacing--80);padding-right:var(--wp--preset--spacing--40);padding-bottom:var(--wp--preset--spacing--80);padding-left:var(--wp--preset--spacing--40)\">\n<h2 class=\"wp-block-heading has-text-align-center has-base-color has-text-color has-link-color has-xx-large-font-size wp-elements-22be07b6ced7ddfe0d74ae818e53019b\">\u00a1Ojo, mundo! \u00a1Eurotext al rescate!<\/h2>\n\n\n\n<p class=\"has-text-align-center has-large-font-size\">\u00bfTus traducciones suenan a robot averiado? \u00a1No te rayes! En Valladolid, tenemos traductores nativos con m\u00e1s chispa que un mon\u00f3logo de Leo Harlem.<\/p>\n\n\n\n<div class=\"wp-block-buttons is-content-justification-center is-layout-flex wp-container-core-buttons-is-layout-a6d9f191 wp-block-buttons-is-layout-flex\" style=\"margin-top:var(--wp--preset--spacing--40);margin-bottom:var(--wp--preset--spacing--40)\">\n<div class=\"wp-block-button\"><a class=\"wp-block-button__link has-accent-2-background-color has-background wp-element-button\" href=\"https:\/\/euro-text.com\/contacto\/\" style=\"box-shadow:var(--wp--preset--shadow--deep)\">CONTACTAR<\/a><\/div>\n<\/div>\n<\/div>\n","protected":false},"excerpt":{"rendered":"<p>Transformamos tus palabras en puentes dorados que conectan culturas.<\/p>\n","protected":false},"author":1,"featured_media":0,"parent":0,"menu_order":0,"comment_status":"closed","ping_status":"closed","template":"page-no-title","meta":{"_seopress_robots_primary_cat":"","_seopress_titles_title":"","_seopress_titles_desc":"","_seopress_robots_index":"","footnotes":""},"class_list":["post-135","page","type-page","status-publish","hentry"],"_links":{"self":[{"href":"https:\/\/euro-text.com\/es\/wp-json\/wp\/v2\/pages\/135","targetHints":{"allow":["GET"]}}],"collection":[{"href":"https:\/\/euro-text.com\/es\/wp-json\/wp\/v2\/pages"}],"about":[{"href":"https:\/\/euro-text.com\/es\/wp-json\/wp\/v2\/types\/page"}],"author":[{"embeddable":true,"href":"https:\/\/euro-text.com\/es\/wp-json\/wp\/v2\/users\/1"}],"replies":[{"embeddable":true,"href":"https:\/\/euro-text.com\/es\/wp-json\/wp\/v2\/comments?post=135"}],"version-history":[{"count":9,"href":"https:\/\/euro-text.com\/es\/wp-json\/wp\/v2\/pages\/135\/revisions"}],"predecessor-version":[{"id":1001,"href":"https:\/\/euro-text.com\/es\/wp-json\/wp\/v2\/pages\/135\/revisions\/1001"}],"wp:attachment":[{"href":"https:\/\/euro-text.com\/es\/wp-json\/wp\/v2\/media?parent=135"}],"curies":[{"name":"wp","href":"https:\/\/api.w.org\/{rel}","templated":true}]}}