{"id":186,"date":"2025-03-13T12:52:22","date_gmt":"2025-03-13T11:52:22","guid":{"rendered":"https:\/\/euro-text.com\/?page_id=186"},"modified":"2025-03-27T20:34:30","modified_gmt":"2025-03-27T19:34:30","slug":"servicios-interpretacion","status":"publish","type":"page","link":"https:\/\/euro-text.com\/es\/servicios-interpretacion\/","title":{"rendered":"Interpretaci\u00f3n"},"content":{"rendered":"\n<div class=\"wp-block-group alignfull has-global-padding is-layout-constrained wp-container-core-group-is-layout-020e0ace wp-block-group-is-layout-constrained\" style=\"padding-top:var(--wp--preset--spacing--60);padding-right:var(--wp--preset--spacing--40);padding-bottom:var(--wp--preset--spacing--60);padding-left:var(--wp--preset--spacing--40)\">\n<div class=\"wp-block-group alignwide is-vertical is-content-justification-center is-layout-flex wp-container-core-group-is-layout-fa38c63a wp-block-group-is-layout-flex\" style=\"min-height:50vh\">\n<h1 class=\"wp-block-heading has-text-align-center\" style=\"font-size:clamp(46.987px, 2.937rem + ((1vw - 3.2px) * 4.413), 92px);\">Somos los alquimistas de la comunicaci\u00f3n<\/h1>\n\n\n\n<p class=\"has-text-align-center\" style=\"font-size:clamp(14.642px, 0.915rem + ((1vw - 3.2px) * 0.721), 22px);\">\u00bfEventos internacionales? \u00a1Los convertimos en un espect\u00e1culo de entendimiento! \u00bfReuniones? \u00a1Las hacemos m\u00e1s productivas que una tarde de torneos en la Plaza Mayor! \u00a1Conecta mundos con precisi\u00f3n y confianza!<\/p>\n\n\n\n<div class=\"wp-block-buttons is-content-justification-center is-layout-flex wp-container-core-buttons-is-layout-d234f690 wp-block-buttons-is-layout-flex\" style=\"margin-top:var(--wp--preset--spacing--50);margin-bottom:var(--wp--preset--spacing--50)\">\n<div class=\"wp-block-button has-custom-font-size has-large-font-size\"><a class=\"wp-block-button__link has-accent-1-background-color has-background wp-element-button\" href=\"https:\/\/euro-text.com\/contacto\/\" style=\"box-shadow:var(--wp--preset--shadow--natural)\">CONTACTAR<\/a><\/div>\n<\/div>\n<\/div>\n<\/div>\n\n\n\n<div class=\"wp-block-group alignfull has-custom-color-1-gradient-background has-background has-global-padding is-layout-constrained wp-container-core-group-is-layout-94e519ba wp-block-group-is-layout-constrained\" style=\"padding-top:var(--wp--preset--spacing--80);padding-right:var(--wp--preset--spacing--40);padding-bottom:var(--wp--preset--spacing--80);padding-left:var(--wp--preset--spacing--40)\">\n<h2 class=\"wp-block-heading\" style=\"font-size:clamp(27.894px, 1.743rem + ((1vw - 3.2px) * 1.971), 48px);\">Int\u00e9rpretes que te entienden hasta cuando murmuras<\/h2>\n\n\n\n<p>\u00a1Ponte guapo, evento! En Eurotext, no interpretamos, \u00a1cautivamos! Conectamos tu mensaje con el mundo con interpretaciones que enamoran y conquistan. \u00bfGrandes congresos? \u00a1Los hacemos vibrar! \u00bfReuniones importantes? \u00a1Las convertimos en experiencias inolvidables! Y todo con la cercan\u00eda y el toque humano que solo un equipo de Valladolid puede ofrecer.<\/p>\n\n\n\n<p>Int\u00e9rpretes nativos con m\u00e1s talento que un concursante de &#8216;La Voz&#8217;, calidad que te dejar\u00e1 boquiabierto y la cercan\u00eda de un amigo de toda la vida. \u00a1Prep\u00e1rate para el \u00e9xito global! (Y s\u00ed, tambi\u00e9n interpretamos miradas c\u00f3mplices).<\/p>\n<\/div>\n\n\n\n<div class=\"wp-block-group alignfull has-global-padding is-layout-constrained wp-container-core-group-is-layout-94e519ba wp-block-group-is-layout-constrained\" style=\"padding-top:var(--wp--preset--spacing--80);padding-right:var(--wp--preset--spacing--40);padding-bottom:var(--wp--preset--spacing--80);padding-left:var(--wp--preset--spacing--40)\">\n<h2 class=\"wp-block-heading\" style=\"font-size:clamp(27.894px, 1.743rem + ((1vw - 3.2px) * 1.971), 48px);\">Conoce nuestros servicios de interpretaci\u00f3n<\/h2>\n\n\n\n<p>Contamos con una variedad de <strong>servicios de interpretaci\u00f3n<\/strong> pensados para adaptarse a tus necesidades, ya sea en persona o a distancia. Descubre c\u00f3mo podemos ayudarte a comunicarte sin restricciones:<\/p>\n\n\n\n<div class=\"wp-block-group alignwide has-global-padding is-layout-constrained wp-block-group-is-layout-constrained\" style=\"margin-top:var(--wp--preset--spacing--60)\">\n<div class=\"wp-block-query alignwide feed-paginas-eurotext is-layout-flow wp-block-query-is-layout-flow\"><ul class=\"columns-2 wp-block-post-template is-layout-grid wp-container-core-post-template-is-layout-24e91f5c wp-block-post-template-is-layout-grid\"><li class=\"wp-block-post post-407 page type-page status-publish hentry\">\n\n<div class=\"wp-block-group has-accent-5-background-color has-background is-vertical is-layout-flex wp-container-core-group-is-layout-456098d3 wp-block-group-is-layout-flex\" style=\"border-radius:4px;padding-top:var(--wp--preset--spacing--40);padding-right:var(--wp--preset--spacing--30);padding-bottom:var(--wp--preset--spacing--40);padding-left:var(--wp--preset--spacing--30)\"><h2 class=\"has-link-color wp-elements-6d82682a4026381430a471b0e5115397 wp-block-post-title has-text-color has-contrast-color\"><a href=\"https:\/\/euro-text.com\/es\/servicios-interpretacion\/interpretacion-consecutiva\/\" target=\"_self\" >Interpretaci\u00f3n consecutiva<\/a><\/h2>\n\n<div class=\"wp-block-post-excerpt\"><p class=\"wp-block-post-excerpt__excerpt\">En este juego, se necesita a alguien con o\u00eddo fino, cerebro r\u00e1pido y cero margen de error. <\/p><\/div><\/div>\n\n<\/li><li class=\"wp-block-post post-397 page type-page status-publish hentry\">\n\n<div class=\"wp-block-group has-accent-5-background-color has-background is-vertical is-layout-flex wp-container-core-group-is-layout-456098d3 wp-block-group-is-layout-flex\" style=\"border-radius:4px;padding-top:var(--wp--preset--spacing--40);padding-right:var(--wp--preset--spacing--30);padding-bottom:var(--wp--preset--spacing--40);padding-left:var(--wp--preset--spacing--30)\"><h2 class=\"has-link-color wp-elements-6d82682a4026381430a471b0e5115397 wp-block-post-title has-text-color has-contrast-color\"><a href=\"https:\/\/euro-text.com\/es\/servicios-interpretacion\/interpretacion-simultanea\/\" target=\"_self\" >Interpretaci\u00f3n simult\u00e1nea<\/a><\/h2>\n\n<div class=\"wp-block-post-excerpt\"><p class=\"wp-block-post-excerpt__excerpt\">Con nosotros, la gente entiende en tiempo real y no se pierde ni un chiste. <\/p><\/div><\/div>\n\n<\/li><li class=\"wp-block-post post-384 page type-page status-publish hentry\">\n\n<div class=\"wp-block-group has-accent-5-background-color has-background is-vertical is-layout-flex wp-container-core-group-is-layout-456098d3 wp-block-group-is-layout-flex\" style=\"border-radius:4px;padding-top:var(--wp--preset--spacing--40);padding-right:var(--wp--preset--spacing--30);padding-bottom:var(--wp--preset--spacing--40);padding-left:var(--wp--preset--spacing--30)\"><h2 class=\"has-link-color wp-elements-6d82682a4026381430a471b0e5115397 wp-block-post-title has-text-color has-contrast-color\"><a href=\"https:\/\/euro-text.com\/es\/servicios-interpretacion\/interpretacion-remota\/\" target=\"_self\" >Interpretaci\u00f3n remota<\/a><\/h2>\n\n<div class=\"wp-block-post-excerpt\"><p class=\"wp-block-post-excerpt__excerpt\">Que no te traduzca el cu\u00f1ado del grupo. D\u00e9jalo en manos de profesionales. <\/p><\/div><\/div>\n\n<\/li><\/ul><\/div>\n<\/div>\n<\/div>\n\n\n\n<div class=\"wp-block-group alignfull has-custom-color-1-gradient-background has-background has-global-padding is-layout-constrained wp-container-core-group-is-layout-94e519ba wp-block-group-is-layout-constrained\" style=\"padding-top:var(--wp--preset--spacing--80);padding-right:var(--wp--preset--spacing--40);padding-bottom:var(--wp--preset--spacing--80);padding-left:var(--wp--preset--spacing--40)\">\n<h2 class=\"wp-block-heading\" style=\"font-size:clamp(27.894px, 1.743rem + ((1vw - 3.2px) * 1.971), 48px);\">\u00bfPor qu\u00e9 elegir Eurotext?<\/h2>\n\n\n\n<ul class=\"wp-block-list\">\n<li><strong>Atenci\u00f3n cercana<\/strong>: Somos tu equipo en Valladolid, siempre disponibles para ofrecerte un servicio humano y adaptado a tus objetivos.<\/li>\n\n\n\n<li><strong>Excelencia certificada<\/strong>: Respaldados por la norma ISO 17100:2016-05, garantizamos interpretaciones de alto nivel en cada ocasi\u00f3n.<\/li>\n\n\n\n<li><strong>Int\u00e9rpretes de \u00e9lite<\/strong>: Profesionales nativos con experiencia que aseguran naturalidad y precisi\u00f3n en cada intervenci\u00f3n.<\/li>\n\n\n\n<li><strong>Cobertura total<\/strong>: Desde congresos hasta reuniones virtuales, tenemos la soluci\u00f3n ideal para cualquier escenario multiling\u00fce<\/li>\n<\/ul>\n<\/div>\n\n\n\n<div class=\"wp-block-group alignfull has-base-color has-text-color has-background has-link-color wp-elements-f140dba956c866199e1afd4b461b097c has-global-padding is-layout-constrained wp-container-core-group-is-layout-11f9da37 wp-block-group-is-layout-constrained\" style=\"background:linear-gradient(0deg,rgb(0,78,82) 0%,rgb(111,192,194) 100%);margin-top:0;margin-bottom:0;padding-top:var(--wp--preset--spacing--80);padding-right:var(--wp--preset--spacing--40);padding-bottom:var(--wp--preset--spacing--80);padding-left:var(--wp--preset--spacing--40)\">\n<h2 class=\"wp-block-heading has-text-align-center has-base-color has-text-color has-link-color has-xx-large-font-size wp-elements-9204f2c1d49a907a0b9d2004d0430a81\">\u00a1Haz que tus eventos despeguen!<\/h2>\n\n\n\n<p class=\"has-text-align-center has-large-font-size\">Con Eurotext, cada palabra es un portal a nuevas dimensiones de \u00e9xito. \u00a1Olvida las fronteras terrestres y prep\u00e1rate para conquistar el multiverso! (Y s\u00ed, tambi\u00e9n traducimos los aullidos de los hombres lobo a esperanto).<\/p>\n\n\n\n<div class=\"wp-block-buttons is-content-justification-center is-layout-flex wp-container-core-buttons-is-layout-a6d9f191 wp-block-buttons-is-layout-flex\" style=\"margin-top:var(--wp--preset--spacing--40);margin-bottom:var(--wp--preset--spacing--40)\">\n<div class=\"wp-block-button\"><a class=\"wp-block-button__link has-accent-2-background-color has-background wp-element-button\" href=\"https:\/\/euro-text.com\/contacto\/\" style=\"box-shadow:var(--wp--preset--shadow--deep)\">CONTACTAR<\/a><\/div>\n<\/div>\n<\/div>\n","protected":false},"excerpt":{"rendered":"<p>Convertimos tus eventos y reuniones en un espect\u00e1culo de entendimiento.<\/p>\n","protected":false},"author":1,"featured_media":0,"parent":0,"menu_order":0,"comment_status":"closed","ping_status":"closed","template":"page-no-title","meta":{"_seopress_robots_primary_cat":"","_seopress_titles_title":"","_seopress_titles_desc":"","_seopress_robots_index":"","footnotes":""},"class_list":["post-186","page","type-page","status-publish","hentry"],"_links":{"self":[{"href":"https:\/\/euro-text.com\/es\/wp-json\/wp\/v2\/pages\/186","targetHints":{"allow":["GET"]}}],"collection":[{"href":"https:\/\/euro-text.com\/es\/wp-json\/wp\/v2\/pages"}],"about":[{"href":"https:\/\/euro-text.com\/es\/wp-json\/wp\/v2\/types\/page"}],"author":[{"embeddable":true,"href":"https:\/\/euro-text.com\/es\/wp-json\/wp\/v2\/users\/1"}],"replies":[{"embeddable":true,"href":"https:\/\/euro-text.com\/es\/wp-json\/wp\/v2\/comments?post=186"}],"version-history":[{"count":10,"href":"https:\/\/euro-text.com\/es\/wp-json\/wp\/v2\/pages\/186\/revisions"}],"predecessor-version":[{"id":994,"href":"https:\/\/euro-text.com\/es\/wp-json\/wp\/v2\/pages\/186\/revisions\/994"}],"wp:attachment":[{"href":"https:\/\/euro-text.com\/es\/wp-json\/wp\/v2\/media?parent=186"}],"curies":[{"name":"wp","href":"https:\/\/api.w.org\/{rel}","templated":true}]}}