{"id":199,"date":"2025-03-13T13:18:04","date_gmt":"2025-03-13T12:18:04","guid":{"rendered":"https:\/\/euro-text.com\/?page_id=199"},"modified":"2025-03-17T11:39:57","modified_gmt":"2025-03-17T10:39:57","slug":"traduccion-especializada","status":"publish","type":"page","link":"https:\/\/euro-text.com\/es\/traduccion\/traduccion-especializada\/","title":{"rendered":"Traducci\u00f3n especializada"},"content":{"rendered":"\n<div class=\"wp-block-group alignfull has-global-padding is-layout-constrained wp-container-core-group-is-layout-020e0ace wp-block-group-is-layout-constrained\" style=\"padding-top:var(--wp--preset--spacing--60);padding-right:var(--wp--preset--spacing--40);padding-bottom:var(--wp--preset--spacing--60);padding-left:var(--wp--preset--spacing--40)\">\n<div class=\"wp-block-group alignwide is-vertical is-content-justification-center is-layout-flex wp-container-core-group-is-layout-fa38c63a wp-block-group-is-layout-flex\" style=\"min-height:50vh\">\n<h1 class=\"wp-block-heading has-text-align-center\" style=\"font-size:clamp(46.987px, 2.937rem + ((1vw - 3.2px) * 4.413), 92px);\">Traducci\u00f3n especializada<\/h1>\n\n\n\n<p class=\"has-text-align-center\" style=\"font-size:clamp(14.642px, 0.915rem + ((1vw - 3.2px) * 0.721), 22px);\">En Eurotext, transformamos tus textos t\u00e9cnicos en puentes hacia el \u00e9xito global. Si buscas precisi\u00f3n y <em>expertise<\/em> en traducciones complejas, nuestro equipo local est\u00e1 aqu\u00ed para llevar tu contenido especializado al mundo con confianza.<\/p>\n\n\n\n<div class=\"wp-block-buttons is-content-justification-center is-layout-flex wp-container-core-buttons-is-layout-d234f690 wp-block-buttons-is-layout-flex\" style=\"margin-top:var(--wp--preset--spacing--50);margin-bottom:var(--wp--preset--spacing--50)\">\n<div class=\"wp-block-button has-custom-font-size has-large-font-size\"><a class=\"wp-block-button__link has-accent-1-background-color has-background wp-element-button\" href=\"https:\/\/euro-text.com\/contacto\/\" style=\"box-shadow:var(--wp--preset--shadow--natural)\">CONTACTAR<\/a><\/div>\n<\/div>\n<\/div>\n<\/div>\n\n\n\n<div class=\"wp-block-group alignfull has-custom-color-1-gradient-background has-background has-global-padding is-layout-constrained wp-container-core-group-is-layout-94e519ba wp-block-group-is-layout-constrained\" style=\"padding-top:var(--wp--preset--spacing--80);padding-right:var(--wp--preset--spacing--40);padding-bottom:var(--wp--preset--spacing--80);padding-left:var(--wp--preset--spacing--40)\">\n<h2 class=\"wp-block-heading\" style=\"font-size:clamp(27.894px, 1.743rem + ((1vw - 3.2px) * 1.971), 48px);\">Traducci\u00f3n especializada: rigor t\u00e9cnico en cada palabra<\/h2>\n\n\n\n<p>En Eurotext, entendemos que una <strong>traducci\u00f3n especializada<\/strong> no es solo un cambio de idioma: es una garant\u00eda de precisi\u00f3n y profesionalidad. Nos especializamos en textos t\u00e9cnicos que requieren un conocimiento profundo y un manejo experto de la terminolog\u00eda. Ya sean documentos m\u00e9dicos, especificaciones industriales o contratos legales, nuestro equipo de traductores nativos y especializados convierte la complejidad en claridad, asegurando que tu mensaje llegue intacto a cualquier mercado.<\/p>\n\n\n\n<p>Lo que nos diferencia es nuestro enfoque: <em>expertise t\u00e9cnico combinado con un servicio cercano<\/em>. Desde Valladolid, ofrecemos soluciones personalizadas que respetan los detalles de tu industria y superan tus expectativas. \u00bfQuieres que tu contenido t\u00e9cnico hable por s\u00ed mismo en cualquier idioma? Con Eurotext, est\u00e1s en las mejores manos.<\/p>\n<\/div>\n\n\n\n<div class=\"wp-block-group alignfull has-global-padding is-layout-constrained wp-container-core-group-is-layout-94e519ba wp-block-group-is-layout-constrained\" style=\"padding-top:var(--wp--preset--spacing--80);padding-right:var(--wp--preset--spacing--40);padding-bottom:var(--wp--preset--spacing--80);padding-left:var(--wp--preset--spacing--40)\">\n<h2 class=\"wp-block-heading\" style=\"font-size:clamp(27.894px, 1.743rem + ((1vw - 3.2px) * 1.971), 48px);\">\u00c1reas de especializaci\u00f3n que nos definen<\/h2>\n\n\n\n<p>Ponemos nuestra experiencia al servicio de sectores clave, asegurando traducciones que cumplen con los m\u00e1s altos est\u00e1ndares:<\/p>\n\n\n\n<ul class=\"wp-block-list\">\n<li><strong>Tecnolog\u00eda<\/strong>: Documentaci\u00f3n de software, gu\u00edas t\u00e9cnicas, interfaces.<\/li>\n\n\n\n<li><strong>Medicina<\/strong>: Ensayos cl\u00ednicos, fichas t\u00e9cnicas, protocolos.<\/li>\n\n\n\n<li><strong>Ingenier\u00eda<\/strong>: Planos, manuales de maquinaria, certificaciones.<\/li>\n\n\n\n<li><strong>Legal y financiero<\/strong>: Acuerdos, balances, normativas.<br><br>\u00bfTu proyecto tiene requisitos \u00fanicos? Nos adaptamos a cualquier reto t\u00e9cnico que nos plantees.<\/li>\n<\/ul>\n<\/div>\n\n\n\n<div class=\"wp-block-group alignfull has-custom-color-1-gradient-background has-background has-global-padding is-layout-constrained wp-container-core-group-is-layout-94e519ba wp-block-group-is-layout-constrained\" style=\"padding-top:var(--wp--preset--spacing--80);padding-right:var(--wp--preset--spacing--40);padding-bottom:var(--wp--preset--spacing--80);padding-left:var(--wp--preset--spacing--40)\">\n<h2 class=\"wp-block-heading\" style=\"font-size:clamp(27.894px, 1.743rem + ((1vw - 3.2px) * 1.971), 48px);\">\u00bfPor qu\u00e9 confiar en nuestra traducci\u00f3n especializada?<\/h2>\n\n\n\n<ul class=\"wp-block-list\">\n<li><strong>Certificaci\u00f3n de calidad<\/strong>: Cumplimos con la norma ISO 17100:2016-05, un sello de excelencia en cada proyecto.<\/li>\n\n\n\n<li><strong>Especialistas por industria<\/strong>: Contamos con traductores expertos en campos como tecnolog\u00eda, medicina o ingenier\u00eda, que conocen tu jerga al detalle.<\/li>\n\n\n\n<li><strong>Exactitud sin compromisos<\/strong>: Revisamos cada t\u00e9rmino y concepto para que tu contenido sea preciso y profesional en todos los idiomas.<\/li>\n\n\n\n<li><strong>Localizaci\u00f3n inteligente<\/strong>: Adaptamos tus textos al contexto cultural de tu audiencia, manteniendo su esencia t\u00e9cnica.<\/li>\n<\/ul>\n<\/div>\n\n\n\n<div class=\"wp-block-group alignfull has-base-color has-text-color has-background has-link-color wp-elements-eb495f76e2e18fdfe5ffcbef694d3f8c has-global-padding is-layout-constrained wp-container-core-group-is-layout-11f9da37 wp-block-group-is-layout-constrained\" style=\"background:linear-gradient(0deg,rgb(0,78,82) 0%,rgb(111,192,194) 100%);margin-top:0;margin-bottom:0;padding-top:var(--wp--preset--spacing--80);padding-right:var(--wp--preset--spacing--40);padding-bottom:var(--wp--preset--spacing--80);padding-left:var(--wp--preset--spacing--40)\">\n<h2 class=\"wp-block-heading has-text-align-center has-base-color has-text-color has-link-color has-xx-large-font-size wp-elements-d6531f4515450a6f3f2b6f87878591b3\">Consigue una comunicaci\u00f3n t\u00e9cnica sin fronteras<\/h2>\n\n\n\n<p class=\"has-text-align-center has-large-font-size\">No dejes que la barrera del idioma frene tu expansi\u00f3n. Con Eurotext, tu contenido especializado conquista mercados con precisi\u00f3n y confianza.<\/p>\n\n\n\n<div class=\"wp-block-buttons is-content-justification-center is-layout-flex wp-container-core-buttons-is-layout-a6d9f191 wp-block-buttons-is-layout-flex\" style=\"margin-top:var(--wp--preset--spacing--40);margin-bottom:var(--wp--preset--spacing--40)\">\n<div class=\"wp-block-button\"><a class=\"wp-block-button__link has-accent-2-background-color has-background wp-element-button\" href=\"https:\/\/euro-text.com\/contacto\/\" style=\"box-shadow:var(--wp--preset--shadow--deep)\">CONTACTAR<\/a><\/div>\n<\/div>\n<\/div>\n","protected":false},"excerpt":{"rendered":"<p>Traducci\u00f3n especializada En Eurotext, transformamos tus textos t\u00e9cnicos en puentes hacia el \u00e9xito global. Si buscas precisi\u00f3n y expertise en traducciones complejas, nuestro equipo local est\u00e1 aqu\u00ed para llevar tu contenido especializado al mundo con confianza. Traducci\u00f3n especializada: rigor t\u00e9cnico en cada palabra En Eurotext, entendemos que una traducci\u00f3n especializada no es solo un cambio [&hellip;]<\/p>\n","protected":false},"author":1,"featured_media":0,"parent":135,"menu_order":0,"comment_status":"closed","ping_status":"closed","template":"page-no-title","meta":{"_seopress_robots_primary_cat":"","_seopress_titles_title":"","_seopress_titles_desc":"","_seopress_robots_index":"","footnotes":""},"class_list":["post-199","page","type-page","status-publish","hentry"],"_links":{"self":[{"href":"https:\/\/euro-text.com\/es\/wp-json\/wp\/v2\/pages\/199","targetHints":{"allow":["GET"]}}],"collection":[{"href":"https:\/\/euro-text.com\/es\/wp-json\/wp\/v2\/pages"}],"about":[{"href":"https:\/\/euro-text.com\/es\/wp-json\/wp\/v2\/types\/page"}],"author":[{"embeddable":true,"href":"https:\/\/euro-text.com\/es\/wp-json\/wp\/v2\/users\/1"}],"replies":[{"embeddable":true,"href":"https:\/\/euro-text.com\/es\/wp-json\/wp\/v2\/comments?post=199"}],"version-history":[{"count":3,"href":"https:\/\/euro-text.com\/es\/wp-json\/wp\/v2\/pages\/199\/revisions"}],"predecessor-version":[{"id":251,"href":"https:\/\/euro-text.com\/es\/wp-json\/wp\/v2\/pages\/199\/revisions\/251"}],"up":[{"embeddable":true,"href":"https:\/\/euro-text.com\/es\/wp-json\/wp\/v2\/pages\/135"}],"wp:attachment":[{"href":"https:\/\/euro-text.com\/es\/wp-json\/wp\/v2\/media?parent=199"}],"curies":[{"name":"wp","href":"https:\/\/api.w.org\/{rel}","templated":true}]}}