{"id":2,"date":"2025-02-13T08:58:33","date_gmt":"2025-02-13T08:58:33","guid":{"rendered":"https:\/\/euro-text.com\/?page_id=2"},"modified":"2025-03-29T11:42:47","modified_gmt":"2025-03-29T10:42:47","slug":"inicio","status":"publish","type":"page","link":"https:\/\/euro-text.com\/es\/","title":{"rendered":"Inicio"},"content":{"rendered":"\n<div class=\"wp-block-group alignfull has-global-padding is-layout-constrained wp-container-core-group-is-layout-94e519ba wp-block-group-is-layout-constrained\" style=\"padding-top:var(--wp--preset--spacing--80);padding-right:var(--wp--preset--spacing--40);padding-bottom:var(--wp--preset--spacing--80);padding-left:var(--wp--preset--spacing--40)\">\n<div class=\"wp-block-group alignwide is-vertical is-content-justification-center is-layout-flex wp-container-core-group-is-layout-fa38c63a wp-block-group-is-layout-flex\" style=\"min-height:50vh\">\n<h1 class=\"wp-block-heading has-text-align-center has-custom-1-font-size\">La agencia de traducci\u00f3n de Valladolid<\/h1>\n\n\n\n<p class=\"has-text-align-center has-large-font-size\">Calidad y servicio con la cercan\u00eda y confianza de un equipo local y el respaldo de un grupo nacional.<\/p>\n\n\n\n<div class=\"wp-block-buttons is-content-justification-center is-layout-flex wp-container-core-buttons-is-layout-d234f690 wp-block-buttons-is-layout-flex\" style=\"margin-top:var(--wp--preset--spacing--50);margin-bottom:var(--wp--preset--spacing--50)\">\n<div class=\"wp-block-button has-custom-font-size has-large-font-size\"><a class=\"wp-block-button__link has-accent-1-background-color has-background wp-element-button\" href=\"https:\/\/euro-text.com\/contacto\/\" style=\"box-shadow:var(--wp--preset--shadow--natural)\">CONTACTAR<\/a><\/div>\n<\/div>\n<\/div>\n<\/div>\n\n\n\n<div class=\"wp-block-group alignfull has-custom-color-1-gradient-background has-background has-global-padding is-layout-constrained wp-container-core-group-is-layout-94e519ba wp-block-group-is-layout-constrained\" style=\"padding-top:var(--wp--preset--spacing--80);padding-right:var(--wp--preset--spacing--40);padding-bottom:var(--wp--preset--spacing--80);padding-left:var(--wp--preset--spacing--40)\">\n<div class=\"wp-block-columns alignwide is-layout-flex wp-container-core-columns-is-layout-28f84493 wp-block-columns-is-layout-flex\">\n<div class=\"wp-block-column is-layout-flow wp-block-column-is-layout-flow\">\n<h2 class=\"wp-block-heading\" style=\"font-size:clamp(27.894px, 1.743rem + ((1vw - 3.2px) * 1.971), 48px);\">\u00bfPor qu\u00e9 buscar fuera lo que tienes aqu\u00ed?<\/h2>\n<\/div>\n\n\n\n<div class=\"wp-block-column is-layout-flow wp-block-column-is-layout-flow\"><\/div>\n<\/div>\n\n\n\n<div class=\"wp-block-columns alignwide is-layout-flex wp-container-core-columns-is-layout-28f84493 wp-block-columns-is-layout-flex\">\n<div class=\"wp-block-column is-layout-flow wp-block-column-is-layout-flow\">\n<p><a href=\"https:\/\/euro-text.com\/?page_id=210\" data-type=\"page\" data-id=\"210\">Nosotros \u2192<\/a><\/p>\n<\/div>\n\n\n\n<div class=\"wp-block-column is-layout-flow wp-block-column-is-layout-flow\">\n<p>Desde 1995 ofrecemos servicios de traducci\u00f3n profesional con los mismos est\u00e1ndares de calidad que las grandes agencias nacionales y online, pero con la ventaja de un trato cercano y personalizado. Pertenecemos adem\u00e1s al grupo nacional Aire traducciones con sede en Madrid.<\/p>\n<\/div>\n<\/div>\n\n\n\n<div class=\"wp-block-columns alignwide is-layout-flex wp-container-core-columns-is-layout-3e1d588b wp-block-columns-is-layout-flex\" style=\"margin-top:var(--wp--preset--spacing--70)\">\n<div class=\"wp-block-column is-layout-flow wp-block-column-is-layout-flow\">\n<h2 class=\"wp-block-heading\">Equipo<\/h2>\n\n\n\n<p>Nuestro equipo de traductores e int\u00e9rpretes nativos y especializados abarca una amplia gama de sectores, incluyendo industria y tecnolog\u00eda, energ\u00eda y medioambiente, derecho y finanzas, cultura y turismo, agricultura y vinos, marketing y prensa. Esto nos permite ofrecer traducciones precisas y adaptadas a las necesidades espec\u00edficas de cada cliente.<\/p>\n\n\n\n<h2 class=\"wp-block-heading\">Servicios<\/h2>\n\n\n\n<p>Adem\u00e1s de traducciones escritas, proporcionamos servicios de interpretaci\u00f3n simult\u00e1nea y consecutiva para congresos, presentaciones, ruedas de prensa, ferias y reuniones de negocios. Nos adaptamos a tus necesidades con traducciones precisas, en los plazos acordados y con tarifas ajustadas.<\/p>\n\n\n\n<p>Somos una empresa tecnol\u00f3gicamente avanzada y utilizamos las herramientas de traducci\u00f3n m\u00e1s innovadoras del mercado. Gracias a estas tecnolog\u00edas, optimizamos tiempos, mantenemos la coherencia terminol\u00f3gica y ofrecemos soluciones m\u00e1s eficientes sin comprometer la calidad.<\/p>\n<\/div>\n\n\n\n<div class=\"wp-block-column is-layout-flow wp-block-column-is-layout-flow\">\n<h2 class=\"wp-block-heading\">Calidad<\/h2>\n\n\n\n<p>Nuestra dedicaci\u00f3n a la calidad est\u00e1 avalada por la certificaci\u00f3n seg\u00fan la norma ISO 17100, garantizando que cada proyecto se gestione con los m\u00e1s altos est\u00e1ndares. Con m\u00e1s de 30 a\u00f1os de experiencia y m\u00e1s de 20.000 proyectos realizados, nos apasiona nuestro trabajo y nos involucramos en tu proyecto para ofrecerte los mejores resultados.<\/p>\n\n\n\n<p>Conf\u00eda en un equipo cercano, experto y comprometido con tu proyecto. Estamos aqu\u00ed para proporcionarte cualquier traducci\u00f3n que necesites para tu negocio, en el idioma, el formato y en el d\u00eda que nos pidas (\u00a1o incluso antes!).<\/p>\n<\/div>\n<\/div>\n<\/div>\n\n\n\n<div class=\"wp-block-group alignfull has-global-padding is-layout-constrained wp-container-core-group-is-layout-94e519ba wp-block-group-is-layout-constrained\" style=\"padding-top:var(--wp--preset--spacing--80);padding-right:var(--wp--preset--spacing--40);padding-bottom:var(--wp--preset--spacing--80);padding-left:var(--wp--preset--spacing--40)\">\n<div class=\"wp-block-columns alignwide is-layout-flex wp-container-core-columns-is-layout-28f84493 wp-block-columns-is-layout-flex\">\n<div class=\"wp-block-column is-layout-flow wp-block-column-is-layout-flow\">\n<h2 class=\"wp-block-heading\" style=\"font-size:clamp(27.894px, 1.743rem + ((1vw - 3.2px) * 1.971), 48px);\">Trabajando para los mejores clientes<\/h2>\n<\/div>\n\n\n\n<div class=\"wp-block-column is-layout-flow wp-block-column-is-layout-flow\"><\/div>\n<\/div>\n\n\n\n<div class=\"wp-block-columns alignwide is-layout-flex wp-container-core-columns-is-layout-28f84493 wp-block-columns-is-layout-flex\">\n<div class=\"wp-block-column is-layout-flow wp-block-column-is-layout-flow\"><\/div>\n\n\n\n<div class=\"wp-block-column is-layout-flow wp-block-column-is-layout-flow\">\n<p>Trabajamos para las empresas m\u00e1s prestigiosas de Valladolid y el resto de las provincias de Castilla y Le\u00f3n.<\/p>\n<\/div>\n<\/div>\n\n\n\n<div class=\"wp-block-group alignwide grid-clientes-portada is-layout-grid wp-container-core-group-is-layout-def2535a wp-block-group-is-layout-grid\" style=\"margin-top:var(--wp--preset--spacing--60);margin-bottom:var(--wp--preset--spacing--60)\">\n<figure class=\"wp-block-image size-full\"><img alt=\"\" decoding=\"async\" src=\"data:image\/gif;base64,R0lGODlhAQABAIAAAAAAAP\/\/\/yH5BAEAAAAALAAAAAABAAEAAAIBRAA7\" data-src=\"https:\/\/euro-text.com\/wp-content\/uploads\/Siemens.jpg\" alt=\"\" class=\"wp-image-67 lazyload\"\/><noscript><img alt=\"\" decoding=\"async\" width=\"200\" height=\"200\" src=\"https:\/\/euro-text.com\/wp-content\/uploads\/Siemens.jpg\" alt=\"\" class=\"wp-image-67 lazyload\"\/><\/noscript><\/figure>\n\n\n\n<figure class=\"wp-block-image size-full\"><img alt=\"\" decoding=\"async\" src=\"data:image\/gif;base64,R0lGODlhAQABAIAAAAAAAP\/\/\/yH5BAEAAAAALAAAAAABAAEAAAIBRAA7\" data-src=\"https:\/\/euro-text.com\/wp-content\/uploads\/michelin.jpg\" alt=\"\" class=\"wp-image-73 lazyload\"\/><noscript><img alt=\"\" decoding=\"async\" width=\"200\" height=\"200\" src=\"https:\/\/euro-text.com\/wp-content\/uploads\/michelin.jpg\" alt=\"\" class=\"wp-image-73 lazyload\"\/><\/noscript><\/figure>\n\n\n\n<figure class=\"wp-block-image size-full\"><img alt=\"\" decoding=\"async\" src=\"data:image\/gif;base64,R0lGODlhAQABAIAAAAAAAP\/\/\/yH5BAEAAAAALAAAAAABAAEAAAIBRAA7\" data-src=\"https:\/\/euro-text.com\/wp-content\/uploads\/norte-de-castilla.jpg\" alt=\"\" class=\"wp-image-69 lazyload\"\/><noscript><img alt=\"\" decoding=\"async\" width=\"200\" height=\"200\" src=\"https:\/\/euro-text.com\/wp-content\/uploads\/norte-de-castilla.jpg\" alt=\"\" class=\"wp-image-69 lazyload\"\/><\/noscript><\/figure>\n\n\n\n<figure class=\"wp-block-image size-full\"><img alt=\"\" decoding=\"async\" src=\"data:image\/gif;base64,R0lGODlhAQABAIAAAAAAAP\/\/\/yH5BAEAAAAALAAAAAABAAEAAAIBRAA7\" data-src=\"https:\/\/euro-text.com\/wp-content\/uploads\/LOGO-JUNTA-CyL-color-320x202-1.jpg\" alt=\"\" class=\"wp-image-66 lazyload\"\/><noscript><img alt=\"\" decoding=\"async\" width=\"320\" height=\"202\" src=\"https:\/\/euro-text.com\/wp-content\/uploads\/LOGO-JUNTA-CyL-color-320x202-1.jpg\" alt=\"\" class=\"wp-image-66 lazyload\"\/><\/noscript><\/figure>\n\n\n\n<figure class=\"wp-block-image size-full\"><img alt=\"\" decoding=\"async\" src=\"data:image\/gif;base64,R0lGODlhAQABAIAAAAAAAP\/\/\/yH5BAEAAAAALAAAAAABAAEAAAIBRAA7\" data-src=\"https:\/\/euro-text.com\/wp-content\/uploads\/Logo_VINOS_DE_LA_LUZ-320x202-1.png\" alt=\"\" class=\"wp-image-68 lazyload\"\/><noscript><img alt=\"\" decoding=\"async\" width=\"320\" height=\"202\" src=\"https:\/\/euro-text.com\/wp-content\/uploads\/Logo_VINOS_DE_LA_LUZ-320x202-1.png\" alt=\"\" class=\"wp-image-68 lazyload\"\/><\/noscript><\/figure>\n\n\n\n<figure class=\"wp-block-image size-full\"><img alt=\"\" decoding=\"async\" src=\"data:image\/gif;base64,R0lGODlhAQABAIAAAAAAAP\/\/\/yH5BAEAAAAALAAAAAABAAEAAAIBRAA7\" data-src=\"https:\/\/euro-text.com\/wp-content\/uploads\/feria-de-valladolid.jpg\" alt=\"\" class=\"wp-image-63 lazyload\"\/><noscript><img alt=\"\" decoding=\"async\" width=\"200\" height=\"200\" src=\"https:\/\/euro-text.com\/wp-content\/uploads\/feria-de-valladolid.jpg\" alt=\"\" class=\"wp-image-63 lazyload\"\/><\/noscript><\/figure>\n\n\n\n<figure class=\"wp-block-image size-full\"><img alt=\"\" decoding=\"async\" src=\"data:image\/gif;base64,R0lGODlhAQABAIAAAAAAAP\/\/\/yH5BAEAAAAALAAAAAABAAEAAAIBRAA7\" data-src=\"https:\/\/euro-text.com\/wp-content\/uploads\/LyceumColor-800X300-300x202-1.jpg\" alt=\"\" class=\"wp-image-64 lazyload\"\/><noscript><img alt=\"\" decoding=\"async\" width=\"300\" height=\"202\" src=\"https:\/\/euro-text.com\/wp-content\/uploads\/LyceumColor-800X300-300x202-1.jpg\" alt=\"\" class=\"wp-image-64 lazyload\"\/><\/noscript><\/figure>\n\n\n\n<figure class=\"wp-block-image size-full\"><img alt=\"\" decoding=\"async\" src=\"data:image\/gif;base64,R0lGODlhAQABAIAAAAAAAP\/\/\/yH5BAEAAAAALAAAAAABAAEAAAIBRAA7\" data-src=\"https:\/\/euro-text.com\/wp-content\/uploads\/thyssenkrupp.gif\" alt=\"\" class=\"wp-image-65 lazyload\"\/><noscript><img alt=\"\" decoding=\"async\" width=\"173\" height=\"173\" src=\"https:\/\/euro-text.com\/wp-content\/uploads\/thyssenkrupp.gif\" alt=\"\" class=\"wp-image-65 lazyload\"\/><\/noscript><\/figure>\n\n\n\n<figure class=\"wp-block-image size-full\"><img alt=\"\" decoding=\"async\" src=\"data:image\/gif;base64,R0lGODlhAQABAIAAAAAAAP\/\/\/yH5BAEAAAAALAAAAAABAAEAAAIBRAA7\" data-src=\"https:\/\/euro-text.com\/wp-content\/uploads\/AHEISA_logo_horizontal-320x202-1.png\" alt=\"\" class=\"wp-image-72 lazyload\"\/><noscript><img alt=\"\" decoding=\"async\" width=\"320\" height=\"202\" src=\"https:\/\/euro-text.com\/wp-content\/uploads\/AHEISA_logo_horizontal-320x202-1.png\" alt=\"\" class=\"wp-image-72 lazyload\"\/><\/noscript><\/figure>\n\n\n\n<figure class=\"wp-block-image size-full\"><img alt=\"\" decoding=\"async\" src=\"data:image\/gif;base64,R0lGODlhAQABAIAAAAAAAP\/\/\/yH5BAEAAAAALAAAAAABAAEAAAIBRAA7\" data-src=\"https:\/\/euro-text.com\/wp-content\/uploads\/AVEBIOM-ESPIRALES.jpg\" alt=\"\" class=\"wp-image-74 lazyload\"\/><noscript><img alt=\"\" decoding=\"async\" width=\"200\" height=\"200\" src=\"https:\/\/euro-text.com\/wp-content\/uploads\/AVEBIOM-ESPIRALES.jpg\" alt=\"\" class=\"wp-image-74 lazyload\"\/><\/noscript><\/figure>\n\n\n\n<figure class=\"wp-block-image size-full\"><img alt=\"\" decoding=\"async\" src=\"data:image\/gif;base64,R0lGODlhAQABAIAAAAAAAP\/\/\/yH5BAEAAAAALAAAAAABAAEAAAIBRAA7\" data-src=\"https:\/\/euro-text.com\/wp-content\/uploads\/expo-biomasa.jpg\" alt=\"\" class=\"wp-image-77 lazyload\"\/><noscript><img alt=\"\" decoding=\"async\" width=\"200\" height=\"200\" src=\"https:\/\/euro-text.com\/wp-content\/uploads\/expo-biomasa.jpg\" alt=\"\" class=\"wp-image-77 lazyload\"\/><\/noscript><\/figure>\n\n\n\n<figure class=\"wp-block-image size-full\"><img alt=\"\" decoding=\"async\" src=\"data:image\/gif;base64,R0lGODlhAQABAIAAAAAAAP\/\/\/yH5BAEAAAAALAAAAAABAAEAAAIBRAA7\" data-src=\"https:\/\/euro-text.com\/wp-content\/uploads\/mas-que-ideas.jpg\" alt=\"\" class=\"wp-image-79 lazyload\"\/><noscript><img alt=\"\" decoding=\"async\" width=\"200\" height=\"200\" src=\"https:\/\/euro-text.com\/wp-content\/uploads\/mas-que-ideas.jpg\" alt=\"\" class=\"wp-image-79 lazyload\"\/><\/noscript><\/figure>\n<\/div>\n<\/div>\n\n\n\n<div class=\"wp-block-group alignfull has-custom-color-1-gradient-background has-background has-global-padding is-layout-constrained wp-container-core-group-is-layout-94e519ba wp-block-group-is-layout-constrained\" style=\"padding-top:var(--wp--preset--spacing--80);padding-right:var(--wp--preset--spacing--40);padding-bottom:var(--wp--preset--spacing--80);padding-left:var(--wp--preset--spacing--40)\">\n<div class=\"wp-block-columns alignwide is-layout-flex wp-container-core-columns-is-layout-28f84493 wp-block-columns-is-layout-flex\">\n<div class=\"wp-block-column is-layout-flow wp-block-column-is-layout-flow\">\n<h2 class=\"wp-block-heading\" style=\"font-size:clamp(27.894px, 1.743rem + ((1vw - 3.2px) * 1.971), 48px);\">Lo que dicen de nosotros<\/h2>\n<\/div>\n\n\n\n<div class=\"wp-block-column is-layout-flow wp-block-column-is-layout-flow\"><\/div>\n<\/div>\n\n\n\n<div class=\"wp-block-columns alignwide is-layout-flex wp-container-core-columns-is-layout-28f84493 wp-block-columns-is-layout-flex\">\n<div class=\"wp-block-column is-layout-flow wp-block-column-is-layout-flow\">\n<p><a href=\"https:\/\/euro-text.com\/?page_id=212\" data-type=\"page\" data-id=\"212\">M\u00e1s rese\u00f1as \u2192<\/a><\/p>\n<\/div>\n\n\n\n<div class=\"wp-block-column is-layout-flow wp-block-column-is-layout-flow\">\n<p>Nuestra mejor publicidad es dejar hablar a nuestros clientes.<\/p>\n<\/div>\n<\/div>\n\n\n\n<div class=\"wp-block-group alignwide grid-clientes-portada is-layout-grid wp-container-core-group-is-layout-2b9bf88f wp-block-group-is-layout-grid\" style=\"margin-top:var(--wp--preset--spacing--60);margin-bottom:var(--wp--preset--spacing--60)\">\n<div class=\"wp-block-group is-vertical is-layout-flex wp-container-core-group-is-layout-2d729e81 wp-block-group-is-layout-flex\">\n<p>\u00ab<em>Eurotext es garant\u00eda de \u00e9xito, es profesionalidad y experiencia\u00bb<\/em><\/p>\n\n\n\n<h3 class=\"wp-block-heading\">Lola L\u00f3pez de la Cuesta<\/h3>\n\n\n\n<p style=\"margin-top:-1em\">Feria de Valladolid<\/p>\n<\/div>\n\n\n\n<div class=\"wp-block-group is-vertical is-layout-flex wp-container-core-group-is-layout-2d729e81 wp-block-group-is-layout-flex\">\n<p>\u00ab<em><em>El grado de entendimiento es muy elevado, y asumen perfectamente lo que esperamos de ellos\u00bb<\/em><\/em><\/p>\n\n\n\n<h3 class=\"wp-block-heading\">Jos\u00e9 Manuel Corral<\/h3>\n\n\n\n<p style=\"margin-top:-1em\">Michel\u00edn<\/p>\n<\/div>\n\n\n\n<div class=\"wp-block-group is-vertical is-layout-flex wp-container-core-group-is-layout-2d729e81 wp-block-group-is-layout-flex\">\n<p>\u00abC<em>onfiamos en Eurotext hace a\u00f1os para traducir las fichas de cata de nuestros vinos\u00bb<\/em><\/p>\n\n\n\n<h3 class=\"wp-block-heading\">Gemma Aliste<\/h3>\n\n\n\n<p style=\"margin-top:-1em\">Vinos de la Luz<\/p>\n<\/div>\n<\/div>\n<\/div>\n\n\n\n<div class=\"wp-block-group alignfull has-background has-global-padding is-layout-constrained wp-container-core-group-is-layout-8657f4d6 wp-block-group-is-layout-constrained\" style=\"background:linear-gradient(0deg,rgb(0,78,82) 0%,rgb(111,192,194) 100%);margin-top:0;margin-bottom:0;padding-top:var(--wp--preset--spacing--60);padding-right:var(--wp--preset--spacing--40);padding-bottom:var(--wp--preset--spacing--60);padding-left:var(--wp--preset--spacing--40)\">\n<div class=\"wp-block-group alignwide is-vertical is-content-justification-center is-layout-flex wp-container-core-group-is-layout-b6c1f246 wp-block-group-is-layout-flex\" style=\"min-height:50vh\">\n<h2 class=\"wp-block-heading has-text-align-center has-base-color has-text-color has-link-color has-xx-large-font-size wp-elements-8b23ee58088964233e191d382d32f25d\">\u00bfHablamos?<\/h2>\n\n\n\n<p class=\"has-text-align-center has-base-color has-text-color has-link-color has-large-font-size wp-elements-a5dfb44a0f95b959ec0d4ea7eb7f7f5b\">Empieza ya a disfrutar del mejor servicio de traducci\u00f3n en Valladolid.<\/p>\n\n\n\n<div class=\"wp-block-buttons is-content-justification-center is-layout-flex wp-container-core-buttons-is-layout-a6d9f191 wp-block-buttons-is-layout-flex\" style=\"margin-top:var(--wp--preset--spacing--40);margin-bottom:var(--wp--preset--spacing--40)\">\n<div class=\"wp-block-button\"><a class=\"wp-block-button__link has-accent-2-background-color has-background wp-element-button\" href=\"https:\/\/euro-text.com\/contacto\/\" style=\"box-shadow:var(--wp--preset--shadow--deep)\">CONTACTAR<\/a><\/div>\n<\/div>\n<\/div>\n<\/div>\n","protected":false},"excerpt":{"rendered":"<p>La agencia de traducci\u00f3n de Valladolid Calidad y servicio con la cercan\u00eda y confianza de un equipo local y el respaldo de un grupo nacional. \u00bfPor qu\u00e9 buscar fuera lo que tienes aqu\u00ed? Nosotros \u2192 Desde 1995 ofrecemos servicios de traducci\u00f3n profesional con los mismos est\u00e1ndares de calidad que las grandes agencias nacionales y online, [&hellip;]<\/p>\n","protected":false},"author":1,"featured_media":0,"parent":0,"menu_order":0,"comment_status":"closed","ping_status":"closed","template":"page-no-title","meta":{"_seopress_robots_primary_cat":"","_seopress_titles_title":"","_seopress_titles_desc":"","_seopress_robots_index":"","footnotes":""},"class_list":["post-2","page","type-page","status-publish","hentry"],"_links":{"self":[{"href":"https:\/\/euro-text.com\/es\/wp-json\/wp\/v2\/pages\/2","targetHints":{"allow":["GET"]}}],"collection":[{"href":"https:\/\/euro-text.com\/es\/wp-json\/wp\/v2\/pages"}],"about":[{"href":"https:\/\/euro-text.com\/es\/wp-json\/wp\/v2\/types\/page"}],"author":[{"embeddable":true,"href":"https:\/\/euro-text.com\/es\/wp-json\/wp\/v2\/users\/1"}],"replies":[{"embeddable":true,"href":"https:\/\/euro-text.com\/es\/wp-json\/wp\/v2\/comments?post=2"}],"version-history":[{"count":10,"href":"https:\/\/euro-text.com\/es\/wp-json\/wp\/v2\/pages\/2\/revisions"}],"predecessor-version":[{"id":998,"href":"https:\/\/euro-text.com\/es\/wp-json\/wp\/v2\/pages\/2\/revisions\/998"}],"wp:attachment":[{"href":"https:\/\/euro-text.com\/es\/wp-json\/wp\/v2\/media?parent=2"}],"curies":[{"name":"wp","href":"https:\/\/api.w.org\/{rel}","templated":true}]}}