{"id":210,"date":"2025-03-18T18:42:49","date_gmt":"2025-03-18T17:42:49","guid":{"rendered":"https:\/\/euro-text.com\/?page_id=210"},"modified":"2025-03-24T18:34:16","modified_gmt":"2025-03-24T17:34:16","slug":"quienes-somos","status":"publish","type":"page","link":"https:\/\/euro-text.com\/es\/quienes-somos\/","title":{"rendered":"quienes-somos"},"content":{"rendered":"\n<div class=\"wp-block-group alignfull has-global-padding is-layout-constrained wp-container-core-group-is-layout-020e0ace wp-block-group-is-layout-constrained\" style=\"padding-top:var(--wp--preset--spacing--60);padding-right:var(--wp--preset--spacing--40);padding-bottom:var(--wp--preset--spacing--60);padding-left:var(--wp--preset--spacing--40)\">\n<div class=\"wp-block-group alignwide is-vertical is-content-justification-center is-layout-flex wp-container-core-group-is-layout-fa38c63a wp-block-group-is-layout-flex\" style=\"min-height:50vh\">\n<h1 class=\"wp-block-heading has-text-align-center\" style=\"font-size:clamp(46.987px, 2.937rem + ((1vw - 3.2px) * 4.413), 92px);\">Nosotros<\/h1>\n\n\n\n<p class=\"has-text-align-center\" style=\"font-size:clamp(14.642px, 0.915rem + ((1vw - 3.2px) * 0.721), 22px);\">Tu agencia de traducci\u00f3n e interpretaci\u00f3n de Valladolid. Y desde 1995, ni m\u00e1s ni menos.<\/p>\n\n\n\n<div class=\"wp-block-buttons is-content-justification-center is-layout-flex wp-container-core-buttons-is-layout-d234f690 wp-block-buttons-is-layout-flex\" style=\"margin-top:var(--wp--preset--spacing--50);margin-bottom:var(--wp--preset--spacing--50)\">\n<div class=\"wp-block-button has-custom-font-size has-large-font-size\"><a class=\"wp-block-button__link has-accent-1-background-color has-background wp-element-button\" href=\"https:\/\/euro-text.com\/contacto\/\" style=\"box-shadow:var(--wp--preset--shadow--natural)\">CONTACTAR<\/a><\/div>\n<\/div>\n<\/div>\n<\/div>\n\n\n\n<div class=\"wp-block-group alignfull has-custom-color-1-gradient-background has-background has-global-padding is-layout-constrained wp-container-core-group-is-layout-94e519ba wp-block-group-is-layout-constrained\" style=\"padding-top:var(--wp--preset--spacing--80);padding-right:var(--wp--preset--spacing--40);padding-bottom:var(--wp--preset--spacing--80);padding-left:var(--wp--preset--spacing--40)\">\n<h2 class=\"wp-block-heading\">Nuestra trayectoria<\/h2>\n\n\n\n<p>Nacimos en 1995 en Valladolid, y desde entonces hemos crecido con un prop\u00f3sito claro: ofrecer soluciones ling\u00fc\u00edsticas que marquen la diferencia. Con m\u00e1s de 30 a\u00f1os de experiencia, nos hemos consolidado como expertos en traducciones t\u00e9cnicas y especializadas, sirviendo a sectores tan diversos como la industria, la tecnolog\u00eda, la energ\u00eda, el medio ambiente, la cultura, el turismo, el marketing, la publicidad, y los \u00e1mbitos legal y financiero. Desde 2024 pertenecemos al grupo Aire Traducciones, una de las m\u00e1s reconocidas agencias de traducci\u00f3n de Espa\u00f1a con sede en Madrid.<\/p>\n\n\n\n<h2 class=\"wp-block-heading\">Lo que hacemos<\/h2>\n\n\n\n<p>Ofrecemos servicios de traducci\u00f3n e interpretaci\u00f3n que se adaptan a tus necesidades. Traducimos documentos complejos con rigor y claridad, desde contratos legales hasta manuales t\u00e9cnicos. Tambi\u00e9n hacemos que tus eventos y reuniones fluyan sin esfuerzo con nuestra interpretaci\u00f3n profesional, ya sea simult\u00e1nea, consecutiva o remota. Trabajamos con una amplia variedad de idiomas y formatos para que tu voz llegue exactamente como la imaginas, sin barreras.<\/p>\n\n\n\n<h2 class=\"wp-block-heading\">Calidad en la que puedes confiar<\/h2>\n\n\n\n<p>La excelencia no es solo una promesa, es nuestro est\u00e1ndar. Fuimos pioneros en Espa\u00f1a al certificarnos bajo la norma <strong>UNE EN 15038<\/strong>, y hoy nuestro sistema de calidad cumple con la <strong>ISO 17100:2016-05<\/strong>, acreditado por <strong>DIN CERTCO<\/strong>. Cada palabra que traducimos y cada interpretaci\u00f3n que realizamos est\u00e1 respaldada por procesos rigurosos que garantizan precisi\u00f3n y naturalidad en cada proyecto.<\/p>\n\n\n\n<h2 class=\"wp-block-heading\">Nuestro equipo<\/h2>\n\n\n\n<p>Detr\u00e1s de Eurotext hay un grupo de profesionales nativos y especializados que aportan mucho m\u00e1s que habilidades ling\u00fc\u00edsticas. Ingenieros, abogados, expertos en marketing y turismo forman parte de nuestro equipo, asegurando que cada traducci\u00f3n o interpretaci\u00f3n refleje el conocimiento t\u00e9cnico y cultural necesario. Con su experiencia, transformamos textos y conversaciones en herramientas poderosas para tu \u00e9xito.<\/p>\n\n\n\n<h2 class=\"wp-block-heading\">Cercan\u00eda y compromiso<\/h2>\n\n\n\n<p>En Eurotext, no solo traducimos: construimos relaciones. Como equipo local en Valladolid, estamos cerca para escuchar tus prioridades y ofrecerte soluciones a medida. Cada proyecto es una oportunidad para entenderte mejor y superar tus expectativas, ya sea con una traducci\u00f3n puntual o como tu socio en ambiciones globales. Tu confianza es nuestro motor y tu satisfacci\u00f3n, nuestro objetivo.<\/p>\n<\/div>\n\n\n\n<div class=\"wp-block-group alignfull has-base-color has-text-color has-background has-link-color wp-elements-6a86e27e98d5d6f6d6871c51895199a3 has-global-padding is-layout-constrained wp-container-core-group-is-layout-11f9da37 wp-block-group-is-layout-constrained\" style=\"background:linear-gradient(0deg,rgb(0,78,82) 0%,rgb(111,192,194) 100%);margin-top:0;margin-bottom:0;padding-top:var(--wp--preset--spacing--80);padding-right:var(--wp--preset--spacing--40);padding-bottom:var(--wp--preset--spacing--80);padding-left:var(--wp--preset--spacing--40)\">\n<h2 class=\"wp-block-heading has-text-align-center has-base-color has-text-color has-link-color has-xx-large-font-size wp-elements-47f45225d565d2b7a516ab887050e022\">Haz que tu mensaje cale<\/h2>\n\n\n\n<p class=\"has-text-align-center has-large-font-size\">\u00bfListo para que tus palabras lleguen m\u00e1s lejos? Cuenta con nosotros, queremos ser el motor de tu expansi\u00f3n internacional.<\/p>\n\n\n\n<div class=\"wp-block-buttons is-content-justification-center is-layout-flex wp-container-core-buttons-is-layout-a6d9f191 wp-block-buttons-is-layout-flex\" style=\"margin-top:var(--wp--preset--spacing--40);margin-bottom:var(--wp--preset--spacing--40)\">\n<div class=\"wp-block-button\"><a class=\"wp-block-button__link has-accent-2-background-color has-background wp-element-button\" href=\"https:\/\/euro-text.com\/contacto\/\" style=\"box-shadow:var(--wp--preset--shadow--deep)\">CONTACTAR<\/a><\/div>\n<\/div>\n<\/div>\n","protected":false},"excerpt":{"rendered":"<p>Nosotros Tu agencia de traducci\u00f3n e interpretaci\u00f3n de Valladolid. Y desde 1995, ni m\u00e1s ni menos. Nuestra trayectoria Nacimos en 1995 en Valladolid, y desde entonces hemos crecido con un prop\u00f3sito claro: ofrecer soluciones ling\u00fc\u00edsticas que marquen la diferencia. Con m\u00e1s de 30 a\u00f1os de experiencia, nos hemos consolidado como expertos en traducciones t\u00e9cnicas y [&hellip;]<\/p>\n","protected":false},"author":1,"featured_media":0,"parent":0,"menu_order":0,"comment_status":"closed","ping_status":"closed","template":"page-no-title","meta":{"_seopress_robots_primary_cat":"","_seopress_titles_title":"","_seopress_titles_desc":"","_seopress_robots_index":"","footnotes":""},"class_list":["post-210","page","type-page","status-publish","hentry"],"_links":{"self":[{"href":"https:\/\/euro-text.com\/es\/wp-json\/wp\/v2\/pages\/210","targetHints":{"allow":["GET"]}}],"collection":[{"href":"https:\/\/euro-text.com\/es\/wp-json\/wp\/v2\/pages"}],"about":[{"href":"https:\/\/euro-text.com\/es\/wp-json\/wp\/v2\/types\/page"}],"author":[{"embeddable":true,"href":"https:\/\/euro-text.com\/es\/wp-json\/wp\/v2\/users\/1"}],"replies":[{"embeddable":true,"href":"https:\/\/euro-text.com\/es\/wp-json\/wp\/v2\/comments?post=210"}],"version-history":[{"count":4,"href":"https:\/\/euro-text.com\/es\/wp-json\/wp\/v2\/pages\/210\/revisions"}],"predecessor-version":[{"id":981,"href":"https:\/\/euro-text.com\/es\/wp-json\/wp\/v2\/pages\/210\/revisions\/981"}],"wp:attachment":[{"href":"https:\/\/euro-text.com\/es\/wp-json\/wp\/v2\/media?parent=210"}],"curies":[{"name":"wp","href":"https:\/\/api.w.org\/{rel}","templated":true}]}}