{"id":212,"date":"2025-03-18T18:10:47","date_gmt":"2025-03-18T17:10:47","guid":{"rendered":"https:\/\/euro-text.com\/?page_id=212"},"modified":"2025-03-19T12:46:54","modified_gmt":"2025-03-19T11:46:54","slug":"resenas","status":"publish","type":"page","link":"https:\/\/euro-text.com\/es\/resenas\/","title":{"rendered":"resenas"},"content":{"rendered":"\n<div class=\"wp-block-group alignfull has-global-padding is-layout-constrained wp-container-core-group-is-layout-020e0ace wp-block-group-is-layout-constrained\" style=\"padding-top:var(--wp--preset--spacing--60);padding-right:var(--wp--preset--spacing--40);padding-bottom:var(--wp--preset--spacing--60);padding-left:var(--wp--preset--spacing--40)\">\n<div class=\"wp-block-group alignwide is-vertical is-content-justification-center is-layout-flex wp-container-core-group-is-layout-fa38c63a wp-block-group-is-layout-flex\" style=\"min-height:50vh\">\n<h1 class=\"wp-block-heading has-text-align-center\" style=\"font-size:clamp(46.987px, 2.937rem + ((1vw - 3.2px) * 4.413), 92px);\">Las mejores palabras sobre nosotros<\/h1>\n\n\n\n<p class=\"has-text-align-center\" style=\"font-size:clamp(14.642px, 0.915rem + ((1vw - 3.2px) * 0.721), 22px);\">No se nos ocurre mejor publicidad que dejar que sean nuestros clientes quienes hablen de la calidad del servicio y la dedicaci\u00f3n de nuestro equipo.<\/p>\n<\/div>\n<\/div>\n\n\n\n<div class=\"wp-block-group alignfull has-custom-color-1-gradient-background has-background has-global-padding is-layout-constrained wp-container-core-group-is-layout-94e519ba wp-block-group-is-layout-constrained\" style=\"padding-top:var(--wp--preset--spacing--80);padding-right:var(--wp--preset--spacing--40);padding-bottom:var(--wp--preset--spacing--80);padding-left:var(--wp--preset--spacing--40)\">\n<div class=\"wp-block-columns alignwide is-layout-flex wp-container-core-columns-is-layout-28f84493 wp-block-columns-is-layout-flex\">\n<div class=\"wp-block-column is-layout-flow wp-block-column-is-layout-flow\">\n<blockquote class=\"wp-block-quote is-layout-flow wp-block-quote-is-layout-flow\" style=\"border-style:none;border-width:0px;padding-top:var(--wp--preset--spacing--50);padding-right:var(--wp--preset--spacing--40);padding-bottom:var(--wp--preset--spacing--50);padding-left:var(--wp--preset--spacing--40)\">\n<p><em>\u00abEurotext es garant\u00eda de \u00e9xito, es profesionalidad y experiencia, es calidez en el trato, siempre es un aut\u00e9ntico placer trabajar con ellos. En un mundo tan complejo como el de la organizaci\u00f3n de eventos, tener la seguridad de que dar\u00e1n el 100% en cada trabajo, es imprescindible. \u00a1Gracias Eurotext!\u00bb<\/em><\/p>\n<cite><strong>Lola L\u00f3pez de la Cuesta<\/strong><br>Feria de Valladolid<\/cite><\/blockquote>\n<\/div>\n\n\n\n<div class=\"wp-block-column is-layout-flow wp-block-column-is-layout-flow\">\n<blockquote class=\"wp-block-quote is-layout-flow wp-block-quote-is-layout-flow\" style=\"border-style:none;border-width:0px;padding-top:var(--wp--preset--spacing--50);padding-right:var(--wp--preset--spacing--40);padding-bottom:var(--wp--preset--spacing--50);padding-left:var(--wp--preset--spacing--40)\">\n<p><em>\u00abSu implicaci\u00f3n y esfuerzo en cada proyecto por adaptarse al estilo de los textos, su disponibilidad para solventar cualquier imprevisto, as\u00ed como la rapidez y puntualidad en la entrega son puntos clave por los que Eurotext es un aliado esencial en nuestro trabajo.\u00bb<\/em><\/p>\n<cite><strong><strong>Asunci\u00f3n Ar\u00e9valo<\/strong><\/strong><br>Avalon Dise\u00f1o, Comunicaci\u00f3n y Marketing<\/cite><\/blockquote>\n<\/div>\n<\/div>\n\n\n\n<div class=\"wp-block-columns alignwide is-layout-flex wp-container-core-columns-is-layout-28f84493 wp-block-columns-is-layout-flex\">\n<div class=\"wp-block-column is-layout-flow wp-block-column-is-layout-flow\">\n<blockquote class=\"wp-block-quote is-layout-flow wp-block-quote-is-layout-flow\" style=\"border-style:none;border-width:0px;padding-top:var(--wp--preset--spacing--50);padding-right:var(--wp--preset--spacing--40);padding-bottom:var(--wp--preset--spacing--50);padding-left:var(--wp--preset--spacing--40)\">\n<p><em>\u00ab<em>Estamos muy contentos con el los servicios relacionados con las traducciones. Nos proporcionan el asesoramiento necesario y elaboran las ofertas con agilidad. Incluso cuando el tiempo apremia podemos confiar siempre en el equipo de Eurotext<\/em>.\u00bb<\/em><\/p>\n<cite><strong><strong><strong><strong><strong>G\u00fcnter D\u00f6rr<\/strong><\/strong><\/strong><\/strong><\/strong><br>Schindler &amp; Wagner<\/cite><\/blockquote>\n<\/div>\n\n\n\n<div class=\"wp-block-column is-layout-flow wp-block-column-is-layout-flow\">\n<blockquote class=\"wp-block-quote is-layout-flow wp-block-quote-is-layout-flow\" style=\"border-style:none;border-width:0px;padding-top:var(--wp--preset--spacing--50);padding-right:var(--wp--preset--spacing--40);padding-bottom:var(--wp--preset--spacing--50);padding-left:var(--wp--preset--spacing--40)\">\n<p>\u00ab<em>Tras a\u00f1os de colaboraci\u00f3n con Eurotext el grado de entendimiento es muy elevado, y asumen perfectamente lo que esperamos de ellos cuando un trabajo es urgente, reaccionando de forma inmediata.<\/em>\u00bb<\/p>\n<cite><strong><strong><strong>Jos\u00e9 Manuel Corral<\/strong><\/strong><\/strong><br>Michelin Espa\u00f1a<\/cite><\/blockquote>\n<\/div>\n<\/div>\n\n\n\n<div class=\"wp-block-columns alignwide is-layout-flex wp-container-core-columns-is-layout-28f84493 wp-block-columns-is-layout-flex\">\n<div class=\"wp-block-column is-layout-flow wp-block-column-is-layout-flow\">\n<blockquote class=\"wp-block-quote is-layout-flow wp-block-quote-is-layout-flow\" style=\"border-style:none;border-width:0px;padding-top:var(--wp--preset--spacing--50);padding-right:var(--wp--preset--spacing--40);padding-bottom:var(--wp--preset--spacing--50);padding-left:var(--wp--preset--spacing--40)\">\n<p>\u00ab<em>Nosotros confiamos en Eurotext hace a\u00f1os para traducir las fichas de cata de nuestros vinos de diferentes pa\u00edses. La amplia cartera de profesionales con los que trabajan, en distintos idiomas, nos ayuda mucho a la hora de comunicar las caracter\u00edsticas de nuestros vinos en todo el mundo<\/em>.\u00bb<\/p>\n<cite><strong><strong>Gemma Aliste<\/strong><\/strong><br>Vinos de la Luz<\/cite><\/blockquote>\n<\/div>\n\n\n\n<div class=\"wp-block-column is-layout-flow wp-block-column-is-layout-flow\">\n<blockquote class=\"wp-block-quote is-layout-flow wp-block-quote-is-layout-flow\" style=\"border-style:none;border-width:0px;padding-top:var(--wp--preset--spacing--50);padding-right:var(--wp--preset--spacing--40);padding-bottom:var(--wp--preset--spacing--50);padding-left:var(--wp--preset--spacing--40)\">\n<p><em>\u00abEurotext se ha adaptado a nuestras necesidades, aportando valor a nuestras traducciones y poniendo las cosas f\u00e1ciles en todo momento. Un partner muy recomendable.\u00bb<\/em><\/p>\n<cite><strong><strong><strong><strong>Mario Arranz<\/strong><\/strong><\/strong><\/strong><br>Lyceum Formaci\u00f3n<\/cite><\/blockquote>\n<\/div>\n<\/div>\n<\/div>\n","protected":false},"excerpt":{"rendered":"<p>Las mejores palabras sobre nosotros No se nos ocurre mejor publicidad que dejar que sean nuestros clientes quienes hablen de la calidad del servicio y la dedicaci\u00f3n de nuestro equipo. \u00abEurotext es garant\u00eda de \u00e9xito, es profesionalidad y experiencia, es calidez en el trato, siempre es un aut\u00e9ntico placer trabajar con ellos. En un mundo [&hellip;]<\/p>\n","protected":false},"author":1,"featured_media":0,"parent":0,"menu_order":0,"comment_status":"closed","ping_status":"closed","template":"page-no-title","meta":{"_seopress_robots_primary_cat":"","_seopress_titles_title":"","_seopress_titles_desc":"","_seopress_robots_index":"","footnotes":""},"class_list":["post-212","page","type-page","status-publish","hentry"],"_links":{"self":[{"href":"https:\/\/euro-text.com\/es\/wp-json\/wp\/v2\/pages\/212","targetHints":{"allow":["GET"]}}],"collection":[{"href":"https:\/\/euro-text.com\/es\/wp-json\/wp\/v2\/pages"}],"about":[{"href":"https:\/\/euro-text.com\/es\/wp-json\/wp\/v2\/types\/page"}],"author":[{"embeddable":true,"href":"https:\/\/euro-text.com\/es\/wp-json\/wp\/v2\/users\/1"}],"replies":[{"embeddable":true,"href":"https:\/\/euro-text.com\/es\/wp-json\/wp\/v2\/comments?post=212"}],"version-history":[{"count":6,"href":"https:\/\/euro-text.com\/es\/wp-json\/wp\/v2\/pages\/212\/revisions"}],"predecessor-version":[{"id":692,"href":"https:\/\/euro-text.com\/es\/wp-json\/wp\/v2\/pages\/212\/revisions\/692"}],"wp:attachment":[{"href":"https:\/\/euro-text.com\/es\/wp-json\/wp\/v2\/media?parent=212"}],"curies":[{"name":"wp","href":"https:\/\/api.w.org\/{rel}","templated":true}]}}