{"id":222,"date":"2025-03-14T11:40:07","date_gmt":"2025-03-14T10:40:07","guid":{"rendered":"https:\/\/euro-text.com\/?page_id=222"},"modified":"2025-03-14T11:40:07","modified_gmt":"2025-03-14T10:40:07","slug":"traduccion-jurada","status":"publish","type":"page","link":"https:\/\/euro-text.com\/es\/traduccion\/traduccion-jurada\/","title":{"rendered":"Traducci\u00f3n jurada"},"content":{"rendered":"\n<div class=\"wp-block-group alignfull has-global-padding is-layout-constrained wp-container-core-group-is-layout-020e0ace wp-block-group-is-layout-constrained\" style=\"padding-top:var(--wp--preset--spacing--60);padding-right:var(--wp--preset--spacing--40);padding-bottom:var(--wp--preset--spacing--60);padding-left:var(--wp--preset--spacing--40)\">\n<div class=\"wp-block-group alignwide is-vertical is-content-justification-center is-layout-flex wp-container-core-group-is-layout-fa38c63a wp-block-group-is-layout-flex\" style=\"min-height:50vh\">\n<h1 class=\"wp-block-heading has-text-align-center\" style=\"font-size:clamp(46.987px, 2.937rem + ((1vw - 3.2px) * 4.413), 92px);\">Traducci\u00f3n jurada<\/h1>\n\n\n\n<p class=\"has-text-align-center\" style=\"font-size:clamp(14.642px, 0.915rem + ((1vw - 3.2px) * 0.721), 22px);\">En Eurotext, convertimos tus documentos oficiales en claves para el \u00e9xito internacional. Si necesitas traducciones juradas con validez legal y total confianza, nuestro equipo local est\u00e1 aqu\u00ed para abrirte puertas en cualquier pa\u00eds con profesionalidad y precisi\u00f3n.<\/p>\n\n\n\n<div class=\"wp-block-buttons is-content-justification-center is-layout-flex wp-container-core-buttons-is-layout-d234f690 wp-block-buttons-is-layout-flex\" style=\"margin-top:var(--wp--preset--spacing--50);margin-bottom:var(--wp--preset--spacing--50)\">\n<div class=\"wp-block-button has-custom-font-size has-large-font-size\"><a class=\"wp-block-button__link has-accent-1-background-color has-background wp-element-button\" href=\"https:\/\/euro-text.com\/contacto\/\" style=\"box-shadow:var(--wp--preset--shadow--natural)\">CONTACTAR<\/a><\/div>\n<\/div>\n<\/div>\n<\/div>\n\n\n\n<div class=\"wp-block-group alignfull has-custom-color-1-gradient-background has-background has-global-padding is-layout-constrained wp-container-core-group-is-layout-94e519ba wp-block-group-is-layout-constrained\" style=\"padding-top:var(--wp--preset--spacing--80);padding-right:var(--wp--preset--spacing--40);padding-bottom:var(--wp--preset--spacing--80);padding-left:var(--wp--preset--spacing--40)\">\n<h2 class=\"wp-block-heading\" style=\"font-size:clamp(27.894px, 1.743rem + ((1vw - 3.2px) * 1.971), 48px);\">Traducci\u00f3n jurada: validez legal en cada firma<\/h2>\n\n\n\n<p>En Eurotext, sabemos que una <strong>traducci\u00f3n jurada<\/strong> va m\u00e1s all\u00e1 de las palabras: es un compromiso con la exactitud y la autenticidad que tus documentos necesitan. Nos especializamos en traducciones oficiales que cumplen con todos los requisitos legales, desde certificados de nacimiento hasta contratos internacionales. Nuestro equipo de traductores jurados, acreditados por el Ministerio de Asuntos Exteriores, asegura que cada documento mantenga su valor jur\u00eddico y llegue a su destino listo para ser aceptado.<\/p>\n\n\n\n<p>Lo que nos distingue es nuestra dedicaci\u00f3n: <em>rigor legal combinado con un servicio cercano<\/em>. Desde Valladolid, ofrecemos soluciones a medida que agilizan tus tr\u00e1mites y te dan tranquilidad. \u00bfBuscas que tus documentos oficiales sean reconocidos en cualquier idioma? Con Eurotext, est\u00e1s en las mejores manos.<\/p>\n<\/div>\n\n\n\n<div class=\"wp-block-group alignfull has-global-padding is-layout-constrained wp-container-core-group-is-layout-94e519ba wp-block-group-is-layout-constrained\" style=\"padding-top:var(--wp--preset--spacing--80);padding-right:var(--wp--preset--spacing--40);padding-bottom:var(--wp--preset--spacing--80);padding-left:var(--wp--preset--spacing--40)\">\n<h2 class=\"wp-block-heading\" style=\"font-size:clamp(27.894px, 1.743rem + ((1vw - 3.2px) * 1.971), 48px);\">\u00c1reas de especializaci\u00f3n que nos definen<\/h2>\n\n\n\n<p>Ponemos nuestra experiencia al servicio de los documentos oficiales m\u00e1s exigentes, garantizando traducciones con validez legal:<\/p>\n\n\n\n<ul class=\"wp-block-list\">\n<li><strong>Documentos personales<\/strong>: Certificados de nacimiento, matrimonio, defunci\u00f3n.<\/li>\n\n\n\n<li><strong>Acad\u00e9micos<\/strong>: T\u00edtulos universitarios, expedientes, diplomas.<\/li>\n\n\n\n<li><strong>Legales<\/strong>: Contratos, poderes notariales, sentencias.<\/li>\n\n\n\n<li><strong>Empresariales<\/strong>: Estatutos, certificados de registro, documentaci\u00f3n fiscal.<\/li>\n<\/ul>\n\n\n\n<p>\u00bfTienes un tr\u00e1mite espec\u00edfico? Nos adaptamos a cualquier necesidad oficial que requieras.<\/p>\n<\/div>\n\n\n\n<div class=\"wp-block-group alignfull has-custom-color-1-gradient-background has-background has-global-padding is-layout-constrained wp-container-core-group-is-layout-94e519ba wp-block-group-is-layout-constrained\" style=\"padding-top:var(--wp--preset--spacing--80);padding-right:var(--wp--preset--spacing--40);padding-bottom:var(--wp--preset--spacing--80);padding-left:var(--wp--preset--spacing--40)\">\n<h2 class=\"wp-block-heading\" style=\"font-size:clamp(27.894px, 1.743rem + ((1vw - 3.2px) * 1.971), 48px);\">\u00bfPor qu\u00e9 confiar en nuestra traducci\u00f3n jurada?<\/h2>\n\n\n\n<ul class=\"wp-block-list\">\n<li><strong>Certificaci\u00f3n de calidad<\/strong>: Cumplimos con la norma ISO 17100:2016-05, asegurando excelencia en cada traducci\u00f3n.<\/li>\n\n\n\n<li><strong>Traductores jurados oficiales<\/strong>: Nuestro equipo est\u00e1 acreditado y cuenta con la experiencia necesaria para firmar y sellar tus documentos.<\/li>\n\n\n\n<li><strong>Precisi\u00f3n garantizada<\/strong>: Cada t\u00e9rmino y detalle se revisa minuciosamente para cumplir con los est\u00e1ndares legales.<\/li>\n\n\n\n<li><strong>Cercan\u00eda y agilidad<\/strong>: Desde Valladolid, ofrecemos un servicio r\u00e1pido y personalizado que simplifica tus gestiones.<\/li>\n<\/ul>\n<\/div>\n\n\n\n<div class=\"wp-block-group alignfull has-base-color has-text-color has-background has-link-color wp-elements-ff2249aac7fb213332772542073508e0 has-global-padding is-layout-constrained wp-container-core-group-is-layout-11f9da37 wp-block-group-is-layout-constrained\" style=\"background:linear-gradient(0deg,rgb(0,78,82) 0%,rgb(111,192,194) 100%);margin-top:0;margin-bottom:0;padding-top:var(--wp--preset--spacing--80);padding-right:var(--wp--preset--spacing--40);padding-bottom:var(--wp--preset--spacing--80);padding-left:var(--wp--preset--spacing--40)\">\n<h2 class=\"wp-block-heading has-text-align-center has-base-color has-text-color has-link-color has-xx-large-font-size wp-elements-db2ad26ada72321288cd432f33497d69\">Consigue una comunicaci\u00f3n oficial sin fronteras<\/h2>\n\n\n\n<p class=\"has-text-align-center has-large-font-size\">No permitas que el idioma sea un obst\u00e1culo en tus tr\u00e1mites. Con Eurotext, tus documentos oficiales cruzan fronteras con validez y confianza.<\/p>\n\n\n\n<div class=\"wp-block-buttons is-content-justification-center is-layout-flex wp-container-core-buttons-is-layout-a6d9f191 wp-block-buttons-is-layout-flex\" style=\"margin-top:var(--wp--preset--spacing--40);margin-bottom:var(--wp--preset--spacing--40)\">\n<div class=\"wp-block-button\"><a class=\"wp-block-button__link has-accent-2-background-color has-background wp-element-button\" href=\"https:\/\/euro-text.com\/contacto\/\" style=\"box-shadow:var(--wp--preset--shadow--deep)\">CONTACTAR<\/a><\/div>\n<\/div>\n<\/div>\n","protected":false},"excerpt":{"rendered":"<p>Traducci\u00f3n jurada En Eurotext, convertimos tus documentos oficiales en claves para el \u00e9xito internacional. Si necesitas traducciones juradas con validez legal y total confianza, nuestro equipo local est\u00e1 aqu\u00ed para abrirte puertas en cualquier pa\u00eds con profesionalidad y precisi\u00f3n. Traducci\u00f3n jurada: validez legal en cada firma En Eurotext, sabemos que una traducci\u00f3n jurada va m\u00e1s [&hellip;]<\/p>\n","protected":false},"author":1,"featured_media":0,"parent":135,"menu_order":0,"comment_status":"closed","ping_status":"closed","template":"page-no-title","meta":{"_seopress_robots_primary_cat":"","_seopress_titles_title":"","_seopress_titles_desc":"","_seopress_robots_index":"","footnotes":""},"class_list":["post-222","page","type-page","status-publish","hentry"],"_links":{"self":[{"href":"https:\/\/euro-text.com\/es\/wp-json\/wp\/v2\/pages\/222","targetHints":{"allow":["GET"]}}],"collection":[{"href":"https:\/\/euro-text.com\/es\/wp-json\/wp\/v2\/pages"}],"about":[{"href":"https:\/\/euro-text.com\/es\/wp-json\/wp\/v2\/types\/page"}],"author":[{"embeddable":true,"href":"https:\/\/euro-text.com\/es\/wp-json\/wp\/v2\/users\/1"}],"replies":[{"embeddable":true,"href":"https:\/\/euro-text.com\/es\/wp-json\/wp\/v2\/comments?post=222"}],"version-history":[{"count":1,"href":"https:\/\/euro-text.com\/es\/wp-json\/wp\/v2\/pages\/222\/revisions"}],"predecessor-version":[{"id":224,"href":"https:\/\/euro-text.com\/es\/wp-json\/wp\/v2\/pages\/222\/revisions\/224"}],"up":[{"embeddable":true,"href":"https:\/\/euro-text.com\/es\/wp-json\/wp\/v2\/pages\/135"}],"wp:attachment":[{"href":"https:\/\/euro-text.com\/es\/wp-json\/wp\/v2\/media?parent=222"}],"curies":[{"name":"wp","href":"https:\/\/api.w.org\/{rel}","templated":true}]}}