{"id":234,"date":"2025-03-14T12:18:43","date_gmt":"2025-03-14T11:18:43","guid":{"rendered":"https:\/\/euro-text.com\/?page_id=234"},"modified":"2025-03-29T12:25:21","modified_gmt":"2025-03-29T11:25:21","slug":"idiomas","status":"publish","type":"page","link":"https:\/\/euro-text.com\/es\/idiomas\/","title":{"rendered":"Idiomas"},"content":{"rendered":"\n<div class=\"wp-block-group alignfull has-global-padding is-layout-constrained wp-container-core-group-is-layout-020e0ace wp-block-group-is-layout-constrained\" style=\"padding-top:var(--wp--preset--spacing--60);padding-right:var(--wp--preset--spacing--40);padding-bottom:var(--wp--preset--spacing--60);padding-left:var(--wp--preset--spacing--40)\">\n<div class=\"wp-block-group alignwide is-vertical is-content-justification-center is-layout-flex wp-container-core-group-is-layout-fa38c63a wp-block-group-is-layout-flex\" style=\"min-height:50vh\">\n<h1 class=\"wp-block-heading has-text-align-center\" style=\"font-size:clamp(46.987px, 2.937rem + ((1vw - 3.2px) * 4.413), 92px);\">Hablamos el idioma de tu cliente, \u00a1y hasta el de su loro!<\/h1>\n\n\n\n<p class=\"has-text-align-center\" style=\"font-size:clamp(14.642px, 0.915rem + ((1vw - 3.2px) * 0.721), 22px);\">Porque hablar el idioma de tu cliente es el primer paso para dominar el planeta (y quiz\u00e1s otros mundos), y nosotros te damos las claves para que tu mensaje resuene en cada rinc\u00f3n del universo.<\/p>\n\n\n\n<div class=\"wp-block-buttons is-content-justification-center is-layout-flex wp-container-core-buttons-is-layout-d234f690 wp-block-buttons-is-layout-flex\" style=\"margin-top:var(--wp--preset--spacing--50);margin-bottom:var(--wp--preset--spacing--50)\">\n<div class=\"wp-block-button has-custom-font-size has-large-font-size\"><a class=\"wp-block-button__link has-accent-1-background-color has-background wp-element-button\" href=\"https:\/\/euro-text.com\/contacto\/\" style=\"box-shadow:var(--wp--preset--shadow--natural)\">CONTACTAR<\/a><\/div>\n<\/div>\n<\/div>\n<\/div>\n\n\n\n<div class=\"wp-block-group alignfull has-custom-color-1-gradient-background has-background has-global-padding is-layout-constrained wp-container-core-group-is-layout-94e519ba wp-block-group-is-layout-constrained\" style=\"padding-top:var(--wp--preset--spacing--80);padding-right:var(--wp--preset--spacing--40);padding-bottom:var(--wp--preset--spacing--80);padding-left:var(--wp--preset--spacing--40)\">\n<h2 class=\"wp-block-heading\" style=\"font-size:clamp(27.894px, 1.743rem + ((1vw - 3.2px) * 1.971), 48px);\">Un mundo de idiomas<\/h2>\n\n\n\n<p>\u00bfQuieres que te hablemos en el idioma de los negocios, ese jerogl\u00edfico moderno lleno de jerga incomprensible? \u00bfO prefieres que nos adaptemos a la jerga de los memes, esos jerogl\u00edficos modernos llenos de iron\u00eda? En Eurotext, nos adaptamos a tu jerga, por extra\u00f1a que sea, desde el lat\u00edn de los abogados hasta el klingon de los fans de Star Trek. <\/p>\n\n\n\n<p>Dinos qu\u00e9 necesitas, y te responderemos sin rodeos, como un cirujano ling\u00fc\u00edstico extirpando errores de traducci\u00f3n. \u00a1Porque tu tiempo es oro, y no lo vamos a desperdiciar con traducciones rob\u00f3ticas, ni con conversaciones sin sentido!<\/p>\n<\/div>\n\n\n\n<div class=\"wp-block-group alignfull has-global-padding is-layout-constrained wp-container-core-group-is-layout-94e519ba wp-block-group-is-layout-constrained\" style=\"padding-top:var(--wp--preset--spacing--80);padding-right:var(--wp--preset--spacing--40);padding-bottom:var(--wp--preset--spacing--80);padding-left:var(--wp--preset--spacing--40)\">\n<h2 class=\"wp-block-heading\" style=\"font-size:clamp(27.894px, 1.743rem + ((1vw - 3.2px) * 1.971), 48px);\">\u00bfEn qu\u00e9 idioma quieres que hablemos?<\/h2>\n\n\n\n<p>Traducimos desde el espa\u00f1ol a todos estos idiomas y viceversa, adem\u00e1s de ofrecer combinaciones menos habituales, especialmente desde y hacia el ingl\u00e9s y el alem\u00e1n, para adaptarnos a tus necesidades espec\u00edficas. <\/p>\n\n\n\n<p>Cada lengua que traducimos tiene un valor \u00fanico en el contexto global. Aqu\u00ed te mostramos algunos de los idiomas m\u00e1s solicitados y su relevancia:<\/p>\n\n\n\n<div class=\"wp-block-group alignwide has-global-padding is-layout-constrained wp-block-group-is-layout-constrained\" style=\"margin-top:var(--wp--preset--spacing--60)\">\n<div class=\"wp-block-query alignwide feed-paginas-eurotext is-layout-flow wp-block-query-is-layout-flow\"><ul class=\"columns-2 wp-block-post-template is-layout-grid wp-container-core-post-template-is-layout-24e91f5c wp-block-post-template-is-layout-grid\"><li class=\"wp-block-post post-671 page type-page status-publish hentry\">\n\n<div class=\"wp-block-group has-accent-5-background-color has-background is-vertical is-layout-flex wp-container-core-group-is-layout-456098d3 wp-block-group-is-layout-flex\" style=\"border-radius:4px;padding-top:var(--wp--preset--spacing--40);padding-right:var(--wp--preset--spacing--30);padding-bottom:var(--wp--preset--spacing--40);padding-left:var(--wp--preset--spacing--30)\"><h2 class=\"has-link-color wp-elements-6d82682a4026381430a471b0e5115397 wp-block-post-title has-text-color has-contrast-color\"><a href=\"https:\/\/euro-text.com\/es\/idiomas\/traductor-arabe\/\" target=\"_self\" >Traductor \u00e1rabe<\/a><\/h2>\n\n<div class=\"wp-block-post-excerpt\"><p class=\"wp-block-post-excerpt__excerpt\">Palabras que cambian de forma seg\u00fan su posici\u00f3n, significados que dependen del contexto. \u00bfHablamos? <\/p><\/div><\/div>\n\n<\/li><li class=\"wp-block-post post-652 page type-page status-publish hentry\">\n\n<div class=\"wp-block-group has-accent-5-background-color has-background is-vertical is-layout-flex wp-container-core-group-is-layout-456098d3 wp-block-group-is-layout-flex\" style=\"border-radius:4px;padding-top:var(--wp--preset--spacing--40);padding-right:var(--wp--preset--spacing--30);padding-bottom:var(--wp--preset--spacing--40);padding-left:var(--wp--preset--spacing--30)\"><h2 class=\"has-link-color wp-elements-6d82682a4026381430a471b0e5115397 wp-block-post-title has-text-color has-contrast-color\"><a href=\"https:\/\/euro-text.com\/es\/idiomas\/traductor-chino\/\" target=\"_self\" >Traductor chino<\/a><\/h2>\n\n<div class=\"wp-block-post-excerpt\"><p class=\"wp-block-post-excerpt__excerpt\">El chino es un laberinto donde un peque\u00f1o error puede convertir tu \u00aboferta\u00bb en un \u00abinsulto\u00bb. No queremos eso. <\/p><\/div><\/div>\n\n<\/li><li class=\"wp-block-post post-631 page type-page status-publish hentry\">\n\n<div class=\"wp-block-group has-accent-5-background-color has-background is-vertical is-layout-flex wp-container-core-group-is-layout-456098d3 wp-block-group-is-layout-flex\" style=\"border-radius:4px;padding-top:var(--wp--preset--spacing--40);padding-right:var(--wp--preset--spacing--30);padding-bottom:var(--wp--preset--spacing--40);padding-left:var(--wp--preset--spacing--30)\"><h2 class=\"has-link-color wp-elements-6d82682a4026381430a471b0e5115397 wp-block-post-title has-text-color has-contrast-color\"><a href=\"https:\/\/euro-text.com\/es\/idiomas\/traductor-japones\/\" target=\"_self\" >Traductor japon\u00e9s<\/a><\/h2>\n\n<div class=\"wp-block-post-excerpt\"><p class=\"wp-block-post-excerpt__excerpt\">Un giro de frase mal colocado y tu elegante eslogan puede acabar significando \u00aboferta especial en tofu radiactivo\u00bb <\/p><\/div><\/div>\n\n<\/li><li class=\"wp-block-post post-610 page type-page status-publish hentry\">\n\n<div class=\"wp-block-group has-accent-5-background-color has-background is-vertical is-layout-flex wp-container-core-group-is-layout-456098d3 wp-block-group-is-layout-flex\" style=\"border-radius:4px;padding-top:var(--wp--preset--spacing--40);padding-right:var(--wp--preset--spacing--30);padding-bottom:var(--wp--preset--spacing--40);padding-left:var(--wp--preset--spacing--30)\"><h2 class=\"has-link-color wp-elements-6d82682a4026381430a471b0e5115397 wp-block-post-title has-text-color has-contrast-color\"><a href=\"https:\/\/euro-text.com\/es\/idiomas\/traductor-catalan\/\" target=\"_self\" >Traductor catal\u00e1n<\/a><\/h2>\n\n<div class=\"wp-block-post-excerpt\"><p class=\"wp-block-post-excerpt__excerpt\">El catal\u00e1n tiene car\u00e1cter, ritmo y expresiones especiales. No lo traduce cualquiera. <\/p><\/div><\/div>\n\n<\/li><li class=\"wp-block-post post-591 page type-page status-publish hentry\">\n\n<div class=\"wp-block-group has-accent-5-background-color has-background is-vertical is-layout-flex wp-container-core-group-is-layout-456098d3 wp-block-group-is-layout-flex\" style=\"border-radius:4px;padding-top:var(--wp--preset--spacing--40);padding-right:var(--wp--preset--spacing--30);padding-bottom:var(--wp--preset--spacing--40);padding-left:var(--wp--preset--spacing--30)\"><h2 class=\"has-link-color wp-elements-6d82682a4026381430a471b0e5115397 wp-block-post-title has-text-color has-contrast-color\"><a href=\"https:\/\/euro-text.com\/es\/idiomas\/traductor-portugues\/\" target=\"_self\" >Traductor portugu\u00e9s<\/a><\/h2>\n\n<div class=\"wp-block-post-excerpt\"><p class=\"wp-block-post-excerpt__excerpt\">El portugu\u00e9s es pura m\u00fasica, el \u00fanico \u00abdesafinado\u00bb del mundo que suena bien. Es porque lo hacen profesionales. <\/p><\/div><\/div>\n\n<\/li><li class=\"wp-block-post post-573 page type-page status-publish hentry\">\n\n<div class=\"wp-block-group has-accent-5-background-color has-background is-vertical is-layout-flex wp-container-core-group-is-layout-456098d3 wp-block-group-is-layout-flex\" style=\"border-radius:4px;padding-top:var(--wp--preset--spacing--40);padding-right:var(--wp--preset--spacing--30);padding-bottom:var(--wp--preset--spacing--40);padding-left:var(--wp--preset--spacing--30)\"><h2 class=\"has-link-color wp-elements-6d82682a4026381430a471b0e5115397 wp-block-post-title has-text-color has-contrast-color\"><a href=\"https:\/\/euro-text.com\/es\/idiomas\/traductor-italiano\/\" target=\"_self\" >Traductor italiano<\/a><\/h2>\n\n<div class=\"wp-block-post-excerpt\"><p class=\"wp-block-post-excerpt__excerpt\">Si lo traduces mal, puedes acabar diciendo algo que har\u00eda que un chef italiano rompiera los espaguetis antes de hervirlos. <\/p><\/div><\/div>\n\n<\/li><li class=\"wp-block-post post-556 page type-page status-publish hentry\">\n\n<div class=\"wp-block-group has-accent-5-background-color has-background is-vertical is-layout-flex wp-container-core-group-is-layout-456098d3 wp-block-group-is-layout-flex\" style=\"border-radius:4px;padding-top:var(--wp--preset--spacing--40);padding-right:var(--wp--preset--spacing--30);padding-bottom:var(--wp--preset--spacing--40);padding-left:var(--wp--preset--spacing--30)\"><h2 class=\"has-link-color wp-elements-6d82682a4026381430a471b0e5115397 wp-block-post-title has-text-color has-contrast-color\"><a href=\"https:\/\/euro-text.com\/es\/idiomas\/traductor-frances\/\" target=\"_self\" >Traductor franc\u00e9s<\/a><\/h2>\n\n<div class=\"wp-block-post-excerpt\"><p class=\"wp-block-post-excerpt__excerpt\">El franc\u00e9s es el idioma de la diplomacia, la moda y los debates acalorados&#8230; mantengamos la elegancia sin fallos. <\/p><\/div><\/div>\n\n<\/li><li class=\"wp-block-post post-537 page type-page status-publish hentry\">\n\n<div class=\"wp-block-group has-accent-5-background-color has-background is-vertical is-layout-flex wp-container-core-group-is-layout-456098d3 wp-block-group-is-layout-flex\" style=\"border-radius:4px;padding-top:var(--wp--preset--spacing--40);padding-right:var(--wp--preset--spacing--30);padding-bottom:var(--wp--preset--spacing--40);padding-left:var(--wp--preset--spacing--30)\"><h2 class=\"has-link-color wp-elements-6d82682a4026381430a471b0e5115397 wp-block-post-title has-text-color has-contrast-color\"><a href=\"https:\/\/euro-text.com\/es\/idiomas\/traductor-aleman\/\" target=\"_self\" >Traductor alem\u00e1n<\/a><\/h2>\n\n<div class=\"wp-block-post-excerpt\"><p class=\"wp-block-post-excerpt__excerpt\">Palabras de 20 letras, gram\u00e1tica y pronunciaci\u00f3n de otro planeta. Nos necesitas. <\/p><\/div><\/div>\n\n<\/li><li class=\"wp-block-post post-519 page type-page status-publish hentry\">\n\n<div class=\"wp-block-group has-accent-5-background-color has-background is-vertical is-layout-flex wp-container-core-group-is-layout-456098d3 wp-block-group-is-layout-flex\" style=\"border-radius:4px;padding-top:var(--wp--preset--spacing--40);padding-right:var(--wp--preset--spacing--30);padding-bottom:var(--wp--preset--spacing--40);padding-left:var(--wp--preset--spacing--30)\"><h2 class=\"has-link-color wp-elements-6d82682a4026381430a471b0e5115397 wp-block-post-title has-text-color has-contrast-color\"><a href=\"https:\/\/euro-text.com\/es\/idiomas\/traductor-ruso\/\" target=\"_self\" >Traductor ruso<\/a><\/h2>\n\n<div class=\"wp-block-post-excerpt\"><p class=\"wp-block-post-excerpt__excerpt\">Aqu\u00ed te ofrecemos traducciones que har\u00e1n que tus textos bailen al ritmo de las balalaikas. <\/p><\/div><\/div>\n\n<\/li><li class=\"wp-block-post post-462 page type-page status-publish hentry\">\n\n<div class=\"wp-block-group has-accent-5-background-color has-background is-vertical is-layout-flex wp-container-core-group-is-layout-456098d3 wp-block-group-is-layout-flex\" style=\"border-radius:4px;padding-top:var(--wp--preset--spacing--40);padding-right:var(--wp--preset--spacing--30);padding-bottom:var(--wp--preset--spacing--40);padding-left:var(--wp--preset--spacing--30)\"><h2 class=\"has-link-color wp-elements-6d82682a4026381430a471b0e5115397 wp-block-post-title has-text-color has-contrast-color\"><a href=\"https:\/\/euro-text.com\/es\/idiomas\/traductor-euskera\/\" target=\"_self\" >Traductor euskera<\/a><\/h2>\n\n<div class=\"wp-block-post-excerpt\"><p class=\"wp-block-post-excerpt__excerpt\">El euskera es un tesoro ling\u00fc\u00edstico que no se parece a nada. Necesitas un experto. <\/p><\/div><\/div>\n\n<\/li><li class=\"wp-block-post post-236 page type-page status-publish hentry\">\n\n<div class=\"wp-block-group has-accent-5-background-color has-background is-vertical is-layout-flex wp-container-core-group-is-layout-456098d3 wp-block-group-is-layout-flex\" style=\"border-radius:4px;padding-top:var(--wp--preset--spacing--40);padding-right:var(--wp--preset--spacing--30);padding-bottom:var(--wp--preset--spacing--40);padding-left:var(--wp--preset--spacing--30)\"><h2 class=\"has-link-color wp-elements-6d82682a4026381430a471b0e5115397 wp-block-post-title has-text-color has-contrast-color\"><a href=\"https:\/\/euro-text.com\/es\/idiomas\/traductor-ingles\/\" target=\"_self\" >Traductor ingl\u00e9s<\/a><\/h2>\n\n<div class=\"wp-block-post-excerpt\"><p class=\"wp-block-post-excerpt__excerpt\">El ingl\u00e9s parece f\u00e1cil pero es traicionero. Es el idioma de los malentedidos \u00e9picos. No te la juegues. <\/p><\/div><\/div>\n\n<\/li><\/ul><\/div>\n<\/div>\n<\/div>\n\n\n\n<div class=\"wp-block-group alignfull has-base-color has-text-color has-background has-link-color wp-elements-34ec911391f3a89f9d4875c9e3629b2f has-global-padding is-layout-constrained wp-container-core-group-is-layout-11f9da37 wp-block-group-is-layout-constrained\" style=\"background:linear-gradient(0deg,rgb(0,78,82) 0%,rgb(111,192,194) 100%);margin-top:0;margin-bottom:0;padding-top:var(--wp--preset--spacing--80);padding-right:var(--wp--preset--spacing--40);padding-bottom:var(--wp--preset--spacing--80);padding-left:var(--wp--preset--spacing--40)\">\n<h2 class=\"wp-block-heading has-text-align-center has-base-color has-text-color has-link-color has-xx-large-font-size wp-elements-2d2630237bc115cb988c04fe4cfd8855\">Conecta con el mundo sin barreras, \u00a1y con mucho swing!<\/h2>\n\n\n\n<p class=\"has-text-align-center has-large-font-size\">Traducimos a cualquier idioma, incluso esos dialectos que solo entienden tu abuela y un par de cabras. \u00bfNo encuentras el tuyo? \u00a1Ll\u00e1manos! Te daremos una soluci\u00f3n a medida.<\/p>\n\n\n\n<div class=\"wp-block-buttons is-content-justification-center is-layout-flex wp-container-core-buttons-is-layout-a6d9f191 wp-block-buttons-is-layout-flex\" style=\"margin-top:var(--wp--preset--spacing--40);margin-bottom:var(--wp--preset--spacing--40)\">\n<div class=\"wp-block-button\"><a class=\"wp-block-button__link has-accent-2-background-color has-background wp-element-button\" href=\"https:\/\/euro-text.com\/contacto\/\" style=\"box-shadow:var(--wp--preset--shadow--deep)\">CONTACTAR<\/a><\/div>\n<\/div>\n<\/div>\n","protected":false},"excerpt":{"rendered":"<p>Te damos las claves para que tu mensaje resuene en cada rinc\u00f3n del universo.<\/p>\n","protected":false},"author":1,"featured_media":0,"parent":0,"menu_order":0,"comment_status":"closed","ping_status":"closed","template":"page-no-title","meta":{"_seopress_robots_primary_cat":"","_seopress_titles_title":"","_seopress_titles_desc":"","_seopress_robots_index":"","footnotes":""},"class_list":["post-234","page","type-page","status-publish","hentry"],"_links":{"self":[{"href":"https:\/\/euro-text.com\/es\/wp-json\/wp\/v2\/pages\/234","targetHints":{"allow":["GET"]}}],"collection":[{"href":"https:\/\/euro-text.com\/es\/wp-json\/wp\/v2\/pages"}],"about":[{"href":"https:\/\/euro-text.com\/es\/wp-json\/wp\/v2\/types\/page"}],"author":[{"embeddable":true,"href":"https:\/\/euro-text.com\/es\/wp-json\/wp\/v2\/users\/1"}],"replies":[{"embeddable":true,"href":"https:\/\/euro-text.com\/es\/wp-json\/wp\/v2\/comments?post=234"}],"version-history":[{"count":8,"href":"https:\/\/euro-text.com\/es\/wp-json\/wp\/v2\/pages\/234\/revisions"}],"predecessor-version":[{"id":1002,"href":"https:\/\/euro-text.com\/es\/wp-json\/wp\/v2\/pages\/234\/revisions\/1002"}],"wp:attachment":[{"href":"https:\/\/euro-text.com\/es\/wp-json\/wp\/v2\/media?parent=234"}],"curies":[{"name":"wp","href":"https:\/\/api.w.org\/{rel}","templated":true}]}}