{"id":240,"date":"2025-03-17T10:35:48","date_gmt":"2025-03-17T09:35:48","guid":{"rendered":"https:\/\/euro-text.com\/?page_id=240"},"modified":"2025-03-21T22:02:31","modified_gmt":"2025-03-21T21:02:31","slug":"traduccion-especializada-para-el-sector-industrial-y-tecnologico","status":"publish","type":"page","link":"https:\/\/euro-text.com\/es\/traduccion\/traduccion-especializada-para-el-sector-industrial-y-tecnologico\/","title":{"rendered":"Traducci\u00f3n especializada para el sector industrial y tecnol\u00f3gico"},"content":{"rendered":"\n<div class=\"wp-block-group alignfull has-global-padding is-layout-constrained wp-container-core-group-is-layout-020e0ace wp-block-group-is-layout-constrained\" style=\"padding-top:var(--wp--preset--spacing--60);padding-right:var(--wp--preset--spacing--40);padding-bottom:var(--wp--preset--spacing--60);padding-left:var(--wp--preset--spacing--40)\">\n<div class=\"wp-block-group alignwide is-vertical is-content-justification-center is-layout-flex wp-container-core-group-is-layout-fa38c63a wp-block-group-is-layout-flex\" style=\"min-height:50vh\">\n<h1 class=\"wp-block-heading has-text-align-center\" style=\"font-size:clamp(46.987px, 2.937rem + ((1vw - 3.2px) * 4.413), 92px);\">Fallo = ecatombe<\/h1>\n\n\n\n<p class=\"has-text-align-center\" style=\"font-size:clamp(14.642px, 0.915rem + ((1vw - 3.2px) * 0.721), 22px);\">Aqu\u00ed no se admite la chapuza. O lo haces bien o mejor ni lo intentes. Nosotros lo hacemos perfecto.<\/p>\n\n\n\n<div class=\"wp-block-buttons is-content-justification-center is-layout-flex wp-container-core-buttons-is-layout-d234f690 wp-block-buttons-is-layout-flex\" style=\"margin-top:var(--wp--preset--spacing--50);margin-bottom:var(--wp--preset--spacing--50)\">\n<div class=\"wp-block-button has-custom-font-size has-large-font-size\"><a class=\"wp-block-button__link has-accent-1-background-color has-background wp-element-button\" href=\"https:\/\/euro-text.com\/contacto\/\" style=\"box-shadow:var(--wp--preset--shadow--natural)\">CONTACTAR<\/a><\/div>\n<\/div>\n<\/div>\n<\/div>\n\n\n\n<div class=\"wp-block-group alignfull has-custom-color-1-gradient-background has-background has-global-padding is-layout-constrained wp-container-core-group-is-layout-94e519ba wp-block-group-is-layout-constrained\" style=\"padding-top:var(--wp--preset--spacing--80);padding-right:var(--wp--preset--spacing--40);padding-bottom:var(--wp--preset--spacing--80);padding-left:var(--wp--preset--spacing--40)\">\n<h2 class=\"wp-block-heading\" style=\"font-size:clamp(27.894px, 1.743rem + ((1vw - 3.2px) * 1.971), 48px);\">Traducci\u00f3n en la industria y tecnolog\u00eda: precisi\u00f3n o cat\u00e1strofe<\/h2>\n\n\n\n<p>Esto no va de cambiar palabras. Va de entender qu\u00e9 significa cada t\u00e9rmino y qu\u00e9 pasa si se usa mal. Un error puede costarte caro. Y no hablamos solo de dinero.<\/p>\n\n\n\n<p>Nuestro equipo domina el sector. Conocemos la jerga, las normas, los procesos. Usamos herramientas de traducci\u00f3n avanzadas y revisamos cada palabra con lupa. Nada de errores tontos. Nada de improvisaciones. Nada de riesgos.<\/p>\n\n\n\n<p>Tu documentaci\u00f3n t\u00e9cnica, impecable. Precisa. Infalible<\/p>\n<\/div>\n\n\n\n<div class=\"wp-block-group alignfull has-global-padding is-layout-constrained wp-container-core-group-is-layout-94e519ba wp-block-group-is-layout-constrained\" style=\"padding-top:var(--wp--preset--spacing--80);padding-right:var(--wp--preset--spacing--40);padding-bottom:var(--wp--preset--spacing--80);padding-left:var(--wp--preset--spacing--40)\">\n<h2 class=\"wp-block-heading\" style=\"font-size:clamp(27.894px, 1.743rem + ((1vw - 3.2px) * 1.971), 48px);\">\u00c1reas de especializaci\u00f3n que nos definen<\/h2>\n\n\n\n<p>Ponemos nuestra experiencia a tu servicio en una amplia gama de sectores, garantizando traducciones de calidad que responden a las exigencias m\u00e1s estrictas:<\/p>\n\n\n\n<ul class=\"wp-block-list\">\n<li><strong>Tecnolog\u00eda<\/strong>: Documentaci\u00f3n de software, manuales t\u00e9cnicos, interfaces de usuarios.<\/li>\n\n\n\n<li><strong>Industria<\/strong>: Planos, procesos de producci\u00f3n, especificaciones t\u00e9cnicas.<\/li>\n\n\n\n<li><strong>Ingenier\u00eda<\/strong>: Proyectos de construcci\u00f3n, certificaciones, informes t\u00e9cnicos.<\/li>\n\n\n\n<li><strong>Energ\u00eda:<\/strong> Documentaci\u00f3n sobre proyectos energ\u00e9ticos, normativas y protocolos.<br><br>\u00bfTu sector tiene requisitos espec\u00edficos? Estamos listos para abordar cualquier desaf\u00edo que nos propongas.<\/li>\n<\/ul>\n<\/div>\n\n\n\n<div class=\"wp-block-group alignfull has-custom-color-1-gradient-background has-background has-global-padding is-layout-constrained wp-container-core-group-is-layout-94e519ba wp-block-group-is-layout-constrained\" style=\"padding-top:var(--wp--preset--spacing--80);padding-right:var(--wp--preset--spacing--40);padding-bottom:var(--wp--preset--spacing--80);padding-left:var(--wp--preset--spacing--40)\">\n<h2 class=\"wp-block-heading\" style=\"font-size:clamp(27.894px, 1.743rem + ((1vw - 3.2px) * 1.971), 48px);\">\u00bfPor qu\u00e9 confiar en nuestra traducci\u00f3n especializada en la industria y tecnolog\u00eda?<\/h2>\n\n\n\n<ul class=\"wp-block-list\">\n<li><strong>Compromiso con la excelencia<\/strong>: Cumplimos con la norma ISO 17100:2016-05, un sello de calidad que asegura la m\u00e1xima fiabilidad y rigor en cada uno de nuestros proyectos.<\/li>\n\n\n\n<li><strong>Expertos en sectores clave<\/strong>: Contamos con traductores con amplia experiencia en industrias como la tecnolog\u00eda, la energ\u00eda y la ingenier\u00eda, lo que nos permite manejar con precisi\u00f3n la terminolog\u00eda t\u00e9cnica m\u00e1s compleja.<\/li>\n\n\n\n<li><strong>Calidad asegurada<\/strong>: Realizamos una revisi\u00f3n detallada de cada traducci\u00f3n para garantizar que tu contenido sea completamente exacto, t\u00e9cnico y adecuado en cualquier idioma.<\/li>\n\n\n\n<li><strong>Adaptaci\u00f3n cultural precisa:<\/strong> No solo traducimos, sino que tambi\u00e9n adaptamos tu contenido para que se ajuste al contexto cultural de cada mercado, manteniendo la integridad t\u00e9cnica sin sacrificar la relevancia cultural.<\/li>\n<\/ul>\n<\/div>\n\n\n\n<div class=\"wp-block-group alignfull has-base-color has-text-color has-background has-link-color wp-elements-5204cdbc6ac6b002bd015fa47dcdc822 has-global-padding is-layout-constrained wp-container-core-group-is-layout-11f9da37 wp-block-group-is-layout-constrained\" style=\"background:linear-gradient(0deg,rgb(0,78,82) 0%,rgb(111,192,194) 100%);margin-top:0;margin-bottom:0;padding-top:var(--wp--preset--spacing--80);padding-right:var(--wp--preset--spacing--40);padding-bottom:var(--wp--preset--spacing--80);padding-left:var(--wp--preset--spacing--40)\">\n<h2 class=\"wp-block-heading has-text-align-center has-base-color has-text-color has-link-color has-xx-large-font-size wp-elements-9d87ef69c7191edb5f057a9901566b02\">Triunfa con nosotros<\/h2>\n\n\n\n<p class=\"has-text-align-center has-large-font-size\">Aqu\u00ed no hay segundas oportunidades. O lo haces bien o lo pagas caro. \u00bfTe la juegas o apuestas por la excelencia?<\/p>\n\n\n\n<div class=\"wp-block-buttons is-content-justification-center is-layout-flex wp-container-core-buttons-is-layout-a6d9f191 wp-block-buttons-is-layout-flex\" style=\"margin-top:var(--wp--preset--spacing--40);margin-bottom:var(--wp--preset--spacing--40)\">\n<div class=\"wp-block-button\"><a class=\"wp-block-button__link has-accent-2-background-color has-background wp-element-button\" href=\"https:\/\/euro-text.com\/contacto\/\" style=\"box-shadow:var(--wp--preset--shadow--deep)\">CONTACTAR<\/a><\/div>\n<\/div>\n<\/div>\n","protected":false},"excerpt":{"rendered":"<p>Aqu\u00ed no se admite la chapuza. O lo haces bien o mejor ni lo intentes. <\/p>\n","protected":false},"author":2,"featured_media":0,"parent":135,"menu_order":0,"comment_status":"closed","ping_status":"closed","template":"page-no-title","meta":{"_seopress_robots_primary_cat":"","_seopress_titles_title":"","_seopress_titles_desc":"","_seopress_robots_index":"","footnotes":""},"class_list":["post-240","page","type-page","status-publish","hentry"],"_links":{"self":[{"href":"https:\/\/euro-text.com\/es\/wp-json\/wp\/v2\/pages\/240","targetHints":{"allow":["GET"]}}],"collection":[{"href":"https:\/\/euro-text.com\/es\/wp-json\/wp\/v2\/pages"}],"about":[{"href":"https:\/\/euro-text.com\/es\/wp-json\/wp\/v2\/types\/page"}],"author":[{"embeddable":true,"href":"https:\/\/euro-text.com\/es\/wp-json\/wp\/v2\/users\/2"}],"replies":[{"embeddable":true,"href":"https:\/\/euro-text.com\/es\/wp-json\/wp\/v2\/comments?post=240"}],"version-history":[{"count":10,"href":"https:\/\/euro-text.com\/es\/wp-json\/wp\/v2\/pages\/240\/revisions"}],"predecessor-version":[{"id":762,"href":"https:\/\/euro-text.com\/es\/wp-json\/wp\/v2\/pages\/240\/revisions\/762"}],"up":[{"embeddable":true,"href":"https:\/\/euro-text.com\/es\/wp-json\/wp\/v2\/pages\/135"}],"wp:attachment":[{"href":"https:\/\/euro-text.com\/es\/wp-json\/wp\/v2\/media?parent=240"}],"curies":[{"name":"wp","href":"https:\/\/api.w.org\/{rel}","templated":true}]}}