{"id":256,"date":"2025-03-17T12:08:09","date_gmt":"2025-03-17T11:08:09","guid":{"rendered":"https:\/\/euro-text.com\/?page_id=256"},"modified":"2025-03-21T22:01:15","modified_gmt":"2025-03-21T21:01:15","slug":"traduccion-especializada-para-los-sectores-de-cultura-y-turismo","status":"publish","type":"page","link":"https:\/\/euro-text.com\/es\/traduccion\/traduccion-especializada-para-los-sectores-de-cultura-y-turismo\/","title":{"rendered":"Traducci\u00f3n especializada para los sectores de cultura y turismo"},"content":{"rendered":"\n<div class=\"wp-block-group alignfull has-global-padding is-layout-constrained wp-container-core-group-is-layout-020e0ace wp-block-group-is-layout-constrained\" style=\"padding-top:var(--wp--preset--spacing--60);padding-right:var(--wp--preset--spacing--40);padding-bottom:var(--wp--preset--spacing--60);padding-left:var(--wp--preset--spacing--40)\">\n<div class=\"wp-block-group alignwide is-vertical is-content-justification-center is-layout-flex wp-container-core-group-is-layout-fa38c63a wp-block-group-is-layout-flex\" style=\"min-height:50vh\">\n<h1 class=\"wp-block-heading has-text-align-center\" style=\"font-size:clamp(46.987px, 2.937rem + ((1vw - 3.2px) * 4.413), 92px);\">Destinos que se sienten antes de pisarlos<\/h1>\n\n\n\n<p class=\"has-text-align-center\" style=\"font-size:clamp(14.642px, 0.915rem + ((1vw - 3.2px) * 0.721), 22px);\">Da vida. Reinventa. Ajusta cada palabra para que despierte ganas de viajar, descubrir, sentir. Tu destino, tu historia, tu cultura, contada como se merece, en cualquier idioma. \u00bfListo para dejar huella?<\/p>\n\n\n\n<div class=\"wp-block-buttons is-content-justification-center is-layout-flex wp-container-core-buttons-is-layout-d234f690 wp-block-buttons-is-layout-flex\" style=\"margin-top:var(--wp--preset--spacing--50);margin-bottom:var(--wp--preset--spacing--50)\">\n<div class=\"wp-block-button has-custom-font-size has-large-font-size\"><a class=\"wp-block-button__link has-accent-1-background-color has-background wp-element-button\" href=\"https:\/\/euro-text.com\/contacto\/\" style=\"box-shadow:var(--wp--preset--shadow--natural)\">CONTACTAR<\/a><\/div>\n<\/div>\n<\/div>\n<\/div>\n\n\n\n<div class=\"wp-block-group alignfull has-custom-color-1-gradient-background has-background has-global-padding is-layout-constrained wp-container-core-group-is-layout-94e519ba wp-block-group-is-layout-constrained\" style=\"padding-top:var(--wp--preset--spacing--80);padding-right:var(--wp--preset--spacing--40);padding-bottom:var(--wp--preset--spacing--80);padding-left:var(--wp--preset--spacing--40)\">\n<h2 class=\"wp-block-heading\" style=\"font-size:clamp(27.894px, 1.743rem + ((1vw - 3.2px) * 1.971), 48px);\">El arte de seducir con palabras<\/h2>\n\n\n\n<p>No es solo cambiar idiomas. Es crear atm\u00f3sferas, provocar emociones, despertar deseos. Es hacer que un turista vea, huela y sienta el destino antes de llegar.<\/p>\n\n\n\n<p>Nuestro equipo no traduce, vende sensaciones. Pulimos cada frase hasta que atrapa. Nada de textos aburridos. Nada de traducciones planas. Solo mensajes que seducen y convierten.<\/p>\n\n\n\n<p>Tu destino, tu historia, tu cultura. Contada con garra. En cualquier idioma. \u00bfListo para dejar huella?<\/p>\n<\/div>\n\n\n\n<div class=\"wp-block-group alignfull has-global-padding is-layout-constrained wp-container-core-group-is-layout-94e519ba wp-block-group-is-layout-constrained\" style=\"padding-top:var(--wp--preset--spacing--80);padding-right:var(--wp--preset--spacing--40);padding-bottom:var(--wp--preset--spacing--80);padding-left:var(--wp--preset--spacing--40)\">\n<h2 class=\"wp-block-heading\" style=\"font-size:clamp(27.894px, 1.743rem + ((1vw - 3.2px) * 1.971), 48px);\">\u00c1reas de especializaci\u00f3n que nos definen<\/h2>\n\n\n\n<p>Ponemos nuestra experiencia al servicio de sectores que requieren traducciones precisas y adaptadas a contextos culturales espec\u00edficos:<\/p>\n\n\n\n<ul class=\"wp-block-list\">\n<li><strong>Turismo<\/strong>: Folletos y cat\u00e1logos, gu\u00edas de turismo, audiogu\u00edas, cat\u00e1logos de exposiciones, documentaci\u00f3n para ferias internacionales, presentaciones, p\u00e1ginas web, itinerarios tur\u00edsticos, experiencias.<\/li>\n\n\n\n<li><strong>Cultura<\/strong>: Traducci\u00f3n de literatura, libros electr\u00f3nicos, notas de prensa, contratos, arte, m\u00fasica, cine y tradiciones locales.<\/li>\n\n\n\n<li><strong>Gastronom\u00eda<\/strong>: Men\u00fas, descripciones de productos y experiencias <strong>culinarias<\/strong>.<\/li>\n\n\n\n<li><strong>Viajes y alojamiento<\/strong>: Descripciones de hoteles, servicios tur\u00edsticos, experiencias de viaje..<br><br>\u00bfTienes un proyecto \u00fanico? Nos adaptamos a cualquier necesidad que tengas, asegurando que tu contenido hable de forma aut\u00e9ntica y precisa en todos los idiomas.<\/li>\n<\/ul>\n<\/div>\n\n\n\n<div class=\"wp-block-group alignfull has-custom-color-1-gradient-background has-background has-global-padding is-layout-constrained wp-container-core-group-is-layout-94e519ba wp-block-group-is-layout-constrained\" style=\"padding-top:var(--wp--preset--spacing--80);padding-right:var(--wp--preset--spacing--40);padding-bottom:var(--wp--preset--spacing--80);padding-left:var(--wp--preset--spacing--40)\">\n<h2 class=\"wp-block-heading\" style=\"font-size:clamp(27.894px, 1.743rem + ((1vw - 3.2px) * 1.971), 48px);\">\u00bfPor qu\u00e9 confiar en nuestra traducci\u00f3n especializada en cultura y turismo?<\/h2>\n\n\n\n<ul class=\"wp-block-list\">\n<li><strong>Certificaci\u00f3n de calidad<\/strong>: Cumplimos con la norma ISO 17100:2016-05, asegurando que todos nuestros proyectos cumplen con los m\u00e1s altos est\u00e1ndares de calidad.<\/li>\n\n\n\n<li><strong>Expertos en tu sector<\/strong>: Contamos con traductores especializados en cultura y turismo, que comprenden profundamente las particularidades de cada mercado y su jerga.<\/li>\n\n\n\n<li><strong>Fidelidad y precisi\u00f3n<\/strong>: Nos aseguramos de que cada traducci\u00f3n respete la esencia de tu mensaje, adaptando el contenido culturalmente para que sea igualmente efectivo en cada idioma.<\/li>\n\n\n\n<li><strong>Localizaci\u00f3n cultural<\/strong>: No solo traducimos; adaptamos tus textos al contexto cultural de cada mercado, asegurando que tu mensaje resuene con autenticidad y atractivo.<\/li>\n<\/ul>\n<\/div>\n\n\n\n<div class=\"wp-block-group alignfull has-base-color has-text-color has-background has-link-color wp-elements-4ffbe932a09ef002d2aa6c46ac397214 has-global-padding is-layout-constrained wp-container-core-group-is-layout-11f9da37 wp-block-group-is-layout-constrained\" style=\"background:linear-gradient(0deg,rgb(0,78,82) 0%,rgb(111,192,194) 100%);margin-top:0;margin-bottom:0;padding-top:var(--wp--preset--spacing--80);padding-right:var(--wp--preset--spacing--40);padding-bottom:var(--wp--preset--spacing--80);padding-left:var(--wp--preset--spacing--40)\">\n<h2 class=\"wp-block-heading has-text-align-center has-base-color has-text-color has-link-color has-xx-large-font-size wp-elements-852ee8f136012b73212ab47bbb2d99eb\">Traducimos experiencias, no palabras<\/h2>\n\n\n\n<p class=\"has-text-align-center has-large-font-size\">Las palabras pueden abrir puertas o cerrarlas para siempre. Un texto aburrido, una traducci\u00f3n sin alma y adi\u00f3s, visitante. Aqu\u00ed no vendemos palabras, vendemos emociones. Vendemos historias.<\/p>\n\n\n\n<div class=\"wp-block-buttons is-content-justification-center is-layout-flex wp-container-core-buttons-is-layout-a6d9f191 wp-block-buttons-is-layout-flex\" style=\"margin-top:var(--wp--preset--spacing--40);margin-bottom:var(--wp--preset--spacing--40)\">\n<div class=\"wp-block-button\"><a class=\"wp-block-button__link has-accent-2-background-color has-background wp-element-button\" href=\"https:\/\/euro-text.com\/contacto\/\" style=\"box-shadow:var(--wp--preset--shadow--deep)\">CONTACTAR<\/a><\/div>\n<\/div>\n<\/div>\n","protected":false},"excerpt":{"rendered":"<p>Da vida. Reinventa. Ajusta cada palabra para que despierte ganas de viajar, descubrir, sentir.<\/p>\n","protected":false},"author":2,"featured_media":0,"parent":135,"menu_order":0,"comment_status":"closed","ping_status":"closed","template":"page-no-title","meta":{"_seopress_robots_primary_cat":"","_seopress_titles_title":"","_seopress_titles_desc":"","_seopress_robots_index":"","footnotes":""},"class_list":["post-256","page","type-page","status-publish","hentry"],"_links":{"self":[{"href":"https:\/\/euro-text.com\/es\/wp-json\/wp\/v2\/pages\/256","targetHints":{"allow":["GET"]}}],"collection":[{"href":"https:\/\/euro-text.com\/es\/wp-json\/wp\/v2\/pages"}],"about":[{"href":"https:\/\/euro-text.com\/es\/wp-json\/wp\/v2\/types\/page"}],"author":[{"embeddable":true,"href":"https:\/\/euro-text.com\/es\/wp-json\/wp\/v2\/users\/2"}],"replies":[{"embeddable":true,"href":"https:\/\/euro-text.com\/es\/wp-json\/wp\/v2\/comments?post=256"}],"version-history":[{"count":10,"href":"https:\/\/euro-text.com\/es\/wp-json\/wp\/v2\/pages\/256\/revisions"}],"predecessor-version":[{"id":761,"href":"https:\/\/euro-text.com\/es\/wp-json\/wp\/v2\/pages\/256\/revisions\/761"}],"up":[{"embeddable":true,"href":"https:\/\/euro-text.com\/es\/wp-json\/wp\/v2\/pages\/135"}],"wp:attachment":[{"href":"https:\/\/euro-text.com\/es\/wp-json\/wp\/v2\/media?parent=256"}],"curies":[{"name":"wp","href":"https:\/\/api.w.org\/{rel}","templated":true}]}}