{"id":266,"date":"2025-03-17T12:47:00","date_gmt":"2025-03-17T11:47:00","guid":{"rendered":"https:\/\/euro-text.com\/?page_id=266"},"modified":"2025-03-21T22:19:19","modified_gmt":"2025-03-21T21:19:19","slug":"traduccion-especializada-para-los-sectores-energia-y-medioambiente","status":"publish","type":"page","link":"https:\/\/euro-text.com\/es\/traduccion\/traduccion-especializada-para-los-sectores-energia-y-medioambiente\/","title":{"rendered":"Traducci\u00f3n especializada para los sectores energ\u00eda y medioambiente"},"content":{"rendered":"\n<div class=\"wp-block-group alignfull has-global-padding is-layout-constrained wp-container-core-group-is-layout-020e0ace wp-block-group-is-layout-constrained\" style=\"padding-top:var(--wp--preset--spacing--60);padding-right:var(--wp--preset--spacing--40);padding-bottom:var(--wp--preset--spacing--60);padding-left:var(--wp--preset--spacing--40)\">\n<div class=\"wp-block-group alignwide is-vertical is-content-justification-center is-layout-flex wp-container-core-group-is-layout-fa38c63a wp-block-group-is-layout-flex\" style=\"min-height:50vh\">\n<h1 class=\"wp-block-heading has-text-align-center\" style=\"font-size:clamp(46.987px, 2.937rem + ((1vw - 3.2px) * 4.413), 92px);\">Si fallas, el desastre es real<\/h1>\n\n\n\n<p class=\"has-text-align-center\" style=\"font-size:clamp(14.642px, 0.915rem + ((1vw - 3.2px) * 0.721), 22px);\">En este sector no hay margen para errores. Una palabra mal traducida y puedes enfrentar sanciones, frenar un proyecto o, peor a\u00fan, causar un problema medioambiental. Esto no es un juego. Y aqu\u00ed no se permiten chapuzas.<\/p>\n\n\n\n<div class=\"wp-block-buttons is-content-justification-center is-layout-flex wp-container-core-buttons-is-layout-d234f690 wp-block-buttons-is-layout-flex\" style=\"margin-top:var(--wp--preset--spacing--50);margin-bottom:var(--wp--preset--spacing--50)\">\n<div class=\"wp-block-button has-custom-font-size has-large-font-size\"><a class=\"wp-block-button__link has-accent-1-background-color has-background wp-element-button\" href=\"https:\/\/euro-text.com\/contacto\/\" style=\"box-shadow:var(--wp--preset--shadow--natural)\">CONTACTAR<\/a><\/div>\n<\/div>\n<\/div>\n<\/div>\n\n\n\n<div class=\"wp-block-group alignfull has-custom-color-1-gradient-background has-background has-global-padding is-layout-constrained wp-container-core-group-is-layout-94e519ba wp-block-group-is-layout-constrained\" style=\"padding-top:var(--wp--preset--spacing--80);padding-right:var(--wp--preset--spacing--40);padding-bottom:var(--wp--preset--spacing--80);padding-left:var(--wp--preset--spacing--40)\">\n<h2 class=\"wp-block-heading\" style=\"font-size:clamp(27.894px, 1.743rem + ((1vw - 3.2px) * 1.971), 48px);\">Energ\u00eda y medioambiente: precisi\u00f3n o cat\u00e1strofe<\/h2>\n\n\n\n<p>Aqu\u00ed no vale \u00abm\u00e1s o menos\u00bb. Aqu\u00ed cada palabra pesa. Un desliz en una normativa, un fallo en un informe y tu proyecto se paraliza. O peor. Nosotros afinamos cada t\u00e9rmino para que tu contenido sea infalible en cualquier idioma.<\/p>\n\n\n\n<p>Nada de errores. Nada de tecnicismos mal usados. Nada de documentos confusos.<\/p>\n\n\n\n<p>Tu documentaci\u00f3n, imbatible. Tus datos, inapelables. Tu mensaje, intocable.<\/p>\n\n\n\n<p>Si quieres resultados impecables, hablemos. Si no, juega con fuego bajo tu propio riesgo.<\/p>\n<\/div>\n\n\n\n<div class=\"wp-block-group alignfull has-global-padding is-layout-constrained wp-container-core-group-is-layout-94e519ba wp-block-group-is-layout-constrained\" style=\"padding-top:var(--wp--preset--spacing--80);padding-right:var(--wp--preset--spacing--40);padding-bottom:var(--wp--preset--spacing--80);padding-left:var(--wp--preset--spacing--40)\">\n<h2 class=\"wp-block-heading\" style=\"font-size:clamp(27.894px, 1.743rem + ((1vw - 3.2px) * 1.971), 48px);\">\u00c1reas de especializaci\u00f3n que nos definen<\/h2>\n\n\n\n<p>Ponemos nuestra experiencia al servicio de sectores como el de energ\u00eda y medioambiente que requieren traducciones precisas y adaptadas a contextos culturales espec\u00edficos:<\/p>\n\n\n\n<ul class=\"wp-block-list\">\n<li><strong>Energ\u00eda<\/strong>: Informes de sostenibilidad, proyectos de energ\u00edas renovables, normativas energ\u00e9ticas.<\/li>\n\n\n\n<li><strong>Medioambiente<\/strong>: Estudios de impacto ambiental, pol\u00edticas ecol\u00f3gicas, informes t\u00e9cnicos sobre biodiversidad.<\/li>\n\n\n\n<li><strong>Ingenier\u00eda ambiental<\/strong>: Proyectos de infraestructura ecol\u00f3gica, normativas sobre eficiencia energ\u00e9tica, auditor\u00edas medioambientales.<\/li>\n\n\n\n<li><strong>Legal y regulatorio<\/strong>: Contratos energ\u00e9ticos, legislaci\u00f3n medioambiental, normativas internacionales.<br><br>\u00bfTu proyecto tiene necesidades espec\u00edficas? Nos adaptamos a cualquier reto t\u00e9cnico o regulatorio que nos plantees.<\/li>\n<\/ul>\n<\/div>\n\n\n\n<div class=\"wp-block-group alignfull has-custom-color-1-gradient-background has-background has-global-padding is-layout-constrained wp-container-core-group-is-layout-94e519ba wp-block-group-is-layout-constrained\" style=\"padding-top:var(--wp--preset--spacing--80);padding-right:var(--wp--preset--spacing--40);padding-bottom:var(--wp--preset--spacing--80);padding-left:var(--wp--preset--spacing--40)\">\n<h2 class=\"wp-block-heading\" style=\"font-size:clamp(27.894px, 1.743rem + ((1vw - 3.2px) * 1.971), 48px);\">\u00bfPor qu\u00e9 confiar en nuestra traducci\u00f3n especializada en energ\u00eda y medioambiente?<\/h2>\n\n\n\n<ul class=\"wp-block-list\">\n<li><strong>Compromiso con la calidad<\/strong>: Cumplimos con la norma ISO 17100:2016-05, lo que garantiza que cada proyecto se realice con los m\u00e1s altos est\u00e1ndares de calidad.<\/li>\n\n\n\n<li><strong>Especializaci\u00f3n sectorial<\/strong>: Contamos con traductores altamente cualificados en sectores como energ\u00eda, medioambiente e ingenier\u00eda, con un profundo dominio de la terminolog\u00eda t\u00e9cnica y regulatoria de cada \u00e1rea.<\/li>\n\n\n\n<li><strong>Precisi\u00f3n garantizada<\/strong>: Llevamos a cabo un exhaustivo proceso de revisi\u00f3n para asegurar que cada traducci\u00f3n sea precisa, clara y profesional en todos los idiomas.<\/li>\n\n\n\n<li><strong>Adaptaci\u00f3n cultural y normativa<\/strong>: Adem\u00e1s de traducir, ajustamos tu contenido al contexto cultural y regulatorio de cada mercado, garantizando el respeto por las normativas locales y la exactitud t\u00e9cnica.<\/li>\n<\/ul>\n<\/div>\n\n\n\n<div class=\"wp-block-group alignfull has-base-color has-text-color has-background has-link-color wp-elements-d649c089ebf9f8155e293898e37204d9 has-global-padding is-layout-constrained wp-container-core-group-is-layout-11f9da37 wp-block-group-is-layout-constrained\" style=\"background:linear-gradient(0deg,rgb(0,78,82) 0%,rgb(111,192,194) 100%);margin-top:0;margin-bottom:0;padding-top:var(--wp--preset--spacing--80);padding-right:var(--wp--preset--spacing--40);padding-bottom:var(--wp--preset--spacing--80);padding-left:var(--wp--preset--spacing--40)\">\n<h2 class=\"wp-block-heading has-text-align-center has-base-color has-text-color has-link-color has-xx-large-font-size wp-elements-020c3aa64a0c6c79fcb7a33f7c9bfbf6\">Protege el planeta sin errores<\/h2>\n\n\n\n<p class=\"has-text-align-center has-large-font-size\">Un error en tu traducci\u00f3n puede costaros caro al planeta y a ti. Asegura tu mensaje, sin riesgos.<\/p>\n\n\n\n<div class=\"wp-block-buttons is-content-justification-center is-layout-flex wp-container-core-buttons-is-layout-a6d9f191 wp-block-buttons-is-layout-flex\" style=\"margin-top:var(--wp--preset--spacing--40);margin-bottom:var(--wp--preset--spacing--40)\">\n<div class=\"wp-block-button\"><a class=\"wp-block-button__link has-accent-2-background-color has-background wp-element-button\" href=\"https:\/\/euro-text.com\/contacto\/\" style=\"box-shadow:var(--wp--preset--shadow--deep)\">CONTACTAR<\/a><\/div>\n<\/div>\n<\/div>\n","protected":false},"excerpt":{"rendered":"<p>No juguemos con fuego. Una palabra mal traducida y te puedes enfrentar a sanciones o peores consecuencias. <\/p>\n","protected":false},"author":2,"featured_media":0,"parent":135,"menu_order":0,"comment_status":"closed","ping_status":"closed","template":"page-no-title","meta":{"_seopress_robots_primary_cat":"","_seopress_titles_title":"","_seopress_titles_desc":"","_seopress_robots_index":"","footnotes":""},"class_list":["post-266","page","type-page","status-publish","hentry"],"_links":{"self":[{"href":"https:\/\/euro-text.com\/es\/wp-json\/wp\/v2\/pages\/266","targetHints":{"allow":["GET"]}}],"collection":[{"href":"https:\/\/euro-text.com\/es\/wp-json\/wp\/v2\/pages"}],"about":[{"href":"https:\/\/euro-text.com\/es\/wp-json\/wp\/v2\/types\/page"}],"author":[{"embeddable":true,"href":"https:\/\/euro-text.com\/es\/wp-json\/wp\/v2\/users\/2"}],"replies":[{"embeddable":true,"href":"https:\/\/euro-text.com\/es\/wp-json\/wp\/v2\/comments?post=266"}],"version-history":[{"count":10,"href":"https:\/\/euro-text.com\/es\/wp-json\/wp\/v2\/pages\/266\/revisions"}],"predecessor-version":[{"id":772,"href":"https:\/\/euro-text.com\/es\/wp-json\/wp\/v2\/pages\/266\/revisions\/772"}],"up":[{"embeddable":true,"href":"https:\/\/euro-text.com\/es\/wp-json\/wp\/v2\/pages\/135"}],"wp:attachment":[{"href":"https:\/\/euro-text.com\/es\/wp-json\/wp\/v2\/media?parent=266"}],"curies":[{"name":"wp","href":"https:\/\/api.w.org\/{rel}","templated":true}]}}