{"id":277,"date":"2025-03-17T12:55:31","date_gmt":"2025-03-17T11:55:31","guid":{"rendered":"https:\/\/euro-text.com\/?page_id=277"},"modified":"2025-03-21T22:44:53","modified_gmt":"2025-03-21T21:44:53","slug":"traduccion-especializada-juridica-y-financiera","status":"publish","type":"page","link":"https:\/\/euro-text.com\/es\/traduccion\/traduccion-especializada-juridica-y-financiera\/","title":{"rendered":"Traducci\u00f3n especializada jur\u00eddica y financiera"},"content":{"rendered":"\n<div class=\"wp-block-group alignfull has-global-padding is-layout-constrained wp-container-core-group-is-layout-020e0ace wp-block-group-is-layout-constrained\" style=\"padding-top:var(--wp--preset--spacing--60);padding-right:var(--wp--preset--spacing--40);padding-bottom:var(--wp--preset--spacing--60);padding-left:var(--wp--preset--spacing--40)\">\n<div class=\"wp-block-group alignwide is-vertical is-content-justification-center is-layout-flex wp-container-core-group-is-layout-fa38c63a wp-block-group-is-layout-flex\" style=\"min-height:50vh\">\n<h1 class=\"wp-block-heading has-text-align-center\" style=\"font-size:clamp(46.987px, 2.937rem + ((1vw - 3.2px) * 4.413), 92px);\">La precisi\u00f3n es ley. <br>Y nosotros la cumplimos.<\/h1>\n\n\n\n<p class=\"has-text-align-center\" style=\"font-size:clamp(14.642px, 0.915rem + ((1vw - 3.2px) * 0.721), 22px);\">Un contrato mal traducido, una cl\u00e1usula ambigua, un error en un informe financiero\u2026 y las consecuencias pueden ser catastr\u00f3ficas. Demandas. P\u00e9rdidas millonarias. Problemas legales que nadie quiere. En este sector, cada palabra tiene peso. Y nosotros lo sabemos.<\/p>\n\n\n\n<div class=\"wp-block-buttons is-content-justification-center is-layout-flex wp-container-core-buttons-is-layout-d234f690 wp-block-buttons-is-layout-flex\" style=\"margin-top:var(--wp--preset--spacing--50);margin-bottom:var(--wp--preset--spacing--50)\">\n<div class=\"wp-block-button has-custom-font-size has-large-font-size\"><a class=\"wp-block-button__link has-accent-1-background-color has-background wp-element-button\" href=\"https:\/\/euro-text.com\/contacto\/\" style=\"box-shadow:var(--wp--preset--shadow--natural)\">CONTACTAR<\/a><\/div>\n<\/div>\n<\/div>\n<\/div>\n\n\n\n<div class=\"wp-block-group alignfull has-custom-color-1-gradient-background has-background has-global-padding is-layout-constrained wp-container-core-group-is-layout-94e519ba wp-block-group-is-layout-constrained\" style=\"padding-top:var(--wp--preset--spacing--80);padding-right:var(--wp--preset--spacing--40);padding-bottom:var(--wp--preset--spacing--80);padding-left:var(--wp--preset--spacing--40)\">\n<h2 class=\"wp-block-heading\" style=\"font-size:clamp(27.894px, 1.743rem + ((1vw - 3.2px) * 1.971), 48px);\">Traducciones blindadas contra errores<\/h2>\n\n\n\n<p>Aqu\u00ed no valen las aproximaciones. No hay espacio para el \u201cyo creo que significa\u2026\u201d. O est\u00e1 perfecto, o es un problema. Un peque\u00f1o fallo puede tener consecuencias gigantescas. Por eso, afinamos cada t\u00e9rmino para que tu documentaci\u00f3n sea s\u00f3lida, precisa y sin fisuras en cualquier idioma.<\/p>\n\n\n\n<p>Nada de traducciones vagas. Nada de interpretaciones err\u00f3neas. Nada de riesgos innecesarios.<\/p>\n\n\n\n<p>Tu negocio, protegido. Tus contratos, impenetrables. Tus finanzas, claras.<\/p>\n\n\n\n<p>\u00bfJugamos sobre seguro?<\/p>\n<\/div>\n\n\n\n<div class=\"wp-block-group alignfull has-global-padding is-layout-constrained wp-container-core-group-is-layout-94e519ba wp-block-group-is-layout-constrained\" style=\"padding-top:var(--wp--preset--spacing--80);padding-right:var(--wp--preset--spacing--40);padding-bottom:var(--wp--preset--spacing--80);padding-left:var(--wp--preset--spacing--40)\">\n<h2 class=\"wp-block-heading\" style=\"font-size:clamp(27.894px, 1.743rem + ((1vw - 3.2px) * 1.971), 48px);\">\u00c1reas de especializaci\u00f3n que nos definen<\/h2>\n\n\n\n<p>Ponemos nuestra experiencia al servicio de sectores clave, asegurando traducciones que cumplen con los est\u00e1ndares m\u00e1s rigurosos:<\/p>\n\n\n\n<ul class=\"wp-block-list\">\n<li><strong>Contratos y acuerdos comerciales<\/strong>: Redacci\u00f3n, revisi\u00f3n y traducci\u00f3n precisa de contratos, acuerdos de joint venture y documentos de negociaci\u00f3n.<\/li>\n\n\n\n<li><strong>Derecho corporativo<\/strong>: Estatutos sociales, actas de constituci\u00f3n, acuerdos de fusi\u00f3n y adquisici\u00f3n, acuerdos de socios.<\/li>\n\n\n\n<li><strong>Finanzas y auditor\u00eda<\/strong>: Estados financieros, auditor\u00edas, balances contables, informes de tesorer\u00eda y an\u00e1lisis de inversi\u00f3n.<\/li>\n\n\n\n<li><strong>Regulaciones fiscales y tributarias<\/strong>: Declaraciones de impuestos, informes fiscales, regulaciones sobre IVA, normativas internacionales sobre impuestos.<\/li>\n<\/ul>\n\n\n\n<p>\u00bfTienes requisitos espec\u00edficos? Nos adaptamos a cualquier desaf\u00edo legal o financiero, garantizando traducciones fieles y conformes a la legislaci\u00f3n vigente.<\/p>\n<\/div>\n\n\n\n<div class=\"wp-block-group alignfull has-custom-color-1-gradient-background has-background has-global-padding is-layout-constrained wp-container-core-group-is-layout-94e519ba wp-block-group-is-layout-constrained\" style=\"padding-top:var(--wp--preset--spacing--80);padding-right:var(--wp--preset--spacing--40);padding-bottom:var(--wp--preset--spacing--80);padding-left:var(--wp--preset--spacing--40)\">\n<h2 class=\"wp-block-heading\" style=\"font-size:clamp(27.894px, 1.743rem + ((1vw - 3.2px) * 1.971), 48px);\">\u00bfPor qu\u00e9 confiar en nuestra traducci\u00f3n especializada jur\u00eddica y financiera?<\/h2>\n\n\n\n<ul class=\"wp-block-list\">\n<li><strong>Certificaci\u00f3n de calidad<\/strong>: Cumplimos con la norma ISO 17100:2016-05, asegurando procesos de traducci\u00f3n rigurosos y de calidad sin concesiones.<\/li>\n\n\n\n<li><strong>Expertos en derecho y finanzas<\/strong>: Nuestros traductores son especialistas con una comprensi\u00f3n profunda de la jerga t\u00e9cnica y las normativas legales y financieras, con a\u00f1os de experiencia en el sector.<\/li>\n\n\n\n<li><strong>Precisi\u00f3n sin margen de error<\/strong>: Realizamos un proceso de revisi\u00f3n exhaustivo para garantizar que cada documento est\u00e9 libre de errores y sea 100% exacto en el idioma de destino.<\/li>\n\n\n\n<li><strong>Cumplimiento normativo garantizado<\/strong>: No solo traducimos, sino que adaptamos tu contenido a los marcos regulatorios locales e internacionales, asegurando que cumpla con todas las normativas legales y fiscales.<\/li>\n<\/ul>\n<\/div>\n\n\n\n<div class=\"wp-block-group alignfull has-base-color has-text-color has-background has-link-color wp-elements-bd66a79d56e7e6607b388400cb28059c has-global-padding is-layout-constrained wp-container-core-group-is-layout-11f9da37 wp-block-group-is-layout-constrained\" style=\"background:linear-gradient(0deg,rgb(0,78,82) 0%,rgb(111,192,194) 100%);margin-top:0;margin-bottom:0;padding-top:var(--wp--preset--spacing--80);padding-right:var(--wp--preset--spacing--40);padding-bottom:var(--wp--preset--spacing--80);padding-left:var(--wp--preset--spacing--40)\">\n<h2 class=\"wp-block-heading has-text-align-center has-base-color has-text-color has-link-color has-xx-large-font-size wp-elements-6330dccdb56a533e5c584345142a0185\">Un error en tu contrato y\u2026 GAME OVER <\/h2>\n\n\n\n<p class=\"has-text-align-center has-large-font-size\">Demandas, sanciones, dinero perdido. No arriesgues tu negocio. Traducciones jur\u00eddicas y financieras seguras, claras y sin sorpresas. Sin juegos.<\/p>\n\n\n\n<div class=\"wp-block-buttons is-content-justification-center is-layout-flex wp-container-core-buttons-is-layout-a6d9f191 wp-block-buttons-is-layout-flex\" style=\"margin-top:var(--wp--preset--spacing--40);margin-bottom:var(--wp--preset--spacing--40)\">\n<div class=\"wp-block-button\"><a class=\"wp-block-button__link has-accent-2-background-color has-background wp-element-button\" href=\"https:\/\/euro-text.com\/contacto\/\" style=\"box-shadow:var(--wp--preset--shadow--deep)\">CONTACTAR<\/a><\/div>\n<\/div>\n<\/div>\n","protected":false},"excerpt":{"rendered":"<p>En este sector, cada palabra tiene peso. Evita problemas legales que nadie quiere.<\/p>\n","protected":false},"author":2,"featured_media":0,"parent":135,"menu_order":0,"comment_status":"closed","ping_status":"closed","template":"page-no-title","meta":{"_seopress_robots_primary_cat":"","_seopress_titles_title":"","_seopress_titles_desc":"","_seopress_robots_index":"","footnotes":""},"class_list":["post-277","page","type-page","status-publish","hentry"],"_links":{"self":[{"href":"https:\/\/euro-text.com\/es\/wp-json\/wp\/v2\/pages\/277","targetHints":{"allow":["GET"]}}],"collection":[{"href":"https:\/\/euro-text.com\/es\/wp-json\/wp\/v2\/pages"}],"about":[{"href":"https:\/\/euro-text.com\/es\/wp-json\/wp\/v2\/types\/page"}],"author":[{"embeddable":true,"href":"https:\/\/euro-text.com\/es\/wp-json\/wp\/v2\/users\/2"}],"replies":[{"embeddable":true,"href":"https:\/\/euro-text.com\/es\/wp-json\/wp\/v2\/comments?post=277"}],"version-history":[{"count":10,"href":"https:\/\/euro-text.com\/es\/wp-json\/wp\/v2\/pages\/277\/revisions"}],"predecessor-version":[{"id":792,"href":"https:\/\/euro-text.com\/es\/wp-json\/wp\/v2\/pages\/277\/revisions\/792"}],"up":[{"embeddable":true,"href":"https:\/\/euro-text.com\/es\/wp-json\/wp\/v2\/pages\/135"}],"wp:attachment":[{"href":"https:\/\/euro-text.com\/es\/wp-json\/wp\/v2\/media?parent=277"}],"curies":[{"name":"wp","href":"https:\/\/api.w.org\/{rel}","templated":true}]}}