{"id":305,"date":"2025-03-17T20:32:06","date_gmt":"2025-03-17T19:32:06","guid":{"rendered":"https:\/\/euro-text.com\/?page_id=305"},"modified":"2025-03-27T20:31:35","modified_gmt":"2025-03-27T19:31:35","slug":"traduccion-especializada-en-marketing-y-comunicacion","status":"publish","type":"page","link":"https:\/\/euro-text.com\/es\/traduccion\/traduccion-especializada-en-marketing-y-comunicacion\/","title":{"rendered":"Traducci\u00f3n especializada en marketing y comunicaci\u00f3n"},"content":{"rendered":"\n<div class=\"wp-block-group alignfull has-global-padding is-layout-constrained wp-container-core-group-is-layout-020e0ace wp-block-group-is-layout-constrained\" style=\"padding-top:var(--wp--preset--spacing--60);padding-right:var(--wp--preset--spacing--40);padding-bottom:var(--wp--preset--spacing--60);padding-left:var(--wp--preset--spacing--40)\">\n<div class=\"wp-block-group alignwide is-vertical is-content-justification-center is-layout-flex wp-container-core-group-is-layout-fa38c63a wp-block-group-is-layout-flex\" style=\"min-height:50vh\">\n<h1 class=\"wp-block-heading has-text-align-center\" style=\"font-size:clamp(46.987px, 2.937rem + ((1vw - 3.2px) * 4.413), 92px);\">M\u00e1s que traducir, creamos impacto<\/h1>\n\n\n\n<p class=\"has-text-align-center\" style=\"font-size:clamp(14.642px, 0.915rem + ((1vw - 3.2px) * 0.721), 22px);\">No solo traducimos. Adaptamos. Optimizamos. Convertimos palabras en experiencias. Nuestro equipo de expertos en marketing y comunicaci\u00f3n trabaja para que cada mensaje tenga el mismo efecto que en su idioma original. El mismo no. \u00a1Mejor!<\/p>\n\n\n\n<div class=\"wp-block-buttons is-content-justification-center is-layout-flex wp-container-core-buttons-is-layout-d234f690 wp-block-buttons-is-layout-flex\" style=\"margin-top:var(--wp--preset--spacing--50);margin-bottom:var(--wp--preset--spacing--50)\">\n<div class=\"wp-block-button has-custom-font-size has-large-font-size\"><a class=\"wp-block-button__link has-accent-1-background-color has-background wp-element-button\" href=\"https:\/\/euro-text.com\/contacto\/\" style=\"box-shadow:var(--wp--preset--shadow--natural)\">CONTACTAR<\/a><\/div>\n<\/div>\n<\/div>\n<\/div>\n\n\n\n<div class=\"wp-block-group alignfull has-custom-color-1-gradient-background has-background has-global-padding is-layout-constrained wp-container-core-group-is-layout-94e519ba wp-block-group-is-layout-constrained\" style=\"padding-top:var(--wp--preset--spacing--80);padding-right:var(--wp--preset--spacing--40);padding-bottom:var(--wp--preset--spacing--80);padding-left:var(--wp--preset--spacing--40)\">\n<h2 class=\"wp-block-heading\" style=\"font-size:clamp(27.894px, 1.743rem + ((1vw - 3.2px) * 1.971), 48px);\">Traducci\u00f3n de marketing y comunicaci\u00f3n: palabras que venden<\/h2>\n\n\n\n<p>Las palabras importan. Pero lo que realmente marca la diferencia es c\u00f3mo se sienten. Un mensaje potente emociona, convence y vende. Una traducci\u00f3n mediocre lo echa a perder. Con nosotros, eso no pasa.<\/p>\n\n\n\n<p>Nos aseguramos de que cada palabra conecte con tu audiencia. Transformamos tu contenido en un arma de impacto global. Nada de textos planos. Nada de mensajes sin alma. Nada de traducciones literales. Hablamos el idioma de tu cliente, de su cultura, de sus emociones.<\/p>\n<\/div>\n\n\n\n<div class=\"wp-block-group alignfull has-global-padding is-layout-constrained wp-container-core-group-is-layout-94e519ba wp-block-group-is-layout-constrained\" style=\"padding-top:var(--wp--preset--spacing--80);padding-right:var(--wp--preset--spacing--40);padding-bottom:var(--wp--preset--spacing--80);padding-left:var(--wp--preset--spacing--40)\">\n<h2 class=\"wp-block-heading\" style=\"font-size:clamp(27.894px, 1.743rem + ((1vw - 3.2px) * 1.971), 48px);\">\u00c1reas de especializaci\u00f3n que nos definen<\/h2>\n\n\n\n<p>Ponemos nuestra experiencia a tu disposici\u00f3n, asegurando traducciones precisas y alineadas con las necesidades del sector:<\/p>\n\n\n\n<ul class=\"wp-block-list\">\n<li><strong>Marketing digital<\/strong>: Traducci\u00f3n de campa\u00f1as publicitarias, anuncios en Google y redes sociales, optimizaci\u00f3n SEO y contenido de landing pages.<\/li>\n\n\n\n<li><strong>Contenido de marca<\/strong>: Adaptaci\u00f3n de esl\u00f3ganes, valores de marca, presentaciones de producto y mensajes promocionales.<\/li>\n\n\n\n<li><strong>Publicidad y promoci\u00f3n<\/strong>: Traducci\u00f3n de folletos, cat\u00e1logos, brochures y otros materiales de marketing impreso o digital.<\/li>\n\n\n\n<li><strong>Copywriting adaptado<\/strong>: Textos persuasivos, art\u00edculos de blog, newsletters y campa\u00f1as de email marketing con un enfoque culturalmente ajustado.<\/li>\n\n\n\n<li><strong>Branding<\/strong>: Slogans, valores de marca, comunicaci\u00f3n de empresa.<\/li>\n\n\n\n<li><strong>Publicidad y promoci\u00f3n<\/strong>: Folletos, materiales de marketing impreso y digital.<\/li>\n\n\n\n<li><strong>Contenido web<\/strong>: P\u00e1ginas corporativas, blogs, descripciones de productos.<\/li>\n<\/ul>\n\n\n\n<p>\u00bfTu proyecto tiene necesidades particulares? Nos adaptamos a cada desaf\u00edo creativo y estrat\u00e9gico que nos plantees.<\/p>\n<\/div>\n\n\n\n<div class=\"wp-block-group alignfull has-custom-color-1-gradient-background has-background has-global-padding is-layout-constrained wp-container-core-group-is-layout-94e519ba wp-block-group-is-layout-constrained\" style=\"padding-top:var(--wp--preset--spacing--80);padding-right:var(--wp--preset--spacing--40);padding-bottom:var(--wp--preset--spacing--80);padding-left:var(--wp--preset--spacing--40)\">\n<h2 class=\"wp-block-heading\" style=\"font-size:clamp(27.894px, 1.743rem + ((1vw - 3.2px) * 1.971), 48px);\">\u00bfPor qu\u00e9 confiar en nuestra traducci\u00f3n especializada en marketing y comunicaci\u00f3n?<\/h2>\n\n\n\n<ul class=\"wp-block-list\">\n<li><strong>Certificaci\u00f3n de calidad<\/strong>: Cumplimos con la norma ISO 17100:2016-05, un distintivo de calidad en cada traducci\u00f3n.<\/li>\n\n\n\n<li><strong>Expertos en marketing<\/strong>: Contamos con traductores con experiencia en marketing, publicidad y comunicaci\u00f3n, que entienden las estrategias y la jerga del sector.<\/li>\n\n\n\n<li><strong>Impacto cultural garantizado<\/strong>: Cada mercado tiene sus propias costumbres, valores y estilos. Nos aseguramos de que tu contenido se ajuste a las expectativas locales sin perder su esencia.<\/li>\n\n\n\n<li><strong>Creatividad garantizada<\/strong>: No solo traducimos palabras, adaptamos tus ideas de forma que mantengan su efectividad persuasiva y emocional en cualquier idioma.<\/li>\n<\/ul>\n<\/div>\n\n\n\n<div class=\"wp-block-group alignfull has-base-color has-text-color has-background has-link-color wp-elements-b867fe0604f9feb8ccdc59792bc6e445 has-global-padding is-layout-constrained wp-container-core-group-is-layout-11f9da37 wp-block-group-is-layout-constrained\" style=\"background:linear-gradient(0deg,rgb(0,78,82) 0%,rgb(111,192,194) 100%);margin-top:0;margin-bottom:0;padding-top:var(--wp--preset--spacing--80);padding-right:var(--wp--preset--spacing--40);padding-bottom:var(--wp--preset--spacing--80);padding-left:var(--wp--preset--spacing--40)\">\n<h2 class=\"wp-block-heading has-text-align-center has-base-color has-text-color has-link-color has-xx-large-font-size wp-elements-2d5ead47e3949518b5e50dd7f3071784\">\u00bfListo para tu impacto universal?<\/h2>\n\n\n\n<p class=\"has-text-align-center has-large-font-size\">No es solo traducir. Es adaptar. Es emocionar. Nuestro equipo de traductores especializados en marketing y comunicaci\u00f3n convierte tu mensaje en una experiencia global.<\/p>\n\n\n\n<div class=\"wp-block-buttons is-content-justification-center is-layout-flex wp-container-core-buttons-is-layout-a6d9f191 wp-block-buttons-is-layout-flex\" style=\"margin-top:var(--wp--preset--spacing--40);margin-bottom:var(--wp--preset--spacing--40)\">\n<div class=\"wp-block-button\"><a class=\"wp-block-button__link has-accent-2-background-color has-background wp-element-button\" href=\"https:\/\/euro-text.com\/contacto\/\" style=\"box-shadow:var(--wp--preset--shadow--deep)\">CONTACTAR<\/a><\/div>\n<\/div>\n<\/div>\n","protected":false},"excerpt":{"rendered":"<p>No solo traducimos. Adaptamos. Optimizamos. Convertimos palabras en experiencias.<\/p>\n","protected":false},"author":2,"featured_media":0,"parent":135,"menu_order":0,"comment_status":"closed","ping_status":"closed","template":"page-no-title","meta":{"_seopress_robots_primary_cat":"","_seopress_titles_title":"","_seopress_titles_desc":"","_seopress_robots_index":"","footnotes":""},"class_list":["post-305","page","type-page","status-publish","hentry"],"_links":{"self":[{"href":"https:\/\/euro-text.com\/es\/wp-json\/wp\/v2\/pages\/305","targetHints":{"allow":["GET"]}}],"collection":[{"href":"https:\/\/euro-text.com\/es\/wp-json\/wp\/v2\/pages"}],"about":[{"href":"https:\/\/euro-text.com\/es\/wp-json\/wp\/v2\/types\/page"}],"author":[{"embeddable":true,"href":"https:\/\/euro-text.com\/es\/wp-json\/wp\/v2\/users\/2"}],"replies":[{"embeddable":true,"href":"https:\/\/euro-text.com\/es\/wp-json\/wp\/v2\/comments?post=305"}],"version-history":[{"count":10,"href":"https:\/\/euro-text.com\/es\/wp-json\/wp\/v2\/pages\/305\/revisions"}],"predecessor-version":[{"id":992,"href":"https:\/\/euro-text.com\/es\/wp-json\/wp\/v2\/pages\/305\/revisions\/992"}],"up":[{"embeddable":true,"href":"https:\/\/euro-text.com\/es\/wp-json\/wp\/v2\/pages\/135"}],"wp:attachment":[{"href":"https:\/\/euro-text.com\/es\/wp-json\/wp\/v2\/media?parent=305"}],"curies":[{"name":"wp","href":"https:\/\/api.w.org\/{rel}","templated":true}]}}