{"id":322,"date":"2025-03-17T21:22:11","date_gmt":"2025-03-17T20:22:11","guid":{"rendered":"https:\/\/euro-text.com\/?page_id=322"},"modified":"2025-03-21T22:21:35","modified_gmt":"2025-03-21T21:21:35","slug":"traduccion-de-paginas-web","status":"publish","type":"page","link":"https:\/\/euro-text.com\/es\/traduccion\/traduccion-de-paginas-web\/","title":{"rendered":"Traducci\u00f3n de p\u00e1ginas web"},"content":{"rendered":"\n<div class=\"wp-block-group alignfull has-global-padding is-layout-constrained wp-container-core-group-is-layout-020e0ace wp-block-group-is-layout-constrained\" style=\"padding-top:var(--wp--preset--spacing--60);padding-right:var(--wp--preset--spacing--40);padding-bottom:var(--wp--preset--spacing--60);padding-left:var(--wp--preset--spacing--40)\">\n<div class=\"wp-block-group alignwide is-vertical is-content-justification-center is-layout-flex wp-container-core-group-is-layout-fa38c63a wp-block-group-is-layout-flex\" style=\"min-height:50vh\">\n<h1 class=\"wp-block-heading has-text-align-center\" style=\"font-size:clamp(46.987px, 2.937rem + ((1vw - 3.2px) * 4.413), 92px);\">Haz que el mundo te entienda (y te compre)<\/h1>\n\n\n\n<p class=\"has-text-align-center\" style=\"font-size:clamp(14.642px, 0.915rem + ((1vw - 3.2px) * 0.721), 22px);\">Tu p\u00e1gina web es tu escaparate al mundo. No permitas que el idioma te detenga. En Eurotext transformamos tu contenido en un im\u00e1n para clientes internacionales. \u00a1Es hora de brillar!<\/p>\n\n\n\n<div class=\"wp-block-buttons is-content-justification-center is-layout-flex wp-container-core-buttons-is-layout-d234f690 wp-block-buttons-is-layout-flex\" style=\"margin-top:var(--wp--preset--spacing--50);margin-bottom:var(--wp--preset--spacing--50)\">\n<div class=\"wp-block-button has-custom-font-size has-large-font-size\"><a class=\"wp-block-button__link has-accent-1-background-color has-background wp-element-button\" href=\"https:\/\/euro-text.com\/contacto\/\" style=\"box-shadow:var(--wp--preset--shadow--natural)\">CONTACTAR<\/a><\/div>\n<\/div>\n<\/div>\n<\/div>\n\n\n\n<div class=\"wp-block-group alignfull has-custom-color-1-gradient-background has-background has-global-padding is-layout-constrained wp-container-core-group-is-layout-94e519ba wp-block-group-is-layout-constrained\" style=\"padding-top:var(--wp--preset--spacing--80);padding-right:var(--wp--preset--spacing--40);padding-bottom:var(--wp--preset--spacing--80);padding-left:var(--wp--preset--spacing--40)\">\n<h2 class=\"wp-block-heading\" style=\"font-size:clamp(27.894px, 1.743rem + ((1vw - 3.2px) * 1.971), 48px);\">Traducciones que venden<\/h2>\n\n\n\n<p>Tu web no es solo un escaparate. Es tu mejor vendedor. Si no hablas el idioma de tu cliente, est\u00e1s perdiendo dinero. As\u00ed de simple. Aqu\u00ed convertimos tu sitio en una m\u00e1quina de ventas global.<\/p>\n\n\n\n<p>No vale con traducir palabra por palabra. Hay que adaptar, hay que persuadir. Un texto mal localizado es dinero tirado a la basura. Nosotros afinamos cada frase para que tu web no solo informe, sino que impacte, conecte y venda.<\/p>\n\n\n\n<p>Hacemos que tu mensaje llegue alto y claro. Sin errores. Sin traducciones rob\u00f3ticas. Solo textos naturales, potentes y listos para convertir.<\/p>\n<\/div>\n\n\n\n<div class=\"wp-block-group alignfull has-global-padding is-layout-constrained wp-container-core-group-is-layout-94e519ba wp-block-group-is-layout-constrained\" style=\"padding-top:var(--wp--preset--spacing--80);padding-right:var(--wp--preset--spacing--40);padding-bottom:var(--wp--preset--spacing--80);padding-left:var(--wp--preset--spacing--40)\">\n<h2 class=\"wp-block-heading\" style=\"font-size:clamp(27.894px, 1.743rem + ((1vw - 3.2px) * 1.971), 48px);\">\u00c1reas de especializaci\u00f3n que nos definen<\/h2>\n\n\n\n<p>Aseguramos traducciones precisas y adaptadas a las necesidades de diferentes audiencias y sectores, garantizando una comunicaci\u00f3n efectiva en todos los idiomas, targets y culturas:<\/p>\n\n\n\n<ul class=\"wp-block-list\">\n<li><strong>E-commerce y tiendas online<\/strong>: Traducci\u00f3n de cat\u00e1logos de productos, descripciones, p\u00e1ginas de pago y t\u00e9rminos y condiciones, adaptados a la normativa local.<\/li>\n\n\n\n<li><strong>Marketing digital<\/strong>: Adaptaci\u00f3n de landing pages, contenido para campa\u00f1as, anuncios y optimizaci\u00f3n SEO multiling\u00fce para mejorar tu visibilidad online.<\/li>\n\n\n\n<li><strong>Contenido corporativo<\/strong>: Traducci\u00f3n de secciones institucionales, blogs y art\u00edculos, manteniendo la coherencia de la identidad de tu marca.<\/li>\n\n\n\n<li><strong>Plataformas web y aplicaciones<\/strong>: Localizaci\u00f3n de interfaces de usuario, men\u00fas, botones y gu\u00edas de usuario, asegurando la usabilidad en todos los idiomas.<\/li>\n<\/ul>\n\n\n\n<p>\u00bfTienes un proyecto con requerimientos especiales? Nos adaptamos a cualquier desaf\u00edo relacionado con tu presencia online.<\/p>\n<\/div>\n\n\n\n<div class=\"wp-block-group alignfull has-custom-color-1-gradient-background has-background has-global-padding is-layout-constrained wp-container-core-group-is-layout-94e519ba wp-block-group-is-layout-constrained\" style=\"padding-top:var(--wp--preset--spacing--80);padding-right:var(--wp--preset--spacing--40);padding-bottom:var(--wp--preset--spacing--80);padding-left:var(--wp--preset--spacing--40)\">\n<h2 class=\"wp-block-heading\" style=\"font-size:clamp(27.894px, 1.743rem + ((1vw - 3.2px) * 1.971), 48px);\">\u00bfPor qu\u00e9 confiar en nuestra traducci\u00f3n de p\u00e1ginas web?<\/h2>\n\n\n\n<ul class=\"wp-block-list\">\n<li><strong>Certificaci\u00f3n de calidad<\/strong>: Cumplimos con la norma ISO 17100:2016-05, un sello de excelencia en cada traducci\u00f3n de p\u00e1gina web que gestionamos.<\/li>\n\n\n\n<li><strong>Expertos en el entorno digital<\/strong>: Contamos con traductores que conocen las mejores pr\u00e1cticas en SEO, accesibilidad web y localizaci\u00f3n, asegurando que tu contenido se encuentre perfectamente optimizado.<\/li>\n\n\n\n<li><strong>Adaptaci\u00f3n cultural<\/strong>: M\u00e1s all\u00e1 de traducir, nos aseguramos de que tu p\u00e1gina web respete las costumbres y expectativas culturales del mercado objetivo, manteniendo su mensaje claro y relevante.<\/li>\n\n\n\n<li><strong>Optimizaci\u00f3n SEO multiling\u00fce<\/strong>: No solo traducimos el contenido, sino que tambi\u00e9n mejoramos su posicionamiento en los motores de b\u00fasqueda internacionales, para que tu p\u00e1gina sea visible y accesible.<\/li>\n<\/ul>\n<\/div>\n\n\n\n<div class=\"wp-block-group alignfull has-base-color has-text-color has-background has-link-color wp-elements-8a5bc20b90aab050d73bf9f1689be074 has-global-padding is-layout-constrained wp-container-core-group-is-layout-11f9da37 wp-block-group-is-layout-constrained\" style=\"background:linear-gradient(0deg,rgb(0,78,82) 0%,rgb(111,192,194) 100%);margin-top:0;margin-bottom:0;padding-top:var(--wp--preset--spacing--80);padding-right:var(--wp--preset--spacing--40);padding-bottom:var(--wp--preset--spacing--80);padding-left:var(--wp--preset--spacing--40)\">\n<h2 class=\"wp-block-heading has-text-align-center has-base-color has-text-color has-link-color has-xx-large-font-size wp-elements-e47afcf93e8dbefd9b391bf07f676b07\">Tu web, lista para conquistar el mundo<\/h2>\n\n\n\n<p class=\"has-text-align-center has-large-font-size\">Cont\u00e1ctanos ahora mismo y descubre c\u00f3mo podemos catapultar tu presencia digital al siguiente nivel.<\/p>\n\n\n\n<div class=\"wp-block-buttons is-content-justification-center is-layout-flex wp-container-core-buttons-is-layout-a6d9f191 wp-block-buttons-is-layout-flex\" style=\"margin-top:var(--wp--preset--spacing--40);margin-bottom:var(--wp--preset--spacing--40)\">\n<div class=\"wp-block-button\"><a class=\"wp-block-button__link has-accent-2-background-color has-background wp-element-button\" href=\"https:\/\/euro-text.com\/contacto\/\" style=\"box-shadow:var(--wp--preset--shadow--deep)\">CONTACTAR<\/a><\/div>\n<\/div>\n<\/div>\n","protected":false},"excerpt":{"rendered":"<p>Tu p\u00e1gina web es tu escaparate al mundo. No permitas que el idioma te detenga.<\/p>\n","protected":false},"author":2,"featured_media":0,"parent":135,"menu_order":0,"comment_status":"closed","ping_status":"closed","template":"page-no-title","meta":{"_seopress_robots_primary_cat":"","_seopress_titles_title":"","_seopress_titles_desc":"","_seopress_robots_index":"","footnotes":""},"class_list":["post-322","page","type-page","status-publish","hentry"],"_links":{"self":[{"href":"https:\/\/euro-text.com\/es\/wp-json\/wp\/v2\/pages\/322","targetHints":{"allow":["GET"]}}],"collection":[{"href":"https:\/\/euro-text.com\/es\/wp-json\/wp\/v2\/pages"}],"about":[{"href":"https:\/\/euro-text.com\/es\/wp-json\/wp\/v2\/types\/page"}],"author":[{"embeddable":true,"href":"https:\/\/euro-text.com\/es\/wp-json\/wp\/v2\/users\/2"}],"replies":[{"embeddable":true,"href":"https:\/\/euro-text.com\/es\/wp-json\/wp\/v2\/comments?post=322"}],"version-history":[{"count":10,"href":"https:\/\/euro-text.com\/es\/wp-json\/wp\/v2\/pages\/322\/revisions"}],"predecessor-version":[{"id":774,"href":"https:\/\/euro-text.com\/es\/wp-json\/wp\/v2\/pages\/322\/revisions\/774"}],"up":[{"embeddable":true,"href":"https:\/\/euro-text.com\/es\/wp-json\/wp\/v2\/pages\/135"}],"wp:attachment":[{"href":"https:\/\/euro-text.com\/es\/wp-json\/wp\/v2\/media?parent=322"}],"curies":[{"name":"wp","href":"https:\/\/api.w.org\/{rel}","templated":true}]}}