{"id":352,"date":"2025-03-18T15:48:19","date_gmt":"2025-03-18T14:48:19","guid":{"rendered":"https:\/\/euro-text.com\/?page_id=352"},"modified":"2025-03-21T21:42:15","modified_gmt":"2025-03-21T20:42:15","slug":"traduccion-de-textos-en-formatos-especiales-2","status":"publish","type":"page","link":"https:\/\/euro-text.com\/es\/traduccion\/traduccion-de-textos-en-formatos-especiales-2\/","title":{"rendered":"Traducci\u00f3n de textos en formatos especiales"},"content":{"rendered":"\n<div class=\"wp-block-group alignfull has-global-padding is-layout-constrained wp-container-core-group-is-layout-020e0ace wp-block-group-is-layout-constrained\" style=\"padding-top:var(--wp--preset--spacing--60);padding-right:var(--wp--preset--spacing--40);padding-bottom:var(--wp--preset--spacing--60);padding-left:var(--wp--preset--spacing--40)\">\n<div class=\"wp-block-group alignwide is-vertical is-content-justification-center is-layout-flex wp-container-core-group-is-layout-fa38c63a wp-block-group-is-layout-flex\" style=\"min-height:50vh\">\n<h1 class=\"wp-block-heading has-text-align-center\" style=\"font-size:clamp(46.987px, 2.937rem + ((1vw - 3.2px) * 4.413), 92px);\">No sobrevive el m\u00e1s fuerte sino el que mejor se adapta<\/h1>\n\n\n\n<p class=\"has-text-align-center\" style=\"font-size:clamp(14.642px, 0.915rem + ((1vw - 3.2px) * 0.721), 22px);\">Y esos somos nosotros. Da igual el formato. Da igual lo complejo que sea. Si lo tienes, lo traducimos. Sin p\u00e9rdida de calidad. Sin dolores de cabeza. Sin chapuzas. R\u00e9tanos. Te esperamos.<\/p>\n\n\n\n<div class=\"wp-block-buttons is-content-justification-center is-layout-flex wp-container-core-buttons-is-layout-d234f690 wp-block-buttons-is-layout-flex\" style=\"margin-top:var(--wp--preset--spacing--50);margin-bottom:var(--wp--preset--spacing--50)\">\n<div class=\"wp-block-button has-custom-font-size has-large-font-size\"><a class=\"wp-block-button__link has-accent-1-background-color has-background wp-element-button\" href=\"https:\/\/euro-text.com\/contacto\/\" style=\"box-shadow:var(--wp--preset--shadow--natural)\">CONTACTAR<\/a><\/div>\n<\/div>\n<\/div>\n<\/div>\n\n\n\n<div class=\"wp-block-group alignfull has-custom-color-1-gradient-background has-background has-global-padding is-layout-constrained wp-container-core-group-is-layout-94e519ba wp-block-group-is-layout-constrained\" style=\"padding-top:var(--wp--preset--spacing--80);padding-right:var(--wp--preset--spacing--40);padding-bottom:var(--wp--preset--spacing--80);padding-left:var(--wp--preset--spacing--40)\">\n<h2 class=\"wp-block-heading\" style=\"font-size:clamp(27.894px, 1.743rem + ((1vw - 3.2px) * 1.971), 48px);\">Traducimos lo que otros no pueden<\/h2>\n\n\n\n<p>Da igual el formato. Da igual lo complejo que sea. Si lo tienes, lo traducimos. Sin p\u00e9rdidas. Sin fallos. Sin l\u00edos.<\/p>\n\n\n\n<p>PDF, subt\u00edtulos, software, gr\u00e1ficos, manuales t\u00e9cnicos\u2026 Lo que sea. Lo adaptamos sin tocar el dise\u00f1o, sin alterar la estructura, sin comprometer el mensaje. Porque una mala traducci\u00f3n cuesta dinero y credibilidad. Y aqu\u00ed no se permite eso.<\/p>\n\n\n\n<p>InDesign, XML, c\u00f3digo, interfaces\u2026 Nos metemos en la estructura, trabajamos con las herramientas adecuadas y entregamos un resultado impecable. Nada de apa\u00f1os. Nada de p\u00e9rdidas de tiempo. Solo soluciones.<\/p>\n\n\n\n<p>Tu contenido, en cualquier idioma. Tu mensaje, intacto. \u00bfListo para dar el salto?<\/p>\n<\/div>\n\n\n\n<div class=\"wp-block-group alignfull has-global-padding is-layout-constrained wp-container-core-group-is-layout-94e519ba wp-block-group-is-layout-constrained\" style=\"padding-top:var(--wp--preset--spacing--80);padding-right:var(--wp--preset--spacing--40);padding-bottom:var(--wp--preset--spacing--80);padding-left:var(--wp--preset--spacing--40)\">\n<h2 class=\"wp-block-heading\" style=\"font-size:clamp(27.894px, 1.743rem + ((1vw - 3.2px) * 1.971), 48px);\">\u00c1reas de especializaci\u00f3n que nos definen<\/h2>\n\n\n\n<p>Gracias a nuestra experiencia en la traducci\u00f3n de formatos complejos, ofrecemos servicios especializados en distintos sectores:<\/p>\n\n\n\n<ul class=\"wp-block-list\">\n<li><strong>Dise\u00f1o y comunicaci\u00f3n visual<\/strong>: Traducci\u00f3n de documentos gr\u00e1ficos, folletos y presentaciones, manteniendo el formato original.<\/li>\n\n\n\n<li><strong>Tecnolog\u00eda<\/strong>: Localizaci\u00f3n de software, interfaces y manuales t\u00e9cnicos en diversos formatos digitales.<\/li>\n\n\n\n<li><strong>Publicaciones editoriales<\/strong>: Traducci\u00f3n de libros, cat\u00e1logos y revistas en formatos de alta complejidad.<\/li>\n\n\n\n<li><strong>E-commerce y contenido web<\/strong>: Traducci\u00f3n de cat\u00e1logos online, tiendas digitales y p\u00e1ginas web multiling\u00fces, respetando los elementos gr\u00e1ficos.<\/li>\n<\/ul>\n\n\n\n<p>\u00bfTu proyecto tiene requisitos especiales? Estamos listos para asumir cualquier reto t\u00e9cnico que nos plantees.<\/p>\n<\/div>\n\n\n\n<div class=\"wp-block-group alignfull has-custom-color-1-gradient-background has-background has-global-padding is-layout-constrained wp-container-core-group-is-layout-94e519ba wp-block-group-is-layout-constrained\" style=\"padding-top:var(--wp--preset--spacing--80);padding-right:var(--wp--preset--spacing--40);padding-bottom:var(--wp--preset--spacing--80);padding-left:var(--wp--preset--spacing--40)\">\n<h2 class=\"wp-block-heading\" style=\"font-size:clamp(27.894px, 1.743rem + ((1vw - 3.2px) * 1.971), 48px);\">\u00bfPor qu\u00e9 confiar en Eurotext para la traducci\u00f3n de tus textos en formatos especiales?<\/h2>\n\n\n\n<ul class=\"wp-block-list\">\n<li><strong>Certificaci\u00f3n de calidad<\/strong>: Cumplimos con la norma ISO 17100:2016-05, garantizando la calidad en cada traducci\u00f3n, independientemente del formato.<\/li>\n\n\n\n<li><strong>Experiencia t\u00e9cnica avanzada<\/strong>: Nuestros traductores cuentan con el conocimiento necesario para trabajar con herramientas especializadas en formatos complejos.<\/li>\n\n\n\n<li><strong>Precisi\u00f3n en el formato original<\/strong>: No solo traducimos, sino que nos aseguramos de que el dise\u00f1o y formato original se conserven intactos.<\/li>\n\n\n\n<li><strong>Adaptaci\u00f3n cultural<\/strong>: Nos encargamos de que tu contenido no solo sea ling\u00fc\u00edsticamente correcto, sino tambi\u00e9n culturalmente adecuado para tu p\u00fablico objetivo.<\/li>\n<\/ul>\n<\/div>\n\n\n\n<div class=\"wp-block-group alignfull has-base-color has-text-color has-background has-link-color wp-elements-8d7aa5111f03b9dc718d8ab32fd35fac has-global-padding is-layout-constrained wp-container-core-group-is-layout-11f9da37 wp-block-group-is-layout-constrained\" style=\"background:linear-gradient(0deg,rgb(0,78,82) 0%,rgb(111,192,194) 100%);margin-top:0;margin-bottom:0;padding-top:var(--wp--preset--spacing--80);padding-right:var(--wp--preset--spacing--40);padding-bottom:var(--wp--preset--spacing--80);padding-left:var(--wp--preset--spacing--40)\">\n<h2 class=\"wp-block-heading has-text-align-center has-base-color has-text-color has-link-color has-xx-large-font-size wp-elements-8a98f5439b51cfaae84a49cf04e911dc\">Nos adaptamos como un junco<\/h2>\n\n\n\n<p class=\"has-text-align-center has-large-font-size\">Env\u00edanos tus  documentos tan especiales, tan raros, tan indescifrables. Nos encanta encajar puzzles.<\/p>\n\n\n\n<div class=\"wp-block-buttons is-content-justification-center is-layout-flex wp-container-core-buttons-is-layout-a6d9f191 wp-block-buttons-is-layout-flex\" style=\"margin-top:var(--wp--preset--spacing--40);margin-bottom:var(--wp--preset--spacing--40)\">\n<div class=\"wp-block-button\"><a class=\"wp-block-button__link has-accent-2-background-color has-background wp-element-button\" href=\"https:\/\/euro-text.com\/contacto\/\" style=\"box-shadow:var(--wp--preset--shadow--deep)\">CONTACTAR<\/a><\/div>\n<\/div>\n<\/div>\n","protected":false},"excerpt":{"rendered":"<p>Da igual el formato. Da igual lo complejo que sea. Si lo tienes, lo traducimos.<\/p>\n","protected":false},"author":2,"featured_media":0,"parent":135,"menu_order":0,"comment_status":"closed","ping_status":"closed","template":"page-no-title","meta":{"_seopress_robots_primary_cat":"","_seopress_titles_title":"","_seopress_titles_desc":"","_seopress_robots_index":"","footnotes":""},"class_list":["post-352","page","type-page","status-publish","hentry"],"_links":{"self":[{"href":"https:\/\/euro-text.com\/es\/wp-json\/wp\/v2\/pages\/352","targetHints":{"allow":["GET"]}}],"collection":[{"href":"https:\/\/euro-text.com\/es\/wp-json\/wp\/v2\/pages"}],"about":[{"href":"https:\/\/euro-text.com\/es\/wp-json\/wp\/v2\/types\/page"}],"author":[{"embeddable":true,"href":"https:\/\/euro-text.com\/es\/wp-json\/wp\/v2\/users\/2"}],"replies":[{"embeddable":true,"href":"https:\/\/euro-text.com\/es\/wp-json\/wp\/v2\/comments?post=352"}],"version-history":[{"count":10,"href":"https:\/\/euro-text.com\/es\/wp-json\/wp\/v2\/pages\/352\/revisions"}],"predecessor-version":[{"id":749,"href":"https:\/\/euro-text.com\/es\/wp-json\/wp\/v2\/pages\/352\/revisions\/749"}],"up":[{"embeddable":true,"href":"https:\/\/euro-text.com\/es\/wp-json\/wp\/v2\/pages\/135"}],"wp:attachment":[{"href":"https:\/\/euro-text.com\/es\/wp-json\/wp\/v2\/media?parent=352"}],"curies":[{"name":"wp","href":"https:\/\/api.w.org\/{rel}","templated":true}]}}