{"id":363,"date":"2025-03-18T16:08:47","date_gmt":"2025-03-18T15:08:47","guid":{"rendered":"https:\/\/euro-text.com\/?page_id=363"},"modified":"2025-03-21T21:44:50","modified_gmt":"2025-03-21T20:44:50","slug":"revision-y-correccion","status":"publish","type":"page","link":"https:\/\/euro-text.com\/es\/traduccion\/revision-y-correccion\/","title":{"rendered":"Revisi\u00f3n y correcci\u00f3n"},"content":{"rendered":"\n<div class=\"wp-block-group alignfull has-global-padding is-layout-constrained wp-container-core-group-is-layout-020e0ace wp-block-group-is-layout-constrained\" style=\"padding-top:var(--wp--preset--spacing--60);padding-right:var(--wp--preset--spacing--40);padding-bottom:var(--wp--preset--spacing--60);padding-left:var(--wp--preset--spacing--40)\">\n<div class=\"wp-block-group alignwide is-vertical is-content-justification-center is-layout-flex wp-container-core-group-is-layout-fa38c63a wp-block-group-is-layout-flex\" style=\"min-height:50vh\">\n<h1 class=\"wp-block-heading has-text-align-center\" style=\"font-size:clamp(46.987px, 2.937rem + ((1vw - 3.2px) * 4.413), 92px);\">Ni un fallo, ni una duda<\/h1>\n\n\n\n<p class=\"has-text-align-center\" style=\"font-size:clamp(14.642px, 0.915rem + ((1vw - 3.2px) * 0.721), 22px);\">Un texto con errores es un billete directo al desastre. Faltas que duelen a la vista. Frases que no se entienden. Ideas que se pierden en el caos. Si tu contenido no es impecable, nadie lo tomar\u00e1 en serio. Y eso no lo vamos a permitir.<\/p>\n\n\n\n<div class=\"wp-block-buttons is-content-justification-center is-layout-flex wp-container-core-buttons-is-layout-d234f690 wp-block-buttons-is-layout-flex\" style=\"margin-top:var(--wp--preset--spacing--50);margin-bottom:var(--wp--preset--spacing--50)\">\n<div class=\"wp-block-button has-custom-font-size has-large-font-size\"><a class=\"wp-block-button__link has-accent-1-background-color has-background wp-element-button\" href=\"https:\/\/euro-text.com\/contacto\/\" style=\"box-shadow:var(--wp--preset--shadow--natural)\">CONTACTAR<\/a><\/div>\n<\/div>\n<\/div>\n<\/div>\n\n\n\n<div class=\"wp-block-group alignfull has-custom-color-1-gradient-background has-background has-global-padding is-layout-constrained wp-container-core-group-is-layout-94e519ba wp-block-group-is-layout-constrained\" style=\"padding-top:var(--wp--preset--spacing--80);padding-right:var(--wp--preset--spacing--40);padding-bottom:var(--wp--preset--spacing--80);padding-left:var(--wp--preset--spacing--40)\">\n<h2 class=\"wp-block-heading\" style=\"font-size:clamp(27.894px, 1.743rem + ((1vw - 3.2px) * 1.971), 48px);\">Ciruj\u00eda ling\u00fc\u00edstica sin anestesia<\/h2>\n\n\n\n<p>Revisar no es solo echar un vistazo. Es destripar el texto, afilar cada frase y dejarlo listo para brillar. Quitamos lo innecesario. Pulimos lo torpe. Cortamos lo que sobra. Tu mensaje ser\u00e1 claro, potente y sin un solo fallo.<\/p>\n\n\n\n<p>Cada palabra cuenta. Cada coma importa. Aqu\u00ed no se nos escapa nada. Nos obsesionamos con la perfecci\u00f3n. Con la fluidez. Con que cada frase tenga el ritmo y la contundencia exacta para impactar. Un texto revisado por nosotros no solo se entiende, se siente. Se lee sin esfuerzo. Atrapa. Conquista.<\/p>\n\n\n\n<p>\u00bfNotas la diferencia entre un buen texto y uno excelente? Nosotros s\u00ed. Y nos encargamos de que el tuyo sea impecable. Sin errores. Sin dudas. Sin excusas.<\/p>\n\n\n\n<p>Tu mensaje merece ser tomado en serio. \u00bfLo dejamos perfecto?<\/p>\n<\/div>\n\n\n\n<div class=\"wp-block-group alignfull has-global-padding is-layout-constrained wp-container-core-group-is-layout-94e519ba wp-block-group-is-layout-constrained\" style=\"padding-top:var(--wp--preset--spacing--80);padding-right:var(--wp--preset--spacing--40);padding-bottom:var(--wp--preset--spacing--80);padding-left:var(--wp--preset--spacing--40)\">\n<h2 class=\"wp-block-heading\" style=\"font-size:clamp(27.894px, 1.743rem + ((1vw - 3.2px) * 1.971), 48px);\">\u00c1reas de especializaci\u00f3n que nos definen<\/h2>\n\n\n\n<p>Nuestro equipo tiene una vasta experiencia en la correcci\u00f3n y revisi\u00f3n de textos en diferentes sectores, asegurando que todos los proyectos cumplan con los m\u00e1s altos est\u00e1ndares de calidad:<\/p>\n\n\n\n<ul class=\"wp-block-list\">\n<li><strong>Textos t\u00e9cnicos y cient\u00edficos<\/strong>: Revisi\u00f3n de manuales, documentos t\u00e9cnicos y art\u00edculos especializados.<\/li>\n\n\n\n<li><strong>Marketing y comunicaci\u00f3n<\/strong>: Correcci\u00f3n de textos publicitarios, campa\u00f1as y contenido web para garantizar que cada mensaje sea preciso y eficaz.<\/li>\n\n\n\n<li><strong>Legal y empresarial<\/strong>: Revisi\u00f3n de contratos, acuerdos y documentos legales para asegurar claridad y coherencia en su redacci\u00f3n.<\/li>\n\n\n\n<li><strong>Literatura y publicaciones editoriales<\/strong>: Correcci\u00f3n de libros, art\u00edculos y cualquier tipo de contenido escrito, manteniendo su integridad y estilo.<\/li>\n<\/ul>\n\n\n\n<p>\u00bfTu proyecto tiene requisitos espec\u00edficos? Nos adaptamos a cualquier necesidad que nos plantees.<\/p>\n<\/div>\n\n\n\n<div class=\"wp-block-group alignfull has-custom-color-1-gradient-background has-background has-global-padding is-layout-constrained wp-container-core-group-is-layout-94e519ba wp-block-group-is-layout-constrained\" style=\"padding-top:var(--wp--preset--spacing--80);padding-right:var(--wp--preset--spacing--40);padding-bottom:var(--wp--preset--spacing--80);padding-left:var(--wp--preset--spacing--40)\">\n<h2 class=\"wp-block-heading\" style=\"font-size:clamp(27.894px, 1.743rem + ((1vw - 3.2px) * 1.971), 48px);\">\u00bfPor qu\u00e9 confiar en nuestro servicio de correcci\u00f3n y revisi\u00f3n?<\/h2>\n\n\n\n<ul class=\"wp-block-list\">\n<li><strong>Certificaci\u00f3n de calidad<\/strong>: Cumplimos con la norma ISO 17100:2016-05, un sello de excelencia que respalda la precisi\u00f3n y fiabilidad de nuestra labor.<\/li>\n\n\n\n<li><strong>Revisores expertos<\/strong>: Nuestros profesionales est\u00e1n especializados en distintos campos y cuentan con el conocimiento necesario para abordar textos complejos con el m\u00e1ximo cuidado.<\/li>\n\n\n\n<li><strong>Atenci\u00f3n al detalle<\/strong>: Realizamos un proceso exhaustivo de revisi\u00f3n y correcci\u00f3n para garantizar que tu contenido sea claro, fluido y sin errores.<\/li>\n\n\n\n<li><strong>Adaptaci\u00f3n cultural<\/strong>: Nos aseguramos de que tus textos no solo sean ling\u00fc\u00edsticamente correctos, sino que tambi\u00e9n se ajusten al contexto cultural y comunicativo de tu p\u00fablico objetivo.<\/li>\n<\/ul>\n<\/div>\n\n\n\n<div class=\"wp-block-group alignfull has-base-color has-text-color has-background has-link-color wp-elements-6aa9ddbf7973faaf31bf673cdac21bb0 has-global-padding is-layout-constrained wp-container-core-group-is-layout-11f9da37 wp-block-group-is-layout-constrained\" style=\"background:linear-gradient(0deg,rgb(0,78,82) 0%,rgb(111,192,194) 100%);margin-top:0;margin-bottom:0;padding-top:var(--wp--preset--spacing--80);padding-right:var(--wp--preset--spacing--40);padding-bottom:var(--wp--preset--spacing--80);padding-left:var(--wp--preset--spacing--40)\">\n<h2 class=\"wp-block-heading has-text-align-center has-base-color has-text-color has-link-color has-xx-large-font-size wp-elements-e8f6689ed3a4613f94250d76e852bdfc\">Aqu\u00ed no dejamos pasar ni una<\/h2>\n\n\n\n<p class=\"has-text-align-center has-large-font-size\">Nada de frases torpes. Nada de errores tontos. Nada de dudas. Tu texto perfecto, sin fallos. Sin excusas.<\/p>\n\n\n\n<p class=\"has-text-align-center has-large-font-size\">\u00bfLo afinamos o lo dejamos al azar?<\/p>\n\n\n\n<div class=\"wp-block-buttons is-content-justification-center is-layout-flex wp-container-core-buttons-is-layout-a6d9f191 wp-block-buttons-is-layout-flex\" style=\"margin-top:var(--wp--preset--spacing--40);margin-bottom:var(--wp--preset--spacing--40)\">\n<div class=\"wp-block-button\"><a class=\"wp-block-button__link has-accent-2-background-color has-background wp-element-button\" href=\"https:\/\/euro-text.com\/contacto\/\" style=\"box-shadow:var(--wp--preset--shadow--deep)\">CONTACTAR<\/a><\/div>\n<\/div>\n<\/div>\n","protected":false},"excerpt":{"rendered":"<p>Si tu contenido no es impecable, nadie lo tomar\u00e1 en serio. Y eso no lo vamos a permitir.<\/p>\n","protected":false},"author":2,"featured_media":0,"parent":135,"menu_order":0,"comment_status":"closed","ping_status":"closed","template":"page-no-title","meta":{"_seopress_robots_primary_cat":"","_seopress_titles_title":"","_seopress_titles_desc":"","_seopress_robots_index":"","footnotes":""},"class_list":["post-363","page","type-page","status-publish","hentry"],"_links":{"self":[{"href":"https:\/\/euro-text.com\/es\/wp-json\/wp\/v2\/pages\/363","targetHints":{"allow":["GET"]}}],"collection":[{"href":"https:\/\/euro-text.com\/es\/wp-json\/wp\/v2\/pages"}],"about":[{"href":"https:\/\/euro-text.com\/es\/wp-json\/wp\/v2\/types\/page"}],"author":[{"embeddable":true,"href":"https:\/\/euro-text.com\/es\/wp-json\/wp\/v2\/users\/2"}],"replies":[{"embeddable":true,"href":"https:\/\/euro-text.com\/es\/wp-json\/wp\/v2\/comments?post=363"}],"version-history":[{"count":10,"href":"https:\/\/euro-text.com\/es\/wp-json\/wp\/v2\/pages\/363\/revisions"}],"predecessor-version":[{"id":750,"href":"https:\/\/euro-text.com\/es\/wp-json\/wp\/v2\/pages\/363\/revisions\/750"}],"up":[{"embeddable":true,"href":"https:\/\/euro-text.com\/es\/wp-json\/wp\/v2\/pages\/135"}],"wp:attachment":[{"href":"https:\/\/euro-text.com\/es\/wp-json\/wp\/v2\/media?parent=363"}],"curies":[{"name":"wp","href":"https:\/\/api.w.org\/{rel}","templated":true}]}}