{"id":375,"date":"2025-03-18T16:27:02","date_gmt":"2025-03-18T15:27:02","guid":{"rendered":"https:\/\/euro-text.com\/?page_id=375"},"modified":"2025-04-01T11:14:33","modified_gmt":"2025-04-01T09:14:33","slug":"gestion-terminologica","status":"publish","type":"page","link":"https:\/\/euro-text.com\/es\/traduccion\/gestion-terminologica\/","title":{"rendered":"Gesti\u00f3n terminol\u00f3gica"},"content":{"rendered":"\n<div class=\"wp-block-group alignfull has-global-padding is-layout-constrained wp-container-core-group-is-layout-020e0ace wp-block-group-is-layout-constrained\" style=\"padding-top:var(--wp--preset--spacing--60);padding-right:var(--wp--preset--spacing--40);padding-bottom:var(--wp--preset--spacing--60);padding-left:var(--wp--preset--spacing--40)\">\n<div class=\"wp-block-group alignwide is-vertical is-content-justification-center is-layout-flex wp-container-core-group-is-layout-fa38c63a wp-block-group-is-layout-flex\" style=\"min-height:50vh\">\n<h1 class=\"wp-block-heading has-text-align-center\" style=\"font-size:clamp(46.987px, 2.937rem + ((1vw - 3.2px) * 4.413), 92px);\">\u00a1Precisi\u00f3n de cirujano para tus textos!<\/h1>\n\n\n\n<p class=\"has-text-align-center\" style=\"font-size:clamp(14.642px, 0.915rem + ((1vw - 3.2px) * 0.721), 22px);\">\u00bfCansado de traducciones que parecen un juego de palabras al azar? Con nuestra gesti\u00f3n terminol\u00f3gica, cada t\u00e9rmino, cada frase, \u00a1cada coma! se mantiene en su sitio. Coherencia total, calidad sin fisuras y cero margen de error. \u00bfListo para que tus textos conquisten el mundo con precisi\u00f3n milim\u00e9trica?\u00bb<\/p>\n\n\n\n<div class=\"wp-block-buttons is-content-justification-center is-layout-flex wp-container-core-buttons-is-layout-d234f690 wp-block-buttons-is-layout-flex\" style=\"margin-top:var(--wp--preset--spacing--50);margin-bottom:var(--wp--preset--spacing--50)\">\n<div class=\"wp-block-button has-custom-font-size has-large-font-size\"><a class=\"wp-block-button__link has-accent-1-background-color has-background wp-element-button\" href=\"https:\/\/euro-text.com\/contacto\/\" style=\"box-shadow:var(--wp--preset--shadow--natural)\">CONTACTAR<\/a><\/div>\n<\/div>\n<\/div>\n<\/div>\n\n\n\n<div class=\"wp-block-group alignfull has-custom-color-1-gradient-background has-background has-global-padding is-layout-constrained wp-container-core-group-is-layout-94e519ba wp-block-group-is-layout-constrained\" style=\"padding-top:var(--wp--preset--spacing--80);padding-right:var(--wp--preset--spacing--40);padding-bottom:var(--wp--preset--spacing--80);padding-left:var(--wp--preset--spacing--40)\">\n<h2 class=\"wp-block-heading\" style=\"font-size:clamp(27.894px, 1.743rem + ((1vw - 3.2px) * 1.971), 48px);\">Exactitud milim\u00e9trica<\/h2>\n\n\n\n<p>Cada palabra cuenta, \u00a1y nosotros las tenemos bajo vigilancia! <br>Sin coherencia, pierdes impacto. Si tu contenido cambia, confundes. Con nosotros, cada t\u00e9rmino est\u00e1 custodiado por un ej\u00e9rcito de expertos. <\/p>\n\n\n\n<p>Bases terminol\u00f3gicas a prueba de errores. Tu mensaje, siempre igual. Cualquier idioma. Cualquier proyecto. Mismo tono. Mismo estilo. M\u00e1xima calidad. M\u00e1s r\u00e1pido. M\u00e1s eficiente. M\u00e1s rentable.<\/p>\n\n\n\n<p>Tecnolog\u00eda puntera y expertos a tu servicio. Traducciones optimizadas. Tu marca crece sin perder identidad. M\u00e1s velocidad. M\u00e1s precisi\u00f3n. M\u00e1s impacto.<\/p>\n\n\n\n<p>Tu contenido, impecable. Tu mensaje, inconfundible. \u00bfListo para arrasar?<\/p>\n<\/div>\n\n\n\n<div class=\"wp-block-group alignfull has-global-padding is-layout-constrained wp-container-core-group-is-layout-94e519ba wp-block-group-is-layout-constrained\" style=\"padding-top:var(--wp--preset--spacing--80);padding-right:var(--wp--preset--spacing--40);padding-bottom:var(--wp--preset--spacing--80);padding-left:var(--wp--preset--spacing--40)\">\n<h2 class=\"wp-block-heading\" style=\"font-size:clamp(27.894px, 1.743rem + ((1vw - 3.2px) * 1.971), 48px);\">\u00c1reas de especializaci\u00f3n que nos definen<\/h2>\n\n\n\n<p>Ponemos nuestra experiencia al servicio de sectores clave, asegurando traducciones con la m\u00e1xima consistencia y precisi\u00f3n:<\/p>\n\n\n\n<ul class=\"wp-block-list\">\n<li><strong>Tecnolog\u00eda<\/strong>: Software, documentaci\u00f3n t\u00e9cnica, manuales de usuario.<\/li>\n\n\n\n<li><strong>Marketing y comunicaci\u00f3n<\/strong>: Campa\u00f1as, textos publicitarios, estrategias de contenido.<\/li>\n\n\n\n<li><strong>Agroindustria<\/strong>: Documentos t\u00e9cnicos, normativas y descripciones de productos.<\/li>\n\n\n\n<li><strong>Legal y financiero<\/strong>: Contratos, acuerdos, informes financieros.<\/li>\n<\/ul>\n\n\n\n<p>\u00bfTu proyecto tiene requisitos \u00fanicos? Nos adaptamos a cualquier desaf\u00edo espec\u00edfico que puedas tener.<\/p>\n<\/div>\n\n\n\n<div class=\"wp-block-group alignfull has-custom-color-1-gradient-background has-background has-global-padding is-layout-constrained wp-container-core-group-is-layout-94e519ba wp-block-group-is-layout-constrained\" style=\"padding-top:var(--wp--preset--spacing--80);padding-right:var(--wp--preset--spacing--40);padding-bottom:var(--wp--preset--spacing--80);padding-left:var(--wp--preset--spacing--40)\">\n<h2 class=\"wp-block-heading\" style=\"font-size:clamp(27.894px, 1.743rem + ((1vw - 3.2px) * 1.971), 48px);\">\u00bfPor qu\u00e9 confiar en nuestra gesti\u00f3n terminol\u00f3gica?<\/h2>\n\n\n\n<ul class=\"wp-block-list\">\n<li><strong>Certificaci\u00f3n de calidad<\/strong>: Cumplimos con la norma ISO 17100:2016-05, garantizando un nivel de excelencia en cada proyecto.<\/li>\n\n\n\n<li><strong>Experiencia sectorial<\/strong>: Contamos con traductores especializados en \u00e1reas como tecnolog\u00eda, marketing, agroindustria o derecho, con un conocimiento profundo de la terminolog\u00eda del sector.<\/li>\n\n\n\n<li><strong>Consistencia sin compromisos<\/strong>: Nuestra gesti\u00f3n terminol\u00f3gica asegura que tu contenido sea coherente y preciso en cada idioma y versi\u00f3n.<\/li>\n\n\n\n<li><strong>Optimizaci\u00f3n de procesos<\/strong>: Utilizamos herramientas avanzadas, mejorando la eficiencia en proyectos recurrentes y reduciendo costes a largo plazo.<\/li>\n<\/ul>\n<\/div>\n\n\n\n<div class=\"wp-block-group alignfull has-base-color has-text-color has-background has-link-color wp-elements-457e0f98080f84bb10f73918eb921fd2 has-global-padding is-layout-constrained wp-container-core-group-is-layout-11f9da37 wp-block-group-is-layout-constrained\" style=\"background:linear-gradient(0deg,rgb(0,78,82) 0%,rgb(111,192,194) 100%);margin-top:0;margin-bottom:0;padding-top:var(--wp--preset--spacing--80);padding-right:var(--wp--preset--spacing--40);padding-bottom:var(--wp--preset--spacing--80);padding-left:var(--wp--preset--spacing--40)\">\n<h2 class=\"wp-block-heading has-text-align-center has-base-color has-text-color has-link-color has-xx-large-font-size wp-elements-e0590894fa4b1a30504d88411e5dc65d\">Evita que tus traducciones envejezcan: tenemos el secreto de la eterna coherencia.<\/h2>\n\n\n\n<p class=\"has-text-align-center has-large-font-size\">Bases terminol\u00f3gicas a prueba de paradojas temporales. Tu mensaje, siempre igual, como un bucle infinito. Cualquier idioma, cualquier proyecto, mismo tono, mismo estilo. M\u00e1xima calidad, m\u00e1s r\u00e1pido, m\u00e1s eficiente, \u00a1m\u00e1s rentable que vender unicornios en el mercado negro!<\/p>\n\n\n\n<div class=\"wp-block-buttons is-content-justification-center is-layout-flex wp-container-core-buttons-is-layout-a6d9f191 wp-block-buttons-is-layout-flex\" style=\"margin-top:var(--wp--preset--spacing--40);margin-bottom:var(--wp--preset--spacing--40)\">\n<div class=\"wp-block-button\"><a class=\"wp-block-button__link has-accent-2-background-color has-background wp-element-button\" href=\"https:\/\/euro-text.com\/contacto\/\" style=\"box-shadow:var(--wp--preset--shadow--deep)\">CONTACTAR<\/a><\/div>\n<\/div>\n<\/div>\n","protected":false},"excerpt":{"rendered":"<p>Tus textos conquistando el mundo con precisi\u00f3n de cirujano.<\/p>\n","protected":false},"author":2,"featured_media":0,"parent":135,"menu_order":0,"comment_status":"closed","ping_status":"closed","template":"page-no-title","meta":{"_seopress_robots_primary_cat":"","_seopress_titles_title":"","_seopress_titles_desc":"","_seopress_robots_index":"","footnotes":""},"class_list":["post-375","page","type-page","status-publish","hentry"],"_links":{"self":[{"href":"https:\/\/euro-text.com\/es\/wp-json\/wp\/v2\/pages\/375","targetHints":{"allow":["GET"]}}],"collection":[{"href":"https:\/\/euro-text.com\/es\/wp-json\/wp\/v2\/pages"}],"about":[{"href":"https:\/\/euro-text.com\/es\/wp-json\/wp\/v2\/types\/page"}],"author":[{"embeddable":true,"href":"https:\/\/euro-text.com\/es\/wp-json\/wp\/v2\/users\/2"}],"replies":[{"embeddable":true,"href":"https:\/\/euro-text.com\/es\/wp-json\/wp\/v2\/comments?post=375"}],"version-history":[{"count":9,"href":"https:\/\/euro-text.com\/es\/wp-json\/wp\/v2\/pages\/375\/revisions"}],"predecessor-version":[{"id":1024,"href":"https:\/\/euro-text.com\/es\/wp-json\/wp\/v2\/pages\/375\/revisions\/1024"}],"up":[{"embeddable":true,"href":"https:\/\/euro-text.com\/es\/wp-json\/wp\/v2\/pages\/135"}],"wp:attachment":[{"href":"https:\/\/euro-text.com\/es\/wp-json\/wp\/v2\/media?parent=375"}],"curies":[{"name":"wp","href":"https:\/\/api.w.org\/{rel}","templated":true}]}}