{"id":384,"date":"2025-03-18T16:33:55","date_gmt":"2025-03-18T15:33:55","guid":{"rendered":"https:\/\/euro-text.com\/?page_id=384"},"modified":"2025-03-22T12:39:30","modified_gmt":"2025-03-22T11:39:30","slug":"interpretacion-remota","status":"publish","type":"page","link":"https:\/\/euro-text.com\/es\/servicios-interpretacion\/interpretacion-remota\/","title":{"rendered":"Interpretaci\u00f3n remota"},"content":{"rendered":"\n<div class=\"wp-block-group alignfull has-global-padding is-layout-constrained wp-container-core-group-is-layout-020e0ace wp-block-group-is-layout-constrained\" style=\"padding-top:var(--wp--preset--spacing--60);padding-right:var(--wp--preset--spacing--40);padding-bottom:var(--wp--preset--spacing--60);padding-left:var(--wp--preset--spacing--40)\">\n<div class=\"wp-block-group alignwide is-vertical is-content-justification-center is-layout-flex wp-container-core-group-is-layout-fa38c63a wp-block-group-is-layout-flex\" style=\"min-height:50vh\">\n<h1 class=\"wp-block-heading has-text-align-center\" style=\"font-size:clamp(46.987px, 2.937rem + ((1vw - 3.2px) * 4.413), 92px);\">Que no te traduzca el cu\u00f1ado del grupo<\/h1>\n\n\n\n<p class=\"has-text-align-center\" style=\"font-size:clamp(14.642px, 0.915rem + ((1vw - 3.2px) * 0.721), 22px);\">Reuni\u00f3n internacional. Todo va bien\u2026 hasta que alguien suelta una frase y se hace el silencio. Caras de confusi\u00f3n. Miradas a la pantalla. Nadie entiende nada. Y ah\u00ed es donde entra en juego una buena (o mala) interpretaci\u00f3n. Si falla, adi\u00f3s confianza, adi\u00f3s negocio. Pero tranquilo, eso aqu\u00ed no pasa.<\/p>\n\n\n\n<div class=\"wp-block-buttons is-content-justification-center is-layout-flex wp-container-core-buttons-is-layout-d234f690 wp-block-buttons-is-layout-flex\" style=\"margin-top:var(--wp--preset--spacing--50);margin-bottom:var(--wp--preset--spacing--50)\">\n<div class=\"wp-block-button has-custom-font-size has-large-font-size\"><a class=\"wp-block-button__link has-accent-1-background-color has-background wp-element-button\" href=\"https:\/\/euro-text.com\/contacto\/\" style=\"box-shadow:var(--wp--preset--shadow--natural)\">CONTACTAR<\/a><\/div>\n<\/div>\n<\/div>\n<\/div>\n\n\n\n<div class=\"wp-block-group alignfull has-custom-color-1-gradient-background has-background has-global-padding is-layout-constrained wp-container-core-group-is-layout-94e519ba wp-block-group-is-layout-constrained\" style=\"padding-top:var(--wp--preset--spacing--80);padding-right:var(--wp--preset--spacing--40);padding-bottom:var(--wp--preset--spacing--80);padding-left:var(--wp--preset--spacing--40)\">\n<h2 class=\"wp-block-heading\" style=\"font-size:clamp(27.894px, 1.743rem + ((1vw - 3.2px) * 1.971), 48px);\">Interpretaci\u00f3n sin retrasos, sin sustos y sin caras de p\u00f3ker<\/h2>\n\n\n\n<p>Aqu\u00ed no hay segundas oportunidades. Si tu mensaje no llega claro y r\u00e1pido, la reuni\u00f3n se convierte en un desastre. Silencios eternos. Gente sonriendo sin entender. Un caos.<\/p>\n\n\n\n<p>Por eso necesitas int\u00e9rpretes r\u00e1pidos, sin lag mental. Que capten cada palabra, cada tono, cada intenci\u00f3n. Nada de traducciones rob\u00f3ticas. Nada de \u00abemm\u2026\u00bb mientras intentan encontrar la frase correcta. Nada de silencios inc\u00f3modos que hagan que la gente revise su conexi\u00f3n a internet.<\/p>\n\n\n\n<p>Nosotros hacemos que la comunicaci\u00f3n fluya. Sin lag. Sin cortes raros. Sin l\u00edos. Solo mensajes claros, bien interpretados y listos para cerrar acuerdos.<\/p>\n\n\n\n<p>\u00bfConectamos o seguimos fingiendo que entendemos?<\/p>\n<\/div>\n\n\n\n<div class=\"wp-block-group alignfull has-global-padding is-layout-constrained wp-container-core-group-is-layout-94e519ba wp-block-group-is-layout-constrained\" style=\"padding-top:var(--wp--preset--spacing--80);padding-right:var(--wp--preset--spacing--40);padding-bottom:var(--wp--preset--spacing--80);padding-left:var(--wp--preset--spacing--40)\">\n<h2 class=\"wp-block-heading\" style=\"font-size:clamp(27.894px, 1.743rem + ((1vw - 3.2px) * 1.971), 48px);\">\u00c1reas de especializaci\u00f3n que nos definen<\/h2>\n\n\n\n<p>Desde la interpretaci\u00f3n remota m\u00e1s t\u00e9cnica hasta la m\u00e1s interactiva, Eurotext pone a tu disposici\u00f3n int\u00e9rpretes especializados en diferentes sectores:<\/p>\n\n\n\n<ul class=\"wp-block-list\">\n<li><strong>Reuniones empresariales<\/strong>: Conferencias, negociaciones, videollamadas corporativas.<\/li>\n\n\n\n<li><strong>Eventos virtuales<\/strong>: Congresos, seminarios, talleres en l\u00ednea.<\/li>\n\n\n\n<li><strong>Sector legal<\/strong>: Declaraciones, audiencias judiciales, consultas legales.<\/li>\n\n\n\n<li><strong>Medicina y salud<\/strong>: Consultas m\u00e9dicas, telemedicina, conferencias sanitarias.<\/li>\n<\/ul>\n\n\n\n<p>\u00bfTienes necesidades espec\u00edficas? Nos adaptamos a cualquier tipo de evento o situaci\u00f3n, asegurando la interpretaci\u00f3n m\u00e1s precisa y fluida.es financieros.<\/p>\n<\/div>\n\n\n\n<div class=\"wp-block-group alignfull has-custom-color-1-gradient-background has-background has-global-padding is-layout-constrained wp-container-core-group-is-layout-94e519ba wp-block-group-is-layout-constrained\" style=\"padding-top:var(--wp--preset--spacing--80);padding-right:var(--wp--preset--spacing--40);padding-bottom:var(--wp--preset--spacing--80);padding-left:var(--wp--preset--spacing--40)\">\n<h2 class=\"wp-block-heading\" style=\"font-size:clamp(27.894px, 1.743rem + ((1vw - 3.2px) * 1.971), 48px);\">\u00bfPor qu\u00e9 confiar en nuestro servicio de interpretaci\u00f3n remota?<\/h2>\n\n\n\n<ul class=\"wp-block-list\">\n<li><strong>Certificaci\u00f3n de calidad<\/strong>: Cumplimos con est\u00e1ndares internacionales para ofrecerte una interpretaci\u00f3n precisa y profesional.<\/li>\n\n\n\n<li><strong>Int\u00e9rpretes especializados<\/strong>: Contamos con int\u00e9rpretes nativos y expertos en sectores como negocios, salud, derecho, entre otros, que entienden la jerga de tu industria.<\/li>\n\n\n\n<li><strong>Tecnolog\u00eda avanzada<\/strong>: Utilizamos plataformas de \u00faltima generaci\u00f3n para garantizar una comunicaci\u00f3n fluida y sin interrupciones.<\/li>\n\n\n\n<li><strong>Flexibilidad y adaptabilidad<\/strong>: Ofrecemos soluciones de interpretaci\u00f3n remota para cualquier tipo de evento o reuni\u00f3n, garantizando la m\u00e1xima calidad sin importar el formato.<\/li>\n<\/ul>\n<\/div>\n\n\n\n<div class=\"wp-block-group alignfull has-base-color has-text-color has-background has-link-color wp-elements-cf70a887a3d5949f867ee7027b0af5ee has-global-padding is-layout-constrained wp-container-core-group-is-layout-11f9da37 wp-block-group-is-layout-constrained\" style=\"background:linear-gradient(0deg,rgb(0,78,82) 0%,rgb(111,192,194) 100%);margin-top:0;margin-bottom:0;padding-top:var(--wp--preset--spacing--80);padding-right:var(--wp--preset--spacing--40);padding-bottom:var(--wp--preset--spacing--80);padding-left:var(--wp--preset--spacing--40)\">\n<h2 class=\"wp-block-heading has-text-align-center has-base-color has-text-color has-link-color has-xx-large-font-size wp-elements-b35026c5911c79a605f8d8f7f75c2e8b\">Deja de asentir sin entender nada<\/h2>\n\n\n\n<p class=\"has-text-align-center has-large-font-size\">Tu mensaje claro, sin silencios inc\u00f3modos ni frases traducidas a lo loco. Hablemos (de verdad).<\/p>\n\n\n\n<div class=\"wp-block-buttons is-content-justification-center is-layout-flex wp-container-core-buttons-is-layout-a6d9f191 wp-block-buttons-is-layout-flex\" style=\"margin-top:var(--wp--preset--spacing--40);margin-bottom:var(--wp--preset--spacing--40)\">\n<div class=\"wp-block-button\"><a class=\"wp-block-button__link has-accent-2-background-color has-background wp-element-button\" href=\"https:\/\/euro-text.com\/contacto\/\" style=\"box-shadow:var(--wp--preset--shadow--deep)\">CONTACTAR<\/a><\/div>\n<\/div>\n<\/div>\n","protected":false},"excerpt":{"rendered":"<p>Que no te traduzca el cu\u00f1ado del grupo. D\u00e9jalo en manos de profesionales.<\/p>\n","protected":false},"author":2,"featured_media":0,"parent":186,"menu_order":0,"comment_status":"closed","ping_status":"closed","template":"page-no-title","meta":{"_seopress_robots_primary_cat":"","_seopress_titles_title":"","_seopress_titles_desc":"","_seopress_robots_index":"","footnotes":""},"class_list":["post-384","page","type-page","status-publish","hentry"],"_links":{"self":[{"href":"https:\/\/euro-text.com\/es\/wp-json\/wp\/v2\/pages\/384","targetHints":{"allow":["GET"]}}],"collection":[{"href":"https:\/\/euro-text.com\/es\/wp-json\/wp\/v2\/pages"}],"about":[{"href":"https:\/\/euro-text.com\/es\/wp-json\/wp\/v2\/types\/page"}],"author":[{"embeddable":true,"href":"https:\/\/euro-text.com\/es\/wp-json\/wp\/v2\/users\/2"}],"replies":[{"embeddable":true,"href":"https:\/\/euro-text.com\/es\/wp-json\/wp\/v2\/comments?post=384"}],"version-history":[{"count":10,"href":"https:\/\/euro-text.com\/es\/wp-json\/wp\/v2\/pages\/384\/revisions"}],"predecessor-version":[{"id":813,"href":"https:\/\/euro-text.com\/es\/wp-json\/wp\/v2\/pages\/384\/revisions\/813"}],"up":[{"embeddable":true,"href":"https:\/\/euro-text.com\/es\/wp-json\/wp\/v2\/pages\/186"}],"wp:attachment":[{"href":"https:\/\/euro-text.com\/es\/wp-json\/wp\/v2\/media?parent=384"}],"curies":[{"name":"wp","href":"https:\/\/api.w.org\/{rel}","templated":true}]}}