{"id":462,"date":"2025-03-18T18:23:06","date_gmt":"2025-03-18T17:23:06","guid":{"rendered":"https:\/\/euro-text.com\/?page_id=462"},"modified":"2025-03-22T14:16:16","modified_gmt":"2025-03-22T13:16:16","slug":"traductor-euskera","status":"publish","type":"page","link":"https:\/\/euro-text.com\/es\/idiomas\/traductor-euskera\/","title":{"rendered":"Traductor euskera"},"content":{"rendered":"\n<div class=\"wp-block-group alignfull has-global-padding is-layout-constrained wp-container-core-group-is-layout-020e0ace wp-block-group-is-layout-constrained\" style=\"padding-top:var(--wp--preset--spacing--60);padding-right:var(--wp--preset--spacing--40);padding-bottom:var(--wp--preset--spacing--60);padding-left:var(--wp--preset--spacing--40)\">\n<div class=\"wp-block-group alignwide is-vertical is-content-justification-center is-layout-flex wp-container-core-group-is-layout-fa38c63a wp-block-group-is-layout-flex\" style=\"min-height:50vh\">\n<h1 class=\"wp-block-heading has-text-align-center\" style=\"font-size:clamp(46.987px, 2.937rem + ((1vw - 3.2px) * 4.413), 92px);\">A\u00f1adir \u00ab-txu\u00bb a todo no es suficiente<\/h1>\n\n\n\n<p class=\"has-text-align-center\" style=\"font-size:clamp(14.642px, 0.915rem + ((1vw - 3.2px) * 0.721), 22px);\">\u00bfNecesitas una traducci\u00f3n en euskera? Perfecto. Pero si crees que con poner \u00ab-txu\u00bb y \u00ab-k\u00bb a lo loco ya lo tienes hecho, mejor deja el teclado y retrocede lentamente. El euskera no es solo un idioma, es un tesoro ling\u00fc\u00edstico que no se parece a nada. Ni con un diccionario ni con internet lo conseguir\u00e1s, necesitas un experto.<\/p>\n\n\n\n<div class=\"wp-block-buttons is-content-justification-center is-layout-flex wp-container-core-buttons-is-layout-d234f690 wp-block-buttons-is-layout-flex\" style=\"margin-top:var(--wp--preset--spacing--50);margin-bottom:var(--wp--preset--spacing--50)\">\n<div class=\"wp-block-button has-custom-font-size has-large-font-size\"><a class=\"wp-block-button__link has-accent-1-background-color has-background wp-element-button\" href=\"https:\/\/euro-text.com\/contacto\/\" style=\"box-shadow:var(--wp--preset--shadow--natural)\">CONTACTAR<\/a><\/div>\n<\/div>\n<\/div>\n<\/div>\n\n\n\n<div class=\"wp-block-group alignfull has-custom-color-1-gradient-background has-background has-global-padding is-layout-constrained wp-container-core-group-is-layout-94e519ba wp-block-group-is-layout-constrained\" style=\"padding-top:var(--wp--preset--spacing--80);padding-right:var(--wp--preset--spacing--40);padding-bottom:var(--wp--preset--spacing--80);padding-left:var(--wp--preset--spacing--40)\">\n<h2 class=\"wp-block-heading\" style=\"font-size:clamp(27.894px, 1.743rem + ((1vw - 3.2px) * 1.971), 48px);\">Traducci\u00f3n de euskera: abre las puertas del Pa\u00eds Vasco<\/h2>\n\n\n\n<p>No, el euskera no es espa\u00f1ol revuelto. No, no puedes traducir palabra por palabra y esperar que funcione. Un fallo en la traducci\u00f3n y tu negocio pasar\u00e1 de ofrecer \u00abservicios exclusivos\u00bb a algo que suene a conjuro medieval. Un eslogan mal interpretado y tu marca se convierte en el chiste de la semana.<\/p>\n\n\n\n<p>Nosotros hacemos que tu mensaje suene natural, profesional y sin peligro de acabar en un cartel de \u00abtraducciones que dan miedo\u00bb. Nada de textos que parecen escritos por un robot desorientado. Nada de traducciones que suenan a trabalenguas imposible. Solo textos que los vascoparlantes realmente entienden (y que no provocar\u00e1n carcajadas inesperadas).<\/p>\n\n\n\n<p>\u00bfListo para entrar en Euskadi sin parecer un turista perdido?<\/p>\n<\/div>\n\n\n\n<div class=\"wp-block-group alignfull has-global-padding is-layout-constrained wp-container-core-group-is-layout-94e519ba wp-block-group-is-layout-constrained\" style=\"padding-top:var(--wp--preset--spacing--80);padding-right:var(--wp--preset--spacing--40);padding-bottom:var(--wp--preset--spacing--80);padding-left:var(--wp--preset--spacing--40)\">\n<h2 class=\"wp-block-heading\" style=\"font-size:clamp(27.894px, 1.743rem + ((1vw - 3.2px) * 1.971), 48px);\">Somos aut\u00e9nticos especialistas<\/h2>\n\n\n\n<p>En Eurotext, traducimos el euskera con la m\u00e1xima precisi\u00f3n y adaptamos cada proyecto a tus necesidades espec\u00edficas:<\/p>\n\n\n\n<ul class=\"wp-block-list\">\n<li>Comercial: Contratos, cartas comerciales, correos electr\u00f3nicos de negocios.<\/li>\n\n\n\n<li>Legal: Documentos oficiales, certificados, acuerdos legales, convenios.<\/li>\n\n\n\n<li>T\u00e9cnico: Manuales, gu\u00edas de usuario, instrucciones, fichas t\u00e9cnicas.<\/li>\n\n\n\n<li>Digital: P\u00e1ginas web, blogs, aplicaciones m\u00f3viles, contenido multimedia.m\u00f3viles.<\/li>\n<\/ul>\n\n\n\n<p>Nuestros traductores especializados est\u00e1n familiarizados con la terminolog\u00eda precisa de sectores como la ley, la ingenier\u00eda, el comercio o las tecnolog\u00edas de la informaci\u00f3n, lo que asegura que cada proyecto cumpla con los requisitos y convenciones del sector correspondiente.<\/p>\n<\/div>\n\n\n\n<div class=\"wp-block-group alignfull has-custom-color-1-gradient-background has-background has-global-padding is-layout-constrained wp-container-core-group-is-layout-94e519ba wp-block-group-is-layout-constrained\" style=\"padding-top:var(--wp--preset--spacing--80);padding-right:var(--wp--preset--spacing--40);padding-bottom:var(--wp--preset--spacing--80);padding-left:var(--wp--preset--spacing--40)\">\n<h2 class=\"wp-block-heading\" style=\"font-size:clamp(27.894px, 1.743rem + ((1vw - 3.2px) * 1.971), 48px);\">\u00bfPor qu\u00e9 elegir Eurotext para tus traducciones de euskera?<\/h2>\n\n\n\n<ul class=\"wp-block-list\">\n<li>Traductores nativos: Expertos en euskera con profundo conocimiento cultural, capaces de interpretar los matices del idioma y adaptarlos al contexto.<\/li>\n\n\n\n<li>Especializaci\u00f3n profesional: Traductores con experiencia en diversas \u00e1reas t\u00e9cnicas, legales y comerciales, que garantizan traducciones precisas y de alta calidad.<\/li>\n\n\n\n<li>Certificaci\u00f3n ISO 17100: Cumplimos con los m\u00e1s altos est\u00e1ndares de calidad y precisi\u00f3n en cada proyecto.<\/li>\n\n\n\n<li>Servicio cercano desde Valladolid: Ofrecemos atenci\u00f3n personalizada, adapt\u00e1ndonos a tus plazos y necesidades espec\u00edficas, con el respaldo de un equipo local de confianza.<\/li>\n<\/ul>\n\n\n\n<p>No dejes que un idioma te frene. Con Eurotext, tu mensaje en euskera ser\u00e1 una herramienta poderosa para conectar y expandir tu presencia en mercados clave. Haz que tu comunicaci\u00f3n llegue con claridad, precisi\u00f3n y respeto por las ra\u00edces culturales.<\/p>\n<\/div>\n\n\n\n<div class=\"wp-block-group alignfull has-global-padding is-layout-constrained wp-container-core-group-is-layout-94e519ba wp-block-group-is-layout-constrained\" style=\"padding-top:var(--wp--preset--spacing--80);padding-right:var(--wp--preset--spacing--40);padding-bottom:var(--wp--preset--spacing--80);padding-left:var(--wp--preset--spacing--40)\">\n<h2 class=\"wp-block-heading\" style=\"font-size:clamp(27.894px, 1.743rem + ((1vw - 3.2px) * 1.971), 48px);\">Servicios destacados en euskera<\/h2>\n\n\n\n<p>Te ofrecemos soluciones completas para garantizar que tu mensaje en euskera llegue a la audiencia adecuada:<\/p>\n\n\n\n<ul class=\"wp-block-list\">\n<li><strong>Interpretaci\u00f3n<\/strong>: Servicios de interpretaci\u00f3n para eventos, conferencias o reuniones, tanto presenciales como a distancia, con opciones de interpretaci\u00f3n simult\u00e1nea o consecutiva.<\/li>\n\n\n\n<li><strong>Traducci\u00f3n jurada<\/strong>: Traducciones oficiales de documentos como certificados de nacimiento, contratos o actas, con validez legal, realizadas por traductores certificados.<\/li>\n\n\n\n<li><strong>Traducci\u00f3n de p\u00e1ginas web<\/strong>: Adaptamos tu sitio web, tienda online o blog al euskera, optimizando el contenido para plataformas como WordPress, Prestashop o Magento.<\/li>\n<\/ul>\n<\/div>\n\n\n\n<div class=\"wp-block-group alignfull has-base-color has-text-color has-background has-link-color wp-elements-db428036f373af277dd3533ca303e2b1 has-global-padding is-layout-constrained wp-container-core-group-is-layout-11f9da37 wp-block-group-is-layout-constrained\" style=\"background:linear-gradient(0deg,rgb(0,78,82) 0%,rgb(111,192,194) 100%);margin-top:0;margin-bottom:0;padding-top:var(--wp--preset--spacing--80);padding-right:var(--wp--preset--spacing--40);padding-bottom:var(--wp--preset--spacing--80);padding-left:var(--wp--preset--spacing--40)\">\n<h2 class=\"wp-block-heading has-text-align-center has-base-color has-text-color has-link-color has-xx-large-font-size wp-elements-16bfdba33265ab9bf8cb0bf8b8ceefd2\">Que tu mensaje en euskera no parezca un hechizo celta<\/h2>\n\n\n\n<p class=\"has-text-align-center has-large-font-size\">Nada de traducciones que suenan a conjuro antiguo. Solo textos que los vascoparlantes realmente entienden (y que no te har\u00e1n famoso por las razones equivocadas).<\/p>\n\n\n\n<div class=\"wp-block-buttons is-content-justification-center is-layout-flex wp-container-core-buttons-is-layout-a6d9f191 wp-block-buttons-is-layout-flex\" style=\"margin-top:var(--wp--preset--spacing--40);margin-bottom:var(--wp--preset--spacing--40)\">\n<div class=\"wp-block-button\"><a class=\"wp-block-button__link has-accent-2-background-color has-background wp-element-button\" href=\"https:\/\/euro-text.com\/contacto\/\" style=\"box-shadow:var(--wp--preset--shadow--deep)\">CONTACTAR<\/a><\/div>\n<\/div>\n<\/div>\n","protected":false},"excerpt":{"rendered":"<p>El euskera es un tesoro ling\u00fc\u00edstico que no se parece a nada. Necesitas un experto.<\/p>\n","protected":false},"author":2,"featured_media":0,"parent":234,"menu_order":0,"comment_status":"closed","ping_status":"closed","template":"page-no-title","meta":{"_seopress_robots_primary_cat":"","_seopress_titles_title":"","_seopress_titles_desc":"","_seopress_robots_index":"","footnotes":""},"class_list":["post-462","page","type-page","status-publish","hentry"],"_links":{"self":[{"href":"https:\/\/euro-text.com\/es\/wp-json\/wp\/v2\/pages\/462","targetHints":{"allow":["GET"]}}],"collection":[{"href":"https:\/\/euro-text.com\/es\/wp-json\/wp\/v2\/pages"}],"about":[{"href":"https:\/\/euro-text.com\/es\/wp-json\/wp\/v2\/types\/page"}],"author":[{"embeddable":true,"href":"https:\/\/euro-text.com\/es\/wp-json\/wp\/v2\/users\/2"}],"replies":[{"embeddable":true,"href":"https:\/\/euro-text.com\/es\/wp-json\/wp\/v2\/comments?post=462"}],"version-history":[{"count":10,"href":"https:\/\/euro-text.com\/es\/wp-json\/wp\/v2\/pages\/462\/revisions"}],"predecessor-version":[{"id":863,"href":"https:\/\/euro-text.com\/es\/wp-json\/wp\/v2\/pages\/462\/revisions\/863"}],"up":[{"embeddable":true,"href":"https:\/\/euro-text.com\/es\/wp-json\/wp\/v2\/pages\/234"}],"wp:attachment":[{"href":"https:\/\/euro-text.com\/es\/wp-json\/wp\/v2\/media?parent=462"}],"curies":[{"name":"wp","href":"https:\/\/api.w.org\/{rel}","templated":true}]}}