{"id":519,"date":"2025-03-18T19:31:35","date_gmt":"2025-03-18T18:31:35","guid":{"rendered":"https:\/\/euro-text.com\/?page_id=519"},"modified":"2025-03-22T21:11:49","modified_gmt":"2025-03-22T20:11:49","slug":"traductor-ruso","status":"publish","type":"page","link":"https:\/\/euro-text.com\/es\/idiomas\/traductor-ruso\/","title":{"rendered":"Traductor ruso"},"content":{"rendered":"\n<div class=\"wp-block-group alignfull has-global-padding is-layout-constrained wp-container-core-group-is-layout-020e0ace wp-block-group-is-layout-constrained\" style=\"padding-top:var(--wp--preset--spacing--60);padding-right:var(--wp--preset--spacing--40);padding-bottom:var(--wp--preset--spacing--60);padding-left:var(--wp--preset--spacing--40)\">\n<div class=\"wp-block-group alignwide is-vertical is-content-justification-center is-layout-flex wp-container-core-group-is-layout-fa38c63a wp-block-group-is-layout-flex\" style=\"min-height:50vh\">\n<h1 class=\"wp-block-heading has-text-align-center\" style=\"font-size:clamp(46.987px, 2.937rem + ((1vw - 3.2px) * 4.413), 92px);\">Nuestros traductores son como esp\u00edas ling\u00fc\u00edsticos<\/h1>\n\n\n\n<p class=\"has-text-align-center\" style=\"font-size:clamp(14.642px, 0.915rem + ((1vw - 3.2px) * 0.721), 22px);\">\u00a1Olvida las traducciones que parecen sacadas de un manual de instrucciones de un tanque sovi\u00e9tico! Aqu\u00ed te ofrecemos traducciones que har\u00e1n que tus textos bailen al ritmo de las balalaikas. \u00bfQuieres conquistar el mercado ruso? \u00a1No te la juegues con traducciones cutres! Nosotros te ayudamos a hablar su idioma\u2026 y a ganarte su coraz\u00f3n (empresarial) con una sonrisa p\u00edcara!\u00bb<\/p>\n\n\n\n<div class=\"wp-block-buttons is-content-justification-center is-layout-flex wp-container-core-buttons-is-layout-d234f690 wp-block-buttons-is-layout-flex\" style=\"margin-top:var(--wp--preset--spacing--50);margin-bottom:var(--wp--preset--spacing--50)\">\n<div class=\"wp-block-button has-custom-font-size has-large-font-size\"><a class=\"wp-block-button__link has-accent-1-background-color has-background wp-element-button\" href=\"https:\/\/euro-text.com\/contacto\/\" style=\"box-shadow:var(--wp--preset--shadow--natural)\">CONTACTAR<\/a><\/div>\n<\/div>\n<\/div>\n<\/div>\n\n\n\n<div class=\"wp-block-group alignfull has-custom-color-1-gradient-background has-background has-global-padding is-layout-constrained wp-container-core-group-is-layout-94e519ba wp-block-group-is-layout-constrained\" style=\"padding-top:var(--wp--preset--spacing--80);padding-right:var(--wp--preset--spacing--40);padding-bottom:var(--wp--preset--spacing--80);padding-left:var(--wp--preset--spacing--40)\">\n<h2 class=\"wp-block-heading\" style=\"font-size:clamp(27.894px, 1.743rem + ((1vw - 3.2px) * 1.971), 48px);\">Traduciremos con tanta precisi\u00f3n que hasta Putin se quedar\u00e1 boquiabierto<\/h2>\n\n\n\n<p>\u00bfEl ruso te da m\u00e1s miedo que un oso con resaca? \u00a1Tranquilo, en Valladolid tenemos a los traductores m\u00e1s gamberros y ocurrentes del planeta! Con m\u00e1s de 260 millones de rusoparlantes sueltos por ah\u00ed, este idioma es clave para conquistar mercados, cerrar tratos y, por qu\u00e9 no, \u00a1ligar con rusas (o rusos) de bandera! <\/p>\n\n\n\n<p>En Eurotext, no nos conformamos con simples traducciones, \u00a1nosotros hacemos magia ling\u00fc\u00edstica! Ya sea para tus documentos legales, tus manuales t\u00e9cnicos o tus campa\u00f1as de marketing m\u00e1s locas, nuestro equipo de traductores nativos y expertos te asegura que tu mensaje sonar\u00e1 tan aut\u00e9ntico como un brindis con vodka en una sauna rusa.<\/p>\n<\/div>\n\n\n\n<div class=\"wp-block-group alignfull has-global-padding is-layout-constrained wp-container-core-group-is-layout-94e519ba wp-block-group-is-layout-constrained\" style=\"padding-top:var(--wp--preset--spacing--80);padding-right:var(--wp--preset--spacing--40);padding-bottom:var(--wp--preset--spacing--80);padding-left:var(--wp--preset--spacing--40)\">\n<h2 class=\"wp-block-heading\" style=\"font-size:clamp(27.894px, 1.743rem + ((1vw - 3.2px) * 1.971), 48px);\">Expertos en traducci\u00f3n de ruso<\/h2>\n\n\n\n<p>En Eurotext, nos especializamos en traducci\u00f3n de ruso en una amplia gama de \u00e1reas, adaptando cada proyecto a tus necesidades espec\u00edficas:<\/p>\n\n\n\n<ul class=\"wp-block-list\">\n<li><strong>Comercial:<\/strong> Contratos, acuerdos de negocio, correspondencia internacional.<\/li>\n\n\n\n<li><strong>Legal<\/strong>: Documentos oficiales, sentencias judiciales, acuerdos notariales.<\/li>\n\n\n\n<li><strong>T\u00e9cnico:<\/strong> Manuales, instrucciones, especificaciones de productos, documentaci\u00f3n t\u00e9cnica.<\/li>\n\n\n\n<li><strong>Digital:<\/strong> P\u00e1ginas web, blogs, aplicaciones m\u00f3viles, contenido multimedia.<\/li>\n<\/ul>\n\n\n\n<p>Nuestro equipo de traductores nativos est\u00e1 especializado en las distintas \u00e1reas, dominando la terminolog\u00eda exacta y asegurando que cada documento cumpla con los est\u00e1ndares internacionales, respetando las particularidades del idioma ruso.<\/p>\n<\/div>\n\n\n\n<div class=\"wp-block-group alignfull has-custom-color-1-gradient-background has-background has-global-padding is-layout-constrained wp-container-core-group-is-layout-94e519ba wp-block-group-is-layout-constrained\" style=\"padding-top:var(--wp--preset--spacing--80);padding-right:var(--wp--preset--spacing--40);padding-bottom:var(--wp--preset--spacing--80);padding-left:var(--wp--preset--spacing--40)\">\n<h2 class=\"wp-block-heading\" style=\"font-size:clamp(27.894px, 1.743rem + ((1vw - 3.2px) * 1.971), 48px);\">\u00bfPor qu\u00e9 elegir Eurotext para tus traducciones de ruso?<\/h2>\n\n\n\n<ul class=\"wp-block-list\">\n<li><strong>Traductores nativos<\/strong>: Profesionales nativos de habla rusa, con un profundo conocimiento de las normas culturales y ling\u00fc\u00edsticas de la regi\u00f3n.<\/li>\n\n\n\n<li><strong>Especializaci\u00f3n profesional<\/strong>: Nuestros traductores est\u00e1n altamente capacitados en \u00e1reas t\u00e9cnicas y legales, garantizando la precisi\u00f3n y el cumplimiento de las convenciones del sector.<\/li>\n\n\n\n<li><strong>Certificaci\u00f3n ISO 17100<\/strong>: Aseguramos la calidad en cada proyecto de traducci\u00f3n, cumpliendo con los m\u00e1s altos est\u00e1ndares internacionales.<\/li>\n\n\n\n<li><strong>Atenci\u00f3n cercana desde Valladolid<\/strong>: Un servicio personalizado que entiende tus tiempos y necesidades, siempre con la confianza de un equipo local.<\/li>\n<\/ul>\n\n\n\n<p>No te arriesgues a trabajar con traducciones gen\u00e9ricas. Un mensaje mal traducido puede afectar tu reputaci\u00f3n y generar malentendidos costosos. En Eurotext, garantizamos que tu comunicaci\u00f3n en ruso sea clara, precisa y efectiva.<\/p>\n<\/div>\n\n\n\n<div class=\"wp-block-group alignfull has-global-padding is-layout-constrained wp-container-core-group-is-layout-94e519ba wp-block-group-is-layout-constrained\" style=\"padding-top:var(--wp--preset--spacing--80);padding-right:var(--wp--preset--spacing--40);padding-bottom:var(--wp--preset--spacing--80);padding-left:var(--wp--preset--spacing--40)\">\n<h2 class=\"wp-block-heading\" style=\"font-size:clamp(27.894px, 1.743rem + ((1vw - 3.2px) * 1.971), 48px);\">Servicios destacados en ruso<\/h2>\n\n\n\n<p>Te ofrecemos un abanico completo de soluciones para que tu mensaje en ruso llegue a la audiencia adecuada:<\/p>\n\n\n\n<ul class=\"wp-block-list\">\n<li><strong>Interpretaci\u00f3n<\/strong>: Servicios de interpretaci\u00f3n en conferencias, reuniones y eventos internacionales, con opciones de interpretaci\u00f3n simult\u00e1nea, consecutiva o chuchotage, adem\u00e1s de soporte t\u00e9cnico como cabinas de traducci\u00f3n o subtitulado en tiempo real.<\/li>\n\n\n\n<li><strong>Traducci\u00f3n jurada<\/strong>: Documentos oficiales como certificados de nacimiento, contratos o sentencias judiciales, con validez legal, gestionados por traductores acreditados.<\/li>\n\n\n\n<li><strong>Traducci\u00f3n de p\u00e1ginas web<\/strong>: Adaptamos tu sitio web, tienda online o blog al ruso, optimizando el contenido para plataformas como WordPress, Prestashop o Magento, e incluso traduciendo c\u00f3digos como XML o HTML.<\/li>\n<\/ul>\n<\/div>\n\n\n\n<div class=\"wp-block-group alignfull has-base-color has-text-color has-background has-link-color wp-elements-92a894e6377038f0fd6330bd5ee08c2b has-global-padding is-layout-constrained wp-container-core-group-is-layout-11f9da37 wp-block-group-is-layout-constrained\" style=\"background:linear-gradient(0deg,rgb(0,78,82) 0%,rgb(111,192,194) 100%);margin-top:0;margin-bottom:0;padding-top:var(--wp--preset--spacing--80);padding-right:var(--wp--preset--spacing--40);padding-bottom:var(--wp--preset--spacing--80);padding-left:var(--wp--preset--spacing--40)\">\n<h2 class=\"wp-block-heading has-text-align-center has-base-color has-text-color has-link-color has-xx-large-font-size wp-elements-13552479a7e6296e6b41e2d2823151a9\">Desata el poder del ruso<\/h2>\n\n\n\n<p class=\"has-text-align-center has-large-font-size\">\u00a1Atr\u00e9vete! \u00a1El ruso no es tan fiero como lo pintan! Contacta con nosotros y descubre el lado m\u00e1s divertido de la traducci\u00f3n.<\/p>\n\n\n\n<div class=\"wp-block-buttons is-content-justification-center is-layout-flex wp-container-core-buttons-is-layout-a6d9f191 wp-block-buttons-is-layout-flex\" style=\"margin-top:var(--wp--preset--spacing--40);margin-bottom:var(--wp--preset--spacing--40)\">\n<div class=\"wp-block-button\"><a class=\"wp-block-button__link has-accent-2-background-color has-background wp-element-button\" href=\"https:\/\/euro-text.com\/contacto\/\" style=\"box-shadow:var(--wp--preset--shadow--deep)\">CONTACTAR<\/a><\/div>\n<\/div>\n<\/div>\n","protected":false},"excerpt":{"rendered":"<p>Aqu\u00ed te ofrecemos traducciones que har\u00e1n que tus textos bailen al ritmo de las balalaikas.<\/p>\n","protected":false},"author":2,"featured_media":0,"parent":234,"menu_order":0,"comment_status":"closed","ping_status":"closed","template":"page-no-title","meta":{"_seopress_robots_primary_cat":"","_seopress_titles_title":"","_seopress_titles_desc":"","_seopress_robots_index":"","footnotes":""},"class_list":["post-519","page","type-page","status-publish","hentry"],"_links":{"self":[{"href":"https:\/\/euro-text.com\/es\/wp-json\/wp\/v2\/pages\/519","targetHints":{"allow":["GET"]}}],"collection":[{"href":"https:\/\/euro-text.com\/es\/wp-json\/wp\/v2\/pages"}],"about":[{"href":"https:\/\/euro-text.com\/es\/wp-json\/wp\/v2\/types\/page"}],"author":[{"embeddable":true,"href":"https:\/\/euro-text.com\/es\/wp-json\/wp\/v2\/users\/2"}],"replies":[{"embeddable":true,"href":"https:\/\/euro-text.com\/es\/wp-json\/wp\/v2\/comments?post=519"}],"version-history":[{"count":10,"href":"https:\/\/euro-text.com\/es\/wp-json\/wp\/v2\/pages\/519\/revisions"}],"predecessor-version":[{"id":926,"href":"https:\/\/euro-text.com\/es\/wp-json\/wp\/v2\/pages\/519\/revisions\/926"}],"up":[{"embeddable":true,"href":"https:\/\/euro-text.com\/es\/wp-json\/wp\/v2\/pages\/234"}],"wp:attachment":[{"href":"https:\/\/euro-text.com\/es\/wp-json\/wp\/v2\/media?parent=519"}],"curies":[{"name":"wp","href":"https:\/\/api.w.org\/{rel}","templated":true}]}}