{"id":537,"date":"2025-03-18T19:47:00","date_gmt":"2025-03-18T18:47:00","guid":{"rendered":"https:\/\/euro-text.com\/?page_id=537"},"modified":"2025-03-22T13:01:20","modified_gmt":"2025-03-22T12:01:20","slug":"traductor-aleman","status":"publish","type":"page","link":"https:\/\/euro-text.com\/es\/idiomas\/traductor-aleman\/","title":{"rendered":"Traductor alem\u00e1n"},"content":{"rendered":"\n<div class=\"wp-block-group alignfull has-global-padding is-layout-constrained wp-container-core-group-is-layout-020e0ace wp-block-group-is-layout-constrained\" style=\"padding-top:var(--wp--preset--spacing--60);padding-right:var(--wp--preset--spacing--40);padding-bottom:var(--wp--preset--spacing--60);padding-left:var(--wp--preset--spacing--40)\">\n<div class=\"wp-block-group alignwide is-vertical is-content-justification-center is-layout-flex wp-container-core-group-is-layout-fa38c63a wp-block-group-is-layout-flex\" style=\"min-height:50vh\">\n<h1 class=\"wp-block-heading has-text-align-center\" style=\"font-size:clamp(46.987px, 2.937rem + ((1vw - 3.2px) * 4.413), 92px);\">Ojo: meter palabras en Google Translate no te hace biling\u00fce<\/h1>\n\n\n\n<p class=\"has-text-align-center\" style=\"font-size:clamp(14.642px, 0.915rem + ((1vw - 3.2px) * 0.721), 22px);\">\u00bfNecesitas una traducci\u00f3n en alem\u00e1n? Fant\u00e1stico. Pero si tu plan es usar un traductor autom\u00e1tico y cruzar los dedos, prep\u00e1rate para el desastre. El alem\u00e1n no es solo un idioma, es un deporte extremo ling\u00fc\u00edstico. Palabras de 20 letras, gram\u00e1tica de otro planeta y significados que pueden hacer que \u00abbienvenido\u00bb suene como una amenaza. \u00bfSeguro que quieres arriesgarte?<\/p>\n\n\n\n<div class=\"wp-block-buttons is-content-justification-center is-layout-flex wp-container-core-buttons-is-layout-d234f690 wp-block-buttons-is-layout-flex\" style=\"margin-top:var(--wp--preset--spacing--50);margin-bottom:var(--wp--preset--spacing--50)\">\n<div class=\"wp-block-button has-custom-font-size has-large-font-size\"><a class=\"wp-block-button__link has-accent-1-background-color has-background wp-element-button\" href=\"https:\/\/euro-text.com\/contacto\/\" style=\"box-shadow:var(--wp--preset--shadow--natural)\">CONTACTAR<\/a><\/div>\n<\/div>\n<\/div>\n<\/div>\n\n\n\n<div class=\"wp-block-group alignfull has-custom-color-1-gradient-background has-background has-global-padding is-layout-constrained wp-container-core-group-is-layout-94e519ba wp-block-group-is-layout-constrained\" style=\"padding-top:var(--wp--preset--spacing--80);padding-right:var(--wp--preset--spacing--40);padding-bottom:var(--wp--preset--spacing--80);padding-left:var(--wp--preset--spacing--40)\">\n<h2 class=\"wp-block-heading\" style=\"font-size:clamp(27.894px, 1.743rem + ((1vw - 3.2px) * 1.971), 48px);\">\u00abIch liebe dich\u00bb no significa \u00abhazme un bocadillo\u00bb<\/h2>\n\n\n\n<p>El alem\u00e1n no se trata de poner \u00ab-en\u00bb al final de las palabras y esperar que funcione. Un fallo en la traducci\u00f3n y tu oferta de trabajo puede parecer una amenaza de despido. Un eslogan mal interpretado y en lugar de inspirar confianza, te conviertes en meme.<\/p>\n\n\n\n<p>Nosotros hacemos que tu mensaje suene aut\u00e9ntico, profesional y sin verg\u00fcenzas ling\u00fc\u00edsticas. Nada de traducciones de ciencia ficci\u00f3n. Nada de frases que parecen conjurar un hechizo. Solo textos que los alemanes realmente entienden (y que no los har\u00e1n huir).<\/p>\n\n\n\n<p>\u00bfListo para entrar en el mercado alem\u00e1n sin hacer el rid\u00edculo?<\/p>\n<\/div>\n\n\n\n<div class=\"wp-block-group alignfull has-global-padding is-layout-constrained wp-container-core-group-is-layout-94e519ba wp-block-group-is-layout-constrained\" style=\"padding-top:var(--wp--preset--spacing--80);padding-right:var(--wp--preset--spacing--40);padding-bottom:var(--wp--preset--spacing--80);padding-left:var(--wp--preset--spacing--40)\">\n<h2 class=\"wp-block-heading\" style=\"font-size:clamp(27.894px, 1.743rem + ((1vw - 3.2px) * 1.971), 48px);\">Expertos en traducci\u00f3n de alem\u00e1n<\/h2>\n\n\n\n<p>En Eurotext, nos especializamos en traducci\u00f3n de alem\u00e1n en una amplia variedad de sectores, ajustando cada proyecto a tus necesidades y objetivos espec\u00edficos:<\/p>\n\n\n\n<ul class=\"wp-block-list\">\n<li><strong>Comercial<\/strong>: Contratos, acuerdos de negocio, correspondencia internacional.<\/li>\n\n\n\n<li><strong>Legal<\/strong>: Documentos oficiales, acuerdos judiciales, certificados notariales.<\/li>\n\n\n\n<li><strong>T\u00e9cnico<\/strong>: Manuales, especificaciones de productos, informes t\u00e9cnicos.<\/li>\n\n\n\n<li><strong>Digital<\/strong>: P\u00e1ginas web, blogs, aplicaciones m\u00f3viles, contenido multimedia.<\/li>\n<\/ul>\n\n\n\n<p>Nuestros traductores nativos no solo dominan el idioma alem\u00e1n, sino que tambi\u00e9n comprenden a fondo las terminolog\u00edas espec\u00edficas de cada sector, garantizando que cada texto cumpla con los requisitos del p\u00fablico alem\u00e1n.<\/p>\n<\/div>\n\n\n\n<div class=\"wp-block-group alignfull has-custom-color-1-gradient-background has-background has-global-padding is-layout-constrained wp-container-core-group-is-layout-94e519ba wp-block-group-is-layout-constrained\" style=\"padding-top:var(--wp--preset--spacing--80);padding-right:var(--wp--preset--spacing--40);padding-bottom:var(--wp--preset--spacing--80);padding-left:var(--wp--preset--spacing--40)\">\n<h2 class=\"wp-block-heading\" style=\"font-size:clamp(27.894px, 1.743rem + ((1vw - 3.2px) * 1.971), 48px);\">\u00bfPor qu\u00e9 elegir Eurotext para tus traducciones de alem\u00e1n?<\/h2>\n\n\n\n<ul class=\"wp-block-list\">\n<li><strong>Traductores nativos<\/strong>: Profesionales de habla alemana con una comprensi\u00f3n profunda de las particularidades culturales y ling\u00fc\u00edsticas del idioma.<\/li>\n\n\n\n<li><strong>Especializaci\u00f3n profesional<\/strong>: Traductores expertos en \u00e1reas t\u00e9cnicas, legales y comerciales que aseguran la precisi\u00f3n y calidad de cada proyecto.<\/li>\n\n\n\n<li><strong>Certificaci\u00f3n ISO 17100<\/strong>: Cada traducci\u00f3n sigue los m\u00e1s altos est\u00e1ndares internacionales de calidad.<\/li>\n\n\n\n<li><strong>Atenci\u00f3n cercana desde Valladolid<\/strong>: Ofrecemos un servicio personalizado que entiende tus tiempos y requisitos espec\u00edficos.<\/li>\n<\/ul>\n\n\n\n<p>Evita el riesgo de trabajar con traducciones imprecisas. Un mensaje mal traducido puede perjudicar tu imagen o generar malentendidos costosos. En Eurotext, nos aseguramos de que tu mensaje se transmita con claridad y exactitud en alem\u00e1n.<\/p>\n<\/div>\n\n\n\n<div class=\"wp-block-group alignfull has-global-padding is-layout-constrained wp-container-core-group-is-layout-94e519ba wp-block-group-is-layout-constrained\" style=\"padding-top:var(--wp--preset--spacing--80);padding-right:var(--wp--preset--spacing--40);padding-bottom:var(--wp--preset--spacing--80);padding-left:var(--wp--preset--spacing--40)\">\n<h2 class=\"wp-block-heading\" style=\"font-size:clamp(27.894px, 1.743rem + ((1vw - 3.2px) * 1.971), 48px);\">Servicios destacados en alem\u00e1n<\/h2>\n\n\n\n<p>Te proporcionamos soluciones completas para que tu presencia en el mercado de habla alemana sea exitosa:<\/p>\n\n\n\n<ul class=\"wp-block-list\">\n<li><strong>Interpretaci\u00f3n<\/strong>: Servicios de interpretaci\u00f3n en eventos internacionales, con opciones de interpretaci\u00f3n simult\u00e1nea, consecutiva o chuchotage, adem\u00e1s de soporte t\u00e9cnico como cabinas de traducci\u00f3n o subtitulado en tiempo real.<\/li>\n\n\n\n<li><strong>Traducci\u00f3n jurada<\/strong>: Traducci\u00f3n certificada de documentos oficiales como certificados de nacimiento, contratos o acuerdos legales, realizada por traductores acreditados.<\/li>\n\n\n\n<li><strong>Traducci\u00f3n de p\u00e1ginas web:<\/strong> Adaptamos tu p\u00e1gina web, tienda online o blog al alem\u00e1n, optimizando el contenido para plataformas como WordPress, Prestashop o Magento, e incluso traduciendo c\u00f3digos como XML o HTML.<\/li>\n<\/ul>\n<\/div>\n\n\n\n<div class=\"wp-block-group alignfull has-base-color has-text-color has-background has-link-color wp-elements-22b35697a1c638e1618f734364425a10 has-global-padding is-layout-constrained wp-container-core-group-is-layout-11f9da37 wp-block-group-is-layout-constrained\" style=\"background:linear-gradient(0deg,rgb(0,78,82) 0%,rgb(111,192,194) 100%);margin-top:0;margin-bottom:0;padding-top:var(--wp--preset--spacing--80);padding-right:var(--wp--preset--spacing--40);padding-bottom:var(--wp--preset--spacing--80);padding-left:var(--wp--preset--spacing--40)\">\n<h2 class=\"wp-block-heading has-text-align-center has-base-color has-text-color has-link-color has-xx-large-font-size wp-elements-54cd29332d002ab12d5130af96afcffe\">Alem\u00e1n sin frases de terror<\/h2>\n\n\n\n<p class=\"has-text-align-center has-large-font-size\">No, el alem\u00e1n no es solo decir palabras con cara de enfado. No, no puedes inventarte palabras y esperar que cuelen. Un fallo en la traducci\u00f3n y puedes pasar de ofrecer \u00abproductos artesanales\u00bb a vender \u00abobjetos sospechosos\u00bb. D\u00e9jalo en manos de profesionales.<\/p>\n\n\n\n<div class=\"wp-block-buttons is-content-justification-center is-layout-flex wp-container-core-buttons-is-layout-a6d9f191 wp-block-buttons-is-layout-flex\" style=\"margin-top:var(--wp--preset--spacing--40);margin-bottom:var(--wp--preset--spacing--40)\">\n<div class=\"wp-block-button\"><a class=\"wp-block-button__link has-accent-2-background-color has-background wp-element-button\" href=\"https:\/\/euro-text.com\/contacto\/\" style=\"box-shadow:var(--wp--preset--shadow--deep)\">CONTACTAR<\/a><\/div>\n<\/div>\n<\/div>\n","protected":false},"excerpt":{"rendered":"<p>Palabras de 20 letras, gram\u00e1tica y pronunciaci\u00f3n de otro planeta. Nos necesitas.<\/p>\n","protected":false},"author":2,"featured_media":0,"parent":234,"menu_order":0,"comment_status":"closed","ping_status":"closed","template":"page-no-title","meta":{"_seopress_robots_primary_cat":"","_seopress_titles_title":"","_seopress_titles_desc":"","_seopress_robots_index":"","footnotes":""},"class_list":["post-537","page","type-page","status-publish","hentry"],"_links":{"self":[{"href":"https:\/\/euro-text.com\/es\/wp-json\/wp\/v2\/pages\/537","targetHints":{"allow":["GET"]}}],"collection":[{"href":"https:\/\/euro-text.com\/es\/wp-json\/wp\/v2\/pages"}],"about":[{"href":"https:\/\/euro-text.com\/es\/wp-json\/wp\/v2\/types\/page"}],"author":[{"embeddable":true,"href":"https:\/\/euro-text.com\/es\/wp-json\/wp\/v2\/users\/2"}],"replies":[{"embeddable":true,"href":"https:\/\/euro-text.com\/es\/wp-json\/wp\/v2\/comments?post=537"}],"version-history":[{"count":10,"href":"https:\/\/euro-text.com\/es\/wp-json\/wp\/v2\/pages\/537\/revisions"}],"predecessor-version":[{"id":830,"href":"https:\/\/euro-text.com\/es\/wp-json\/wp\/v2\/pages\/537\/revisions\/830"}],"up":[{"embeddable":true,"href":"https:\/\/euro-text.com\/es\/wp-json\/wp\/v2\/pages\/234"}],"wp:attachment":[{"href":"https:\/\/euro-text.com\/es\/wp-json\/wp\/v2\/media?parent=537"}],"curies":[{"name":"wp","href":"https:\/\/api.w.org\/{rel}","templated":true}]}}