{"id":556,"date":"2025-03-18T20:16:09","date_gmt":"2025-03-18T19:16:09","guid":{"rendered":"https:\/\/euro-text.com\/?page_id=556"},"modified":"2025-03-22T14:33:24","modified_gmt":"2025-03-22T13:33:24","slug":"traductor-frances","status":"publish","type":"page","link":"https:\/\/euro-text.com\/es\/idiomas\/traductor-frances\/","title":{"rendered":"Traductor franc\u00e9s"},"content":{"rendered":"\n<div class=\"wp-block-group alignfull has-global-padding is-layout-constrained wp-container-core-group-is-layout-020e0ace wp-block-group-is-layout-constrained\" style=\"padding-top:var(--wp--preset--spacing--60);padding-right:var(--wp--preset--spacing--40);padding-bottom:var(--wp--preset--spacing--60);padding-left:var(--wp--preset--spacing--40)\">\n<div class=\"wp-block-group alignwide is-vertical is-content-justification-center is-layout-flex wp-container-core-group-is-layout-fa38c63a wp-block-group-is-layout-flex\" style=\"min-height:50vh\">\n<h1 class=\"wp-block-heading has-text-align-center\" style=\"font-size:clamp(46.987px, 2.937rem + ((1vw - 3.2px) * 4.413), 92px);\">Que tu franc\u00e9s suene a Dior, no a traducci\u00f3n de souvenir barato<\/h1>\n\n\n\n<p class=\"has-text-align-center\" style=\"font-size:clamp(14.642px, 0.915rem + ((1vw - 3.2px) * 0.721), 22px);\">\u00bfNecesitas una traducci\u00f3n en franc\u00e9s? Magnifique. Pero si tu estrategia es meter un \u00abLe\u00bb delante de todo y esperar que suene elegante, mejor pi\u00e9nsalo dos veces. El franc\u00e9s es el idioma de la diplomacia, la moda y los debates acalorados\u2026 pero si lo traduces mal, tu mensaje puede pasar de exclusivo a digno de una pizarra de bar tur\u00edstico.<\/p>\n\n\n\n<div class=\"wp-block-buttons is-content-justification-center is-layout-flex wp-container-core-buttons-is-layout-d234f690 wp-block-buttons-is-layout-flex\" style=\"margin-top:var(--wp--preset--spacing--50);margin-bottom:var(--wp--preset--spacing--50)\">\n<div class=\"wp-block-button has-custom-font-size has-large-font-size\"><a class=\"wp-block-button__link has-accent-1-background-color has-background wp-element-button\" href=\"https:\/\/euro-text.com\/contacto\/\" style=\"box-shadow:var(--wp--preset--shadow--natural)\">CONTACTAR<\/a><\/div>\n<\/div>\n<\/div>\n<\/div>\n\n\n\n<div class=\"wp-block-group alignfull has-custom-color-1-gradient-background has-background has-global-padding is-layout-constrained wp-container-core-group-is-layout-94e519ba wp-block-group-is-layout-constrained\" style=\"padding-top:var(--wp--preset--spacing--80);padding-right:var(--wp--preset--spacing--40);padding-bottom:var(--wp--preset--spacing--80);padding-left:var(--wp--preset--spacing--40)\">\n<h2 class=\"wp-block-heading\" style=\"font-size:clamp(27.894px, 1.743rem + ((1vw - 3.2px) * 1.971), 48px);\">Un \u00abcroissant\u00bb y un \u00abooh l\u00e0 l\u00e0\u00bb no te hacen parisino<\/h2>\n\n\n\n<p>No, el franc\u00e9s no es espa\u00f1ol con \u00ab\u00e9\u00bb y \u00ab\u00e0\u00bb estrat\u00e9gicamente colocadas. No, no puedes traducir palabra por palabra y esperar que funcione. Un fallo y tu eslogan puede pasar de \u00ablujo exclusivo\u00bb a \u00abdesastre confuso\u00bb. Una mala interpretaci\u00f3n y tu marca sonar\u00e1 m\u00e1s a pel\u00edcula de los Monty Python que a empresa seria.<\/p>\n\n\n\n<p>Nosotros hacemos que tu mensaje suene natural, profesional y sin riesgo de acabar en un hilo de \u00abtraducciones que dan risa\u00bb. Nada de textos que parecen escritos por un turista con un diccionario de bolsillo. Nada de frases que suenan a traducci\u00f3n autom\u00e1tica con acento raro. Solo textos que los franc\u00f3fonos realmente entienden (y que no te har\u00e1n quedar como un personaje de comedia).<\/p>\n\n\n\n<p>\u00bfListo para conquistar Francia sin parecer un turista perdido en un boulangerie?<\/p>\n<\/div>\n\n\n\n<div class=\"wp-block-group alignfull has-global-padding is-layout-constrained wp-container-core-group-is-layout-94e519ba wp-block-group-is-layout-constrained\" style=\"padding-top:var(--wp--preset--spacing--80);padding-right:var(--wp--preset--spacing--40);padding-bottom:var(--wp--preset--spacing--80);padding-left:var(--wp--preset--spacing--40)\">\n<h2 class=\"wp-block-heading\" style=\"font-size:clamp(27.894px, 1.743rem + ((1vw - 3.2px) * 1.971), 48px);\">Somos aut\u00e9nticos especialistas en traducci\u00f3n de franc\u00e9s<\/h2>\n\n\n\n<p>En Eurotext, traducimos el franc\u00e9s con precisi\u00f3n y nos adaptamos a las necesidades espec\u00edficas de cada proyecto. Nos especializamos en los siguientes sectores:<\/p>\n\n\n\n<ul class=\"wp-block-list\">\n<li><strong>Comercial<\/strong>: Contratos, propuestas de negocio, correspondencia internacional.<\/li>\n\n\n\n<li><strong>Legal<\/strong>: Documentos oficiales, acuerdos legales, certificados notariales.<\/li>\n\n\n\n<li><strong>T\u00e9cnico<\/strong>: Manuales, informes t\u00e9cnicos, gu\u00edas de usuario.<\/li>\n\n\n\n<li><strong>Digital<\/strong>: P\u00e1ginas web, blogs, aplicaciones m\u00f3viles, contenido multimedia.<\/li>\n<\/ul>\n\n\n\n<p>Nuestros traductores especializados conocen al detalle la terminolog\u00eda de sectores como el comercio, la ingenier\u00eda, el derecho o la tecnolog\u00eda, garantizando que tu mensaje cumpla con las convenciones ling\u00fc\u00edsticas del mercado franc\u00f3fono.<\/p>\n<\/div>\n\n\n\n<div class=\"wp-block-group alignfull has-custom-color-1-gradient-background has-background has-global-padding is-layout-constrained wp-container-core-group-is-layout-94e519ba wp-block-group-is-layout-constrained\" style=\"padding-top:var(--wp--preset--spacing--80);padding-right:var(--wp--preset--spacing--40);padding-bottom:var(--wp--preset--spacing--80);padding-left:var(--wp--preset--spacing--40)\">\n<h2 class=\"wp-block-heading\" style=\"font-size:clamp(27.894px, 1.743rem + ((1vw - 3.2px) * 1.971), 48px);\">\u00bfPor qu\u00e9 elegir Eurotext para tus traducciones de franc\u00e9s?<\/h2>\n\n\n\n<ul class=\"wp-block-list\">\n<li><strong>Traductores nativos<\/strong>: Hablantes nativos del franc\u00e9s que dominan tanto el idioma como las sutilezas culturales, adapt\u00e1ndose a las necesidades del mercado espa\u00f1ol.<\/li>\n\n\n\n<li><strong>Especializaci\u00f3n profesional<\/strong>: Traductores con experiencia en \u00e1reas t\u00e9cnicas y legales, lo que asegura que cada traducci\u00f3n sea precisa y de alta calidad.<\/li>\n\n\n\n<li><strong>Certificaci\u00f3n ISO 17100<\/strong>: Cada traducci\u00f3n cumple con los m\u00e1s altos est\u00e1ndares internacionales de calidad, asegurando fiabilidad y consistencia.<\/li>\n\n\n\n<li><strong>Servicio cercano desde Valladolid<\/strong>: Te ofrecemos atenci\u00f3n personalizada, comprendiendo tus plazos y necesidades espec\u00edficas.<\/li>\n<\/ul>\n\n\n\n<p>No pongas en riesgo tus traducciones con profesionales poco cualificados. Un mensaje mal traducido puede da\u00f1ar tu reputaci\u00f3n o generar malentendidos costosos. En Eurotext, nos aseguramos de que tu mensaje sea claro y preciso en franc\u00e9s, evitando errores y garantizando resultados \u00f3ptimos.<\/p>\n<\/div>\n\n\n\n<div class=\"wp-block-group alignfull has-global-padding is-layout-constrained wp-container-core-group-is-layout-94e519ba wp-block-group-is-layout-constrained\" style=\"padding-top:var(--wp--preset--spacing--80);padding-right:var(--wp--preset--spacing--40);padding-bottom:var(--wp--preset--spacing--80);padding-left:var(--wp--preset--spacing--40)\">\n<h2 class=\"wp-block-heading\" style=\"font-size:clamp(27.894px, 1.743rem + ((1vw - 3.2px) * 1.971), 48px);\">Servicios destacados en franc\u00e9s<\/h2>\n\n\n\n<p>Te ofrecemos soluciones completas para que el franc\u00e9s te ayude a ampliar tu presencia en mercados internacionales:<\/p>\n\n\n\n<ul class=\"wp-block-list\">\n<li><strong>Interpretaci\u00f3n<\/strong>: Servicios de interpretaci\u00f3n presencial para eventos, con opciones de interpretaci\u00f3n simult\u00e1nea, consecutiva o chuchotage, y soporte t\u00e9cnico como cabinas de traducci\u00f3n o subtitulado en tiempo real.<\/li>\n\n\n\n<li><strong>Traducci\u00f3n jurada<\/strong>: Traducci\u00f3n certificada de documentos oficiales, como certificados de nacimiento, t\u00edtulos acad\u00e9micos o contratos, gestionada por traductores acreditados por el Ministerio de Asuntos Exteriores y Cooperaci\u00f3n.<\/li>\n\n\n\n<li><strong>Traducci\u00f3n de p\u00e1ginas web<\/strong>: Adaptamos tu p\u00e1gina web, tienda online o blog al franc\u00e9s, optimizando el contenido para plataformas como WordPress, Prestashop o Magento, y traduciendo incluso c\u00f3digos como XML o HTML.<\/li>\n<\/ul>\n<\/div>\n\n\n\n<div class=\"wp-block-group alignfull has-base-color has-text-color has-background has-link-color wp-elements-9266b1964def16e0dad79cb15a45762a has-global-padding is-layout-constrained wp-container-core-group-is-layout-11f9da37 wp-block-group-is-layout-constrained\" style=\"background:linear-gradient(0deg,rgb(0,78,82) 0%,rgb(111,192,194) 100%);margin-top:0;margin-bottom:0;padding-top:var(--wp--preset--spacing--80);padding-right:var(--wp--preset--spacing--40);padding-bottom:var(--wp--preset--spacing--80);padding-left:var(--wp--preset--spacing--40)\">\n<h2 class=\"wp-block-heading has-text-align-center has-base-color has-text-color has-link-color has-xx-large-font-size wp-elements-5ed21fe4fb4d30603023be1d8266d4ac\">Que tu marca diga \u00abchic\u00bb y no \u00abdesastre ling\u00fc\u00edstico\u00bb<\/h2>\n\n\n\n<p class=\"has-text-align-center has-large-font-size\">Traducciones con estilo, precisi\u00f3n y ese &#8216;je ne sais quoi&#8217; que tu marca necesita. Hablemos.<\/p>\n\n\n\n<div class=\"wp-block-buttons is-content-justification-center is-layout-flex wp-container-core-buttons-is-layout-a6d9f191 wp-block-buttons-is-layout-flex\" style=\"margin-top:var(--wp--preset--spacing--40);margin-bottom:var(--wp--preset--spacing--40)\">\n<div class=\"wp-block-button\"><a class=\"wp-block-button__link has-accent-2-background-color has-background wp-element-button\" href=\"https:\/\/euro-text.com\/contacto\/\" style=\"box-shadow:var(--wp--preset--shadow--deep)\">CONTACTAR<\/a><\/div>\n<\/div>\n<\/div>\n","protected":false},"excerpt":{"rendered":"<p>El franc\u00e9s es el idioma de la diplomacia, la moda y los debates acalorados&#8230; mantengamos la elegancia sin fallos.<\/p>\n","protected":false},"author":2,"featured_media":0,"parent":234,"menu_order":0,"comment_status":"closed","ping_status":"closed","template":"page-no-title","meta":{"_seopress_robots_primary_cat":"","_seopress_titles_title":"","_seopress_titles_desc":"","_seopress_robots_index":"","footnotes":""},"class_list":["post-556","page","type-page","status-publish","hentry"],"_links":{"self":[{"href":"https:\/\/euro-text.com\/es\/wp-json\/wp\/v2\/pages\/556","targetHints":{"allow":["GET"]}}],"collection":[{"href":"https:\/\/euro-text.com\/es\/wp-json\/wp\/v2\/pages"}],"about":[{"href":"https:\/\/euro-text.com\/es\/wp-json\/wp\/v2\/types\/page"}],"author":[{"embeddable":true,"href":"https:\/\/euro-text.com\/es\/wp-json\/wp\/v2\/users\/2"}],"replies":[{"embeddable":true,"href":"https:\/\/euro-text.com\/es\/wp-json\/wp\/v2\/comments?post=556"}],"version-history":[{"count":9,"href":"https:\/\/euro-text.com\/es\/wp-json\/wp\/v2\/pages\/556\/revisions"}],"predecessor-version":[{"id":873,"href":"https:\/\/euro-text.com\/es\/wp-json\/wp\/v2\/pages\/556\/revisions\/873"}],"up":[{"embeddable":true,"href":"https:\/\/euro-text.com\/es\/wp-json\/wp\/v2\/pages\/234"}],"wp:attachment":[{"href":"https:\/\/euro-text.com\/es\/wp-json\/wp\/v2\/media?parent=556"}],"curies":[{"name":"wp","href":"https:\/\/api.w.org\/{rel}","templated":true}]}}