{"id":573,"date":"2025-03-18T20:46:40","date_gmt":"2025-03-18T19:46:40","guid":{"rendered":"https:\/\/euro-text.com\/?page_id=573"},"modified":"2025-03-22T14:55:30","modified_gmt":"2025-03-22T13:55:30","slug":"traductor-italiano","status":"publish","type":"page","link":"https:\/\/euro-text.com\/es\/idiomas\/traductor-italiano\/","title":{"rendered":"Traductor italiano"},"content":{"rendered":"\n<div class=\"wp-block-group alignfull has-global-padding is-layout-constrained wp-container-core-group-is-layout-020e0ace wp-block-group-is-layout-constrained\" style=\"padding-top:var(--wp--preset--spacing--60);padding-right:var(--wp--preset--spacing--40);padding-bottom:var(--wp--preset--spacing--60);padding-left:var(--wp--preset--spacing--40)\">\n<div class=\"wp-block-group alignwide is-vertical is-content-justification-center is-layout-flex wp-container-core-group-is-layout-fa38c63a wp-block-group-is-layout-flex\" style=\"min-height:50vh\">\n<h1 class=\"wp-block-heading has-text-align-center\" style=\"font-size:clamp(46.987px, 2.937rem + ((1vw - 3.2px) * 4.413), 92px);\">Que tu italiano no suene a receta improvisada en un reality de cocina cutre<\/h1>\n\n\n\n<p class=\"has-text-align-center\" style=\"font-size:clamp(14.642px, 0.915rem + ((1vw - 3.2px) * 0.721), 22px);\">\u00bfNecesitas una traducci\u00f3n en italiano? Fant\u00e1stico! Pero cuidado, que un desliz y en lugar de ofrecer innovaci\u00f3n tecnol\u00f3gica, parecer\u00e1 que est\u00e1s promocionando una receta secreta de la nonna. El italiano es el idioma de la \u00f3pera, la moda y las discusiones apasionadas\u2026 pero si lo traduces mal, puedes acabar diciendo algo que har\u00eda que un chef italiano rompiera los espaguetis antes de hervirlos (un sacrilegio).<\/p>\n\n\n\n<div class=\"wp-block-buttons is-content-justification-center is-layout-flex wp-container-core-buttons-is-layout-d234f690 wp-block-buttons-is-layout-flex\" style=\"margin-top:var(--wp--preset--spacing--50);margin-bottom:var(--wp--preset--spacing--50)\">\n<div class=\"wp-block-button has-custom-font-size has-large-font-size\"><a class=\"wp-block-button__link has-accent-1-background-color has-background wp-element-button\" href=\"https:\/\/euro-text.com\/contacto\/\" style=\"box-shadow:var(--wp--preset--shadow--natural)\">CONTACTAR<\/a><\/div>\n<\/div>\n<\/div>\n<\/div>\n\n\n\n<div class=\"wp-block-group alignfull has-custom-color-1-gradient-background has-background has-global-padding is-layout-constrained wp-container-core-group-is-layout-94e519ba wp-block-group-is-layout-constrained\" style=\"padding-top:var(--wp--preset--spacing--80);padding-right:var(--wp--preset--spacing--40);padding-bottom:var(--wp--preset--spacing--80);padding-left:var(--wp--preset--spacing--40)\">\n<h2 class=\"wp-block-heading\" style=\"font-size:clamp(27.894px, 1.743rem + ((1vw - 3.2px) * 1.971), 48px);\">Un error y tu marca acaba vendiendo macarrones m\u00e1gicos<\/h2>\n\n\n\n<p>No, el italiano no es solo hablar con las manos y a\u00f1adir \u00abbella\u00bb a todo. No, no puedes confiar en un traductor autom\u00e1tico como si fuera tu profesor particular. Un error y puedes acabar vendiendo \u00abquesos misteriosos\u00bb en lugar de \u00absoftware avanzado\u00bb. Un eslogan mal interpretado y tu marca se convertir\u00e1 en la sensaci\u00f3n\u2026 pero en la categor\u00eda de \u00abcosas que nadie entiende\u00bb.<\/p>\n\n\n\n<p>Nosotros hacemos que tu mensaje suene natural, profesional y sin peligro de acabar en un recopilatorio de \u00abtraducciones que har\u00edan llorar a un ling\u00fcista\u00bb. Nada de frases que parecen escritas por un turista con exceso de confianza. Nada de textos que suenan a carta de restaurante con errores \u00e9picos. Solo textos que los italianos realmente entienden (y que no har\u00e1n que se persignen al leerlos).<\/p>\n\n\n\n<p>\u00bfListo para hablar italiano sin que tu marca suene a pel\u00edcula doblada de los a\u00f1os 50?<\/p>\n<\/div>\n\n\n\n<div class=\"wp-block-group alignfull has-global-padding is-layout-constrained wp-container-core-group-is-layout-94e519ba wp-block-group-is-layout-constrained\" style=\"padding-top:var(--wp--preset--spacing--80);padding-right:var(--wp--preset--spacing--40);padding-bottom:var(--wp--preset--spacing--80);padding-left:var(--wp--preset--spacing--40)\">\n<h2 class=\"wp-block-heading\" style=\"font-size:clamp(27.894px, 1.743rem + ((1vw - 3.2px) * 1.971), 48px);\">Expertos en traducci\u00f3n de italiano<\/h2>\n\n\n\n<p>En Eurotext, nos especializamos en la traducci\u00f3n de italiano con precisi\u00f3n, adapt\u00e1ndonos a las necesidades espec\u00edficas de cada proyecto. Nuestros traductores cuentan con experiencia en diversos sectores:<\/p>\n\n\n\n<ul class=\"wp-block-list\">\n<li><strong>Comercial<\/strong>: Contratos, acuerdos de negocio, correspondencia internacional.<\/li>\n\n\n\n<li><strong>Legal<\/strong>: Documentos oficiales, acuerdos judiciales, contratos notariales.<\/li>\n\n\n\n<li><strong>T\u00e9cnico<\/strong>: Manuales de instrucciones, gu\u00edas de usuario, informes t\u00e9cnicos.<\/li>\n\n\n\n<li><strong>Digital<\/strong>: P\u00e1ginas web, blogs, contenido multimedia.<\/li>\n<\/ul>\n\n\n\n<p>Nuestros traductores dominan la terminolog\u00eda de \u00e1reas tan diversas como el derecho, la ingenier\u00eda, el comercio o la tecnolog\u00eda, asegurando que cada traducci\u00f3n sea coherente con las convenciones del mercado italiano.<\/p>\n<\/div>\n\n\n\n<div class=\"wp-block-group alignfull has-custom-color-1-gradient-background has-background has-global-padding is-layout-constrained wp-container-core-group-is-layout-94e519ba wp-block-group-is-layout-constrained\" style=\"padding-top:var(--wp--preset--spacing--80);padding-right:var(--wp--preset--spacing--40);padding-bottom:var(--wp--preset--spacing--80);padding-left:var(--wp--preset--spacing--40)\">\n<h2 class=\"wp-block-heading\" style=\"font-size:clamp(27.894px, 1.743rem + ((1vw - 3.2px) * 1.971), 48px);\">\u00bfPor qu\u00e9 elegir Eurotext para tus traducciones de italiano?<\/h2>\n\n\n\n<ul class=\"wp-block-list\">\n<li><strong>Traductores nativos<\/strong>: Traductores nativos de italiano que conocen tanto el idioma como los matices culturales, adapt\u00e1ndose perfectamente a las particularidades del p\u00fablico italiano.<\/li>\n\n\n\n<li><strong>Especializaci\u00f3n profesional<\/strong>: Expertos en diversos sectores, que aseguran que tu mensaje sea transmitido con total precisi\u00f3n y profesionalidad.<\/li>\n\n\n\n<li><strong>Certificaci\u00f3n ISO 17100<\/strong>: Cumplimos con los est\u00e1ndares internacionales de calidad para que todas las traducciones tengan la m\u00e1xima fiabilidad.<\/li>\n\n\n\n<li><strong>Servicio cercano desde Valladolid<\/strong>: Atenci\u00f3n personalizada que entiende tus plazos y necesidades, y se adapta a tus objetivos.<\/li>\n<\/ul>\n\n\n\n<p>No dejes tu mensaje en manos de traducciones imprecisas. Un error en la traducci\u00f3n puede perjudicar tu imagen o causar malentendidos costosos. En Eurotext, nos aseguramos de que cada palabra se traduzca con exactitud para ayudarte a alcanzar el \u00e9xito.<\/p>\n<\/div>\n\n\n\n<div class=\"wp-block-group alignfull has-global-padding is-layout-constrained wp-container-core-group-is-layout-94e519ba wp-block-group-is-layout-constrained\" style=\"padding-top:var(--wp--preset--spacing--80);padding-right:var(--wp--preset--spacing--40);padding-bottom:var(--wp--preset--spacing--80);padding-left:var(--wp--preset--spacing--40)\">\n<h2 class=\"wp-block-heading\" style=\"font-size:clamp(27.894px, 1.743rem + ((1vw - 3.2px) * 1.971), 48px);\">Servicios destacados en italiano<\/h2>\n\n\n\n<p>Ofrecemos una gama completa de servicios para que el italiano se convierta en una herramienta poderosa a tu favor:<\/p>\n\n\n\n<ul class=\"wp-block-list\">\n<li><strong>Interpretaci\u00f3n<\/strong>: Servicios de interpretaci\u00f3n para eventos internacionales, con opciones de interpretaci\u00f3n simult\u00e1nea, consecutiva o chuchotage, as\u00ed como soporte t\u00e9cnico con cabinas de traducci\u00f3n o subtitulado en tiempo real.<\/li>\n\n\n\n<li><strong>Traducci\u00f3n jurada<\/strong>: Traducci\u00f3n oficial de documentos como certificados de nacimiento, contratos o t\u00edtulos acad\u00e9micos, gestionada por traductores acreditados por el Ministerio de Asuntos Exteriores.<\/li>\n\n\n\n<li><strong>Traducci\u00f3n de p\u00e1ginas web<\/strong>: Adaptamos tu sitio web, tienda online o blog al italiano, optimizando contenido para plataformas como WordPress, Prestashop o Magento, e incluso traduciendo c\u00f3digos como XML o HTML.<\/li>\n<\/ul>\n<\/div>\n\n\n\n<div class=\"wp-block-group alignfull has-base-color has-text-color has-background has-link-color wp-elements-fe24663ec0e652beef9f6f0a5f22d834 has-global-padding is-layout-constrained wp-container-core-group-is-layout-11f9da37 wp-block-group-is-layout-constrained\" style=\"background:linear-gradient(0deg,rgb(0,78,82) 0%,rgb(111,192,194) 100%);margin-top:0;margin-bottom:0;padding-top:var(--wp--preset--spacing--80);padding-right:var(--wp--preset--spacing--40);padding-bottom:var(--wp--preset--spacing--80);padding-left:var(--wp--preset--spacing--40)\">\n<h2 class=\"wp-block-heading has-text-align-center has-base-color has-text-color has-link-color has-xx-large-font-size wp-elements-9619535ea7e3c55d5f55e8a8b46a5b8d\">Porque un error y tu empresa acaba vendiendo pizza con Wi-Fi<\/h2>\n\n\n\n<p class=\"has-text-align-center has-large-font-size\">Traducciones con sabor, sin desastres gramaticales y sin hacer llorar a ning\u00fan nonno. Hablemos.<\/p>\n\n\n\n<div class=\"wp-block-buttons is-content-justification-center is-layout-flex wp-container-core-buttons-is-layout-a6d9f191 wp-block-buttons-is-layout-flex\" style=\"margin-top:var(--wp--preset--spacing--40);margin-bottom:var(--wp--preset--spacing--40)\">\n<div class=\"wp-block-button\"><a class=\"wp-block-button__link has-accent-2-background-color has-background wp-element-button\" href=\"https:\/\/euro-text.com\/contacto\/\" style=\"box-shadow:var(--wp--preset--shadow--deep)\">CONTACTAR<\/a><\/div>\n<\/div>\n<\/div>\n","protected":false},"excerpt":{"rendered":"<p>Si lo traduces mal, puedes acabar diciendo algo que har\u00eda que un chef italiano rompiera los espaguetis antes de hervirlos.<\/p>\n","protected":false},"author":2,"featured_media":0,"parent":234,"menu_order":0,"comment_status":"closed","ping_status":"closed","template":"page-no-title","meta":{"_seopress_robots_primary_cat":"","_seopress_titles_title":"","_seopress_titles_desc":"","_seopress_robots_index":"","footnotes":""},"class_list":["post-573","page","type-page","status-publish","hentry"],"_links":{"self":[{"href":"https:\/\/euro-text.com\/es\/wp-json\/wp\/v2\/pages\/573","targetHints":{"allow":["GET"]}}],"collection":[{"href":"https:\/\/euro-text.com\/es\/wp-json\/wp\/v2\/pages"}],"about":[{"href":"https:\/\/euro-text.com\/es\/wp-json\/wp\/v2\/types\/page"}],"author":[{"embeddable":true,"href":"https:\/\/euro-text.com\/es\/wp-json\/wp\/v2\/users\/2"}],"replies":[{"embeddable":true,"href":"https:\/\/euro-text.com\/es\/wp-json\/wp\/v2\/comments?post=573"}],"version-history":[{"count":10,"href":"https:\/\/euro-text.com\/es\/wp-json\/wp\/v2\/pages\/573\/revisions"}],"predecessor-version":[{"id":892,"href":"https:\/\/euro-text.com\/es\/wp-json\/wp\/v2\/pages\/573\/revisions\/892"}],"up":[{"embeddable":true,"href":"https:\/\/euro-text.com\/es\/wp-json\/wp\/v2\/pages\/234"}],"wp:attachment":[{"href":"https:\/\/euro-text.com\/es\/wp-json\/wp\/v2\/media?parent=573"}],"curies":[{"name":"wp","href":"https:\/\/api.w.org\/{rel}","templated":true}]}}