{"id":591,"date":"2025-03-18T20:57:13","date_gmt":"2025-03-18T19:57:13","guid":{"rendered":"https:\/\/euro-text.com\/?page_id=591"},"modified":"2025-03-22T15:38:26","modified_gmt":"2025-03-22T14:38:26","slug":"traductor-portugues","status":"publish","type":"page","link":"https:\/\/euro-text.com\/es\/idiomas\/traductor-portugues\/","title":{"rendered":"Traductor portugu\u00e9s"},"content":{"rendered":"\n<div class=\"wp-block-group alignfull has-global-padding is-layout-constrained wp-container-core-group-is-layout-020e0ace wp-block-group-is-layout-constrained\" style=\"padding-top:var(--wp--preset--spacing--60);padding-right:var(--wp--preset--spacing--40);padding-bottom:var(--wp--preset--spacing--60);padding-left:var(--wp--preset--spacing--40)\">\n<div class=\"wp-block-group alignwide is-vertical is-content-justification-center is-layout-flex wp-container-core-group-is-layout-fa38c63a wp-block-group-is-layout-flex\" style=\"min-height:50vh\">\n<h1 class=\"wp-block-heading has-text-align-center\" style=\"font-size:clamp(46.987px, 2.937rem + ((1vw - 3.2px) * 4.413), 92px);\">El \u00fanico \u00abDesafinado\u00bb del mundo que suena bien<\/h1>\n\n\n\n<p class=\"has-text-align-center\" style=\"font-size:clamp(14.642px, 0.915rem + ((1vw - 3.2px) * 0.721), 22px);\">El portugu\u00e9s es pura m\u00fasica, un equilibrio entre ritmo y cadencia\u2026 hasta que una mala traducci\u00f3n lo convierte en un bailar\u00edn con dos pies izquierdos. O peor, que suene a una canci\u00f3n de carnaval escrita en plena resaca. \u00bfVas a dejarlo al azar?<\/p>\n\n\n\n<div class=\"wp-block-buttons is-content-justification-center is-layout-flex wp-container-core-buttons-is-layout-d234f690 wp-block-buttons-is-layout-flex\" style=\"margin-top:var(--wp--preset--spacing--50);margin-bottom:var(--wp--preset--spacing--50)\">\n<div class=\"wp-block-button has-custom-font-size has-large-font-size\"><a class=\"wp-block-button__link has-accent-1-background-color has-background wp-element-button\" href=\"https:\/\/euro-text.com\/contacto\/\" style=\"box-shadow:var(--wp--preset--shadow--natural)\">CONTACTAR<\/a><\/div>\n<\/div>\n<\/div>\n<\/div>\n\n\n\n<div class=\"wp-block-group alignfull has-custom-color-1-gradient-background has-background has-global-padding is-layout-constrained wp-container-core-group-is-layout-94e519ba wp-block-group-is-layout-constrained\" style=\"padding-top:var(--wp--preset--spacing--80);padding-right:var(--wp--preset--spacing--40);padding-bottom:var(--wp--preset--spacing--80);padding-left:var(--wp--preset--spacing--40)\">\n<h2 class=\"wp-block-heading\" style=\"font-size:clamp(27.894px, 1.743rem + ((1vw - 3.2px) * 1.971), 48px);\">Porque un error y acabas vendiendo chanclas con garant\u00eda vitalicia<\/h2>\n\n\n\n<p>\u00a1Hey, t\u00fa! El portugu\u00e9s no es solo un idioma que se habla en el soleado Portugal y en la vibrante Brasil, \u00a1es una aut\u00e9ntica fiesta ling\u00fc\u00edstica que se extiende por varios rincones de \u00c1frica y Asia! Con m\u00e1s de 250 millones de hablantes, \u00a1es uno de los idiomas m\u00e1s poderosos del planeta! Si quieres conquistar mercados emergentes y hacer negocios a nivel internacional, este es el idioma que necesitas en tu arsenal.<\/p>\n\n\n\n<p>Aqu\u00ed somos unos cracks en traducci\u00f3n de portugu\u00e9s y te aseguramos que tu mensaje no solo llegar\u00e1 a su destino, \u00a1sino que har\u00e1 una entrada triunfal! Nuestro equipo de traductores nativos y especializados son unos verdaderos magos del idioma, dominando el portugu\u00e9s y el espa\u00f1ol como si fueran dos caras de la misma moneda. Conocen a la perfecci\u00f3n las sutilezas culturales y ling\u00fc\u00edsticas de cada variante, desde el elegante portugu\u00e9s europeo hasta el encantador brasile\u00f1o.<\/p>\n\n\n\n<p>\u00bfTienes documentos comerciales, legales o contenido digital que traducir? \u00a1Prep\u00e1rate para llevar tu mensaje a la gran familia de habla portuguesa! \u00a1Estamos listos y ansiosos para ayudarte a brillar!.<\/p>\n<\/div>\n\n\n\n<div class=\"wp-block-group alignfull has-global-padding is-layout-constrained wp-container-core-group-is-layout-94e519ba wp-block-group-is-layout-constrained\" style=\"padding-top:var(--wp--preset--spacing--80);padding-right:var(--wp--preset--spacing--40);padding-bottom:var(--wp--preset--spacing--80);padding-left:var(--wp--preset--spacing--40)\">\n<h2 class=\"wp-block-heading\" style=\"font-size:clamp(27.894px, 1.743rem + ((1vw - 3.2px) * 1.971), 48px);\">Somos aut\u00e9nticos especialistas en traducci\u00f3n de portugu\u00e9s<\/h2>\n\n\n\n<p>En Eurotext, adaptamos cada proyecto a tus necesidades espec\u00edficas, con traductores especializados en diversas \u00e1reas, lo que asegura que tu mensaje se transmita de manera precisa y efectiva:<\/p>\n\n\n\n<ul class=\"wp-block-list\">\n<li><strong>Comercial<\/strong>: Contratos, acuerdos de negocio, correspondencia internacional.<\/li>\n\n\n\n<li><strong>Legal<\/strong>: Documentos oficiales, acuerdos judiciales, contratos notariales.<\/li>\n\n\n\n<li><strong>T\u00e9cnico<\/strong>: Manuales de usuario, gu\u00edas de instalaci\u00f3n, informes t\u00e9cnicos.<\/li>\n\n\n\n<li><strong>Digital<\/strong>: P\u00e1ginas web, blogs, contenido de redes sociales.<\/li>\n<\/ul>\n\n\n\n<p>Nuestros traductores son expertos en la terminolog\u00eda de sectores como el derecho, la ingenier\u00eda, el comercio o la tecnolog\u00eda, lo que nos permite ofrecer traducciones que cumplen con las convenciones ling\u00fc\u00edsticas de los mercados lus\u00f3fonos.<\/p>\n<\/div>\n\n\n\n<div class=\"wp-block-group alignfull has-custom-color-1-gradient-background has-background has-global-padding is-layout-constrained wp-container-core-group-is-layout-94e519ba wp-block-group-is-layout-constrained\" style=\"padding-top:var(--wp--preset--spacing--80);padding-right:var(--wp--preset--spacing--40);padding-bottom:var(--wp--preset--spacing--80);padding-left:var(--wp--preset--spacing--40)\">\n<h2 class=\"wp-block-heading\" style=\"font-size:clamp(27.894px, 1.743rem + ((1vw - 3.2px) * 1.971), 48px);\">\u00bfPor qu\u00e9 elegir Eurotext para tus traducciones de portugu\u00e9s?<\/h2>\n\n\n\n<ul class=\"wp-block-list\">\n<li>Traductores nativos: Traductores nativos de portugu\u00e9s que dominan tanto el idioma como los matices culturales y ling\u00fc\u00edsticos del portugu\u00e9s europeo y brasile\u00f1o.<\/li>\n\n\n\n<li>Especializaci\u00f3n profesional: Traductores con experiencia en \u00e1reas t\u00e9cnicas, legales y comerciales, que aseguran que tu mensaje llegue con total precisi\u00f3n.<\/li>\n\n\n\n<li>Certificaci\u00f3n ISO 17100: Cumplimos con los est\u00e1ndares internacionales de calidad, asegurando que cada traducci\u00f3n sea rigurosa y fiable.<\/li>\n\n\n\n<li>Servicio cercano desde Valladolid: Atenci\u00f3n personalizada que entiende tus plazos y prioridades, siempre adapt\u00e1ndose a tus necesidades.<\/li>\n<\/ul>\n\n\n\n<p>No pongas en riesgo tu reputaci\u00f3n con traducciones imprecisas. Un error en la traducci\u00f3n puede generar malentendidos costosos y perjudicar tu imagen. En Eurotext, nos aseguramos de que tu mensaje sea fiel al original y eficaz en el idioma de destino.<\/p>\n<\/div>\n\n\n\n<div class=\"wp-block-group alignfull has-global-padding is-layout-constrained wp-container-core-group-is-layout-94e519ba wp-block-group-is-layout-constrained\" style=\"padding-top:var(--wp--preset--spacing--80);padding-right:var(--wp--preset--spacing--40);padding-bottom:var(--wp--preset--spacing--80);padding-left:var(--wp--preset--spacing--40)\">\n<h2 class=\"wp-block-heading\" style=\"font-size:clamp(27.894px, 1.743rem + ((1vw - 3.2px) * 1.971), 48px);\">Servicios destacados en portugu\u00e9s<\/h2>\n\n\n\n<p>Te ofrecemos soluciones completas para que el portugu\u00e9s sea un verdadero aliado en tus proyectos internacionales:<\/p>\n\n\n\n<ul class=\"wp-block-list\">\n<li><strong>Interpretaci\u00f3n<\/strong>: Servicios de interpretaci\u00f3n presencial para eventos internacionales, con opciones de interpretaci\u00f3n simult\u00e1nea, consecutiva o chuchotage. Adem\u00e1s, ofrecemos soporte t\u00e9cnico como cabinas de traducci\u00f3n y subtitulado en tiempo real.<\/li>\n\n\n\n<li><strong>Traducci\u00f3n jurada<\/strong>: Traducci\u00f3n oficial de documentos como certificados de nacimiento, contratos o t\u00edtulos acad\u00e9micos, realizada por traductores acreditados por el Ministerio de Asuntos Exteriores y Cooperaci\u00f3n.<\/li>\n\n\n\n<li><strong>Traducci\u00f3n de p\u00e1ginas web<\/strong>: Adaptamos tu sitio web, tienda online o blog al portugu\u00e9s, optimizando contenido para plataformas como WordPress, Prestashop o Magento, y tambi\u00e9n traduciendo c\u00f3digos como XML o HTML.<\/li>\n<\/ul>\n<\/div>\n\n\n\n<div class=\"wp-block-group alignfull has-base-color has-text-color has-background has-link-color wp-elements-40bf201418b6977a5b6b179481fcb552 has-global-padding is-layout-constrained wp-container-core-group-is-layout-11f9da37 wp-block-group-is-layout-constrained\" style=\"background:linear-gradient(0deg,rgb(0,78,82) 0%,rgb(111,192,194) 100%);margin-top:0;margin-bottom:0;padding-top:var(--wp--preset--spacing--80);padding-right:var(--wp--preset--spacing--40);padding-bottom:var(--wp--preset--spacing--80);padding-left:var(--wp--preset--spacing--40)\">\n<h2 class=\"wp-block-heading has-text-align-center has-base-color has-text-color has-link-color has-xx-large-font-size wp-elements-b640934ffad9afc3fdd4b01bef2d4623\">Portugu\u00e9s impecable, sin momentos \u00ab\u00bfO que \u00e9 isso?!\u00bb<\/h2>\n\n\n\n<p class=\"has-text-align-center has-large-font-size\">Aqu\u00ed nos aseguramos de que cada palabra tenga el ritmo perfecto, como una bossa nova bien afinada. Sin frases que den verg\u00fcenza ajena. Tu marca, lista para enamorar a Brasil y Portugal. \u00bfVamos nessa?<\/p>\n\n\n\n<div class=\"wp-block-buttons is-content-justification-center is-layout-flex wp-container-core-buttons-is-layout-a6d9f191 wp-block-buttons-is-layout-flex\" style=\"margin-top:var(--wp--preset--spacing--40);margin-bottom:var(--wp--preset--spacing--40)\">\n<div class=\"wp-block-button\"><a class=\"wp-block-button__link has-accent-2-background-color has-background wp-element-button\" href=\"https:\/\/euro-text.com\/contacto\/\" style=\"box-shadow:var(--wp--preset--shadow--deep)\">CONTACTAR<\/a><\/div>\n<\/div>\n<\/div>\n","protected":false},"excerpt":{"rendered":"<p>El portugu\u00e9s es pura m\u00fasica, el \u00fanico \u00abdesafinado\u00bb del mundo que suena bien. Es porque lo hacen profesionales.<\/p>\n","protected":false},"author":2,"featured_media":0,"parent":234,"menu_order":0,"comment_status":"closed","ping_status":"closed","template":"page-no-title","meta":{"_seopress_robots_primary_cat":"","_seopress_titles_title":"","_seopress_titles_desc":"","_seopress_robots_index":"","footnotes":""},"class_list":["post-591","page","type-page","status-publish","hentry"],"_links":{"self":[{"href":"https:\/\/euro-text.com\/es\/wp-json\/wp\/v2\/pages\/591","targetHints":{"allow":["GET"]}}],"collection":[{"href":"https:\/\/euro-text.com\/es\/wp-json\/wp\/v2\/pages"}],"about":[{"href":"https:\/\/euro-text.com\/es\/wp-json\/wp\/v2\/types\/page"}],"author":[{"embeddable":true,"href":"https:\/\/euro-text.com\/es\/wp-json\/wp\/v2\/users\/2"}],"replies":[{"embeddable":true,"href":"https:\/\/euro-text.com\/es\/wp-json\/wp\/v2\/comments?post=591"}],"version-history":[{"count":9,"href":"https:\/\/euro-text.com\/es\/wp-json\/wp\/v2\/pages\/591\/revisions"}],"predecessor-version":[{"id":913,"href":"https:\/\/euro-text.com\/es\/wp-json\/wp\/v2\/pages\/591\/revisions\/913"}],"up":[{"embeddable":true,"href":"https:\/\/euro-text.com\/es\/wp-json\/wp\/v2\/pages\/234"}],"wp:attachment":[{"href":"https:\/\/euro-text.com\/es\/wp-json\/wp\/v2\/media?parent=591"}],"curies":[{"name":"wp","href":"https:\/\/api.w.org\/{rel}","templated":true}]}}