{"id":610,"date":"2025-03-18T21:11:15","date_gmt":"2025-03-18T20:11:15","guid":{"rendered":"https:\/\/euro-text.com\/?page_id=610"},"modified":"2025-03-22T13:30:06","modified_gmt":"2025-03-22T12:30:06","slug":"traductor-catalan","status":"publish","type":"page","link":"https:\/\/euro-text.com\/es\/idiomas\/traductor-catalan\/","title":{"rendered":"Traductor catal\u00e1n"},"content":{"rendered":"\n<div class=\"wp-block-group alignfull has-global-padding is-layout-constrained wp-container-core-group-is-layout-020e0ace wp-block-group-is-layout-constrained\" style=\"padding-top:var(--wp--preset--spacing--60);padding-right:var(--wp--preset--spacing--40);padding-bottom:var(--wp--preset--spacing--60);padding-left:var(--wp--preset--spacing--40)\">\n<div class=\"wp-block-group alignwide is-vertical is-content-justification-center is-layout-flex wp-container-core-group-is-layout-fa38c63a wp-block-group-is-layout-flex\" style=\"min-height:50vh\">\n<h1 class=\"wp-block-heading has-text-align-center\" style=\"font-size:clamp(46.987px, 2.937rem + ((1vw - 3.2px) * 4.413), 92px);\">Perqu\u00e8 no tot \u00e9s posar-li \u00ab-et\u00bb a les paraules<\/h1>\n\n\n\n<p class=\"has-text-align-center\" style=\"font-size:clamp(14.642px, 0.915rem + ((1vw - 3.2px) * 0.721), 22px);\">\u00bfNecesitas una traducci\u00f3n en catal\u00e1n? Perfecto. Pero si crees que con a\u00f1adir \u00ab-et\u00bb, \u00ab-ona\u00bb y \u00ab-\u00edssim\u00bb a todo ya lo tienes hecho, mejor pi\u00e9nsalo dos veces. El catal\u00e1n tiene car\u00e1cter, ritmo y expresiones que pueden hacer que tu mensaje pase de profesional a un poema abstracto si lo traduces mal.<\/p>\n\n\n\n<div class=\"wp-block-buttons is-content-justification-center is-layout-flex wp-container-core-buttons-is-layout-d234f690 wp-block-buttons-is-layout-flex\" style=\"margin-top:var(--wp--preset--spacing--50);margin-bottom:var(--wp--preset--spacing--50)\">\n<div class=\"wp-block-button has-custom-font-size has-large-font-size\"><a class=\"wp-block-button__link has-accent-1-background-color has-background wp-element-button\" href=\"https:\/\/euro-text.com\/contacto\/\" style=\"box-shadow:var(--wp--preset--shadow--natural)\">CONTACTAR<\/a><\/div>\n<\/div>\n<\/div>\n<\/div>\n\n\n\n<div class=\"wp-block-group alignfull has-custom-color-1-gradient-background has-background has-global-padding is-layout-constrained wp-container-core-group-is-layout-94e519ba wp-block-group-is-layout-constrained\" style=\"padding-top:var(--wp--preset--spacing--80);padding-right:var(--wp--preset--spacing--40);padding-bottom:var(--wp--preset--spacing--80);padding-left:var(--wp--preset--spacing--40)\">\n<h2 class=\"wp-block-heading\" style=\"font-size:clamp(27.894px, 1.743rem + ((1vw - 3.2px) * 1.971), 48px);\">Porque un &#8216;petonet&#8217; mal puesto puede cambiarlo todo<\/h2>\n\n\n\n<p>No, el catal\u00e1n no es espa\u00f1ol con una \u00abi\u00bb de m\u00e1s. No, no vale con traducir palabra por palabra y esperar lo mejor. Un fallo y puedes acabar diciendo que tu empresa vende \u00abformatges\u00bb en vez de \u00abformaci\u00f3n\u00bb. Un eslogan mal interpretado y en lugar de inspirar confianza, har\u00e1s que la gente se eche unas risas a tu costa.<\/p>\n\n\n\n<p>Nosotros hacemos que tu mensaje suene natural, profesional y sin momentos vergonzosos. Nada de frases que parecen sacadas de un diccionario autom\u00e1tico. Nada de traducciones que suenan a deberes mal hechos. Solo textos que los catalanohablantes realmente entienden (y que no provocar\u00e1n memes inesperados).<\/p>\n\n\n\n<p>\u00bfListo para entrar en el mercado catal\u00e1n sin parecer un guiri ling\u00fc\u00edstico?<\/p>\n<\/div>\n\n\n\n<div class=\"wp-block-group alignfull has-global-padding is-layout-constrained wp-container-core-group-is-layout-94e519ba wp-block-group-is-layout-constrained\" style=\"padding-top:var(--wp--preset--spacing--80);padding-right:var(--wp--preset--spacing--40);padding-bottom:var(--wp--preset--spacing--80);padding-left:var(--wp--preset--spacing--40)\">\n<h2 class=\"wp-block-heading\" style=\"font-size:clamp(27.894px, 1.743rem + ((1vw - 3.2px) * 1.971), 48px);\">Somos aut\u00e9nticos especialistas en traducci\u00f3n de catal\u00e1n<\/h2>\n\n\n\n<p>En Eurotext, adaptamos cada proyecto a tus necesidades espec\u00edficas, con traductores expertos en diversos sectores que aseguran que tu mensaje se traduzca de manera precisa y efectiva:<\/p>\n\n\n\n<ul class=\"wp-block-list\">\n<li><strong>Comercial<\/strong>: Contratos, acuerdos de negocio, correspondencia internacional.<\/li>\n\n\n\n<li><strong>Legal<\/strong>: Documentos oficiales, acuerdos judiciales, certificaciones.<\/li>\n\n\n\n<li><strong>T\u00e9cnico<\/strong>: Manuales de usuario, gu\u00edas de instalaci\u00f3n, documentos t\u00e9cnicos.<\/li>\n\n\n\n<li><strong>Digital<\/strong>: P\u00e1ginas web, blogs, contenido en redes sociales.<\/li>\n<\/ul>\n\n\n\n<p>Nuestros traductores especializados conocen la terminolog\u00eda exacta de sectores como el derecho, la ingenier\u00eda, el comercio o la tecnolog\u00eda, garantizando que cada texto se ajuste a las convenciones ling\u00fc\u00edsticas del mercado catal\u00e1n.<\/p>\n<\/div>\n\n\n\n<div class=\"wp-block-group alignfull has-custom-color-1-gradient-background has-background has-global-padding is-layout-constrained wp-container-core-group-is-layout-94e519ba wp-block-group-is-layout-constrained\" style=\"padding-top:var(--wp--preset--spacing--80);padding-right:var(--wp--preset--spacing--40);padding-bottom:var(--wp--preset--spacing--80);padding-left:var(--wp--preset--spacing--40)\">\n<h2 class=\"wp-block-heading\" style=\"font-size:clamp(27.894px, 1.743rem + ((1vw - 3.2px) * 1.971), 48px);\">\u00bfPor qu\u00e9 elegir Eurotext para tus traducciones de catal\u00e1n?<\/h2>\n\n\n\n<ul class=\"wp-block-list\">\n<li><strong>Traductores nativos<\/strong>: Profesionales que dominan tanto el catal\u00e1n como el espa\u00f1ol, con un profundo conocimiento cultural y ling\u00fc\u00edstico.<\/li>\n\n\n\n<li><strong>Especializaci\u00f3n profesional<\/strong>: Traductores expertos en \u00e1reas t\u00e9cnicas, legales y comerciales, que aseguran precisi\u00f3n y calidad.<\/li>\n\n\n\n<li><strong>Certificaci\u00f3n ISO 17100<\/strong>: Cada traducci\u00f3n cumple con los est\u00e1ndares internacionales de calidad.<\/li>\n\n\n\n<li><strong>Servicio cercano desde Valladolid<\/strong>: Atenci\u00f3n personalizada que entiende tus necesidades, plazos y prioridades.<\/li>\n<\/ul>\n\n\n\n<p>No te arriesgues a confiar en traducciones imprecisas. Un error en la traducci\u00f3n puede ocasionar malentendidos y afectar negativamente tu reputaci\u00f3n. En Eurotext, nos aseguramos de que tu mensaje se transmita fielmente en catal\u00e1n y cumpla con todas tus expectativas.<\/p>\n<\/div>\n\n\n\n<div class=\"wp-block-group alignfull has-global-padding is-layout-constrained wp-container-core-group-is-layout-94e519ba wp-block-group-is-layout-constrained\" style=\"padding-top:var(--wp--preset--spacing--80);padding-right:var(--wp--preset--spacing--40);padding-bottom:var(--wp--preset--spacing--80);padding-left:var(--wp--preset--spacing--40)\">\n<h2 class=\"wp-block-heading\" style=\"font-size:clamp(27.894px, 1.743rem + ((1vw - 3.2px) * 1.971), 48px);\">Servicios destacados en catal\u00e1n<\/h2>\n\n\n\n<p>Te ofrecemos soluciones completas para que el catal\u00e1n sea un factor clave en tu \u00e9xito:<\/p>\n\n\n\n<ul class=\"wp-block-list\">\n<li><strong>Interpretaci\u00f3n<\/strong>: Servicios presenciales para eventos, con opciones de interpretaci\u00f3n simult\u00e1nea, consecutiva o chuchotage. Adem\u00e1s, ofrecemos soporte t\u00e9cnico como cabinas de traducci\u00f3n y subtitulado en tiempo real.<\/li>\n\n\n\n<li><strong>Traducci\u00f3n jurada<\/strong>: Certificados de nacimiento, t\u00edtulos acad\u00e9micos, contratos, etc., con validez legal, realizados por traductores certificados por el Ministerio de Asuntos Exteriores y Cooperaci\u00f3n.<\/li>\n\n\n\n<li><strong>Traducci\u00f3n de p\u00e1ginas web<\/strong>: Adaptamos tu p\u00e1gina web, tienda online o blog al catal\u00e1n, optimizando contenido para plataformas como WordPress, Prestashop o Magento, y traduciendo c\u00f3digos como XML o HTML.<\/li>\n<\/ul>\n<\/div>\n\n\n\n<div class=\"wp-block-group alignfull has-base-color has-text-color has-background has-link-color wp-elements-82aa66701f58ba42b43c44450879d0fb has-global-padding is-layout-constrained wp-container-core-group-is-layout-11f9da37 wp-block-group-is-layout-constrained\" style=\"background:linear-gradient(0deg,rgb(0,78,82) 0%,rgb(111,192,194) 100%);margin-top:0;margin-bottom:0;padding-top:var(--wp--preset--spacing--80);padding-right:var(--wp--preset--spacing--40);padding-bottom:var(--wp--preset--spacing--80);padding-left:var(--wp--preset--spacing--40)\">\n<h2 class=\"wp-block-heading has-text-align-center has-base-color has-text-color has-link-color has-xx-large-font-size wp-elements-f7eb9aea1aeea0b73b41e53046dd9c23\">Que tu traducci\u00f3n no parezca un intento de sonar \u00abcatalanet\u00bb<\/h2>\n\n\n\n<p class=\"has-text-align-center has-large-font-size\">Traducciones naturales, sin chapuzas, sin verg\u00fcenzas. Fem-ho b\u00e9!<\/p>\n\n\n\n<div class=\"wp-block-buttons is-content-justification-center is-layout-flex wp-container-core-buttons-is-layout-a6d9f191 wp-block-buttons-is-layout-flex\" style=\"margin-top:var(--wp--preset--spacing--40);margin-bottom:var(--wp--preset--spacing--40)\">\n<div class=\"wp-block-button\"><a class=\"wp-block-button__link has-accent-2-background-color has-background wp-element-button\" href=\"https:\/\/euro-text.com\/contacto\/\" style=\"box-shadow:var(--wp--preset--shadow--deep)\">CONTACTAR<\/a><\/div>\n<\/div>\n<\/div>\n","protected":false},"excerpt":{"rendered":"<p>El catal\u00e1n tiene car\u00e1cter, ritmo y expresiones especiales. No lo traduce cualquiera.<\/p>\n","protected":false},"author":2,"featured_media":0,"parent":234,"menu_order":0,"comment_status":"closed","ping_status":"closed","template":"page-no-title","meta":{"_seopress_robots_primary_cat":"","_seopress_titles_title":"","_seopress_titles_desc":"","_seopress_robots_index":"","footnotes":""},"class_list":["post-610","page","type-page","status-publish","hentry"],"_links":{"self":[{"href":"https:\/\/euro-text.com\/es\/wp-json\/wp\/v2\/pages\/610","targetHints":{"allow":["GET"]}}],"collection":[{"href":"https:\/\/euro-text.com\/es\/wp-json\/wp\/v2\/pages"}],"about":[{"href":"https:\/\/euro-text.com\/es\/wp-json\/wp\/v2\/types\/page"}],"author":[{"embeddable":true,"href":"https:\/\/euro-text.com\/es\/wp-json\/wp\/v2\/users\/2"}],"replies":[{"embeddable":true,"href":"https:\/\/euro-text.com\/es\/wp-json\/wp\/v2\/comments?post=610"}],"version-history":[{"count":10,"href":"https:\/\/euro-text.com\/es\/wp-json\/wp\/v2\/pages\/610\/revisions"}],"predecessor-version":[{"id":842,"href":"https:\/\/euro-text.com\/es\/wp-json\/wp\/v2\/pages\/610\/revisions\/842"}],"up":[{"embeddable":true,"href":"https:\/\/euro-text.com\/es\/wp-json\/wp\/v2\/pages\/234"}],"wp:attachment":[{"href":"https:\/\/euro-text.com\/es\/wp-json\/wp\/v2\/media?parent=610"}],"curies":[{"name":"wp","href":"https:\/\/api.w.org\/{rel}","templated":true}]}}