{"id":631,"date":"2025-03-18T21:25:53","date_gmt":"2025-03-18T20:25:53","guid":{"rendered":"https:\/\/euro-text.com\/?page_id=631"},"modified":"2025-03-22T15:20:24","modified_gmt":"2025-03-22T14:20:24","slug":"traductor-japones","status":"publish","type":"page","link":"https:\/\/euro-text.com\/es\/idiomas\/traductor-japones\/","title":{"rendered":"Traductor japon\u00e9s"},"content":{"rendered":"\n<div class=\"wp-block-group alignfull has-global-padding is-layout-constrained wp-container-core-group-is-layout-020e0ace wp-block-group-is-layout-constrained\" style=\"padding-top:var(--wp--preset--spacing--60);padding-right:var(--wp--preset--spacing--40);padding-bottom:var(--wp--preset--spacing--60);padding-left:var(--wp--preset--spacing--40)\">\n<div class=\"wp-block-group alignwide is-vertical is-content-justification-center is-layout-flex wp-container-core-group-is-layout-fa38c63a wp-block-group-is-layout-flex\" style=\"min-height:50vh\">\n<h1 class=\"wp-block-heading has-text-align-center\" style=\"font-size:clamp(46.987px, 2.937rem + ((1vw - 3.2px) * 4.413), 92px);\">Tu \u00e9xito es nuestro \u00abIkigai\u00bb<\/h1>\n\n\n\n<p class=\"has-text-align-center\" style=\"font-size:clamp(14.642px, 0.915rem + ((1vw - 3.2px) * 0.721), 22px);\">El japon\u00e9s es un arte. Un equilibrio entre cortes\u00eda extrema, jerarqu\u00eda y precisi\u00f3n quir\u00fargica. Pero tambi\u00e9n es un campo minado ling\u00fc\u00edstico. Un giro de frase mal colocado y tu elegante eslogan puede acabar significando \u00aboferta especial en tofu radiactivo\u00bb. O peor, \u00abprohibido entrar con gatos y paraguas abiertos\u00bb. Nos aseguraremos de que eso no pase.<\/p>\n\n\n\n<div class=\"wp-block-buttons is-content-justification-center is-layout-flex wp-container-core-buttons-is-layout-d234f690 wp-block-buttons-is-layout-flex\" style=\"margin-top:var(--wp--preset--spacing--50);margin-bottom:var(--wp--preset--spacing--50)\">\n<div class=\"wp-block-button has-custom-font-size has-large-font-size\"><a class=\"wp-block-button__link has-accent-1-background-color has-background wp-element-button\" href=\"https:\/\/euro-text.com\/contacto\/\" style=\"box-shadow:var(--wp--preset--shadow--natural)\">CONTACTAR<\/a><\/div>\n<\/div>\n<\/div>\n<\/div>\n\n\n\n<div class=\"wp-block-group alignfull has-custom-color-1-gradient-background has-background has-global-padding is-layout-constrained wp-container-core-group-is-layout-94e519ba wp-block-group-is-layout-constrained\" style=\"padding-top:var(--wp--preset--spacing--80);padding-right:var(--wp--preset--spacing--40);padding-bottom:var(--wp--preset--spacing--80);padding-left:var(--wp--preset--spacing--40)\">\n<h2 class=\"wp-block-heading\" style=\"font-size:clamp(27.894px, 1.743rem + ((1vw - 3.2px) * 1.971), 48px);\">Porque un error y tu empresa acaba vendiendo robots filos\u00f3ficos<\/h2>\n\n\n\n<p>El japon\u00e9s no es un idioma para improvisar. No es cuesti\u00f3n de copiar kanjis al azar y esperar lo mejor. Un matiz mal interpretado y puedes acabar ofreciendo \u00abba\u00f1os de meditaci\u00f3n para carpas koi\u00bb en lugar de \u00abservicio de asesor\u00eda financiera\u00bb. Un desliz en tu web y, de repente, tu empresa parece un dojo clandestino en vez de una firma de prestigio.<\/p>\n\n\n\n<p>Aqu\u00ed no nos la jugamos. Cada palabra se traduce con la precisi\u00f3n de un samur\u00e1i afilando su katana. Sin frases raras. Sin mensajes que suenen a c\u00f3digo secreto. Sin riesgos de que tu negocio se convierta en el meme del mes en Twitter Jap\u00f3n.<\/p>\n\n\n\n<p>Tu marca, entendida y respetada. Tu mensaje, claro y directo. \u00bfLo llevamos al siguiente nivel?<\/p>\n<\/div>\n\n\n\n<div class=\"wp-block-group alignfull has-global-padding is-layout-constrained wp-container-core-group-is-layout-94e519ba wp-block-group-is-layout-constrained\" style=\"padding-top:var(--wp--preset--spacing--80);padding-right:var(--wp--preset--spacing--40);padding-bottom:var(--wp--preset--spacing--80);padding-left:var(--wp--preset--spacing--40)\">\n<h2 class=\"wp-block-heading\" style=\"font-size:clamp(27.894px, 1.743rem + ((1vw - 3.2px) * 1.971), 48px);\">Expertos en traducci\u00f3n de japon\u00e9s<\/h2>\n\n\n\n<p>En Eurotext, adaptamos cada proyecto a tus necesidades espec\u00edficas, con traductores expertos en diversos sectores que garantizan una traducci\u00f3n precisa y adecuada:<\/p>\n\n\n\n<ul class=\"wp-block-list\">\n<li><strong>Comercial<\/strong>: Contratos, acuerdos de negocio, correspondencia internacional.<\/li>\n\n\n\n<li><strong>Legal<\/strong>: Documentos oficiales, acuerdos judiciales, certificaciones.<\/li>\n\n\n\n<li><strong>T\u00e9cnico<\/strong>: Manuales de usuario, gu\u00edas de instalaci\u00f3n, especificaciones t\u00e9cnicas.<\/li>\n\n\n\n<li><strong>Digital<\/strong>: P\u00e1ginas web, blogs, contenido en redes sociales.<\/li>\n<\/ul>\n\n\n\n<p>Nuestros traductores especializados conocen la terminolog\u00eda exacta de sectores como el comercio, la tecnolog\u00eda, la ingenier\u00eda y el derecho, asegurando que cada texto se ajuste a las convenciones ling\u00fc\u00edsticas y culturales de Jap\u00f3n.<\/p>\n<\/div>\n\n\n\n<div class=\"wp-block-group alignfull has-custom-color-1-gradient-background has-background has-global-padding is-layout-constrained wp-container-core-group-is-layout-94e519ba wp-block-group-is-layout-constrained\" style=\"padding-top:var(--wp--preset--spacing--80);padding-right:var(--wp--preset--spacing--40);padding-bottom:var(--wp--preset--spacing--80);padding-left:var(--wp--preset--spacing--40)\">\n<h2 class=\"wp-block-heading\" style=\"font-size:clamp(27.894px, 1.743rem + ((1vw - 3.2px) * 1.971), 48px);\">\u00bfPor qu\u00e9 elegir Eurotext para tus traducciones de japon\u00e9s?<\/h2>\n\n\n\n<ul class=\"wp-block-list\">\n<li><strong>Traductores nativos<\/strong>: Profesionales con un profundo conocimiento de la lengua y la cultura japonesa, que dominan el espa\u00f1ol y las particularidades del japon\u00e9s.<\/li>\n\n\n\n<li><strong>Especializaci\u00f3n profesional<\/strong>: Traductores expertos en \u00e1reas t\u00e9cnicas, legales y comerciales que garantizan precisi\u00f3n y calidad.<\/li>\n\n\n\n<li><strong>Certificaci\u00f3n ISO 17100<\/strong>: Cada traducci\u00f3n cumple con los est\u00e1ndares internacionales de calidad y excelencia.<\/li>\n\n\n\n<li><strong>Servicio cercano desde Valladolid<\/strong>: Atenci\u00f3n personalizada que entiende tus necesidades, plazos y prioridades.<\/li>\n<\/ul>\n\n\n\n<p>No te arriesgues con traducciones imprecisas. Un error en la traducci\u00f3n puede generar malentendidos costosos o da\u00f1ar tu reputaci\u00f3n en un mercado tan competitivo. En Eurotext, nos aseguramos de que tu mensaje se traduzca con exactitud y se adapte perfectamente a las expectativas de tu p\u00fablico japon\u00e9s.<\/p>\n<\/div>\n\n\n\n<div class=\"wp-block-group alignfull has-global-padding is-layout-constrained wp-container-core-group-is-layout-94e519ba wp-block-group-is-layout-constrained\" style=\"padding-top:var(--wp--preset--spacing--80);padding-right:var(--wp--preset--spacing--40);padding-bottom:var(--wp--preset--spacing--80);padding-left:var(--wp--preset--spacing--40)\">\n<h2 class=\"wp-block-heading\" style=\"font-size:clamp(27.894px, 1.743rem + ((1vw - 3.2px) * 1.971), 48px);\">Servicios destacados en japon\u00e9s<\/h2>\n\n\n\n<p>Te ofrecemos soluciones completas para que el japon\u00e9s trabaje a tu favor:<\/p>\n\n\n\n<ul class=\"wp-block-list\">\n<li><strong>Interpretaci\u00f3n<\/strong>: Servicios presenciales para eventos internacionales, con opciones de interpretaci\u00f3n simult\u00e1nea, consecutiva o chuchotage. Adem\u00e1s, ofrecemos soporte t\u00e9cnico como cabinas de traducci\u00f3n y subtitulado en tiempo real.<\/li>\n\n\n\n<li><strong>Traducci\u00f3n jurada<\/strong>: Certificados de nacimiento, t\u00edtulos acad\u00e9micos, contratos y otros documentos con validez legal, realizados por traductores acreditados por el Ministerio de Asuntos Exteriores y Cooperaci\u00f3n.<\/li>\n\n\n\n<li><strong>Traducci\u00f3n de p\u00e1ginas web<\/strong>: Adaptamos tu sitio web, tienda online o blog al japon\u00e9s, optimizando contenido para plataformas como WordPress, Prestashop o Magento, y traduciendo c\u00f3digos como XML o HTML.<\/li>\n<\/ul>\n<\/div>\n\n\n\n<div class=\"wp-block-group alignfull has-base-color has-text-color has-background has-link-color wp-elements-e97dbd125c5ef8f3c1dc319a70a0849d has-global-padding is-layout-constrained wp-container-core-group-is-layout-11f9da37 wp-block-group-is-layout-constrained\" style=\"background:linear-gradient(0deg,rgb(0,78,82) 0%,rgb(111,192,194) 100%);margin-top:0;margin-bottom:0;padding-top:var(--wp--preset--spacing--80);padding-right:var(--wp--preset--spacing--40);padding-bottom:var(--wp--preset--spacing--80);padding-left:var(--wp--preset--spacing--40)\">\n<h2 class=\"wp-block-heading has-text-align-center has-base-color has-text-color has-link-color has-xx-large-font-size wp-elements-2395a616331996f2dba62608ac938e4f\">Que tu japon\u00e9s no suene a conjuro de videojuego de rol<\/h2>\n\n\n\n<p class=\"has-text-align-center has-large-font-size\">Traducciones precisas, sin misterios innecesarios y sin frases que te hagan pedir disculpas con una reverencia. Hablemos.<\/p>\n\n\n\n<div class=\"wp-block-buttons is-content-justification-center is-layout-flex wp-container-core-buttons-is-layout-a6d9f191 wp-block-buttons-is-layout-flex\" style=\"margin-top:var(--wp--preset--spacing--40);margin-bottom:var(--wp--preset--spacing--40)\">\n<div class=\"wp-block-button\"><a class=\"wp-block-button__link has-accent-2-background-color has-background wp-element-button\" href=\"https:\/\/euro-text.com\/contacto\/\" style=\"box-shadow:var(--wp--preset--shadow--deep)\">CONTACTAR<\/a><\/div>\n<\/div>\n<\/div>\n","protected":false},"excerpt":{"rendered":"<p>Un giro de frase mal colocado y tu elegante eslogan puede acabar significando \u00aboferta especial en tofu radiactivo\u00bb<\/p>\n","protected":false},"author":2,"featured_media":0,"parent":234,"menu_order":0,"comment_status":"closed","ping_status":"closed","template":"page-no-title","meta":{"_seopress_robots_primary_cat":"","_seopress_titles_title":"","_seopress_titles_desc":"","_seopress_robots_index":"","footnotes":""},"class_list":["post-631","page","type-page","status-publish","hentry"],"_links":{"self":[{"href":"https:\/\/euro-text.com\/es\/wp-json\/wp\/v2\/pages\/631","targetHints":{"allow":["GET"]}}],"collection":[{"href":"https:\/\/euro-text.com\/es\/wp-json\/wp\/v2\/pages"}],"about":[{"href":"https:\/\/euro-text.com\/es\/wp-json\/wp\/v2\/types\/page"}],"author":[{"embeddable":true,"href":"https:\/\/euro-text.com\/es\/wp-json\/wp\/v2\/users\/2"}],"replies":[{"embeddable":true,"href":"https:\/\/euro-text.com\/es\/wp-json\/wp\/v2\/comments?post=631"}],"version-history":[{"count":10,"href":"https:\/\/euro-text.com\/es\/wp-json\/wp\/v2\/pages\/631\/revisions"}],"predecessor-version":[{"id":902,"href":"https:\/\/euro-text.com\/es\/wp-json\/wp\/v2\/pages\/631\/revisions\/902"}],"up":[{"embeddable":true,"href":"https:\/\/euro-text.com\/es\/wp-json\/wp\/v2\/pages\/234"}],"wp:attachment":[{"href":"https:\/\/euro-text.com\/es\/wp-json\/wp\/v2\/media?parent=631"}],"curies":[{"name":"wp","href":"https:\/\/api.w.org\/{rel}","templated":true}]}}