{"id":652,"date":"2025-03-18T21:39:13","date_gmt":"2025-03-18T20:39:13","guid":{"rendered":"https:\/\/euro-text.com\/?page_id=652"},"modified":"2025-03-22T14:02:37","modified_gmt":"2025-03-22T13:02:37","slug":"traductor-chino","status":"publish","type":"page","link":"https:\/\/euro-text.com\/es\/idiomas\/traductor-chino\/","title":{"rendered":"Traductor chino"},"content":{"rendered":"\n<div class=\"wp-block-group alignfull has-global-padding is-layout-constrained wp-container-core-group-is-layout-020e0ace wp-block-group-is-layout-constrained\" style=\"padding-top:var(--wp--preset--spacing--60);padding-right:var(--wp--preset--spacing--40);padding-bottom:var(--wp--preset--spacing--60);padding-left:var(--wp--preset--spacing--40)\">\n<div class=\"wp-block-group alignwide is-vertical is-content-justification-center is-layout-flex wp-container-core-group-is-layout-fa38c63a wp-block-group-is-layout-flex\" style=\"min-height:50vh\">\n<h1 class=\"wp-block-heading has-text-align-center\" style=\"font-size:clamp(46.987px, 2.937rem + ((1vw - 3.2px) * 4.413), 92px);\">No queremos que seas la galleta de la fortuna mal escrita<\/h1>\n\n\n\n<p class=\"has-text-align-center\" style=\"font-size:clamp(14.642px, 0.915rem + ((1vw - 3.2px) * 0.721), 22px);\">\u00bfNecesitas una traducci\u00f3n en chino? Genial. Pero si crees que con copiar unos caracteres y pegarlos ya lo tienes hecho, prep\u00e1rate para el desastre. El chino no es solo un idioma, es un laberinto de significados donde un peque\u00f1o error puede convertir tu \u00abgran oferta\u00bb en un \u00abgran insulto\u00bb. No querr\u00e1s eso. Cr\u00e9enos.<\/p>\n\n\n\n<div class=\"wp-block-buttons is-content-justification-center is-layout-flex wp-container-core-buttons-is-layout-d234f690 wp-block-buttons-is-layout-flex\" style=\"margin-top:var(--wp--preset--spacing--50);margin-bottom:var(--wp--preset--spacing--50)\">\n<div class=\"wp-block-button has-custom-font-size has-large-font-size\"><a class=\"wp-block-button__link has-accent-1-background-color has-background wp-element-button\" href=\"https:\/\/euro-text.com\/contacto\/\" style=\"box-shadow:var(--wp--preset--shadow--natural)\">CONTACTAR<\/a><\/div>\n<\/div>\n<\/div>\n<\/div>\n\n\n\n<div class=\"wp-block-group alignfull has-custom-color-1-gradient-background has-background has-global-padding is-layout-constrained wp-container-core-group-is-layout-94e519ba wp-block-group-is-layout-constrained\" style=\"padding-top:var(--wp--preset--spacing--80);padding-right:var(--wp--preset--spacing--40);padding-bottom:var(--wp--preset--spacing--80);padding-left:var(--wp--preset--spacing--40)\">\n<h2 class=\"wp-block-heading\" style=\"font-size:clamp(27.894px, 1.743rem + ((1vw - 3.2px) * 1.971), 48px);\">Que un error no convierta tu eslogan en un plato de men\u00fa<\/h2>\n\n\n\n<p>No, el chino no es solo dibujar caracteres con confianza. No, no puedes juntar s\u00edmbolos al azar y esperar que tengan sentido. Un fallo en la traducci\u00f3n y puedes pasar de anunciar \u00abproductos de lujo\u00bb a vender \u00abcalzoncillos de emergencia\u00bb. Un eslogan mal interpretado y tu empresa se convierte en el chiste del mes en redes sociales.<\/p>\n\n\n\n<p>Nosotros hacemos que tu mensaje suene natural, profesional y sin riesgo de acabar en un art\u00edculo de \u00abtraducciones \u00e9picamente fallidas\u00bb. Nada de textos que parecen escritos por un turista con un diccionario roto. Nada de traducciones que suenan como si las hubiera hecho un marciano con prisas. Solo textos que los chinos realmente entienden (y que no te har\u00e1n viral por las razones equivocadas).<\/p>\n\n\n\n<p>\u00bfListo para entrar en China por la puerta grande?<\/p>\n<\/div>\n\n\n\n<div class=\"wp-block-group alignfull has-global-padding is-layout-constrained wp-container-core-group-is-layout-94e519ba wp-block-group-is-layout-constrained\" style=\"padding-top:var(--wp--preset--spacing--80);padding-right:var(--wp--preset--spacing--40);padding-bottom:var(--wp--preset--spacing--80);padding-left:var(--wp--preset--spacing--40)\">\n<h2 class=\"wp-block-heading\" style=\"font-size:clamp(27.894px, 1.743rem + ((1vw - 3.2px) * 1.971), 48px);\">Somos aut\u00e9nticos especialistas en traducci\u00f3n de chino<\/h2>\n\n\n\n<p>En Eurotext, adaptamos cada proyecto a tus necesidades espec\u00edficas, con traductores expertos en diversos sectores que garantizan una traducci\u00f3n precisa y adecuada:<\/p>\n\n\n\n<ul class=\"wp-block-list\">\n<li><strong>Comercial<\/strong>: Contratos, propuestas de negocio, correspondencia internacional.<\/li>\n\n\n\n<li><strong>Legal<\/strong>: Documentos oficiales, acuerdos judiciales, certificaciones.<\/li>\n\n\n\n<li><strong>T\u00e9cnico<\/strong>: Manuales de usuario, gu\u00edas de instalaci\u00f3n, especificaciones t\u00e9cnicas.<\/li>\n\n\n\n<li><strong>Digital<\/strong>: P\u00e1ginas web, blogs, aplicaciones m\u00f3viles.<\/li>\n<\/ul>\n\n\n\n<p>Nuestros traductores especializados conocen la terminolog\u00eda exacta de sectores como el comercio, la tecnolog\u00eda, la ingenier\u00eda y el derecho, asegurando que cada texto cumpla con las convenciones ling\u00fc\u00edsticas y culturales de China.<\/p>\n<\/div>\n\n\n\n<div class=\"wp-block-group alignfull has-custom-color-1-gradient-background has-background has-global-padding is-layout-constrained wp-container-core-group-is-layout-94e519ba wp-block-group-is-layout-constrained\" style=\"padding-top:var(--wp--preset--spacing--80);padding-right:var(--wp--preset--spacing--40);padding-bottom:var(--wp--preset--spacing--80);padding-left:var(--wp--preset--spacing--40)\">\n<h2 class=\"wp-block-heading\" style=\"font-size:clamp(27.894px, 1.743rem + ((1vw - 3.2px) * 1.971), 48px);\">\u00bfPor qu\u00e9 elegir Eurotext para tus traducciones de chino?<\/h2>\n\n\n\n<ul class=\"wp-block-list\">\n<li><strong>Traductores nativos<\/strong>: Profesionales con un profundo conocimiento de la lengua y la cultura china, que dominan el espa\u00f1ol y los matices del chino mandar\u00edn.<\/li>\n\n\n\n<li><strong>Especializaci\u00f3n profesional<\/strong>: Traductores expertos en \u00e1reas t\u00e9cnicas, legales y comerciales que garantizan precisi\u00f3n y calidad.<\/li>\n\n\n\n<li><strong>Certificaci\u00f3n ISO 17100<\/strong>: Cada traducci\u00f3n cumple con los est\u00e1ndares internacionales de calidad y excelencia.<\/li>\n\n\n\n<li><strong>Servicio cercano desde Valladolid<\/strong>: Atenci\u00f3n personalizada que entiende tus necesidades, plazos y prioridades.<\/li>\n<\/ul>\n\n\n\n<p>No te arriesgues con traducciones inexactas. Un error en la traducci\u00f3n puede generar malentendidos costosos o da\u00f1ar tu reputaci\u00f3n en un mercado tan competitivo. En Eurotext, nos aseguramos de que tu mensaje se traduzca con exactitud y se adapte perfectamente a las expectativas de tu p\u00fablico chino.<\/p>\n<\/div>\n\n\n\n<div class=\"wp-block-group alignfull has-global-padding is-layout-constrained wp-container-core-group-is-layout-94e519ba wp-block-group-is-layout-constrained\" style=\"padding-top:var(--wp--preset--spacing--80);padding-right:var(--wp--preset--spacing--40);padding-bottom:var(--wp--preset--spacing--80);padding-left:var(--wp--preset--spacing--40)\">\n<h2 class=\"wp-block-heading\" style=\"font-size:clamp(27.894px, 1.743rem + ((1vw - 3.2px) * 1.971), 48px);\">Servicios destacados en chino<\/h2>\n\n\n\n<p>Te ofrecemos soluciones completas para que el chino trabaje a tu favor:<\/p>\n\n\n\n<ul class=\"wp-block-list\">\n<li><strong>Interpretaci\u00f3n<\/strong>: Servicios presenciales para eventos internacionales, con opciones de interpretaci\u00f3n simult\u00e1nea, consecutiva o chuchotage. Adem\u00e1s, ofrecemos soporte t\u00e9cnico como cabinas de traducci\u00f3n y subtitulado en tiempo real.<\/li>\n\n\n\n<li><strong>Traducci\u00f3n jurada<\/strong>: Certificados de nacimiento, t\u00edtulos acad\u00e9micos, contratos y otros documentos con validez legal, realizados por traductores acreditados por el Ministerio de Asuntos Exteriores y Cooperaci\u00f3n.<\/li>\n\n\n\n<li><strong>Traducci\u00f3n de p\u00e1ginas web<\/strong>: Adaptamos tu sitio web, tienda online o blog al chino, optimizando contenido para plataformas como WordPress, Prestashop o Magento, y traduciendo c\u00f3digos como XML o HTML.<\/li>\n<\/ul>\n<\/div>\n\n\n\n<div class=\"wp-block-group alignfull has-base-color has-text-color has-background has-link-color wp-elements-a8967d8fb04366b8c4ba6eec754dbf43 has-global-padding is-layout-constrained wp-container-core-group-is-layout-11f9da37 wp-block-group-is-layout-constrained\" style=\"background:linear-gradient(0deg,rgb(0,78,82) 0%,rgb(111,192,194) 100%);margin-top:0;margin-bottom:0;padding-top:var(--wp--preset--spacing--80);padding-right:var(--wp--preset--spacing--40);padding-bottom:var(--wp--preset--spacing--80);padding-left:var(--wp--preset--spacing--40)\">\n<h2 class=\"wp-block-heading has-text-align-center has-base-color has-text-color has-link-color has-xx-large-font-size wp-elements-60ae9a46ce2f477892656569576adae7\">Que tu traducci\u00f3n en chino no suene a tatuaje de influencer arrepentido<\/h2>\n\n\n\n<p class=\"has-text-align-center has-large-font-size\">El chino no es un idioma, es un arte marcial ling\u00fc\u00edstico donde un trazo de m\u00e1s puede transformar \u00abexpansi\u00f3n global\u00bb en \u00absopa de calcetines\u00bb. Y nadie quiere eso. Nosotros sabemos c\u00f3mo.<\/p>\n\n\n\n<div class=\"wp-block-buttons is-content-justification-center is-layout-flex wp-container-core-buttons-is-layout-a6d9f191 wp-block-buttons-is-layout-flex\" style=\"margin-top:var(--wp--preset--spacing--40);margin-bottom:var(--wp--preset--spacing--40)\">\n<div class=\"wp-block-button\"><a class=\"wp-block-button__link has-accent-2-background-color has-background wp-element-button\" href=\"https:\/\/euro-text.com\/contacto\/\" style=\"box-shadow:var(--wp--preset--shadow--deep)\">CONTACTAR<\/a><\/div>\n<\/div>\n<\/div>\n","protected":false},"excerpt":{"rendered":"<p>El chino es un laberinto donde un peque\u00f1o error puede convertir tu \u00aboferta\u00bb en un \u00abinsulto\u00bb. No queremos eso.<\/p>\n","protected":false},"author":2,"featured_media":0,"parent":234,"menu_order":0,"comment_status":"closed","ping_status":"closed","template":"page-no-title","meta":{"_seopress_robots_primary_cat":"","_seopress_titles_title":"","_seopress_titles_desc":"","_seopress_robots_index":"","footnotes":""},"class_list":["post-652","page","type-page","status-publish","hentry"],"_links":{"self":[{"href":"https:\/\/euro-text.com\/es\/wp-json\/wp\/v2\/pages\/652","targetHints":{"allow":["GET"]}}],"collection":[{"href":"https:\/\/euro-text.com\/es\/wp-json\/wp\/v2\/pages"}],"about":[{"href":"https:\/\/euro-text.com\/es\/wp-json\/wp\/v2\/types\/page"}],"author":[{"embeddable":true,"href":"https:\/\/euro-text.com\/es\/wp-json\/wp\/v2\/users\/2"}],"replies":[{"embeddable":true,"href":"https:\/\/euro-text.com\/es\/wp-json\/wp\/v2\/comments?post=652"}],"version-history":[{"count":10,"href":"https:\/\/euro-text.com\/es\/wp-json\/wp\/v2\/pages\/652\/revisions"}],"predecessor-version":[{"id":854,"href":"https:\/\/euro-text.com\/es\/wp-json\/wp\/v2\/pages\/652\/revisions\/854"}],"up":[{"embeddable":true,"href":"https:\/\/euro-text.com\/es\/wp-json\/wp\/v2\/pages\/234"}],"wp:attachment":[{"href":"https:\/\/euro-text.com\/es\/wp-json\/wp\/v2\/media?parent=652"}],"curies":[{"name":"wp","href":"https:\/\/api.w.org\/{rel}","templated":true}]}}