{"id":671,"date":"2025-03-18T21:51:35","date_gmt":"2025-03-18T20:51:35","guid":{"rendered":"https:\/\/euro-text.com\/?page_id=671"},"modified":"2025-03-22T13:19:21","modified_gmt":"2025-03-22T12:19:21","slug":"traductor-arabe","status":"publish","type":"page","link":"https:\/\/euro-text.com\/es\/idiomas\/traductor-arabe\/","title":{"rendered":"Traductor \u00e1rabe"},"content":{"rendered":"\n<div class=\"wp-block-group alignfull has-global-padding is-layout-constrained wp-container-core-group-is-layout-020e0ace wp-block-group-is-layout-constrained\" style=\"padding-top:var(--wp--preset--spacing--60);padding-right:var(--wp--preset--spacing--40);padding-bottom:var(--wp--preset--spacing--60);padding-left:var(--wp--preset--spacing--40)\">\n<div class=\"wp-block-group alignwide is-vertical is-content-justification-center is-layout-flex wp-container-core-group-is-layout-fa38c63a wp-block-group-is-layout-flex\" style=\"min-height:50vh\">\n<h1 class=\"wp-block-heading has-text-align-center\" style=\"font-size:clamp(46.987px, 2.937rem + ((1vw - 3.2px) * 4.413), 92px);\">Alifato: tan bonito como dif\u00edcil<\/h1>\n\n\n\n<p class=\"has-text-align-center\" style=\"font-size:clamp(14.642px, 0.915rem + ((1vw - 3.2px) * 0.721), 22px);\">Escribir de derecha a izquierda no es magia. Y no, no te hace biling\u00fce. El \u00e1rabe no es cualquier idioma, las palabras cambian de forma seg\u00fan su posici\u00f3n, los significados dependen del contexto y, si te equivocas, podr\u00edas pasar de \u00abOferta especial\u00bb a \u00abEvacuaci\u00f3n inmediata\u00bb sin darte cuenta. \u00bfHablamos?<\/p>\n\n\n\n<div class=\"wp-block-buttons is-content-justification-center is-layout-flex wp-container-core-buttons-is-layout-d234f690 wp-block-buttons-is-layout-flex\" style=\"margin-top:var(--wp--preset--spacing--50);margin-bottom:var(--wp--preset--spacing--50)\">\n<div class=\"wp-block-button has-custom-font-size has-large-font-size\"><a class=\"wp-block-button__link has-accent-1-background-color has-background wp-element-button\" href=\"https:\/\/euro-text.com\/contacto\/\" style=\"box-shadow:var(--wp--preset--shadow--natural)\">CONTACTAR<\/a><\/div>\n<\/div>\n<\/div>\n<\/div>\n\n\n\n<div class=\"wp-block-group alignfull has-custom-color-1-gradient-background has-background has-global-padding is-layout-constrained wp-container-core-group-is-layout-94e519ba wp-block-group-is-layout-constrained\" style=\"padding-top:var(--wp--preset--spacing--80);padding-right:var(--wp--preset--spacing--40);padding-bottom:var(--wp--preset--spacing--80);padding-left:var(--wp--preset--spacing--40)\">\n<h2 class=\"wp-block-heading\" style=\"font-size:clamp(27.894px, 1.743rem + ((1vw - 3.2px) * 1.971), 48px);\">Una tilde de m\u00e1s no deber\u00eda empezar un conflicto internacional<\/h2>\n\n\n\n<p>No, escribir en \u00e1rabe no es solo poner rayitas bonitas. No, no puedes inventarte palabras y esperar que funcionen. Un fallo en la traducci\u00f3n y puedes pasar de vender \u00abproductos artesanales\u00bb a \u00abobjetos ilegales\u00bb. Un eslogan mal traducido y tu marca puede acabar siendo tendencia\u2026 por las razones equivocadas.<\/p>\n\n\n\n<p>Nosotros hacemos que tu mensaje suene natural, profesional y sin peligro de malentendidos hist\u00f3ricos. Nada de frases que parezcan sacadas de una profec\u00eda. Nada de traducciones que suenen como si las hubiera hecho un viajero en el tiempo. Solo textos que los hablantes de \u00e1rabe realmente entienden (y que no provocar\u00e1n incidentes internacionales).<\/p>\n\n\n\n<p>\u00bfListo para entrar en el mercado \u00e1rabe sin hacer el rid\u00edculo?<\/p>\n<\/div>\n\n\n\n<div class=\"wp-block-group alignfull has-global-padding is-layout-constrained wp-container-core-group-is-layout-94e519ba wp-block-group-is-layout-constrained\" style=\"padding-top:var(--wp--preset--spacing--80);padding-right:var(--wp--preset--spacing--40);padding-bottom:var(--wp--preset--spacing--80);padding-left:var(--wp--preset--spacing--40)\">\n<h2 class=\"wp-block-heading\" style=\"font-size:clamp(27.894px, 1.743rem + ((1vw - 3.2px) * 1.971), 48px);\">Somos aut\u00e9nticos especialistas en traducci\u00f3n de \u00e1rabe<\/h2>\n\n\n\n<p>En Eurotext, adaptamos cada proyecto a tus necesidades espec\u00edficas, con traductores expertos en sectores clave que garantizan una traducci\u00f3n precisa y adecuada:<\/p>\n\n\n\n<ul class=\"wp-block-list\">\n<li><strong>Comercial<\/strong>: Contratos, propuestas de negocio, correspondencia internacional.<\/li>\n\n\n\n<li><strong>Legal<\/strong>: Documentos oficiales, acuerdos judiciales, certificados.<\/li>\n\n\n\n<li><strong>T\u00e9cnico<\/strong>: Manuales de usuario, gu\u00edas de instalaci\u00f3n, especificaciones t\u00e9cnicas.<\/li>\n\n\n\n<li><strong>Digital<\/strong>: P\u00e1ginas web, blogs, aplicaciones m\u00f3viles.<\/li>\n<\/ul>\n\n\n\n<p>Nuestros traductores especializados conocen a fondo la terminolog\u00eda exacta de sectores como el comercio, la tecnolog\u00eda, la ingenier\u00eda y el derecho, asegurando que cada texto cumpla con las convenciones ling\u00fc\u00edsticas y culturales de los pa\u00edses \u00e1rabes.<\/p>\n<\/div>\n\n\n\n<div class=\"wp-block-group alignfull has-custom-color-1-gradient-background has-background has-global-padding is-layout-constrained wp-container-core-group-is-layout-94e519ba wp-block-group-is-layout-constrained\" style=\"padding-top:var(--wp--preset--spacing--80);padding-right:var(--wp--preset--spacing--40);padding-bottom:var(--wp--preset--spacing--80);padding-left:var(--wp--preset--spacing--40)\">\n<h2 class=\"wp-block-heading\" style=\"font-size:clamp(27.894px, 1.743rem + ((1vw - 3.2px) * 1.971), 48px);\">\u00bfPor qu\u00e9 elegir Eurotext para tus traducciones de \u00e1rabe?<\/h2>\n\n\n\n<ul class=\"wp-block-list\">\n<li><strong>Traductores nativos<\/strong>: Profesionales con un profundo conocimiento de la lengua \u00e1rabe y sus matices, adem\u00e1s de dominar el espa\u00f1ol.<\/li>\n\n\n\n<li><strong>Especializaci\u00f3n profesional<\/strong>: Traductores expertos en \u00e1reas t\u00e9cnicas, legales y comerciales que garantizan una traducci\u00f3n precisa y de alta calidad.<\/li>\n\n\n\n<li><strong>Certificaci\u00f3n ISO 17100<\/strong>: Cada traducci\u00f3n cumple con los est\u00e1ndares internacionales de calidad y excelencia.<\/li>\n\n\n\n<li><strong>Servicio cercano desde Valladolid<\/strong>: Atenci\u00f3n personalizada que entiende tus plazos y prioridades, garantizando una experiencia \u00fanica y eficiente.<\/li>\n<\/ul>\n\n\n\n<p>No te arriesgues con traducciones inexactas. Una mala traducci\u00f3n puede afectar negativamente tu reputaci\u00f3n o generar malentendidos costosos. En Eurotext, nos aseguramos de que tu mensaje se traduzca correctamente y se adapte perfectamente a la cultura \u00e1rabe.<\/p>\n<\/div>\n\n\n\n<div class=\"wp-block-group alignfull has-global-padding is-layout-constrained wp-container-core-group-is-layout-94e519ba wp-block-group-is-layout-constrained\" style=\"padding-top:var(--wp--preset--spacing--80);padding-right:var(--wp--preset--spacing--40);padding-bottom:var(--wp--preset--spacing--80);padding-left:var(--wp--preset--spacing--40)\">\n<h2 class=\"wp-block-heading\" style=\"font-size:clamp(27.894px, 1.743rem + ((1vw - 3.2px) * 1.971), 48px);\">Servicios destacados en \u00e1rabe<\/h2>\n\n\n\n<p>Te ofrecemos soluciones completas para que el \u00e1rabe trabaje a tu favor:<\/p>\n\n\n\n<ul class=\"wp-block-list\">\n<li>Interpretaci\u00f3n: Servicios presenciales para eventos internacionales, con opciones de interpretaci\u00f3n simult\u00e1nea, consecutiva o chuchotage. Tambi\u00e9n ofrecemos soporte t\u00e9cnico como cabinas de traducci\u00f3n y subtitulado en tiempo real.<\/li>\n\n\n\n<li>Traducci\u00f3n jurada: Certificados de nacimiento, t\u00edtulos acad\u00e9micos, contratos y otros documentos con validez legal, realizados por traductores acreditados por el Ministerio de Asuntos Exteriores y Cooperaci\u00f3n.<\/li>\n\n\n\n<li>Traducci\u00f3n de p\u00e1ginas web: Adaptamos tu sitio web, tienda online o blog al \u00e1rabe, optimizando contenido para plataformas como WordPress, Prestashop o Magento, y traduciendo c\u00f3digos como XML o HTML.<\/li>\n<\/ul>\n<\/div>\n\n\n\n<div class=\"wp-block-group alignfull has-base-color has-text-color has-background has-link-color wp-elements-d38f4474492d8edc620c5e54d2208fac has-global-padding is-layout-constrained wp-container-core-group-is-layout-11f9da37 wp-block-group-is-layout-constrained\" style=\"background:linear-gradient(0deg,rgb(0,78,82) 0%,rgb(111,192,194) 100%);margin-top:0;margin-bottom:0;padding-top:var(--wp--preset--spacing--80);padding-right:var(--wp--preset--spacing--40);padding-bottom:var(--wp--preset--spacing--80);padding-left:var(--wp--preset--spacing--40)\">\n<h2 class=\"wp-block-heading has-text-align-center has-base-color has-text-color has-link-color has-xx-large-font-size wp-elements-b9c1494280501997f5de60b124710d6c\">Que tu mensaje no sea un jerogl\u00edfico<\/h2>\n\n\n\n<p class=\"has-text-align-center has-large-font-size\">Traducciones que entienden los \u00e1rabes, no solo los arque\u00f3logos. Hablemos.<\/p>\n\n\n\n<div class=\"wp-block-buttons is-content-justification-center is-layout-flex wp-container-core-buttons-is-layout-a6d9f191 wp-block-buttons-is-layout-flex\" style=\"margin-top:var(--wp--preset--spacing--40);margin-bottom:var(--wp--preset--spacing--40)\">\n<div class=\"wp-block-button\"><a class=\"wp-block-button__link has-accent-2-background-color has-background wp-element-button\" href=\"https:\/\/euro-text.com\/contacto\/\" style=\"box-shadow:var(--wp--preset--shadow--deep)\">CONTACTAR<\/a><\/div>\n<\/div>\n<\/div>\n","protected":false},"excerpt":{"rendered":"<p>Palabras que cambian de forma seg\u00fan su posici\u00f3n, significados que dependen del contexto. \u00bfHablamos?<\/p>\n","protected":false},"author":2,"featured_media":0,"parent":234,"menu_order":0,"comment_status":"closed","ping_status":"closed","template":"page-no-title","meta":{"_seopress_robots_primary_cat":"","_seopress_titles_title":"","_seopress_titles_desc":"","_seopress_robots_index":"","footnotes":""},"class_list":["post-671","page","type-page","status-publish","hentry"],"_links":{"self":[{"href":"https:\/\/euro-text.com\/es\/wp-json\/wp\/v2\/pages\/671","targetHints":{"allow":["GET"]}}],"collection":[{"href":"https:\/\/euro-text.com\/es\/wp-json\/wp\/v2\/pages"}],"about":[{"href":"https:\/\/euro-text.com\/es\/wp-json\/wp\/v2\/types\/page"}],"author":[{"embeddable":true,"href":"https:\/\/euro-text.com\/es\/wp-json\/wp\/v2\/users\/2"}],"replies":[{"embeddable":true,"href":"https:\/\/euro-text.com\/es\/wp-json\/wp\/v2\/comments?post=671"}],"version-history":[{"count":9,"href":"https:\/\/euro-text.com\/es\/wp-json\/wp\/v2\/pages\/671\/revisions"}],"predecessor-version":[{"id":837,"href":"https:\/\/euro-text.com\/es\/wp-json\/wp\/v2\/pages\/671\/revisions\/837"}],"up":[{"embeddable":true,"href":"https:\/\/euro-text.com\/es\/wp-json\/wp\/v2\/pages\/234"}],"wp:attachment":[{"href":"https:\/\/euro-text.com\/es\/wp-json\/wp\/v2\/media?parent=671"}],"curies":[{"name":"wp","href":"https:\/\/api.w.org\/{rel}","templated":true}]}}